{"id":41304,"date":"2026-03-18T18:11:28","date_gmt":"2026-03-18T18:11:28","guid":{"rendered":"https:\/\/soydeaqui.ddns.net\/pachuca\/index.php\/producto\/acondicionador-de-voltaje-entrada-120-vca-2-salidas-120-vca-nema-5-15r-1800-w-15-a-supresion-de-picos-filtro-de-ruido-emi-rfi-sin-bracket\/"},"modified":"2026-03-18T18:11:34","modified_gmt":"2026-03-18T18:11:34","slug":"acondicionador-de-voltaje-entrada-120-vca-2-salidas-120-vca-nema-5-15r-1800-w-15-a-supresion-de-picos-filtro-de-ruido-emi-rfi-sin-bracket","status":"publish","type":"product","link":"https:\/\/soydeaqui.ddns.net\/pachuca\/index.php\/producto\/acondicionador-de-voltaje-entrada-120-vca-2-salidas-120-vca-nema-5-15r-1800-w-15-a-supresion-de-picos-filtro-de-ruido-emi-rfi-sin-bracket\/","title":{"rendered":"Acondicionador de Voltaje \/ Entrada 120 Vca \/ 2 salidas @ 120 Vca NEMA 5-15R \/ 1,800 W \/ 15 A \/ Supresi\u00f3n de Picos \/ Filtro de Ruido EMI\/RFI \/ Sin bracket"},"content":{"rendered":"<div style='width: 100%; max-width: 1200px; margin: 0 auto; font-family: sans-serif; line-height: 1.6; color: inherit; background-color: transparent;'>\n<div style='text-align: center; margin-bottom: 30px;'>\n<h1 style='font-size: 28px; margin: 0 0 10px; color: inherit;'><strong>EPLCON20<\/strong><\/h1>\n<h3 style='margin: 0 0 10px; color: inherit;'>Distribuidor de potencia a 2 salidas de 120 Vca<\/h3>\n<h3 style='margin: 0 0 20px; font-size: 16px; color: inherit;'>1&comma;800 Watts @ capacidad de 15 Amperes<\/h3>\n<p style='text-align: center; margin: 0 70px 30px; color: inherit; font-size: 14px;'> <strong>Sistemas de alimentaci\u00f3n para aplicaciones en sistemas de seguridad electr\u00f3nica y comunicaci\u00f3n.<\/strong> <\/p>\n<\/p><\/div>\n<div style='display: flex; flex-wrap: wrap; gap: 30px; margin-bottom: 30px;'>\n<div style='flex: 1 1 300px; min-width: 280px;'>\n<h3 style='font-size: 22px; border-bottom: 2px solid currentColor; padding-bottom: 5px; margin-top: 0; color: inherit; opacity: 0.8;'>Caracter\u00edsticas<\/h3>\n<ul style='padding-left: 20px; font-size: 15px; color: inherit;'>\n<li style='margin-bottom: 5px;'><strong>Voltaje de entrada:<\/strong> 120 Vca<\/li>\n<li style='margin-bottom: 5px;'><strong>Canales de salida:<\/strong> 2<\/li>\n<li style='margin-bottom: 5px;'><strong>Voltaje de salida:<\/strong> 120 Vca<\/li>\n<li style='margin-bottom: 5px;'><strong>Corte de voltaje:<\/strong> 137 Vca<\/li>\n<li style='margin-bottom: 5px;'><strong>Capacidad:<\/strong> 1&comma;800 W<\/li>\n<li style='margin-bottom: 5px;'><strong>Amperaje:<\/strong> 15 A<\/li>\n<li style='margin-bottom: 5px;'><strong>Supresi\u00f3n de picos:<\/strong> 1&comma;080 Joules<\/li>\n<\/ul>\n<p> <img style='width: 100%; height: auto; border: 1px solid rgba(150&comma;150&comma;150&comma;0.3); border-radius: 8px; margin-top: 15px;' src='https:\/\/ftp3.syscom.mx\/usuarios\/fotos\/BancoFotografiasSyscom\/EPCOMPOWERLINE\/EPLCON2O\/EPLCON2O-AD-3-p.PNG' alt=''> <\/div>\n<div style='flex: 1 1 300px; min-width: 280px;'>\n<h3 style='font-size: 22px; border-bottom: 2px solid currentColor; padding-bottom: 5px; margin-top: 0; color: inherit; opacity: 0.8;'>Especificaciones F\u00edsicas<\/h3>\n<ul style='padding-left: 20px; font-size: 15px; color: inherit;'>\n<li style='margin-bottom: 5px;'><strong>Entrada:<\/strong> 1 entrada Vca macho NEMA 5-15 R<\/li>\n<li style='margin-bottom: 5px;'><strong>Salida:<\/strong> 2 salidas Vca Hembra NEMA 5-15 R<\/li>\n<li style='margin-bottom: 5px;'><strong>Material del gabinete:<\/strong> Metal<\/li>\n<li style='margin-bottom: 5px;'><strong>Color:<\/strong> Negro<\/li>\n<li style='margin-bottom: 5px;'><strong>Dimensiones (L x W x H):<\/strong> 120.4 x 88.2 x 126.6 mm<\/li>\n<\/ul>\n<p> <img style='width: 100%; height: auto; border: 1px solid rgba(150&comma;150&comma;150&comma;0.3); border-radius: 8px; margin-top: 15px;' src='https:\/\/ftp3.syscom.mx\/usuarios\/fotos\/BancoFotografiasSyscom\/EPCOMPOWERLINE\/EPLCON2O\/EPLCON2O-AD-3-p.PNG' alt=''> <\/div>\n<div style='flex: 1 1 300px; min-width: 280px;'>\n<h3 style='font-size: 22px; border-bottom: 2px solid currentColor; padding-bottom: 5px; margin-top: 0; color: inherit; opacity: 0.8;'>Aplicaciones<\/h3>\n<ul style='padding-left: 20px; font-size: 15px; color: inherit;'>\n<li style='margin-bottom: 5px;'>Sistemas de seguridad electr\u00f3nica<\/li>\n<li style='margin-bottom: 5px;'>Sistemas de comunicaci\u00f3n y control<\/li>\n<li style='margin-bottom: 5px;'>Sistemas de telecomunicaciones<\/li>\n<li style='margin-bottom: 5px;'>Sistemas de radio comunicaci\u00f3n<\/li>\n<\/ul>\n<p> <img style='width: 100%; height: auto; border: 1px solid rgba(150&comma;150&comma;150&comma;0.3); border-radius: 8px; margin-top: 15px;' src='https:\/\/ftp3.syscom.mx\/usuarios\/fotos\/BancoFotografiasSyscom\/EPCOMPOWERLINE\/EPLCON2O\/EPLCON2O-AD-3-p.PNG' alt=''> <\/p>\n<div style='margin-top: 15px; padding: 15px; border-left: 4px solid rgba(192&comma;57&comma;43&comma;0.8); background-color: rgba(192&comma;57&comma;43&comma;0.05); color: inherit;'>\n<p style='margin: 0 0 8px; color: rgba(192&comma;57&comma;43&comma;0.9); font-weight: bold;'>NOTA 1:<\/p>\n<p style='margin: 0 0 15px; color: inherit;'>Es necesario encender manualmente el acondicionador en caso de corte por alto voltaje.<\/p>\n<p style='margin: 0; color: rgba(192&comma;57&comma;43&comma;0.9); font-weight: bold;'>NOTA 2:<\/p>\n<p style='margin: 0; color: inherit;'>No incluye bracket de montaje.<\/p>\n<\/p><\/div>\n<\/p><\/div>\n<\/p><\/div>\n<\/p><\/div>\n","protected":false},"excerpt":{"rendered":"<p>Acondicionador de Voltaje \/ Entrada 120 Vca \/ 2 salidas @ 120 Vca NEMA 5-15R \/ 1,800 W \/ 15 A \/ Supresi\u00f3n de Picos \/ Filtro de Ruido EMI\/RFI \/ Sin bracket<\/p>\n","protected":false},"featured_media":41303,"comment_status":"open","ping_status":"closed","template":"","meta":[],"product_brand":[],"product_cat":[1244],"product_tag":[1088,454,1245],"class_list":{"0":"post-41304","1":"product","2":"type-product","3":"status-publish","4":"has-post-thumbnail","6":"product_cat-supresor-de-picos-vca","7":"product_tag-calidad-de-la-energia","8":"product_tag-epcom-powerline","9":"product_tag-supresor-de-picos-vca","11":"first","12":"instock","13":"sale","14":"shipping-taxable","15":"purchasable","16":"product-type-simple"},"_links":{"self":[{"href":"https:\/\/soydeaqui.ddns.net\/pachuca\/index.php\/wp-json\/wp\/v2\/product\/41304","targetHints":{"allow":["GET"]}}],"collection":[{"href":"https:\/\/soydeaqui.ddns.net\/pachuca\/index.php\/wp-json\/wp\/v2\/product"}],"about":[{"href":"https:\/\/soydeaqui.ddns.net\/pachuca\/index.php\/wp-json\/wp\/v2\/types\/product"}],"replies":[{"embeddable":true,"href":"https:\/\/soydeaqui.ddns.net\/pachuca\/index.php\/wp-json\/wp\/v2\/comments?post=41304"}],"wp:featuredmedia":[{"embeddable":true,"href":"https:\/\/soydeaqui.ddns.net\/pachuca\/index.php\/wp-json\/wp\/v2\/media\/41303"}],"wp:attachment":[{"href":"https:\/\/soydeaqui.ddns.net\/pachuca\/index.php\/wp-json\/wp\/v2\/media?parent=41304"}],"wp:term":[{"taxonomy":"product_brand","embeddable":true,"href":"https:\/\/soydeaqui.ddns.net\/pachuca\/index.php\/wp-json\/wp\/v2\/product_brand?post=41304"},{"taxonomy":"product_cat","embeddable":true,"href":"https:\/\/soydeaqui.ddns.net\/pachuca\/index.php\/wp-json\/wp\/v2\/product_cat?post=41304"},{"taxonomy":"product_tag","embeddable":true,"href":"https:\/\/soydeaqui.ddns.net\/pachuca\/index.php\/wp-json\/wp\/v2\/product_tag?post=41304"}],"curies":[{"name":"wp","href":"https:\/\/api.w.org\/{rel}","templated":true}]}}