{"id":41298,"date":"2026-03-18T18:11:22","date_gmt":"2026-03-18T18:11:22","guid":{"rendered":"https:\/\/soydeaqui.ddns.net\/pachuca\/index.php\/producto\/cargador-para-baterias-de-6v-2-a-5ah-selladas-de-plomo-acido-tecnologia-sla-vrla-serie-acx\/"},"modified":"2026-03-18T18:11:22","modified_gmt":"2026-03-18T18:11:22","slug":"cargador-para-baterias-de-6v-2-a-5ah-selladas-de-plomo-acido-tecnologia-sla-vrla-serie-acx","status":"publish","type":"product","link":"https:\/\/soydeaqui.ddns.net\/pachuca\/index.php\/producto\/cargador-para-baterias-de-6v-2-a-5ah-selladas-de-plomo-acido-tecnologia-sla-vrla-serie-acx\/","title":{"rendered":"Cargador Para Bater\u00edas De 6V, 2 a 5AH, Selladas De Plomo Acido, Tecnolog\u00eda SLA\/VRLA, Serie ACX"},"content":{"rendered":"<div style='width: 100%; max-width: 1200px; margin: 0 auto; font-family: sans-serif; line-height: 1.6; color: inherit; background-color: transparent;'> <!-- Descripci\u00f3n principal --> <\/p>\n<div style='margin-bottom: 30px;'>\n<h3 style='font-size: 22px; border-bottom: 2px solid currentColor; padding-bottom: 5px; margin-top: 0; color: inherit; opacity: 0.8; text-align: center;'>Cargadores serie ACX (VRLA) para bater\u00edas selladas de plomo \u00e1cido<\/h3>\n<p style='margin-top: 15px; margin-bottom: 15px; font-size: 15px; color: inherit; text-align: justify;'>La serie ACX de cargadores de bater\u00edas de \u00e1cido de plomo sellado (VRLA) son dispositivos de tipo de conmutaci\u00f3n que funcionan sin el uso de transformadores. Los circuitos integrados controlan y regulan la corriente y el voltaje y cambian autom\u00e1ticamente del voltaje m\u00e1s alto del cargador r\u00e1pido al voltaje de flotaci\u00f3n m\u00e1s bajo cuando las bater\u00edas est\u00e1n muy cerca de cargarse por completo. Con voltaje de flotaci\u00f3n&comma; es seguro dejar la bater\u00eda conectada al cargador indefinidamente&comma; lo que hace que la carga de la bater\u00eda sea pr\u00e1cticamente infalible.<\/p>\n<p style='margin-top: 15px; margin-bottom: 15px; font-size: 15px; color: inherit; text-align: justify;'>El cargador de bater\u00eda es ideal para aplicaciones c\u00edclicas donde el tiempo de recarga es cr\u00edtico y no se puede confiar en la terminaci\u00f3n oportuna de la carga. Estos cargadores garantizan un rendimiento y una vida \u00fatil \u00f3ptimos de la bater\u00eda para las bater\u00edas Power Sonic.<\/p>\n<p style='margin-top: 15px; margin-bottom: 15px; font-size: 15px; color: inherit; text-align: justify;'>El tiempo de recarga depende de la profundidad de la descarga anterior y de la corriente de salida del cargador. Para determinar el tiempo de recarga aproximado de una bater\u00eda completamente descargada&comma; divida los amperios por hora de la bater\u00eda por la corriente nominal de salida del cargador. Luego&comma; multiplique el n\u00famero de horas resultante por un factor de 1&comma;25 para compensar la disminuci\u00f3n de la corriente de salida durante el ciclo de carga. Si la cantidad de amperios hora se conoce la descarga de la bater\u00eda&comma; util\u00edcelo en lugar de la capacidad de la bater\u00eda para hacer el c\u00e1lculo.<\/p>\n<\/p><\/div>\n<p> <!-- Caracter\u00edsticas generales --> <\/p>\n<div style='margin-bottom: 30px;'>\n<h3 style='font-size: 22px; border-bottom: 2px solid currentColor; padding-bottom: 5px; margin-top: 0; color: inherit; opacity: 0.8;'>Caracter\u00edsticas Generales Serie ACX<\/h3>\n<ul style='padding-left: 20px; font-size: 15px; color: inherit; margin-top: 15px;'>\n<li style='margin-bottom: 5px;'>Regulaci\u00f3n de voltaje y corriente basada en I.C dise\u00f1ada para bater\u00edas SLA \/ VRLA<\/li>\n<li style='margin-bottom: 5px;'>Cargador de bater\u00eda dise\u00f1ado para bater\u00edas SLA\/VRLA<\/li>\n<li style='margin-bottom: 5px;'>Rango de voltaje de entrada universal 100 &#8211; 240Vca<\/li>\n<li style='margin-bottom: 5px;'>Carga autom\u00e1tica de doble velocidad con detecci\u00f3n de corriente para un funcionamiento eficiente&comma; sin preocupaciones y seguro<\/li>\n<li style='margin-bottom: 5px;'>Indicadores LED<\/li>\n<li style='margin-bottom: 5px;'>Conectores de pinza de cocodrilo con manguitos aislados<\/li>\n<li style='margin-bottom: 5px;'>Cumple con DOE&comma; CE y FCC<\/li>\n<li style='margin-bottom: 5px;'>Aprobado por ETL<\/li>\n<li style='margin-bottom: 5px;'>Disponible con enchufes de entrada NEMA-A&comma; CEE-C o BS-G<\/li>\n<\/ul><\/div>\n<p> <!-- Especificaciones --> <\/p>\n<div style='margin-bottom: 30px;'>\n<h3 style='font-size: 22px; border-bottom: 2px solid currentColor; padding-bottom: 5px; margin-top: 0; color: inherit; opacity: 0.8;'>Especificaciones<\/h3>\n<ul style='padding-left: 20px; font-size: 15px; color: inherit; margin-top: 15px;'>\n<li style='margin-bottom: 5px;'><strong>Voltaje nominal:<\/strong> 6V<\/li>\n<li style='margin-bottom: 5px;'><strong>Corriente de salida:<\/strong> 500 mA<\/li>\n<li style='margin-bottom: 5px;'><strong>Tensi\u00f3n de salida flotante:<\/strong> 6.7V<\/li>\n<li style='margin-bottom: 5px;'><strong>Carga r\u00e1pida de voltaje de salida:<\/strong> 7.35V<\/li>\n<li style='margin-bottom: 5px;'><strong>Dise\u00f1o del cargador:<\/strong> Enchufar<\/li>\n<li style='margin-bottom: 5px;'><strong>Tipo del cargador:<\/strong> Doble tasa<\/li>\n<li style='margin-bottom: 5px;'><strong>Dimensiones:<\/strong> 80 mm largo x 57 mm ancho x 50 mm altura<\/li>\n<li style='margin-bottom: 5px;'><strong>Peso:<\/strong> 0.21kg<\/li>\n<\/ul><\/div>\n<p> <!-- Uso recomendado --> <\/p>\n<div style='margin-bottom: 30px;'>\n<p style='margin: 0; font-size: 15px; color: inherit; font-weight: bold; color: #e74c3c; text-align: center;'>USE CON BATER\u00cdA DE 6V&comma; 2 a 5 AH<\/p>\n<\/p><\/div>\n<\/p><\/div>\n","protected":false},"excerpt":{"rendered":"<p>Cargador Para Bater\u00edas De 6V, 2 a 5AH, Selladas De Plomo Acido, Tecnolog\u00eda SLA\/VRLA, Serie ACX<\/p>\n","protected":false},"featured_media":41297,"comment_status":"open","ping_status":"closed","template":"","meta":[],"product_brand":[],"product_cat":[141],"product_tag":[143,142,236],"class_list":{"0":"post-41298","1":"product","2":"type-product","3":"status-publish","4":"has-post-thumbnail","6":"product_cat-baterias","7":"product_tag-baterias","8":"product_tag-energia","9":"product_tag-power-sonic","11":"first","12":"instock","13":"sale","14":"shipping-taxable","15":"purchasable","16":"product-type-simple"},"_links":{"self":[{"href":"https:\/\/soydeaqui.ddns.net\/pachuca\/index.php\/wp-json\/wp\/v2\/product\/41298","targetHints":{"allow":["GET"]}}],"collection":[{"href":"https:\/\/soydeaqui.ddns.net\/pachuca\/index.php\/wp-json\/wp\/v2\/product"}],"about":[{"href":"https:\/\/soydeaqui.ddns.net\/pachuca\/index.php\/wp-json\/wp\/v2\/types\/product"}],"replies":[{"embeddable":true,"href":"https:\/\/soydeaqui.ddns.net\/pachuca\/index.php\/wp-json\/wp\/v2\/comments?post=41298"}],"wp:featuredmedia":[{"embeddable":true,"href":"https:\/\/soydeaqui.ddns.net\/pachuca\/index.php\/wp-json\/wp\/v2\/media\/41297"}],"wp:attachment":[{"href":"https:\/\/soydeaqui.ddns.net\/pachuca\/index.php\/wp-json\/wp\/v2\/media?parent=41298"}],"wp:term":[{"taxonomy":"product_brand","embeddable":true,"href":"https:\/\/soydeaqui.ddns.net\/pachuca\/index.php\/wp-json\/wp\/v2\/product_brand?post=41298"},{"taxonomy":"product_cat","embeddable":true,"href":"https:\/\/soydeaqui.ddns.net\/pachuca\/index.php\/wp-json\/wp\/v2\/product_cat?post=41298"},{"taxonomy":"product_tag","embeddable":true,"href":"https:\/\/soydeaqui.ddns.net\/pachuca\/index.php\/wp-json\/wp\/v2\/product_tag?post=41298"}],"curies":[{"name":"wp","href":"https:\/\/api.w.org\/{rel}","templated":true}]}}