{"id":41296,"date":"2026-03-18T18:11:17","date_gmt":"2026-03-18T18:11:17","guid":{"rendered":"https:\/\/soydeaqui.ddns.net\/pachuca\/index.php\/producto\/certificacion-virtual-en-calculo-de-mallas-de-tierras-valida-ante-secretaria-del-trabajo\/"},"modified":"2026-03-18T18:11:18","modified_gmt":"2026-03-18T18:11:18","slug":"certificacion-virtual-en-calculo-de-mallas-de-tierras-valida-ante-secretaria-del-trabajo","status":"publish","type":"product","link":"https:\/\/soydeaqui.ddns.net\/pachuca\/index.php\/producto\/certificacion-virtual-en-calculo-de-mallas-de-tierras-valida-ante-secretaria-del-trabajo\/","title":{"rendered":"Certificaci\u00f3n Virtual en C\u00e1lculo de Mallas de Tierras (V\u00e1lida Ante Secretar\u00eda del Trabajo)"},"content":{"rendered":"<div style='width: 100%; max-width: 1200px; margin: 0 auto; font-family: sans-serif; line-height: 1.6; color: inherit; background-color: transparent;'>\n<div style='display: flex; flex-wrap: wrap; gap: 30px; margin-bottom: 30px;'>\n<div style='flex: 1 1 300px; min-width: 280px;'>\n<h3 style='font-size: 22px; border-bottom: 2px solid currentColor; padding-bottom: 5px; margin-top: 0; color: inherit; opacity: 0.8;'>Informaci\u00f3n General<\/h3>\n<ul style='padding-left: 20px; font-size: 15px; color: inherit;'>\n<li style='margin-bottom: 5px;'><strong>Calendarizaci\u00f3n:<\/strong> <a style='color: inherit; text-decoration: underline;' href='https:\/\/www.syscom.mx\/calendario\/'>Ver calendarizaci\u00f3n<\/a><\/li>\n<li style='margin-bottom: 5px;'><strong>Requisitos:<\/strong> Llenar el formato DC-3 para obtener el certificado con validez en la secretar\u00eda de trabajo. Conocimientos b\u00e1sicos de Electricidad.<\/li>\n<li style='margin-bottom: 5px;'><strong>Duraci\u00f3n:<\/strong> 14 horas (5 d\u00edas)<\/li>\n<li style='margin-bottom: 5px;'><strong>Horario:<\/strong> de 4:00 p.m. a 7:00 p.m. (Hora del centro)<\/li>\n<\/ul><\/div>\n<div style='flex: 1 1 300px; min-width: 280px;'>\n<h3 style='font-size: 22px; border-bottom: 2px solid currentColor; padding-bottom: 5px; margin-top: 0; color: inherit; opacity: 0.8;'>Detalles del Curso<\/h3>\n<ul style='padding-left: 20px; font-size: 15px; color: inherit;'>\n<li style='margin-bottom: 5px;'><strong>Condicionantes:<\/strong> Para Obtener el certificado con validez en la secretar\u00eda del trabajo&comma; se debe aprobar el examen y presentar 3 copias originales del formato DC-3<\/li>\n<li style='margin-bottom: 5px;'>Es posible que el curso sea cancelado si no se re\u00fane un grupo m\u00ednimo<\/li>\n<\/ul><\/div>\n<\/p><\/div>\n<div style='display: flex; flex-wrap: wrap; gap: 30px; margin-bottom: 30px;'>\n<div style='flex: 1 1 300px; min-width: 280px;'>\n<h3 style='font-size: 22px; border-bottom: 2px solid currentColor; padding-bottom: 5px; margin-top: 0; color: inherit; opacity: 0.8;'>Incluye<\/h3>\n<ul style='padding-left: 20px; font-size: 15px; color: inherit;'>\n<li style='margin-bottom: 5px;'>Informaci\u00f3n del curso correspondiente<\/li>\n<li style='margin-bottom: 5px;'>Documentos de apoyo<\/li>\n<li style='margin-bottom: 5px;'>Portafolio<\/li>\n<li style='margin-bottom: 5px;'>Examen<\/li>\n<li style='margin-bottom: 5px;'>Evaluaci\u00f3n del curso<\/li>\n<li style='margin-bottom: 5px;'>Certificado Total Ground con vigencia de 2 a\u00f1os (requisito: pasar el examen)<\/li>\n<\/ul><\/div>\n<div style='flex: 1 1 300px; min-width: 280px;'>\n<h3 style='font-size: 22px; border-bottom: 2px solid currentColor; padding-bottom: 5px; margin-top: 0; color: inherit; opacity: 0.8;'>Dirigido a<\/h3>\n<ul style='padding-left: 20px; font-size: 15px; color: inherit;'>\n<li style='margin-bottom: 5px;'>Instaladores de Equipo de Radiocomunicaci\u00f3n<\/li>\n<li style='margin-bottom: 5px;'>Integradores de Sistemas Profesionales de CCTV<\/li>\n<li style='margin-bottom: 5px;'>Torreros&comma; Ing. Civiles&comma; Arquitectos enfocados en la planeaci\u00f3n de Edificaciones<\/li>\n<li style='margin-bottom: 5px;'>T\u00e9cnicos El\u00e9ctricos y Electr\u00f3nicos encargados de realizar estudios e instalaciones de Tierras F\u00edsicas<\/li>\n<li style='margin-bottom: 5px;'>Organismos dedicados a certificar o realizar mediciones de resistencia de suelo<\/li>\n<\/ul><\/div>\n<\/p><\/div>\n<div style='margin-bottom: 30px;'>\n<h3 style='font-size: 22px; border-bottom: 2px solid currentColor; padding-bottom: 5px; margin-top: 0; color: inherit; opacity: 0.8;'>Objetivo<\/h3>\n<p style='font-size: 15px; color: inherit; margin: 15px 0;'>Garantizar que todos aquellos responsables de implementar soluciones TOTAL GROUND est\u00e9n debidamente preparados y capacitados para llevar a cabo con \u00e9xito cada proyecto.<\/p>\n<\/p><\/div>\n<div style='margin-bottom: 30px;'>\n<h3 style='font-size: 22px; border-bottom: 2px solid currentColor; padding-bottom: 5px; margin-top: 0; color: inherit; opacity: 0.8;'>Competencias del Participante<\/h3>\n<ul style='padding-left: 20px; font-size: 15px; color: inherit;'>\n<li style='margin-bottom: 5px;'>Proponer sistemas de infraestructura el\u00e9ctrica que aseguren la calidad de la energ\u00eda<\/li>\n<li style='margin-bottom: 5px;'>Comprender los conceptos b\u00e1sicos de la electricidad y el magnetismo&comma; el sistema de puesta a tierra&comma; los sistemas de protecci\u00f3n atmosf\u00e9rica as\u00ed como supresores de transitorios&comma; de acuerdo a la NOM-001-SEDE-2012&comma; Capitulo 1<\/li>\n<li style='margin-bottom: 5px;'>Analizar proyectos constructivos&comma; comerciales&comma; industriales y residenciales para identificar riesgos y proponer soluciones contra descargas atmosf\u00e9ricas&comma; est\u00e1tica y perturbaciones en la l\u00ednea<\/li>\n<li style='margin-bottom: 5px;'>Ejecutar conforme a procedimientos la instalaci\u00f3n de las soluciones de Total Ground con personal ejecutivo verificando su desempe\u00f1o<\/li>\n<li style='margin-bottom: 5px;'>Realizar memorias t\u00e9cnicas de la instalaci\u00f3n de las diferentes soluciones de Total Ground<\/li>\n<\/ul><\/div>\n<div style='margin-bottom: 30px;'>\n<h3 style='font-size: 22px; border-bottom: 2px solid currentColor; padding-bottom: 5px; margin-top: 0; color: inherit; opacity: 0.8;'>Temario<\/h3>\n<div style='margin-top: 20px; border: 1px solid rgba(150&comma;150&comma;150&comma;0.3); border-radius: 8px; overflow: hidden; margin-bottom: 15px;'>\n<div style='padding: 15px; border-bottom: 1px solid rgba(150&comma;150&comma;150&comma;0.2); font-weight: bold; font-size: 18px; color: inherit;'>M\u00f3dulo I<\/div>\n<div style='padding: 15px; color: inherit;'>\n<ul style='padding-left: 20px; margin: 0; font-size: 14px; list-style-type: disc;'>\n<li style='margin-bottom: 5px;'>1.1 Introducci\u00f3n a la carga el\u00e9ctrica<\/li>\n<li style='margin-bottom: 5px;'>1.2 Ley de Coulomb Campo el\u00e9ctrico<\/li>\n<li style='margin-bottom: 5px;'>1.3 Ley de Gauss para el campo el\u00e9ctrico Potencial el\u00e9ctrico<\/li>\n<li style='margin-bottom: 5px;'>1.4 Definici\u00f3n de capacitancia<\/li>\n<li style='margin-bottom: 5px;'>1.5 Diel\u00e9ctricos<\/li>\n<li style='margin-bottom: 5px;'>1.6 Corriente<\/li>\n<li style='margin-bottom: 5px;'>1.7 Resistividad y resistencia<\/li>\n<li style='margin-bottom: 5px;'>1.8 Ley de Ohm<\/li>\n<li style='margin-bottom: 5px;'>1.9 Energ\u00eda y potencia el\u00e9ctrica<\/li>\n<li style='margin-bottom: 5px;'>1.11 Fuerza electromotriz<\/li>\n<li style='margin-bottom: 5px;'>1.1.2 Resistores en serie y paralelo<\/li>\n<li style='margin-bottom: 5px;'>1.1.3 Leyes de Kirchhoff<\/li>\n<li style='margin-bottom: 5px;'>1.1.4 Circuito resistencia-capacitancia<\/li>\n<li style='margin-bottom: 5px;'>1.1.5 Magnetismo y campo magn\u00e9tico<\/li>\n<li style='margin-bottom: 5px;'>1.1.6 Ley Biot-Savart<\/li>\n<li style='margin-bottom: 5px;'>1.1.7 Movimiento de part\u00edculas en campo magn\u00e9tico<\/li>\n<li style='margin-bottom: 5px;'>1.1.8 Fuerza magn\u00e9tica<\/li>\n<li style='margin-bottom: 5px;'>1.1.9 Fuerza y momento de torsi\u00f3n sobre un conductor<\/li>\n<li style='margin-bottom: 5px;'>1.2.0 L\u00edneas de campo y flujo magn\u00e9ticos<\/li>\n<li style='margin-bottom: 5px;'>1.2.1 Ley de Gauss para campo magn\u00e9tico<\/li>\n<li style='margin-bottom: 5px;'>1.2.2 Ley de Ampere<\/li>\n<li style='margin-bottom: 5px;'>1.2.3 Inductancia<\/li>\n<li style='margin-bottom: 5px;'>1.2.4 capacitancia<\/li>\n<li style='margin-bottom: 5px;'>1.2.5 Ley de nodos<\/li>\n<\/ul><\/div>\n<\/p><\/div>\n<div style='margin-top: 20px; border: 1px solid rgba(150&comma;150&comma;150&comma;0.3); border-radius: 8px; overflow: hidden; margin-bottom: 15px;'>\n<div style='padding: 15px; border-bottom: 1px solid rgba(150&comma;150&comma;150&comma;0.2); font-weight: bold; font-size: 18px; color: inherit;'>M\u00f3dulo II<\/div>\n<div style='padding: 15px; color: inherit;'>\n<ul style='padding-left: 20px; margin: 0; font-size: 14px; list-style-type: disc;'>\n<li style='margin-bottom: 5px;'>2.0 definiciones SPT<\/li>\n<li style='margin-bottom: 5px;'>2.0.1 Electrodo<\/li>\n<li style='margin-bottom: 5px;'>2.0.2 Tierra F\u00edsica<\/li>\n<li style='margin-bottom: 5px;'>2.0.3 SPT<\/li>\n<li style='margin-bottom: 5px;'>2.0.4 Puesto a tierra<\/li>\n<li style='margin-bottom: 5px;'>2.1 Elementos de protecci\u00f3n del SPT<\/li>\n<li style='margin-bottom: 5px;'>2.2 Objetivos de protecci\u00f3n del spt<\/li>\n<li style='margin-bottom: 5px;'>2.3 aterrizamiento Alta y Baja tensi\u00f3n<\/li>\n<li style='margin-bottom: 5px;'>2.3.1 tipos de componentes del sistema de aterrizamiento<\/li>\n<li style='margin-bottom: 5px;'>2.3.2 c\u00e1lculo del conductor de corriente de falla B.T. Y A.T.<\/li>\n<li style='margin-bottom: 5px;'>2.4 Conductor de puesta a tierra normalizado<\/li>\n<li style='margin-bottom: 5px;'>2.4.1 colores&comma; caracter\u00edsticas e implementaci\u00f3n<\/li>\n<li style='margin-bottom: 5px;'>2.5 tipos de fallas a tierra<\/li>\n<li style='margin-bottom: 5px;'>2.5.1 arreglos para la protecci\u00f3n T-T T-N -F-T<\/li>\n<li style='margin-bottom: 5px;'>2.5.1 Calculo de cables por C.C.<\/li>\n<li style='margin-bottom: 5px;'>2.6 Electrodo Artificial<\/li>\n<li style='margin-bottom: 5px;'>2.7 Electrodo Auxiliar para SPT<\/li>\n<li style='margin-bottom: 5px;'>2.7.1 corrosi\u00f3n y par galv\u00e1nico<\/li>\n<li style='margin-bottom: 5px;'>2.8 Electrodo primario para tierras<\/li>\n<li style='margin-bottom: 5px;'>2.9 Elevaci\u00f3n del potencial para tierra<\/li>\n<li style='margin-bottom: 5px;'>2.9.1 Arreglos geom\u00e9tricos del spt<\/li>\n<li style='margin-bottom: 5px;'>3.0 Calculo de resistencia el\u00e9ctrica del cuerpo Humano<\/li>\n<li style='margin-bottom: 5px;'>3.1.1 Calculo Tensi\u00f3n de paso<\/li>\n<li style='margin-bottom: 5px;'>3.1.2 Calculo Tensi\u00f3n de contacto<\/li>\n<li style='margin-bottom: 5px;'>3.1.3 Calculo tensi\u00f3n de malla<\/li>\n<li style='margin-bottom: 5px;'>3.1.4 Calculo tensi\u00f3n de transferido<\/li>\n<li style='margin-bottom: 5px;'>3.1.2 Instalaci\u00f3n residencial<\/li>\n<li style='margin-bottom: 5px;'>3.1.3 Instalaci\u00f3n Industrial<\/li>\n<\/ul><\/div>\n<\/p><\/div>\n<div style='margin-top: 20px; border: 1px solid rgba(150&comma;150&comma;150&comma;0.3); border-radius: 8px; overflow: hidden; margin-bottom: 15px;'>\n<div style='padding: 15px; border-bottom: 1px solid rgba(150&comma;150&comma;150&comma;0.2); font-weight: bold; font-size: 18px; color: inherit;'>M\u00f3dulo III<\/div>\n<div style='padding: 15px; color: inherit;'>\n<ul style='padding-left: 20px; margin: 0; font-size: 14px; list-style-type: disc;'>\n<li style='margin-bottom: 5px;'>4.1 c\u00e1lculo de Resistividad<\/li>\n<li style='margin-bottom: 5px;'>4.2 procedimiento de dise\u00f1o<\/li>\n<li style='margin-bottom: 5px;'>4.2.3 Calculo de compensaci\u00f3n de potencial el\u00e9ctrico<\/li>\n<li style='margin-bottom: 5px;'>4.2.3 ca\u00edda de tensi\u00f3n en spt<\/li>\n<li style='margin-bottom: 5px;'>4.3 Calculo de la secci\u00f3n transversal del conductor de la malla de tierra.<\/li>\n<li style='margin-bottom: 5px;'>4.3.1 Calculo de ampacidad en conductor<\/li>\n<li style='margin-bottom: 5px;'>4.3.1 Calculo de la malla de tierra<\/li>\n<li style='margin-bottom: 5px;'>4.3.1.1 Cortes elevaciones conectores.<\/li>\n<li style='margin-bottom: 5px;'>4.4 dise\u00f1o de malla para A.T.<\/li>\n<li style='margin-bottom: 5px;'>4.4.1 subestaciones<\/li>\n<li style='margin-bottom: 5px;'>4.4.2 Transformadores<\/li>\n<li style='margin-bottom: 5px;'>4.5 dise\u00f1o de malla para B.T.<\/li>\n<li style='margin-bottom: 5px;'>4.5.1 interconexi\u00f3n<\/li>\n<li style='margin-bottom: 5px;'>4.5.2 Superficie Equipotencial<\/li>\n<li style='margin-bottom: 5px;'>4.5.3 Sistemas de protecci\u00f3n torres auto soportadas<\/li>\n<li style='margin-bottom: 5px;'>4.5.4 Sistemas de protecci\u00f3n torres arriostradas<\/li>\n<li style='margin-bottom: 5px;'>4.6 Lineamientos internacionales para los cumplimientos internacionales<\/li>\n<\/ul><\/div>\n<\/p><\/div>\n<div style='margin-top: 20px; border: 1px solid rgba(150&comma;150&comma;150&comma;0.3); border-radius: 8px; overflow: hidden; margin-bottom: 15px;'>\n<div style='padding: 15px; border-bottom: 1px solid rgba(150&comma;150&comma;150&comma;0.2); font-weight: bold; font-size: 18px; color: inherit;'>M\u00f3dulo IV<\/div>\n<div style='padding: 15px; color: inherit;'>\n<ul style='padding-left: 20px; margin: 0; font-size: 14px; list-style-type: disc;'>\n<li style='margin-bottom: 5px;'>4.7 Calculo de la impedancia en Interconexiones (Barras de tierras)<\/li>\n<li style='margin-bottom: 5px;'>4.8 Marco Normativo<\/li>\n<li style='margin-bottom: 5px;'>4.8.1 cumplimiento del PEC 001<\/li>\n<li style='margin-bottom: 5px;'>4.8.2 cumplimiento de la NOM-001-SEDE-2012<\/li>\n<li style='margin-bottom: 5px;'>4.8.3 CFE 01J00-01-2018<\/li>\n<li style='margin-bottom: 5px;'>4.9 Cumplimento ante NEC<\/li>\n<li style='margin-bottom: 5px;'>4.9.1 Cumplimento IEEE81<\/li>\n<li style='margin-bottom: 5px;'>5. medici\u00f3n del SPT por ca\u00edda de tensi\u00f3n<\/li>\n<li style='margin-bottom: 5px;'>5.1 medici\u00f3n para el cumplimiento de la NOM-022-STPS-2015<\/li>\n<li style='margin-bottom: 5px;'>5.1.2 elaboraci\u00f3n de reporte de valores obtenidos en campo<\/li>\n<li style='margin-bottom: 5px;'>5.3 simulaci\u00f3n de eventos termogr\u00e1ficos en spt<\/li>\n<li style='margin-bottom: 5px;'>6. EXAMEN<\/li>\n<\/ul><\/div>\n<\/p><\/div>\n<\/p><\/div>\n<hr style='border: 0; border-top: 1px solid rgba(150&comma; 150&comma; 150&comma; 0.3); margin: 30px 0;'> <\/div>\n","protected":false},"excerpt":{"rendered":"<p>Certificaci\u00f3n Virtual en C\u00e1lculo de Mallas de Tierras (V\u00e1lida Ante Secretar\u00eda del Trabajo)<\/p>\n","protected":false},"featured_media":41295,"comment_status":"open","ping_status":"closed","template":"","meta":[],"product_brand":[],"product_cat":[1131],"product_tag":[1088,1132,635],"class_list":{"0":"post-41296","1":"product","2":"type-product","3":"status-publish","4":"has-post-thumbnail","6":"product_cat-tierras-fisicas","7":"product_tag-calidad-de-la-energia","8":"product_tag-tierras-fisicas","9":"product_tag-total-ground","11":"first","12":"outofstock","13":"sale","14":"shipping-taxable","15":"purchasable","16":"product-type-simple"},"_links":{"self":[{"href":"https:\/\/soydeaqui.ddns.net\/pachuca\/index.php\/wp-json\/wp\/v2\/product\/41296","targetHints":{"allow":["GET"]}}],"collection":[{"href":"https:\/\/soydeaqui.ddns.net\/pachuca\/index.php\/wp-json\/wp\/v2\/product"}],"about":[{"href":"https:\/\/soydeaqui.ddns.net\/pachuca\/index.php\/wp-json\/wp\/v2\/types\/product"}],"replies":[{"embeddable":true,"href":"https:\/\/soydeaqui.ddns.net\/pachuca\/index.php\/wp-json\/wp\/v2\/comments?post=41296"}],"wp:featuredmedia":[{"embeddable":true,"href":"https:\/\/soydeaqui.ddns.net\/pachuca\/index.php\/wp-json\/wp\/v2\/media\/41295"}],"wp:attachment":[{"href":"https:\/\/soydeaqui.ddns.net\/pachuca\/index.php\/wp-json\/wp\/v2\/media?parent=41296"}],"wp:term":[{"taxonomy":"product_brand","embeddable":true,"href":"https:\/\/soydeaqui.ddns.net\/pachuca\/index.php\/wp-json\/wp\/v2\/product_brand?post=41296"},{"taxonomy":"product_cat","embeddable":true,"href":"https:\/\/soydeaqui.ddns.net\/pachuca\/index.php\/wp-json\/wp\/v2\/product_cat?post=41296"},{"taxonomy":"product_tag","embeddable":true,"href":"https:\/\/soydeaqui.ddns.net\/pachuca\/index.php\/wp-json\/wp\/v2\/product_tag?post=41296"}],"curies":[{"name":"wp","href":"https:\/\/api.w.org\/{rel}","templated":true}]}}