{"id":41268,"date":"2026-03-18T18:10:29","date_gmt":"2026-03-18T18:10:29","guid":{"rendered":"https:\/\/soydeaqui.ddns.net\/pachuca\/index.php\/producto\/caja-cuadrada-galvanizada-de-4-profundidad-de-2-1-8-cuenta-con-11-ko-de-1-2-y-6-tko-1-2-3-4-color-rojo\/"},"modified":"2026-03-18T18:10:30","modified_gmt":"2026-03-18T18:10:30","slug":"caja-cuadrada-galvanizada-de-4-profundidad-de-2-1-8-cuenta-con-11-ko-de-1-2-y-6-tko-1-2-3-4-color-rojo","status":"publish","type":"product","link":"https:\/\/soydeaqui.ddns.net\/pachuca\/index.php\/producto\/caja-cuadrada-galvanizada-de-4-profundidad-de-2-1-8-cuenta-con-11-ko-de-1-2-y-6-tko-1-2-3-4-color-rojo\/","title":{"rendered":"Caja Cuadrada Galvanizada  de 4&#8243; \/Profundidad de 2 1\/8&#8243; \/ Cuenta con 11 KO de 1\/2&#8243; y 6 TKO (1\/2&#8243; &#8211; 3\/4&#8243;)\/ Color Rojo."},"content":{"rendered":"<div style='width: 100%; max-width: 1200px; margin: 0 auto; font-family: sans-serif; line-height: 1.6; color: inherit; background-color: transparent;'> <!-- Descripci\u00f3n principal --> <\/p>\n<div style='margin-bottom: 30px;'>\n<p style='margin: 0 0 15px; font-size: 15px; color: inherit;'>Caja cuadrada de acero galvanizado para instalaciones el\u00e9ctricas.<\/p>\n<\/p><\/div>\n<p> <!-- Secci\u00f3n de aplicaciones --> <\/p>\n<div style='margin-bottom: 30px;'>\n<h3 style='font-size: 22px; border-bottom: 2px solid currentColor; padding-bottom: 5px; margin-top: 0; margin-bottom: 15px; color: inherit; opacity: 0.8;'>Aplicaciones<\/h3>\n<p style='margin: 0 0 15px; font-size: 15px; color: inherit;'>Las cajas RACO\u00ae&comma; tambi\u00e9n llamadas cajas utilitarias son utilizadas para implementar tomacorrientes&comma; interruptores o peque\u00f1as cajas de conexiones.<\/p>\n<p style='margin: 0 0 15px; font-size: 15px; color: inherit;'>Son muy pr\u00e1cticas ya que ofrecen completa exposici\u00f3n para f\u00e1cil trabajo de cableado al instalarse sobre la pared.<\/p>\n<\/p><\/div>\n<p> <!-- Secci\u00f3n de especificaciones --> <\/p>\n<div style='margin-bottom: 30px;'>\n<h3 style='font-size: 22px; border-bottom: 2px solid currentColor; padding-bottom: 5px; margin-top: 0; margin-bottom: 15px; color: inherit; opacity: 0.8;'>Especificaciones<\/h3>\n<p> <!-- Grid de especificaciones --> <\/p>\n<div style='display: flex; flex-wrap: wrap; gap: 20px;'>\n<div style='flex: 1 1 250px; border: 1px solid rgba(150&comma; 150&comma; 150&comma; 0.4); border-radius: 8px; overflow: hidden; display: flex; flex-direction: column;'>\n<div style='padding: 15px; border-bottom: 1px solid rgba(150&comma; 150&comma; 150&comma; 0.2); font-weight: bold; font-size: 18px; color: inherit;'>Caracter\u00edsticas Generales<\/div>\n<div style='padding: 15px; color: inherit;'>\n<ul style='padding-left: 20px; margin: 0; font-size: 14px; list-style-type: disc;'>\n<li style='margin-bottom: 5px;'><strong>Aplicaci\u00f3n:<\/strong> Dediada a circuitos de alarma de seguridad<\/li>\n<li style='margin-bottom: 5px;'><strong>Resistencia al Fuego:<\/strong> S\u00ed<\/li>\n<li style='margin-bottom: 5px;'><strong>Material:<\/strong> Acero<\/li>\n<li style='margin-bottom: 5px;'><strong>Tipo:<\/strong> Soldada<\/li>\n<li style='margin-bottom: 5px;'><strong>Capacidad c\u00fabica:<\/strong> 30.3 in\u00b3<\/li>\n<\/ul><\/div>\n<\/p><\/div>\n<div style='flex: 1 1 250px; border: 1px solid rgba(150&comma; 150&comma; 150&comma; 0.4); border-radius: 8px; overflow: hidden; display: flex; flex-direction: column;'>\n<div style='padding: 15px; border-bottom: 1px solid rgba(150&comma; 150&comma; 150&comma; 0.2); font-weight: bold; font-size: 18px; color: inherit;'>Dimensiones<\/div>\n<div style='padding: 15px; color: inherit;'>\n<ul style='padding-left: 20px; margin: 0; font-size: 14px; list-style-type: disc;'>\n<li style='margin-bottom: 5px;'><strong>Altura:<\/strong> 4 in<\/li>\n<li style='margin-bottom: 5px;'><strong>Ancho:<\/strong> 4 in<\/li>\n<li style='margin-bottom: 5px;'><strong>Profundidad real:<\/strong> 2.43 in<\/li>\n<li style='margin-bottom: 5px;'><strong>Profundidad:<\/strong> 2.125 in<\/li>\n<li style='margin-bottom: 5px;'><strong>Peso:<\/strong> 0.902 lb (0.409 kg)<\/li>\n<\/ul><\/div>\n<\/p><\/div>\n<div style='flex: 1 1 250px; border: 1px solid rgba(150&comma; 150&comma; 150&comma; 0.4); border-radius: 8px; overflow: hidden; display: flex; flex-direction: column;'>\n<div style='padding: 15px; border-bottom: 1px solid rgba(150&comma; 150&comma; 150&comma; 0.2); font-weight: bold; font-size: 18px; color: inherit;'>Entradas<\/div>\n<div style='padding: 15px; color: inherit;'>\n<ul style='padding-left: 20px; margin: 0; font-size: 14px; list-style-type: disc;'>\n<li style='margin-bottom: 5px;'><strong>Entradas Laterales:<\/strong> 8 &#8211; 1\/2&#8217;&comma; 4 &#8211; TKO<\/li>\n<li style='margin-bottom: 5px;'><strong>Entradas Finales:<\/strong> 3 &#8211; 1\/2&#8217;&comma; 2 &#8211; TKO<\/li>\n<\/ul><\/div>\n<\/p><\/div>\n<\/p><\/div>\n<\/p><\/div>\n<p> <!-- Separador --> <\/p>\n<hr style='border: 0; border-top: 1px solid rgba(150&comma; 150&comma; 150&comma; 0.3); margin: 30px 0;'> <\/div>\n","protected":false},"excerpt":{"rendered":"<p>Caja Cuadrada Galvanizada  de 4&#8243; \/Profundidad de 2 1\/8&#8243; \/ Cuenta con 11 KO de 1\/2&#8243; y 6 TKO (1\/2&#8243; &#8211; 3\/4&#8243;)\/ Color Rojo.<\/p>\n","protected":false},"featured_media":41267,"comment_status":"open","ping_status":"closed","template":"","meta":[],"product_brand":[],"product_cat":[655],"product_tag":[572,699,656],"class_list":{"0":"post-41268","1":"product","2":"type-product","3":"status-publish","4":"has-post-thumbnail","6":"product_cat-tuberia-metalica-conduit-accesorios","7":"product_tag-canalizacion","8":"product_tag-raco","9":"product_tag-tuberia-metalica-conduit-accesorios","11":"first","12":"outofstock","13":"sale","14":"shipping-taxable","15":"purchasable","16":"product-type-simple"},"_links":{"self":[{"href":"https:\/\/soydeaqui.ddns.net\/pachuca\/index.php\/wp-json\/wp\/v2\/product\/41268","targetHints":{"allow":["GET"]}}],"collection":[{"href":"https:\/\/soydeaqui.ddns.net\/pachuca\/index.php\/wp-json\/wp\/v2\/product"}],"about":[{"href":"https:\/\/soydeaqui.ddns.net\/pachuca\/index.php\/wp-json\/wp\/v2\/types\/product"}],"replies":[{"embeddable":true,"href":"https:\/\/soydeaqui.ddns.net\/pachuca\/index.php\/wp-json\/wp\/v2\/comments?post=41268"}],"wp:featuredmedia":[{"embeddable":true,"href":"https:\/\/soydeaqui.ddns.net\/pachuca\/index.php\/wp-json\/wp\/v2\/media\/41267"}],"wp:attachment":[{"href":"https:\/\/soydeaqui.ddns.net\/pachuca\/index.php\/wp-json\/wp\/v2\/media?parent=41268"}],"wp:term":[{"taxonomy":"product_brand","embeddable":true,"href":"https:\/\/soydeaqui.ddns.net\/pachuca\/index.php\/wp-json\/wp\/v2\/product_brand?post=41268"},{"taxonomy":"product_cat","embeddable":true,"href":"https:\/\/soydeaqui.ddns.net\/pachuca\/index.php\/wp-json\/wp\/v2\/product_cat?post=41268"},{"taxonomy":"product_tag","embeddable":true,"href":"https:\/\/soydeaqui.ddns.net\/pachuca\/index.php\/wp-json\/wp\/v2\/product_tag?post=41268"}],"curies":[{"name":"wp","href":"https:\/\/api.w.org\/{rel}","templated":true}]}}