{"id":41260,"date":"2026-03-18T18:10:20","date_gmt":"2026-03-18T18:10:20","guid":{"rendered":"https:\/\/soydeaqui.ddns.net\/pachuca\/index.php\/producto\/kit-de-inicio-de-construccion-rapida-para-tableros-de-arneses\/"},"modified":"2026-03-18T18:10:21","modified_gmt":"2026-03-18T18:10:21","slug":"kit-de-inicio-de-construccion-rapida-para-tableros-de-arneses","status":"publish","type":"product","link":"https:\/\/soydeaqui.ddns.net\/pachuca\/index.php\/producto\/kit-de-inicio-de-construccion-rapida-para-tableros-de-arneses\/","title":{"rendered":"KIT de Inicio de Construccion R\u00e1pida para Tableros de Arneses"},"content":{"rendered":"<div style='width: 100%; max-width: 1200px; margin: 0 auto; font-family: sans-serif; line-height: 1.6; color: inherit; background-color: transparent;'>\n<div style='display: flex; flex-direction: column; align-items: center; text-align: center; margin-bottom: 30px;'> <img style='width: 100%; max-width: 300px; height: auto; border: 1px solid rgba(150&comma;150&comma;150&comma;0.3); border-radius: 8px; margin-bottom: 15px;' src='https:\/\/ftp3.syscom.mx\/usuarios\/fotos\/QBKIT2\/218660-217843-panduit-logo-tm-negro-fondo_trans30-01_(002)-2.png' alt='Logo Panduit'> <\/p>\n<h1 style='font-size: 22px; margin: 0 0 10px; color: inherit; opacity: 0.9;'>Kit de inicio para tableros de arneses Panduit QB-KIT2 Quick-Build\u2122<\/h1>\n<p style='font-size: 18px; margin: 0; color: inherit; opacity: 0.8;'>145 Piezas Surtidas<\/p>\n<\/p><\/div>\n<div style='margin-bottom: 30px;'>\n<p style='font-size: 15px; color: inherit; margin: 0 0 15px; text-align: justify;'>El kit de inicio para tablero de arneses Panduit QB-KIT2 Quick-Build\u2122 permite a los clientes pedir un \u00fanico n\u00famero de pieza y recibir un conjunto de nuestros componentes Quick-Build\u2122 b\u00e1sicos y diferentes accesorios para tablero de arneses. Los art\u00edculos del kit son una soluci\u00f3n modular y reutilizable para fabricantes de arneses.<\/p>\n<p style='font-size: 15px; color: inherit; margin: 0; text-align: justify;'>El kit incluye mosaicos para tablero de arneses&comma; clavijas de montaje&comma; sujetadores para extremo de cable&comma; retenes para mazos de cables&comma; clavos y sujetadores de clavos espec\u00edficos de Quick-Build\u2122.<\/p>\n<\/p><\/div>\n<div style='margin-bottom: 30px;'> <img style='width: 100%; height: auto; border: 1px solid rgba(150&comma;150&comma;150&comma;0.3); border-radius: 8px;' src='https:\/\/ftp3.syscom.mx\/usuarios\/fotos\/QBKIT2\/218660-captura_de_pantalla_2023-05-16_a_la(s)_9.06.54.png' alt='Kit de inicio QBKIT2'> <\/div>\n<\/p><\/div>\n","protected":false},"excerpt":{"rendered":"<p>KIT de Inicio de Construccion R\u00e1pida para Tableros de Arneses<\/p>\n","protected":false},"featured_media":41259,"comment_status":"open","ping_status":"closed","template":"","meta":[],"product_brand":[],"product_cat":[1095],"product_tag":[1058,445,1096],"class_list":{"0":"post-41260","1":"product","2":"type-product","3":"status-publish","4":"has-post-thumbnail","6":"product_cat-terminales-y-conectores-electricos","7":"product_tag-ferreteria","8":"product_tag-panduit","9":"product_tag-terminales-y-conectores-electricos","11":"first","12":"outofstock","13":"sale","14":"shipping-taxable","15":"purchasable","16":"product-type-simple"},"_links":{"self":[{"href":"https:\/\/soydeaqui.ddns.net\/pachuca\/index.php\/wp-json\/wp\/v2\/product\/41260","targetHints":{"allow":["GET"]}}],"collection":[{"href":"https:\/\/soydeaqui.ddns.net\/pachuca\/index.php\/wp-json\/wp\/v2\/product"}],"about":[{"href":"https:\/\/soydeaqui.ddns.net\/pachuca\/index.php\/wp-json\/wp\/v2\/types\/product"}],"replies":[{"embeddable":true,"href":"https:\/\/soydeaqui.ddns.net\/pachuca\/index.php\/wp-json\/wp\/v2\/comments?post=41260"}],"wp:featuredmedia":[{"embeddable":true,"href":"https:\/\/soydeaqui.ddns.net\/pachuca\/index.php\/wp-json\/wp\/v2\/media\/41259"}],"wp:attachment":[{"href":"https:\/\/soydeaqui.ddns.net\/pachuca\/index.php\/wp-json\/wp\/v2\/media?parent=41260"}],"wp:term":[{"taxonomy":"product_brand","embeddable":true,"href":"https:\/\/soydeaqui.ddns.net\/pachuca\/index.php\/wp-json\/wp\/v2\/product_brand?post=41260"},{"taxonomy":"product_cat","embeddable":true,"href":"https:\/\/soydeaqui.ddns.net\/pachuca\/index.php\/wp-json\/wp\/v2\/product_cat?post=41260"},{"taxonomy":"product_tag","embeddable":true,"href":"https:\/\/soydeaqui.ddns.net\/pachuca\/index.php\/wp-json\/wp\/v2\/product_tag?post=41260"}],"curies":[{"name":"wp","href":"https:\/\/api.w.org\/{rel}","templated":true}]}}