{"id":41243,"date":"2026-03-18T18:09:56","date_gmt":"2026-03-18T18:09:56","guid":{"rendered":"https:\/\/soydeaqui.ddns.net\/pachuca\/index.php\/producto\/terminal-tipo-hembra-aislada-0-250-22-16-awg-rojo-para-baterias-con-teminal-f1-paquete-de-25-piezas\/"},"modified":"2026-03-18T18:09:56","modified_gmt":"2026-03-18T18:09:56","slug":"terminal-tipo-hembra-aislada-0-250-22-16-awg-rojo-para-baterias-con-teminal-f1-paquete-de-25-piezas","status":"publish","type":"product","link":"https:\/\/soydeaqui.ddns.net\/pachuca\/index.php\/producto\/terminal-tipo-hembra-aislada-0-250-22-16-awg-rojo-para-baterias-con-teminal-f1-paquete-de-25-piezas\/","title":{"rendered":"Terminal tipo hembra aislada 0.250 \/ 22 &#8211; 16 AWG \/ Rojo \/ Para bater\u00edas con teminal F1 \/ Paquete de 25 piezas."},"content":{"rendered":"<div style='width: 100%; max-width: 1200px; margin: 0 auto; font-family: sans-serif; line-height: 1.6; color: inherit; background-color: transparent;'>\n<div style='display: flex; flex-wrap: wrap; gap: 30px; margin-bottom: 30px;'>\n<div style='flex: 1 1 300px; min-width: 280px;'>\n<h3 style='font-size: 22px; border-bottom: 2px solid currentColor; padding-bottom: 5px; margin-top: 0; color: inherit; opacity: 0.8;'>Caracter\u00edsticas Principales<\/h3>\n<ul style='padding-left: 20px; font-size: 15px; color: inherit;'>\n<li style='margin-bottom: 5px;'>Terminal tipo hembra aislada color rojo<\/li>\n<li style='margin-bottom: 5px;'>Compatibilidad con calibres 22 &#8211; 16 AWG<\/li>\n<li style='margin-bottom: 5px;'>Tama\u00f1o est\u00e1ndar de 0.250 pulgadas<\/li>\n<li style='margin-bottom: 5px;'>Paquete incluye 25 piezas<\/li>\n<li style='margin-bottom: 5px;'>Material aislante de alta calidad<\/li>\n<\/ul><\/div>\n<div style='flex: 1 1 300px; min-width: 280px;'>\n<h3 style='font-size: 22px; border-bottom: 2px solid currentColor; padding-bottom: 5px; margin-top: 0; color: inherit; opacity: 0.8;'>Especificaciones T\u00e9cnicas<\/h3>\n<ul style='padding-left: 20px; font-size: 15px; color: inherit;'>\n<li style='margin-bottom: 5px;'><strong>Modelo:<\/strong> AE51231<\/li>\n<li style='margin-bottom: 5px;'><strong>Color:<\/strong> Rojo<\/li>\n<li style='margin-bottom: 5px;'><strong>Calibre compatible:<\/strong> 22 &#8211; 16 AWG<\/li>\n<li style='margin-bottom: 5px;'><strong>Dimensiones:<\/strong> A: 20.5mm&comma; B: 10.5mm&comma; C: 6.7mm&comma; \u00d8D: 1.8mm<\/li>\n<li style='margin-bottom: 5px;'><strong>Cantidad:<\/strong> 25 piezas<\/li>\n<li style='margin-bottom: 5px;'><strong>Tipo:<\/strong> Terminal hembra aislada estilo Push-On<\/li>\n<li style='margin-bottom: 5px;'><strong>Tolerancia:<\/strong> \u00b11~3cm<\/li>\n<\/ul><\/div>\n<\/p><\/div>\n<div style='display: flex; flex-wrap: wrap; gap: 20px; margin-bottom: 30px;'>\n<div style='flex: 1 1 250px; border: 1px solid rgba(150&comma; 150&comma; 150&comma; 0.4); border-radius: 8px; overflow: hidden; display: flex; flex-direction: column;'>\n<div style='padding: 15px; border-bottom: 1px solid rgba(150&comma; 150&comma; 150&comma; 0.2); font-weight: bold; font-size: 18px; color: inherit;'>Dimensiones<\/div>\n<div style='padding: 15px; color: inherit;'>\n<ul style='padding-left: 20px; margin: 0; font-size: 14px; list-style-type: disc;'>\n<li style='margin-bottom: 5px;'><strong>A:<\/strong> 20.5 mm<\/li>\n<li style='margin-bottom: 5px;'><strong>B:<\/strong> 10.5 mm<\/li>\n<li style='margin-bottom: 5px;'><strong>C:<\/strong> 6.7 mm<\/li>\n<li style='margin-bottom: 5px;'><strong>\u00d8D:<\/strong> 1.8 mm<\/li>\n<\/ul><\/div>\n<\/p><\/div>\n<div style='flex: 1 1 250px; border: 1px solid rgba(150&comma; 150&comma; 150&comma; 0.4); border-radius: 8px; overflow: hidden; display: flex; flex-direction: column;'>\n<div style='padding: 15px; border-bottom: 1px solid rgba(150&comma; 150&comma; 150&comma; 0.2); font-weight: bold; font-size: 18px; color: inherit;'>Contenido del Paquete<\/div>\n<div style='padding: 15px; color: inherit;'>\n<ul style='padding-left: 20px; margin: 0; font-size: 14px; list-style-type: disc;'>\n<li style='margin-bottom: 5px;'>25 piezas de terminales tipo hembra aisladas<\/li>\n<\/ul><\/div>\n<\/p><\/div>\n<div style='flex: 1 1 250px; border: 1px solid rgba(150&comma; 150&comma; 150&comma; 0.4); border-radius: 8px; overflow: hidden; display: flex; flex-direction: column;'>\n<div style='padding: 15px; border-bottom: 1px solid rgba(150&comma; 150&comma; 150&comma; 0.2); font-weight: bold; font-size: 18px; color: inherit;'>Aplicaciones<\/div>\n<div style='padding: 15px; color: inherit;'>\n<ul style='padding-left: 20px; margin: 0; font-size: 14px; list-style-type: disc;'>\n<li style='margin-bottom: 5px;'>Conexi\u00f3n segura en bater\u00edas con terminal F1<\/li>\n<li style='margin-bottom: 5px;'>Sistema de energ\u00eda y distribuci\u00f3n el\u00e9ctrica<\/li>\n<li style='margin-bottom: 5px;'>Instalaciones industriales y comerciales<\/li>\n<\/ul><\/div>\n<\/p><\/div>\n<\/p><\/div>\n<hr style='border: 0; border-top: 1px solid rgba(150&comma; 150&comma; 150&comma; 0.3); margin: 30px 0;'>\n<div style='display: flex; flex-direction: column; align-items: center; margin-bottom: 30px;'> <img style='width: 100%; height: auto; border: 1px solid rgba(150&comma;150&comma;150&comma;0.3); border-radius: 8px; max-width: 600px;' src='https:\/\/ftp3.syscom.mx\/usuarios\/ftp\/web_img\/TABLA-DE-TERMINALES-EPCOM-POWER-LINE-1.png' alt='Tabla de terminales EPCOM Power Line'> <small style='margin-top: 10px; font-size: 14px; color: inherit; opacity: 0.8; text-align: center;'>Tabla de referencia de terminales EPCOM Power Line<\/small> <\/div>\n<\/p><\/div>\n","protected":false},"excerpt":{"rendered":"<p>Terminal tipo hembra aislada 0.250 \/ 22 &#8211; 16 AWG \/ Rojo \/ Para bater\u00edas con teminal F1 \/ Paquete de 25 piezas.<\/p>\n","protected":false},"featured_media":41242,"comment_status":"open","ping_status":"closed","template":"","meta":[],"product_brand":[],"product_cat":[1127],"product_tag":[1085,454,1128],"class_list":{"0":"post-41243","1":"product","2":"type-product","3":"status-publish","4":"has-post-thumbnail","6":"product_cat-terminales-y-accesorios","7":"product_tag-baterias-y-cargadores","8":"product_tag-epcom-powerline","9":"product_tag-terminales-y-accesorios","11":"first","12":"instock","13":"sale","14":"shipping-taxable","15":"purchasable","16":"product-type-simple"},"_links":{"self":[{"href":"https:\/\/soydeaqui.ddns.net\/pachuca\/index.php\/wp-json\/wp\/v2\/product\/41243","targetHints":{"allow":["GET"]}}],"collection":[{"href":"https:\/\/soydeaqui.ddns.net\/pachuca\/index.php\/wp-json\/wp\/v2\/product"}],"about":[{"href":"https:\/\/soydeaqui.ddns.net\/pachuca\/index.php\/wp-json\/wp\/v2\/types\/product"}],"replies":[{"embeddable":true,"href":"https:\/\/soydeaqui.ddns.net\/pachuca\/index.php\/wp-json\/wp\/v2\/comments?post=41243"}],"wp:featuredmedia":[{"embeddable":true,"href":"https:\/\/soydeaqui.ddns.net\/pachuca\/index.php\/wp-json\/wp\/v2\/media\/41242"}],"wp:attachment":[{"href":"https:\/\/soydeaqui.ddns.net\/pachuca\/index.php\/wp-json\/wp\/v2\/media?parent=41243"}],"wp:term":[{"taxonomy":"product_brand","embeddable":true,"href":"https:\/\/soydeaqui.ddns.net\/pachuca\/index.php\/wp-json\/wp\/v2\/product_brand?post=41243"},{"taxonomy":"product_cat","embeddable":true,"href":"https:\/\/soydeaqui.ddns.net\/pachuca\/index.php\/wp-json\/wp\/v2\/product_cat?post=41243"},{"taxonomy":"product_tag","embeddable":true,"href":"https:\/\/soydeaqui.ddns.net\/pachuca\/index.php\/wp-json\/wp\/v2\/product_tag?post=41243"}],"curies":[{"name":"wp","href":"https:\/\/api.w.org\/{rel}","templated":true}]}}