{"id":4122,"date":"2026-03-18T06:15:44","date_gmt":"2026-03-18T06:15:44","guid":{"rendered":"https:\/\/soydeaqui.ddns.net\/pachuca\/index.php\/producto\/kit-basico-sensores-inalambricos-incluye-3-contactos-magneticos-y-2-pir-compatibles-con-dsc\/"},"modified":"2026-03-18T06:15:44","modified_gmt":"2026-03-18T06:15:44","slug":"kit-basico-sensores-inalambricos-incluye-3-contactos-magneticos-y-2-pir-compatibles-con-dsc","status":"publish","type":"product","link":"https:\/\/soydeaqui.ddns.net\/pachuca\/index.php\/producto\/kit-basico-sensores-inalambricos-incluye-3-contactos-magneticos-y-2-pir-compatibles-con-dsc\/","title":{"rendered":"KIT B\u00e1sico Sensores Inal\u00e1mbricos &#8211; Incluye 3 Contactos Magn\u00e9ticos y 2 PIR &#8211; Compatibles con DSC"},"content":{"rendered":"<div style='width: 100%; max-width: 1200px; margin: 0 auto; font-family: sans-serif; line-height: 1.6; color: inherit; background-color: transparent;'> <!-- Logo --> <\/p>\n<div style='text-align: center; margin-bottom: 30px;'> <img style='width: 250px; height: auto; border: 1px solid rgba(150&comma;150&comma;150&comma;0.3); border-radius: 8px;' src='https:\/\/ftp3.syscom.mx\/usuarios\/vvega\/sfire\/SFIRE_LOGO.png' alt='Logo SFIRE'> <\/div>\n<p> <!-- Descripci\u00f3n general --> <\/p>\n<div style='margin: 0 20px 40px;'>\n<h1 style='text-align: center; font-size: 24px; color: inherit; opacity: 0.9; margin: 0 0 10px 0;'><strong>KIT Basico Dispositivos Inalambricos SFIRE<\/strong><\/h1>\n<p style='text-align: center; margin: 10px auto 30px; max-width: 800px; font-size: 15px; color: inherit; opacity: 0.8;'> KIT Basito de dispositivos inalambricos SFIRE&comma; bateria de larga duracion de hasta 5 a\u00f1os. <\/p>\n<p style='text-align: center; margin: 10px auto 30px; max-width: 800px; font-size: 15px; color: inherit; opacity: 0.8;'> Totalmente compatibles con paneles de alarma DSC que utilicen Frecuencia 433 Mhz <\/p>\n<\/p><\/div>\n<p> <!-- Secci\u00f3n de productos --> <\/p>\n<div style='display: flex; flex-wrap: wrap; gap: 30px; justify-content: center; margin: 0 20px 50px;'> <!-- Producto 1 --> <\/p>\n<div style='flex: 1 1 300px; min-width: 280px; display: flex; flex-direction: column;'>\n<div style='flex: 1 1 auto; border: 1px solid rgba(150&comma;150&comma;150&comma;0.3); border-radius: 8px; overflow: hidden; display: flex; flex-direction: column; height: 100%;'>\n<div style='background-color: rgba(238&comma;238&comma;238&comma;0.6); padding: 10px;'> <a href='https:\/\/www.syscom.mx\/producto\/SFWST232-SFIRE-165424.html' style='display: block; text-align: center;'> <img style='width: 100%; height: auto; border: 1px solid rgba(150&comma;150&comma;150&comma;0.3); border-radius: 8px;' src='https:\/\/ftp3.syscom.mx\/usuarios\/vvega\/sfire\/imagenes\/SFWST232.jpg' alt='Contacto Magn\u00e9tico'> <\/a> <\/div>\n<div style='border-top: 5px solid #DF001D; padding: 15px; flex: 1 1 auto; display: flex; flex-direction: column;'>\n<h2 style='color: inherit; font-size: 20px; margin-top: 0; margin-bottom: 10px;'>3 x SFWST200<\/h2>\n<h4 style='color: inherit; opacity: 0.7; font-size: 16px; margin: 0 0 15px 0;'>Contacto Magn\u00e9tico con Iman<\/h4>\n<p style='margin: 10px 0; color: inherit; font-size: 14px; flex: 1 1 auto;'> Contacto magnetico para puerta \/ ventana. <\/p>\n<p style='margin: 10px 0; font-size: 14px; color: inherit;'> Para mas detalles de este dispositivo&comma; de clic <a href='https:\/\/www.syscom.mx\/producto\/SFWST200-SFIRE-215734.html' style='color: #007bff; text-decoration: underline;'>AQUI.<\/a> <\/p>\n<div style='margin-top: auto;'> <strong style='color: inherit; font-size: 14px;'>Contenido:<\/strong> <\/p>\n<ul style='padding-left: 20px; margin: 10px 0 0 0; font-size: 14px; color: inherit; list-style-type: disc;'>\n<li style='margin-bottom: 5px;'>Contacto magnetico inalambrico<\/li>\n<li style='margin-bottom: 5px;'>Iman<\/li>\n<li style='margin-bottom: 5px;'>Bateria 3V Litio Modelo CR2032<\/li>\n<li style='margin-bottom: 5px;'>Carcasa marron intercambiable<\/li>\n<\/ul><\/div>\n<\/p><\/div>\n<\/p><\/div>\n<\/p><\/div>\n<p> <!-- Producto 2 --> <\/p>\n<div style='flex: 1 1 300px; min-width: 280px; display: flex; flex-direction: column;'>\n<div style='flex: 1 1 auto; border: 1px solid rgba(150&comma;150&comma;150&comma;0.3); border-radius: 8px; overflow: hidden; display: flex; flex-direction: column; height: 100%;'>\n<div style='background-color: rgba(238&comma;238&comma;238&comma;0.6); padding: 10px;'> <a href='https:\/\/www.syscom.mx\/producto\/SFWST702-SFIRE-161480.html' style='display: block; text-align: center;'> <img style='width: 100%; height: auto; border: 1px solid rgba(150&comma;150&comma;150&comma;0.3); border-radius: 8px;' src='https:\/\/ftp3.syscom.mx\/usuarios\/fotos\/BancoFotografiasSyscom\/SFIRE\/SFWST742\/SFWST742-AD-2-l.PNG' alt='Detector Movimiento'> <\/a> <\/div>\n<div style='border-top: 5px solid #DF001D; padding: 15px; flex: 1 1 auto; display: flex; flex-direction: column;'>\n<h2 style='color: inherit; font-size: 20px; margin-top: 0; margin-bottom: 10px;'>2 x SFWST740<\/h2>\n<h4 style='color: inherit; opacity: 0.7; font-size: 16px; margin: 0 0 15px 0;'>Detector Movimiento inalambrico con inmunidad mascotas hasta 38Kg<\/h4>\n<p style='margin: 10px 0; color: inherit; font-size: 14px; flex: 1 1 auto;'> Sensor de movimiento con inmunidad de mascotas de hasta 31Kg e inmunidad de luz de hasta 2000 lux&comma; el sensor cubre area de hasta 12 mts con un angulo de 90 grados. <\/p>\n<p style='margin: 10px 0; font-size: 14px; color: inherit;'> Para mas detalles de este dispositivo de clic <a href='https:\/\/www.syscom.mx\/producto\/SFWST740-SFIRE-221338.html' style='color: #007bff; text-decoration: underline;'>AQUI.<\/a> <\/p>\n<div style='margin-top: auto;'> <strong style='color: inherit; font-size: 14px;'>Contenido:<\/strong> <\/p>\n<ul style='padding-left: 20px; margin: 10px 0 0 0; font-size: 14px; color: inherit; list-style-type: disc;'>\n<li style='margin-bottom: 5px;'>Sensor de movimiento<\/li>\n<li style='margin-bottom: 5px;'>Bateria 3Vcc Litio Modelo CR-123A<\/li>\n<\/ul><\/div>\n<\/p><\/div>\n<\/p><\/div>\n<\/p><\/div>\n<\/p><\/div>\n<p> <!-- Separador --> <\/p>\n<hr style='border: 0; border-top: 1px solid rgba(150&comma; 150&comma; 150&comma; 0.3); margin: 30px 0;'> <\/div>\n","protected":false},"excerpt":{"rendered":"<p>KIT B\u00e1sico Sensores Inal\u00e1mbricos &#8211; Incluye 3 Contactos Magn\u00e9ticos y 2 PIR &#8211; Compatibles con DSC<\/p>\n","protected":false},"featured_media":4121,"comment_status":"open","ping_status":"closed","template":"","meta":[],"product_brand":[],"product_cat":[18],"product_tag":[19,20,79],"class_list":{"0":"post-4122","1":"product","2":"type-product","3":"status-publish","4":"has-post-thumbnail","6":"product_cat-movimiento-para-interior","7":"product_tag-detectores-sensores","8":"product_tag-movimiento-para-interior","9":"product_tag-sfire","11":"first","12":"outofstock","13":"sale","14":"shipping-taxable","15":"purchasable","16":"product-type-simple"},"_links":{"self":[{"href":"https:\/\/soydeaqui.ddns.net\/pachuca\/index.php\/wp-json\/wp\/v2\/product\/4122","targetHints":{"allow":["GET"]}}],"collection":[{"href":"https:\/\/soydeaqui.ddns.net\/pachuca\/index.php\/wp-json\/wp\/v2\/product"}],"about":[{"href":"https:\/\/soydeaqui.ddns.net\/pachuca\/index.php\/wp-json\/wp\/v2\/types\/product"}],"replies":[{"embeddable":true,"href":"https:\/\/soydeaqui.ddns.net\/pachuca\/index.php\/wp-json\/wp\/v2\/comments?post=4122"}],"wp:featuredmedia":[{"embeddable":true,"href":"https:\/\/soydeaqui.ddns.net\/pachuca\/index.php\/wp-json\/wp\/v2\/media\/4121"}],"wp:attachment":[{"href":"https:\/\/soydeaqui.ddns.net\/pachuca\/index.php\/wp-json\/wp\/v2\/media?parent=4122"}],"wp:term":[{"taxonomy":"product_brand","embeddable":true,"href":"https:\/\/soydeaqui.ddns.net\/pachuca\/index.php\/wp-json\/wp\/v2\/product_brand?post=4122"},{"taxonomy":"product_cat","embeddable":true,"href":"https:\/\/soydeaqui.ddns.net\/pachuca\/index.php\/wp-json\/wp\/v2\/product_cat?post=4122"},{"taxonomy":"product_tag","embeddable":true,"href":"https:\/\/soydeaqui.ddns.net\/pachuca\/index.php\/wp-json\/wp\/v2\/product_tag?post=4122"}],"curies":[{"name":"wp","href":"https:\/\/api.w.org\/{rel}","templated":true}]}}