{"id":4120,"date":"2026-03-18T06:15:43","date_gmt":"2026-03-18T06:15:43","guid":{"rendered":"https:\/\/soydeaqui.ddns.net\/pachuca\/index.php\/producto\/kit-basico-sensores-inalambricos-incluye-2-contactos-magneticos-1-pir-y-1-llavero-compatibles-con-paneles-dsc-433-mhz\/"},"modified":"2026-03-18T06:15:43","modified_gmt":"2026-03-18T06:15:43","slug":"kit-basico-sensores-inalambricos-incluye-2-contactos-magneticos-1-pir-y-1-llavero-compatibles-con-paneles-dsc-433-mhz","status":"publish","type":"product","link":"https:\/\/soydeaqui.ddns.net\/pachuca\/index.php\/producto\/kit-basico-sensores-inalambricos-incluye-2-contactos-magneticos-1-pir-y-1-llavero-compatibles-con-paneles-dsc-433-mhz\/","title":{"rendered":"KIT B\u00e1sico Sensores Inal\u00e1mbricos &#8211; Incluye 2 Contactos Magn\u00e9ticos, 1 PIR y 1 Llavero &#8211; Compatibles con Paneles DSC 433 MHz"},"content":{"rendered":"<div style='width: 100%; max-width: 1200px; margin: 0 auto; font-family: sans-serif; line-height: 1.6; color: inherit; background-color: transparent;'>\n<div style='text-align: center; margin-bottom: 30px;'> <img style='width: 100%; max-width: 250px; height: auto; border: 1px solid rgba(150&comma;150&comma;150&comma;0.3); border-radius: 8px;' src='https:\/\/ftp3.syscom.mx\/usuarios\/vvega\/sfire\/SFIRE_LOGO.png' alt=''> <\/div>\n<div style='margin-bottom: 30px;'>\n<h1 style='font-size: 24px; text-align: center; color: inherit; margin: 0 0 10px 0; padding: 0; font-weight: bold;'>KIT Basico Dispositivos Inalambricos SFIRE<\/h1>\n<p style='text-align: center; margin: 10px 70px 20px 70px; color: inherit; font-size: 15px;'>KIT Basito de dispositivos inalambricos SFIRE&comma; bateria de larga duracion de hasta 5 a\u00f1os.<\/p>\n<p style='text-align: center; margin: 0 70px 30px 70px; color: inherit; font-size: 15px;'>Totalmente compatibles con paneles de alrma DSC compatibles con Frecuencia 433 Mhz<\/p>\n<\/p><\/div>\n<div style='display: flex; flex-wrap: wrap; gap: 30px; justify-content: center;'> <!-- Componente 1 --> <\/p>\n<div style='flex: 1 1 300px; min-width: 280px;'>\n<div style='border: 1px solid rgba(150&comma;150&comma;150&comma;0.3); border-radius: 8px; overflow: hidden; display: flex; flex-direction: column; height: 100%;'>\n<div style='background-color: rgba(150&comma;150&comma;150&comma;0.1); padding: 15px;'> <a href='https:\/\/www.syscom.mx\/producto\/SFWST232-SFIRE-165424.html' style='display: block; text-align: center;'> <img style='width: 100%; height: auto; border: 1px solid rgba(150&comma;150&comma;150&comma;0.3); border-radius: 8px; max-height: 300px; object-fit: contain;' src='https:\/\/ftp3.syscom.mx\/usuarios\/vvega\/sfire\/imagenes\/SFWST232.jpg' alt=''> <\/a> <\/div>\n<div style='border-top: 5px solid #DF001D; padding: 15px; flex-grow: 1;'>\n<h2 style='font-size: 20px; margin-top: 0; margin-bottom: 8px; color: inherit; font-weight: bold;'>2 x SFWST200<\/h2>\n<h4 style='font-size: 16px; margin-top: 0; margin-bottom: 15px; color: inherit; opacity: 0.7;'>Contacto Magenetico con Iman<\/h4>\n<p style='margin-bottom: 15px; color: inherit; font-size: 14px;'>Contacto magnetico para puerta \/ ventana.<\/p>\n<p style='margin-bottom: 15px; color: inherit; font-size: 14px;'>Para mas detalles de este dispositivo&comma; de clic <a href='https:\/\/www.syscom.mx\/producto\/SFWST200-SFIRE-215734.html' style='color: #DF001D; text-decoration: none;'>AQUI.<\/a><\/p>\n<h3 style='margin-top: 20px; margin-bottom: 10px; font-size: 16px; color: inherit; border-bottom: 2px solid currentColor; padding-bottom: 5px; opacity: 0.8;'>Contenido:<\/h3>\n<ul style='padding-left: 20px; margin-top: 0; margin-bottom: 0; color: inherit; font-size: 14px;'>\n<li style='margin-bottom: 5px;'>Contacto magnetico inalambrico.<\/li>\n<li style='margin-bottom: 5px;'>Iman<\/li>\n<li style='margin-bottom: 5px;'>Bateria 3V Litio Modelo CR2032<\/li>\n<li style='margin-bottom: 5px;'>Carcasa marron intercambiable<\/li>\n<\/ul><\/div>\n<\/p><\/div>\n<\/p><\/div>\n<p> <!-- Componente 2 --> <\/p>\n<div style='flex: 1 1 300px; min-width: 280px;'>\n<div style='border: 1px solid rgba(150&comma;150&comma;150&comma;0.3); border-radius: 8px; overflow: hidden; display: flex; flex-direction: column; height: 100%;'>\n<div style='background-color: rgba(150&comma;150&comma;150&comma;0.1); padding: 15px;'> <a href='https:\/\/www.syscom.mx\/producto\/SFWST702-SFIRE-161480.html' style='display: block; text-align: center;'> <img style='width: 100%; height: auto; border: 1px solid rgba(150&comma;150&comma;150&comma;0.3); border-radius: 8px; max-height: 300px; object-fit: contain;' src='https:\/\/ftp3.syscom.mx\/usuarios\/fotos\/BancoFotografiasSyscom\/SFIRE\/SFWST742\/SFWST742-AD-2-l.PNG' alt=''> <\/a> <\/div>\n<div style='border-top: 5px solid #DF001D; padding: 15px; flex-grow: 1;'>\n<h2 style='font-size: 20px; margin-top: 0; margin-bottom: 8px; color: inherit; font-weight: bold;'>1 x SFWST740<\/h2>\n<h4 style='font-size: 16px; margin-top: 0; margin-bottom: 15px; color: inherit; opacity: 0.7;'>Detector Movimiento inalambrico con inmunidad mascotas hasta 38Kg<\/h4>\n<p style='margin-bottom: 15px; color: inherit; font-size: 14px;'>Sensor de movimiento con inmunidad de mascotas de hasta 31Kg e inmunidad de luz de hasta 2000 lux&comma; el sensor cubre area de hasta 12 mts con un angulo de 90 grados.<\/p>\n<p style='margin-bottom: 15px; color: inherit; font-size: 14px;'>Para mas detalles de este dispositivo de clic <a href='https:\/\/www.syscom.mx\/producto\/SFWST740-SFIRE-221338.html' style='color: #DF001D; text-decoration: none;'>AQUI.<\/a><\/p>\n<h3 style='margin-top: 20px; margin-bottom: 10px; font-size: 16px; color: inherit; border-bottom: 2px solid currentColor; padding-bottom: 5px; opacity: 0.8;'>Contenido:<\/h3>\n<ul style='padding-left: 20px; margin-top: 0; margin-bottom: 0; color: inherit; font-size: 14px;'>\n<li style='margin-bottom: 5px;'>Sensor de movimiento<\/li>\n<li style='margin-bottom: 5px;'>Bateria 3Vcc Litio Modelo CR-123A<\/li>\n<\/ul><\/div>\n<\/p><\/div>\n<\/p><\/div>\n<p> <!-- Componente 3 --> <\/p>\n<div style='flex: 1 1 300px; min-width: 280px;'>\n<div style='border: 1px solid rgba(150&comma;150&comma;150&comma;0.3); border-radius: 8px; overflow: hidden; display: flex; flex-direction: column; height: 100%;'>\n<div style='background-color: rgba(150&comma;150&comma;150&comma;0.1); padding: 15px;'> <a href='https:\/\/www.syscom.mx\/producto\/SFWST102-SFIRE-161486.html' style='display: block; text-align: center;'> <img style='width: 100%; height: auto; border: 1px solid rgba(150&comma;150&comma;150&comma;0.3); border-radius: 8px; max-height: 300px; object-fit: contain;' src='https:\/\/ftp3.syscom.mx\/usuarios\/vvega\/sfire\/imagenes\/SFWST102.jpg' alt=''> <\/a> <\/div>\n<div style='border-top: 5px solid #DF001D; padding: 15px; flex-grow: 1;'>\n<h2 style='font-size: 20px; margin-top: 0; margin-bottom: 8px; color: inherit; font-weight: bold;'>1 x SFWST100<\/h2>\n<h4 style='font-size: 16px; margin-top: 0; margin-bottom: 15px; color: inherit; opacity: 0.7;'>Llavero remoto de 4 botones de uso rudo<\/h4>\n<p style='margin-bottom: 15px; color: inherit; font-size: 14px;'>Ideal para Armado Total \/ Armado Parcial \/ Desarmado \/ Panico. Dise\u00f1o elegante y practico.<\/p>\n<p style='margin-bottom: 15px; color: inherit; font-size: 14px;'>Para mas detalles de este dispositivo de clic <a href='https:\/\/www.syscom.mx\/producto\/SFWST100-SFIRE-215728.html' style='color: #DF001D; text-decoration: none;'>AQUI.<\/a><\/p>\n<h3 style='margin-top: 20px; margin-bottom: 10px; font-size: 16px; color: inherit; border-bottom: 2px solid currentColor; padding-bottom: 5px; opacity: 0.8;'>Contenido:<\/h3>\n<ul style='padding-left: 20px; margin-top: 0; margin-bottom: 0; color: inherit; font-size: 14px;'>\n<li style='margin-bottom: 5px;'>Llavero remoto de 4 botones<\/li>\n<li style='margin-bottom: 5px;'>Bateria 3 Vdc Litio CR2032<\/li>\n<\/ul><\/div>\n<\/p><\/div>\n<\/p><\/div>\n<\/p><\/div>\n<div style='margin-top: 40px; text-align: center; font-size: 14px; color: inherit; opacity: 0.8;'>\n<p>Para mayor informaci&oacute;n sobre compatibilidad con paneles DSC&comma; consulte las especificaciones del fabricante.<\/p>\n<\/p><\/div>\n<\/p><\/div>\n","protected":false},"excerpt":{"rendered":"<p>KIT B\u00e1sico Sensores Inal\u00e1mbricos &#8211; Incluye 2 Contactos Magn\u00e9ticos, 1 PIR y 1 Llavero &#8211; Compatibles con Paneles DSC 433 MHz<\/p>\n","protected":false},"featured_media":4119,"comment_status":"open","ping_status":"closed","template":"","meta":[],"product_brand":[],"product_cat":[117],"product_tag":[118,114,79],"class_list":{"0":"post-4120","1":"product","2":"type-product","3":"status-publish","4":"has-post-thumbnail","6":"product_cat-contacto-magnetico-inalambrico","7":"product_tag-contacto-magnetico-inalambrico","8":"product_tag-contactos-magneticos","9":"product_tag-sfire","11":"first","12":"outofstock","13":"sale","14":"shipping-taxable","15":"purchasable","16":"product-type-simple"},"_links":{"self":[{"href":"https:\/\/soydeaqui.ddns.net\/pachuca\/index.php\/wp-json\/wp\/v2\/product\/4120","targetHints":{"allow":["GET"]}}],"collection":[{"href":"https:\/\/soydeaqui.ddns.net\/pachuca\/index.php\/wp-json\/wp\/v2\/product"}],"about":[{"href":"https:\/\/soydeaqui.ddns.net\/pachuca\/index.php\/wp-json\/wp\/v2\/types\/product"}],"replies":[{"embeddable":true,"href":"https:\/\/soydeaqui.ddns.net\/pachuca\/index.php\/wp-json\/wp\/v2\/comments?post=4120"}],"wp:featuredmedia":[{"embeddable":true,"href":"https:\/\/soydeaqui.ddns.net\/pachuca\/index.php\/wp-json\/wp\/v2\/media\/4119"}],"wp:attachment":[{"href":"https:\/\/soydeaqui.ddns.net\/pachuca\/index.php\/wp-json\/wp\/v2\/media?parent=4120"}],"wp:term":[{"taxonomy":"product_brand","embeddable":true,"href":"https:\/\/soydeaqui.ddns.net\/pachuca\/index.php\/wp-json\/wp\/v2\/product_brand?post=4120"},{"taxonomy":"product_cat","embeddable":true,"href":"https:\/\/soydeaqui.ddns.net\/pachuca\/index.php\/wp-json\/wp\/v2\/product_cat?post=4120"},{"taxonomy":"product_tag","embeddable":true,"href":"https:\/\/soydeaqui.ddns.net\/pachuca\/index.php\/wp-json\/wp\/v2\/product_tag?post=4120"}],"curies":[{"name":"wp","href":"https:\/\/api.w.org\/{rel}","templated":true}]}}