{"id":41182,"date":"2026-03-18T18:08:29","date_gmt":"2026-03-18T18:08:29","guid":{"rendered":"https:\/\/soydeaqui.ddns.net\/pachuca\/index.php\/producto\/cartucho-de-baterias-vrla-de-reemplazo-para-ups-de-1-kva-de-panduit-de-36-vcd\/"},"modified":"2026-03-18T18:08:30","modified_gmt":"2026-03-18T18:08:30","slug":"cartucho-de-baterias-vrla-de-reemplazo-para-ups-de-1-kva-de-panduit-de-36-vcd","status":"publish","type":"product","link":"https:\/\/soydeaqui.ddns.net\/pachuca\/index.php\/producto\/cartucho-de-baterias-vrla-de-reemplazo-para-ups-de-1-kva-de-panduit-de-36-vcd\/","title":{"rendered":"Cartucho de Bater\u00edas VRLA de Reemplazo, Para UPS de 1 kVA de Panduit, de 36 Vcd"},"content":{"rendered":"<div style='width: 100%; max-width: 1200px; margin: 0 auto; font-family: sans-serif; line-height: 1.6; color: inherit; background-color: transparent;'> <!-- Imagen principal --> <\/p>\n<div style='width: 100%; margin-bottom: 30px;'> <img style='width: 100%; height: auto; border: 1px solid rgba(150&comma;150&comma;150&comma;0.3); border-radius: 8px;' src='https:\/\/ftp3.syscom.mx\/usuarios\/fotos\/U01S11V\/211237-descarga.png' alt=''> <\/div>\n<p> <!-- Descripci\u00f3n principal --> <\/p>\n<div style='margin-bottom: 30px; font-size: 15px; color: inherit;'> Los UPS Panduit\u00ae SmartZone\u2122 con bater\u00eda VRLA libre de mantenimiento son unidades monof\u00e1sicas de 1 a 3 kVA y 120 V o 230 V. Son equipos de doble conversi\u00f3n en l\u00ednea que brinda protecci\u00f3n de energ\u00eda altamente eficiente y confiable adem\u00e1s de respaldo de energ\u00eda para su equipo inform\u00e1tico o de c\u00f3mputo. Con un rendimiento el\u00e9ctrico excelente&comma; funciones de red y supervisi\u00f3n inteligente mejoradas&comma; que cumplen con ENERGY STAR\u00ae 2.0&comma; EMC y est\u00e1ndares de seguridad para satisfacer las demandas de energ\u00eda en constante crecimiento de los equipos de TI de centros de datos&comma; empresas y Edge. <\/div>\n<p> <!-- Secci\u00f3n de especificaciones --> <\/p>\n<div style='display: flex; flex-wrap: wrap; gap: 20px;'>\n<div style='flex: 1 1 300px; min-width: 280px;'>\n<h3 style='font-size: 20px; border-bottom: 2px solid currentColor; padding-bottom: 5px; margin-top: 0; color: inherit; opacity: 0.8;'>Especificaciones t\u00e9cnicas<\/h3>\n<ul style='padding-left: 20px; font-size: 15px; color: inherit;'>\n<li style='margin-bottom: 5px;'><strong>Capacidad maxima de UPS:<\/strong> 1 kVA<\/li>\n<li style='margin-bottom: 5px;'><strong>Tipo de bater\u00eda:<\/strong> VRLA<\/li>\n<li style='margin-bottom: 5px;'><strong>Voltaje nominal:<\/strong> 36 Vcd<\/li>\n<li style='margin-bottom: 5px;'><strong>Peso:<\/strong> 8.68 Kg<\/li>\n<li style='margin-bottom: 5px;'><strong>Compatibilidad de UPS:<\/strong> U01S12V&comma; U01S11V&comma; U01N12V&comma; y U01N11V<\/li>\n<\/ul><\/div>\n<\/p><\/div>\n<p> <!-- Separador --> <\/p>\n<hr style='border: 0; border-top: 1px solid rgba(150&comma; 150&comma; 150&comma; 0.3); margin: 30px 0;'> <\/div>\n","protected":false},"excerpt":{"rendered":"<p>Cartucho de Bater\u00edas VRLA de Reemplazo, Para UPS de 1 kVA de Panduit, de 36 Vcd<\/p>\n","protected":false},"featured_media":41181,"comment_status":"open","ping_status":"closed","template":"","meta":[],"product_brand":[],"product_cat":[1084],"product_tag":[143,1085,445],"class_list":{"0":"post-41182","1":"product","2":"type-product","3":"status-publish","4":"has-post-thumbnail","6":"product_cat-baterias-baterias-y-cargadores","7":"product_tag-baterias","8":"product_tag-baterias-y-cargadores","9":"product_tag-panduit","11":"first","12":"outofstock","13":"sale","14":"shipping-taxable","15":"purchasable","16":"product-type-simple"},"_links":{"self":[{"href":"https:\/\/soydeaqui.ddns.net\/pachuca\/index.php\/wp-json\/wp\/v2\/product\/41182","targetHints":{"allow":["GET"]}}],"collection":[{"href":"https:\/\/soydeaqui.ddns.net\/pachuca\/index.php\/wp-json\/wp\/v2\/product"}],"about":[{"href":"https:\/\/soydeaqui.ddns.net\/pachuca\/index.php\/wp-json\/wp\/v2\/types\/product"}],"replies":[{"embeddable":true,"href":"https:\/\/soydeaqui.ddns.net\/pachuca\/index.php\/wp-json\/wp\/v2\/comments?post=41182"}],"wp:featuredmedia":[{"embeddable":true,"href":"https:\/\/soydeaqui.ddns.net\/pachuca\/index.php\/wp-json\/wp\/v2\/media\/41181"}],"wp:attachment":[{"href":"https:\/\/soydeaqui.ddns.net\/pachuca\/index.php\/wp-json\/wp\/v2\/media?parent=41182"}],"wp:term":[{"taxonomy":"product_brand","embeddable":true,"href":"https:\/\/soydeaqui.ddns.net\/pachuca\/index.php\/wp-json\/wp\/v2\/product_brand?post=41182"},{"taxonomy":"product_cat","embeddable":true,"href":"https:\/\/soydeaqui.ddns.net\/pachuca\/index.php\/wp-json\/wp\/v2\/product_cat?post=41182"},{"taxonomy":"product_tag","embeddable":true,"href":"https:\/\/soydeaqui.ddns.net\/pachuca\/index.php\/wp-json\/wp\/v2\/product_tag?post=41182"}],"curies":[{"name":"wp","href":"https:\/\/api.w.org\/{rel}","templated":true}]}}