{"id":41161,"date":"2026-03-18T18:07:54","date_gmt":"2026-03-18T18:07:54","guid":{"rendered":"https:\/\/soydeaqui.ddns.net\/pachuca\/index.php\/producto\/ecoflow-river-3-plus-estacion-de-energia-portatil-572wh-litio-lfp-4-ac-800w-max-1600w-1-usb-c-100w-3-usb-a-12w-cargador-de-coche-10a-126w-max-conectividad-wifi-y-bluetooth-app-ca\/"},"modified":"2026-03-18T18:07:59","modified_gmt":"2026-03-18T18:07:59","slug":"ecoflow-river-3-plus-estacion-de-energia-portatil-572wh-litio-lfp-4-ac-800w-max-1600w-1-usb-c-100w-3-usb-a-12w-cargador-de-coche-10a-126w-max-conectividad-wifi-y-bluetooth-app-ca","status":"publish","type":"product","link":"https:\/\/soydeaqui.ddns.net\/pachuca\/index.php\/producto\/ecoflow-river-3-plus-estacion-de-energia-portatil-572wh-litio-lfp-4-ac-800w-max-1600w-1-usb-c-100w-3-usb-a-12w-cargador-de-coche-10a-126w-max-conectividad-wifi-y-bluetooth-app-ca\/","title":{"rendered":"EcoFlow River 3 Plus | Estaci\u00f3n de Energ\u00eda Port\u00e1til 572Wh Litio LFP \/ 4 AC 800W (Max. 1600W) \/ 1 USB-C 100W \/ 3 USB -A 12W \/ Cargador de Coche 10A, 126W Max. \/ Conectividad WiFi y Bluetooth (App) \/ Carga Solar 220W Max."},"content":{"rendered":"<div style='width: 100%; max-width: 1200px; margin: 0 auto; font-family: sans-serif&comma; 'Helvetica Neue'&comma; Helvetica&comma; Arial; line-height: 1.6; color: inherit; background-color: transparent;'> <!-- Video YouTube --> <\/p>\n<div style='position: relative; padding-bottom: 56.25%; height: 0; overflow: hidden; margin-bottom: 30px;'>   <\/div>\n<p> <!-- Secci\u00f3n de carga r\u00e1pida --> <\/p>\n<div style='display: flex; flex-direction: column; align-items: center; text-align: center; margin: 30px 0;'>\n<div style='width: 100%; max-width: 800px; background: linear-gradient(90deg&comma; #03060b&comma; #17da66 0.01%); border-radius: 8px; padding: 20px; margin: 10px 0;'>\n<div style='font-size: 22px; color: #ffffff; position: relative;'> <span style='position: absolute; left: 10px; top: 50%; transform: translateY(-50%);'>RIVER 2<\/span> <span style='position: absolute; right: 10px; top: 50%; transform: translateY(-50%);'>1 hora<\/span> <\/div>\n<\/p><\/div>\n<div style='font-size: 60px; background: linear-gradient(90deg&comma; #0ee030 1.46%&comma; #21d4a8 95.91%) text; -webkit-text-fill-color: transparent; margin: 20px 0;'> 70% m\u00e1s r\u00e1pido <\/div>\n<div style='font-size: 22px; color: #ffffff; margin: 10px 0;'> Carga r\u00e1pida <\/div>\n<\/p><\/div>\n<p> <!-- Secci\u00f3n comparativa --> <\/p>\n<div style='display: flex; flex-direction: column; align-items: center; text-align: center; margin: 40px 0;'>\n<div style='width: 100%; max-width: 800px; background: #7e7e7e; border-radius: 8px; padding: 20px; margin: 10px 0;'>\n<div style='font-size: 22px; color: #ffffff; position: relative;'> <span style='position: absolute; left: 10px; top: 50%; transform: translateY(-50%);'>Otras estaciones de energ\u00eda port\u00e1tiles<\/span> <span style='position: absolute; right: 10px; top: 50%; transform: translateY(-50%);'>3&comma;5 horas<\/span> <\/div>\n<\/p><\/div>\n<div style='font-size: 22px; color: #ffffff; margin: 10px 0;'> Carga normal <\/div>\n<\/p><\/div>\n<p> <!-- Descripci\u00f3n final --> <\/p>\n<div style='margin: 30px 0;'>\n<p style='font-size: 16px; color: inherit; margin: 15px 0;'> RIVER 2 supera la velocidad promedio de carga en la industria&comma; realizando una carga completa en tan solo 60 minutos*. Es decir&comma; un 70% m\u00e1s r\u00e1pido que otras estaciones de energ\u00eda port\u00e1tiles del mercado y un 38% m\u00e1s r\u00e1pido que las generaciones anteriores. <\/p>\n<\/p><\/div>\n<\/p><\/div>\n","protected":false},"excerpt":{"rendered":"<p>EcoFlow River 3 Plus | Estaci\u00f3n de Energ\u00eda Port\u00e1til 572Wh Litio LFP \/ 4 AC 800W (Max. 1600W) \/ 1 USB-C 100W \/ 3 USB -A 12W \/ Cargador de Coche 10A, 126W Max. \/ Conectividad WiFi y Bluetooth (App) \/ Carga Solar 220W Max.<\/p>\n","protected":false},"featured_media":41160,"comment_status":"open","ping_status":"closed","template":"","meta":[],"product_brand":[],"product_cat":[1114],"product_tag":[1116,1115,1101],"class_list":{"0":"post-41161","1":"product","2":"type-product","3":"status-publish","4":"has-post-thumbnail","6":"product_cat-estaciones-de-energia-portables","7":"product_tag-ecoflow","8":"product_tag-estaciones-de-energia-portables","9":"product_tag-respaldo-de-energia","11":"first","12":"outofstock","13":"sale","14":"shipping-taxable","15":"purchasable","16":"product-type-simple"},"_links":{"self":[{"href":"https:\/\/soydeaqui.ddns.net\/pachuca\/index.php\/wp-json\/wp\/v2\/product\/41161","targetHints":{"allow":["GET"]}}],"collection":[{"href":"https:\/\/soydeaqui.ddns.net\/pachuca\/index.php\/wp-json\/wp\/v2\/product"}],"about":[{"href":"https:\/\/soydeaqui.ddns.net\/pachuca\/index.php\/wp-json\/wp\/v2\/types\/product"}],"replies":[{"embeddable":true,"href":"https:\/\/soydeaqui.ddns.net\/pachuca\/index.php\/wp-json\/wp\/v2\/comments?post=41161"}],"wp:featuredmedia":[{"embeddable":true,"href":"https:\/\/soydeaqui.ddns.net\/pachuca\/index.php\/wp-json\/wp\/v2\/media\/41160"}],"wp:attachment":[{"href":"https:\/\/soydeaqui.ddns.net\/pachuca\/index.php\/wp-json\/wp\/v2\/media?parent=41161"}],"wp:term":[{"taxonomy":"product_brand","embeddable":true,"href":"https:\/\/soydeaqui.ddns.net\/pachuca\/index.php\/wp-json\/wp\/v2\/product_brand?post=41161"},{"taxonomy":"product_cat","embeddable":true,"href":"https:\/\/soydeaqui.ddns.net\/pachuca\/index.php\/wp-json\/wp\/v2\/product_cat?post=41161"},{"taxonomy":"product_tag","embeddable":true,"href":"https:\/\/soydeaqui.ddns.net\/pachuca\/index.php\/wp-json\/wp\/v2\/product_tag?post=41161"}],"curies":[{"name":"wp","href":"https:\/\/api.w.org\/{rel}","templated":true}]}}