{"id":41136,"date":"2026-03-18T18:07:11","date_gmt":"2026-03-18T18:07:11","guid":{"rendered":"https:\/\/soydeaqui.ddns.net\/pachuca\/index.php\/producto\/electrodo-de-cobre-con-filtro-equipotencial-y-compuesto-mejorador-de-6kg\/"},"modified":"2026-03-18T18:07:14","modified_gmt":"2026-03-18T18:07:14","slug":"electrodo-de-cobre-con-filtro-equipotencial-y-compuesto-mejorador-de-6kg","status":"publish","type":"product","link":"https:\/\/soydeaqui.ddns.net\/pachuca\/index.php\/producto\/electrodo-de-cobre-con-filtro-equipotencial-y-compuesto-mejorador-de-6kg\/","title":{"rendered":"Electrodo de Cobre con Filtro Equipotencial y Compuesto Mejorador de 6Kg."},"content":{"rendered":"<div style='width: 100%; max-width: 1200px; margin: 0 auto; font-family: sans-serif; line-height: 1.6; color: inherit; background-color: transparent;'>\n<div style='display: flex; flex-wrap: wrap; gap: 30px; margin-bottom: 30px;'>\n<div style='flex: 1 1 300px; min-width: 280px;'>\n<h3 style='font-size: 22px; border-bottom: 2px solid currentColor; padding-bottom: 5px; margin-top: 0; color: inherit; opacity: 0.8;'>Descripci\u00f3n<\/h3>\n<ul style='padding-left: 20px; font-size: 15px; color: inherit;'>\n<li style='margin-bottom: 5px;'>Fabricado en cobre electrol\u00edtico&comma; termina en punta c\u00f3nica para garantizar el menor nivel de resistencia y una mayor \u00e1rea de contacto con el terreno.<\/li>\n<li style='margin-bottom: 5px;'>Equipado con un filtro equipotencial autoconectable y empalme de acero inoxidable.<\/li>\n<li style='margin-bottom: 5px;'>Dise\u00f1ado para proteger peque\u00f1as aplicaciones contra descargas el\u00e9ctricas&comma; cortos circuitos y corriente est\u00e1tica.<\/li>\n<\/ul><\/div>\n<div style='flex: 1 1 300px; min-width: 280px;'>\n<h3 style='font-size: 22px; border-bottom: 2px solid currentColor; padding-bottom: 5px; margin-top: 0; color: inherit; opacity: 0.8;'>Caracter\u00edsticas<\/h3>\n<ul style='padding-left: 20px; font-size: 15px; color: inherit;'>\n<li style='margin-bottom: 5px;'><strong>Materiales:<\/strong> Cuerpo de cobre&comma; terminales de acero inoxidable<\/li>\n<li style='margin-bottom: 5px;'><strong>Capacidad:<\/strong> 20 Amp<\/li>\n<li style='margin-bottom: 5px;'><strong>Dimensiones:<\/strong> 114 cm x 6.65 cm (largo x ancho)<\/li>\n<li style='margin-bottom: 5px;'><strong>Aplicaciones:<\/strong> Peque\u00f1as aplicaciones como tableros el\u00e9ctricos de hasta 25 amp&comma; uso residencial CCTV&comma; estructuras met\u00e1licas<\/li>\n<\/ul><\/div>\n<\/p><\/div>\n<div style='display: flex; flex-wrap: wrap; gap: 20px; margin-bottom: 30px;'>\n<div style='flex: 1 1 100%; min-width: 280px;'>\n<div style='display: flex; justify-content: center; margin: 30px 0;'> <img style='width: 100%; max-width: 400px; height: auto; border: 1px solid rgba(150&comma;150&comma;150&comma;0.3); border-radius: 8px;' src='https:\/\/ftp3.syscom.mx\/usuarios\/fotos\/AT5315KIT\/183255-logo-lpg.png' alt='Logo LPGROUNDV'> <\/div>\n<\/p><\/div>\n<div style='flex: 1 1 100%; min-width: 280px;'>\n<div style='display: flex; justify-content: center; margin: 30px 0;'> <img style='width: 100%; max-width: 400px; height: auto; border: 1px solid rgba(150&comma;150&comma;150&comma;0.3); border-radius: 8px;' src='data:image\/png;base64&comma;iVBORw0KGgoAAAANSUhEUgAAAPoAAALaCAYAAAAY304iAAAAAXNSR0IArs4c6QAAAARnQU1BAACxjwv8YQUAAAAJcEhZcwAADsMAAA7DAcdvqGQAACZpSURBVHhe7d17dNT1nf\/x1yQBTAgkpKDmxlUDpQrVcFvdCoiLWC8gxD2nKnewrFu1upCgpT0tvbBCtCpbFyl3sOe3LRugPYoiCnQ1YkwUKd2FQQUhEAQMl9wghJnfH4GBfCeXSUjIN\/k5n5nPM+c832c2eTz+P1+v9\/gFowYKcA==' alt='Producto imagen'> <\/div>\n<\/p><\/div>\n<\/p><\/div>\n<\/p><\/div>\n","protected":false},"excerpt":{"rendered":"<p>Electrodo de Cobre con Filtro Equipotencial y Compuesto Mejorador de 6Kg.<\/p>\n","protected":false},"featured_media":41135,"comment_status":"open","ping_status":"closed","template":"","meta":[],"product_brand":[],"product_cat":[1131],"product_tag":[1088,435,1132],"class_list":{"0":"post-41136","1":"product","2":"type-product","3":"status-publish","4":"has-post-thumbnail","6":"product_cat-tierras-fisicas","7":"product_tag-calidad-de-la-energia","8":"product_tag-linkedpro-by-epcom","9":"product_tag-tierras-fisicas","11":"first","12":"instock","13":"sale","14":"shipping-taxable","15":"purchasable","16":"product-type-simple"},"_links":{"self":[{"href":"https:\/\/soydeaqui.ddns.net\/pachuca\/index.php\/wp-json\/wp\/v2\/product\/41136","targetHints":{"allow":["GET"]}}],"collection":[{"href":"https:\/\/soydeaqui.ddns.net\/pachuca\/index.php\/wp-json\/wp\/v2\/product"}],"about":[{"href":"https:\/\/soydeaqui.ddns.net\/pachuca\/index.php\/wp-json\/wp\/v2\/types\/product"}],"replies":[{"embeddable":true,"href":"https:\/\/soydeaqui.ddns.net\/pachuca\/index.php\/wp-json\/wp\/v2\/comments?post=41136"}],"wp:featuredmedia":[{"embeddable":true,"href":"https:\/\/soydeaqui.ddns.net\/pachuca\/index.php\/wp-json\/wp\/v2\/media\/41135"}],"wp:attachment":[{"href":"https:\/\/soydeaqui.ddns.net\/pachuca\/index.php\/wp-json\/wp\/v2\/media?parent=41136"}],"wp:term":[{"taxonomy":"product_brand","embeddable":true,"href":"https:\/\/soydeaqui.ddns.net\/pachuca\/index.php\/wp-json\/wp\/v2\/product_brand?post=41136"},{"taxonomy":"product_cat","embeddable":true,"href":"https:\/\/soydeaqui.ddns.net\/pachuca\/index.php\/wp-json\/wp\/v2\/product_cat?post=41136"},{"taxonomy":"product_tag","embeddable":true,"href":"https:\/\/soydeaqui.ddns.net\/pachuca\/index.php\/wp-json\/wp\/v2\/product_tag?post=41136"}],"curies":[{"name":"wp","href":"https:\/\/api.w.org\/{rel}","templated":true}]}}