{"id":41134,"date":"2026-03-18T18:07:09","date_gmt":"2026-03-18T18:07:09","guid":{"rendered":"https:\/\/soydeaqui.ddns.net\/pachuca\/index.php\/producto\/modulo-topcon-620-w-49-1-vcc-monocristalino-132-celdas\/"},"modified":"2026-03-18T18:07:09","modified_gmt":"2026-03-18T18:07:09","slug":"modulo-topcon-620-w-49-1-vcc-monocristalino-132-celdas","status":"publish","type":"product","link":"https:\/\/soydeaqui.ddns.net\/pachuca\/index.php\/producto\/modulo-topcon-620-w-49-1-vcc-monocristalino-132-celdas\/","title":{"rendered":"M\u00f3dulo TOPCON , 620. W,  49.1 Vcc , Monocristalino, 132 Celdas"},"content":{"rendered":"<div style='width: 100%; max-width: 1200px; margin: 0 auto; font-family: sans-serif&comma; system-ui&comma; -apple-system&comma; BlinkMacSystemFont&comma; 'Segoe UI'&comma; Roboto&comma; 'Helvetica Neue'&comma; Arial&comma; 'Noto Sans'&comma; 'Liberation Sans'&comma; sans-serif; line-height: 1.6; color: inherit; background-color: transparent;'>\n<div style='display: flex; flex-wrap: wrap; gap: 30px; margin-bottom: 30px;'>\n<div style='flex: 1 1 300px; min-width: 280px;'>\n<h3 style='font-size: 22px; border-bottom: 2px solid currentColor; padding-bottom: 5px; margin-top: 0; color: inherit; opacity: 0.8;'>M\u00f3dulo Bifacial Tipo N \u2013 Modelo ETNR66TBH620GL<\/h3>\n<h3 style='font-size: 18px; margin-top: 20px; color: inherit; opacity: 0.8;'>Descripci\u00f3n del Producto<\/h3>\n<p style='color: inherit;'>El m\u00f3dulo bifacial Tipo N de EliTe Solar est\u00e1 dise\u00f1ado con tecnolog\u00eda avanzada SMBB para maximizar la captaci\u00f3n de luz y optimizar la recolecci\u00f3n de corriente. Ofrece alta eficiencia&comma; excelente rendimiento en condiciones de clima extremo y una garant\u00eda de rendimiento lineal que asegura una degradaci\u00f3n m\u00ednima a lo largo del tiempo.<\/p>\n<h3 style='font-size: 18px; margin-top: 20px; color: inherit; opacity: 0.8;'>Caracter\u00edsticas Destacadas<\/h3>\n<ul style='padding-left: 20px; font-size: 15px; color: inherit;'>\n<li style='margin-bottom: 5px;'><strong>Tecnolog\u00eda SMBB:<\/strong> Mejora la potencia del m\u00f3dulo y la fiabilidad.<\/li>\n<li style='margin-bottom: 5px;'><strong>Resistencia PID:<\/strong> Garantiza un rendimiento \u00f3ptimo a largo plazo.<\/li>\n<li style='margin-bottom: 5px;'><strong>Mayor Producci\u00f3n de Energ\u00eda:<\/strong> Incremento de potencia entre un 5-25%.<\/li>\n<li style='margin-bottom: 5px;'><strong>Coeficiente T\u00e9rmico Mejorado:<\/strong> Aumenta la producci\u00f3n de energ\u00eda en climas c\u00e1lidos.<\/li>\n<li style='margin-bottom: 5px;'><strong>Resiliencia Clim\u00e1tica:<\/strong> Soporta cargas de viento (2400 Pa) y nieve (5400 Pa).<\/li>\n<\/ul><\/div>\n<\/p><\/div>\n<hr style='border: 0; border-top: 1px solid rgba(150&comma; 150&comma; 150&comma; 0.3); margin: 30px 0;'>\n<div style='display: flex; flex-wrap: wrap; gap: 20px;'>\n<div style='flex: 1 1 250px; border: 1px solid rgba(150&comma; 150&comma; 150&comma; 0.4); border-radius: 8px; overflow: hidden; display: flex; flex-direction: column;'>\n<div style='padding: 15px; border-bottom: 1px solid rgba(150&comma; 150&comma; 150&comma; 0.2); font-weight: bold; font-size: 18px; color: inherit;'>Especificaciones T\u00e9cnicas<\/div>\n<div style='padding: 15px; color: inherit;'>\n<ul style='padding-left: 20px; margin: 0; font-size: 14px; list-style-type: disc;'>\n<li style='margin-bottom: 5px;'><strong>Dimensiones:<\/strong> 2382 \u00d7 1134 \u00d7 30 mm.<\/li>\n<li style='margin-bottom: 5px;'><strong>Peso:<\/strong> 33 kg.<\/li>\n<li style='margin-bottom: 5px;'><strong>Material del Marco:<\/strong> Aleaci\u00f3n de aluminio anodizado.<\/li>\n<li style='margin-bottom: 5px;'><strong>Voltaje M\u00e1ximo del Sistema:<\/strong> 1500 VDC.<\/li>\n<li style='margin-bottom: 5px;'><strong>Fusible en Serie M\u00e1ximo:<\/strong> 30 A.<\/li>\n<li style='margin-bottom: 5px;'><strong>Temperatura de Operaci\u00f3n:<\/strong> De -40 \u00b0C a +85 \u00b0C.<\/li>\n<li style='margin-bottom: 5px;'><strong>Temperatura Nominal (NOCT):<\/strong> 45 \u00b1 2 \u00b0C.<\/li>\n<li style='margin-bottom: 5px;'><strong>Eficiencia del M\u00f3dulo:<\/strong> Hasta 23%.<\/li>\n<li style='margin-bottom: 5px;'><strong>Potencia M\u00e1xima (Pmp):<\/strong> 620W.<\/li>\n<li style='margin-bottom: 5px;'><strong>Voltaje de Circuito Abierto (Voc):<\/strong> Hasta 49.1V.<\/li>\n<li style='margin-bottom: 5px;'><strong>Corriente de Cortocircuito (Isc):<\/strong> Hasta 15.19A.<\/li>\n<li style='margin-bottom: 5px;'><strong>Conector:<\/strong> Compatible con MC4.<\/li>\n<li style='margin-bottom: 5px;'><strong>Resistencia Clim\u00e1tica:<\/strong> 2400 Pa (viento) y 5400 Pa (nieve).<\/li>\n<li style='margin-bottom: 5px;'><strong>Garant\u00eda:<\/strong> 30 a\u00f1os de rendimiento lineal.<\/li>\n<\/ul><\/div>\n<\/p><\/div>\n<div style='flex: 1 1 250px; border: 1px solid rgba(150&comma; 150&comma; 150&comma; 0.4); border-radius: 8px; overflow: hidden; display: flex; flex-direction: column;'>\n<div style='padding: 15px; border-bottom: 1px solid rgba(150&comma; 150&comma; 150&comma; 0.2); font-weight: bold; font-size: 18px; color: inherit;'>Montajes Compatibles<\/div>\n<div style='padding: 15px; color: inherit;'>\n<p style='margin-top: 0; color: inherit;'><strong>Nota:<\/strong> Las especificaciones est\u00e1n basadas en Condiciones Est\u00e1ndar de Prueba (STC): 1000 W\/m\u00b2 de irradiancia&comma; masa de aire de 1.5&comma; y temperatura de la c\u00e9lula de 25\u00b0C.<\/p>\n<div style='overflow-x: auto; margin: 15px -15px; padding: 0 15px;'>\n<table style='width: 100%; border-collapse: collapse; font-size: 14px;'>\n<thead>\n<tr style='border-bottom: 1px solid rgba(150&comma; 150&comma; 150&comma; 0.3);'>\n<th style='padding: 10px; text-align: left; color: inherit; opacity: 0.8;'><\/th>\n<th style='padding: 10px; text-align: left; color: inherit; opacity: 0.8;'>VEKTOR8BLK<\/th>\n<th style='padding: 10px; text-align: left; color: inherit; opacity: 0.8;'>VEKTOR5R2X2<\/th>\n<th style='padding: 10px; text-align: left; color: inherit; opacity: 0.8;'>VEKTORMINIKIT1X1<\/th>\n<th style='padding: 10px; text-align: left; color: inherit; opacity: 0.8;'>VEKTOR8RPRO<\/th>\n<th style='padding: 10px; text-align: left; color: inherit; opacity: 0.8;'>VEKTOR8R<\/th>\n<th style='padding: 10px; text-align: left; color: inherit; opacity: 0.8;'>VEKTOR8R2700<\/th>\n<th style='padding: 10px; text-align: left; color: inherit; opacity: 0.8;'>VEKTOR8R3M<\/th>\n<th style='padding: 10px; text-align: left; color: inherit; opacity: 0.8;'>VEKTOR8R1M<\/th>\n<\/tr>\n<\/thead>\n<tbody>\n<tr>\n<td style='padding: 10px; color: inherit; opacity: 0.8;'>M\u00f3dulos<\/td>\n<td style='padding: 10px; color: inherit;'>4<\/td>\n<td style='padding: 10px; color: inherit;'>4<\/td>\n<td style='padding: 10px; color: inherit;'>1<\/td>\n<td style='padding: 10px; color: inherit;'>4<\/td>\n<td style='padding: 10px; color: inherit;'>4<\/td>\n<td style='padding: 10px; color: inherit;'>2<\/td>\n<td style='padding: 10px; color: inherit;'>3<\/td>\n<td style='padding: 10px; color: inherit;'>1<\/td>\n<\/tr>\n<\/tbody>\n<\/table><\/div>\n<\/p><\/div>\n<\/p><\/div>\n<\/p><\/div>\n<\/p><\/div>\n","protected":false},"excerpt":{"rendered":"<p>M\u00f3dulo TOPCON , 620. W,  49.1 Vcc , Monocristalino, 132 Celdas<\/p>\n","protected":false},"featured_media":41133,"comment_status":"open","ping_status":"closed","template":"","meta":[],"product_brand":[],"product_cat":[1152],"product_tag":[1190,964,1153],"class_list":{"0":"post-41134","1":"product","2":"type-product","3":"status-publish","4":"has-post-thumbnail","6":"product_cat-modulos-solares","7":"product_tag-elite-solar","8":"product_tag-energia-solar","9":"product_tag-modulos-solares","11":"first","12":"instock","13":"sale","14":"shipping-taxable","15":"purchasable","16":"product-type-simple"},"_links":{"self":[{"href":"https:\/\/soydeaqui.ddns.net\/pachuca\/index.php\/wp-json\/wp\/v2\/product\/41134","targetHints":{"allow":["GET"]}}],"collection":[{"href":"https:\/\/soydeaqui.ddns.net\/pachuca\/index.php\/wp-json\/wp\/v2\/product"}],"about":[{"href":"https:\/\/soydeaqui.ddns.net\/pachuca\/index.php\/wp-json\/wp\/v2\/types\/product"}],"replies":[{"embeddable":true,"href":"https:\/\/soydeaqui.ddns.net\/pachuca\/index.php\/wp-json\/wp\/v2\/comments?post=41134"}],"wp:featuredmedia":[{"embeddable":true,"href":"https:\/\/soydeaqui.ddns.net\/pachuca\/index.php\/wp-json\/wp\/v2\/media\/41133"}],"wp:attachment":[{"href":"https:\/\/soydeaqui.ddns.net\/pachuca\/index.php\/wp-json\/wp\/v2\/media?parent=41134"}],"wp:term":[{"taxonomy":"product_brand","embeddable":true,"href":"https:\/\/soydeaqui.ddns.net\/pachuca\/index.php\/wp-json\/wp\/v2\/product_brand?post=41134"},{"taxonomy":"product_cat","embeddable":true,"href":"https:\/\/soydeaqui.ddns.net\/pachuca\/index.php\/wp-json\/wp\/v2\/product_cat?post=41134"},{"taxonomy":"product_tag","embeddable":true,"href":"https:\/\/soydeaqui.ddns.net\/pachuca\/index.php\/wp-json\/wp\/v2\/product_tag?post=41134"}],"curies":[{"name":"wp","href":"https:\/\/api.w.org\/{rel}","templated":true}]}}