{"id":41132,"date":"2026-03-18T18:07:06","date_gmt":"2026-03-18T18:07:06","guid":{"rendered":"https:\/\/soydeaqui.ddns.net\/pachuca\/index.php\/producto\/condensador-inverter-multizona-capacidad-5-toneladas-odu-frio-calor-220-v-compatible-con-chi-imz-r32-12k-220-y-chi-imz-r32-24k-220\/"},"modified":"2026-03-18T18:07:08","modified_gmt":"2026-03-18T18:07:08","slug":"condensador-inverter-multizona-capacidad-5-toneladas-odu-frio-calor-220-v-compatible-con-chi-imz-r32-12k-220-y-chi-imz-r32-24k-220","status":"publish","type":"product","link":"https:\/\/soydeaqui.ddns.net\/pachuca\/index.php\/producto\/condensador-inverter-multizona-capacidad-5-toneladas-odu-frio-calor-220-v-compatible-con-chi-imz-r32-12k-220-y-chi-imz-r32-24k-220\/","title":{"rendered":"Condensador Inverter \/ Multizona \/ Capacidad 5 Toneladas \/ ODU \/Frio- Calor  \/ 220 V compatible con CHI-IMZ-R32-12K-220 y CHI-IMZ-R32-24K-220"},"content":{"rendered":"<div style='width: 100%; max-width: 1200px; margin: 0 auto; font-family: sans-serif; line-height: 1.6; color: inherit; background-color: transparent;'>\n<div style='display: flex; flex-wrap: wrap; gap: 30px; margin-bottom: 30px;'>\n<div style='flex: 1 1 300px; min-width: 280px;'>\n<h3 style='font-size: 22px; border-bottom: 2px solid currentColor; padding-bottom: 5px; margin-top: 0; color: inherit; opacity: 0.8;'>Caracter\u00edsticas principales<\/h3>\n<ul style='padding-left: 20px; font-size: 15px; color: inherit;'>\n<li style='margin-bottom: 5px;'><strong>WIFI:<\/strong> M\u00f3dulo integrado<\/li>\n<li style='margin-bottom: 5px;'><strong>Tecnolog\u00eda:<\/strong> INVERTER<\/li>\n<li style='margin-bottom: 5px;'><strong>SEER:<\/strong> 17 (Relaci\u00f3n de eficiencia de energ\u00eda de estaci\u00f3n)<\/li>\n<li style='margin-bottom: 5px;'><strong>Modo:<\/strong> Fr\u00edo y Calor<\/li>\n<li style='margin-bottom: 5px;'><strong>Filtro:<\/strong> Alta densidad<\/li>\n<li style='margin-bottom: 5px;'><strong>Limpieza:<\/strong> Autom\u00e1tica<\/li>\n<li style='margin-bottom: 5px;'><strong>Diagn\u00f3stico:<\/strong> Auto diagn\u00f3stico<\/li>\n<li style='margin-bottom: 5px;'><strong>Eco friendly:<\/strong> S\u00ed<\/li>\n<li style='margin-bottom: 5px;'><strong>Aplicaci\u00f3n m\u00f3vil:<\/strong> Gratuita<\/li>\n<li style='margin-bottom: 5px;'><strong>Integraci\u00f3n:<\/strong> Alexa y Google Home<\/li>\n<li style='margin-bottom: 5px;'><strong>Garant\u00eda Unidad completa:<\/strong> 2 a\u00f1os<\/li>\n<li style='margin-bottom: 5px;'><strong>Garant\u00eda Compresor:<\/strong> 5 a\u00f1os<\/li>\n<li style='margin-bottom: 5px;'><strong>Garant\u00eda Componentes:<\/strong> 2 a\u00f1os<\/li>\n<li style='margin-bottom: 5px;'><strong>Clasificaci\u00f3n:<\/strong> Equipos clasificados como *B y *C (Pueden tener o no tener l\u00edneas de refrigerante de Cobre)<\/li>\n<li style='margin-bottom: 5px;'><strong>Instalaci\u00f3n:<\/strong> Ver archivo de Gu\u00eda de Verificaci\u00f3n pasos AUFIT<\/li>\n<li style='margin-bottom: 5px;'><strong>Garant\u00eda:<\/strong> Evaluaci\u00f3n por centro de servicio<\/li>\n<li style='margin-bottom: 5px;'><strong>Accesorios:<\/strong> No incluye cable el\u00e9ctrico<\/li>\n<\/ul><\/div>\n<div style='flex: 1 1 300px; min-width: 280px;'>\n<h3 style='font-size: 22px; border-bottom: 2px solid currentColor; padding-bottom: 5px; margin-top: 0; color: inherit; opacity: 0.8;'>Caracter\u00edsticas F\u00edsicas y El\u00e9ctricas<\/h3>\n<ul style='padding-left: 20px; font-size: 15px; color: inherit;'>\n<li style='margin-bottom: 5px;'><strong>Refrigerante:<\/strong> R32<\/li>\n<li style='margin-bottom: 5px;'><strong>Potencia calefacci\u00f3n:<\/strong> 1&comma;650 W<\/li>\n<li style='margin-bottom: 5px;'><strong>Potencia refrigeraci\u00f3n:<\/strong> 2&comma;230 W<\/li>\n<li style='margin-bottom: 5px;'><strong>Capacidad:<\/strong> 2 Toneladas (24&comma;000 BTU)<\/li>\n<li style='margin-bottom: 5px;'><strong>Alimentaci\u00f3n:<\/strong> 220 Vca \/ 60 Hz<\/li>\n<li style='margin-bottom: 5px;'><strong>Potencia:<\/strong> 1250 W<\/li>\n<li style='margin-bottom: 5px;'><strong>Refrigerante:<\/strong> R32<\/li>\n<li style='margin-bottom: 5px;'><strong>Peso interior:<\/strong> 8 Kg<\/li>\n<li style='margin-bottom: 5px;'><strong>Peso exterior:<\/strong> 21.5 Kg<\/li>\n<li style='margin-bottom: 5px;'><strong>Medidas interior:<\/strong> 1082 x 330 x 233 mm<\/li>\n<li style='margin-bottom: 5px;'><strong>Medidas exterior:<\/strong> 825 x 655 x 310 mm<\/li>\n<li style='margin-bottom: 5px;'><strong>Tuber\u00eda cobre:<\/strong> 3 metros<\/li>\n<li style='margin-bottom: 5px;'><strong>Di\u00e1metro tuber\u00edas:<\/strong> 1\/4&#8242; y 5\/8&#8242;<\/li>\n<li style='margin-bottom: 5px;'><strong>Tuber\u00eda desague:<\/strong> 2.10 metros<\/li>\n<li style='margin-bottom: 5px;'><strong>Di\u00e1metro desag\u00fce:<\/strong> 11 \/ 16 &#8216;<\/li>\n<\/ul><\/div>\n<div style='flex: 1 1 300px; min-width: 280px;'>\n<h3 style='font-size: 22px; border-bottom: 2px solid currentColor; padding-bottom: 5px; margin-top: 0; color: inherit; opacity: 0.8;'>Caracter\u00edsticas Destacadas<\/h3>\n<div style='font-size: 15px; color: inherit;'>\n<p style='margin-bottom: 15px;'>Los aires acondicionados de AUFIT son ideales para controlar la temperatura de una forma sencilla&comma; r\u00e1pida y pr\u00e1ctica.<\/p>\n<p style='margin-bottom: 15px;'>Su dise\u00f1o interno permite mejorar la distribuci\u00f3n y el flujo de aire en cuatro direcciones logrando un r\u00e1pido enfriamiento en alrededor de 30 segundos.<\/p>\n<p style='margin-bottom: 0;'>Super silencioso con un ruido tan bajo como 23 dB&comma; luz indicadora inteligente&comma; auto diagn\u00f3stico para facilitar servicio de mantenimiento&comma; auto reinicio&comma; entre otras funciones que hacen del equipo potente y profesional.<\/p>\n<\/p><\/div>\n<\/p><\/div>\n<\/p><\/div>\n<hr style='border: 0; border-top: 1px solid rgba(150&comma; 150&comma; 150&comma; 0.3); margin: 30px 0;'> <\/div>\n","protected":false},"excerpt":{"rendered":"<p>Condensador Inverter \/ Multizona \/ Capacidad 5 Toneladas \/ ODU \/Frio- Calor  \/ 220 V compatible con CHI-IMZ-R32-12K-220 y CHI-IMZ-R32-24K-220<\/p>\n","protected":false},"featured_media":32,"comment_status":"open","ping_status":"closed","template":"","meta":[],"product_brand":[],"product_cat":[98],"product_tag":[186,30,99],"class_list":{"0":"post-41132","1":"product","2":"type-product","3":"status-publish","4":"has-post-thumbnail","6":"product_cat-climatizacion","7":"product_tag-aufit","8":"product_tag-automatizacion-casa-inteligente","9":"product_tag-climatizacion","11":"first","12":"outofstock","13":"sale","14":"shipping-taxable","15":"purchasable","16":"product-type-simple"},"_links":{"self":[{"href":"https:\/\/soydeaqui.ddns.net\/pachuca\/index.php\/wp-json\/wp\/v2\/product\/41132","targetHints":{"allow":["GET"]}}],"collection":[{"href":"https:\/\/soydeaqui.ddns.net\/pachuca\/index.php\/wp-json\/wp\/v2\/product"}],"about":[{"href":"https:\/\/soydeaqui.ddns.net\/pachuca\/index.php\/wp-json\/wp\/v2\/types\/product"}],"replies":[{"embeddable":true,"href":"https:\/\/soydeaqui.ddns.net\/pachuca\/index.php\/wp-json\/wp\/v2\/comments?post=41132"}],"wp:featuredmedia":[{"embeddable":true,"href":"https:\/\/soydeaqui.ddns.net\/pachuca\/index.php\/wp-json\/wp\/v2\/media\/32"}],"wp:attachment":[{"href":"https:\/\/soydeaqui.ddns.net\/pachuca\/index.php\/wp-json\/wp\/v2\/media?parent=41132"}],"wp:term":[{"taxonomy":"product_brand","embeddable":true,"href":"https:\/\/soydeaqui.ddns.net\/pachuca\/index.php\/wp-json\/wp\/v2\/product_brand?post=41132"},{"taxonomy":"product_cat","embeddable":true,"href":"https:\/\/soydeaqui.ddns.net\/pachuca\/index.php\/wp-json\/wp\/v2\/product_cat?post=41132"},{"taxonomy":"product_tag","embeddable":true,"href":"https:\/\/soydeaqui.ddns.net\/pachuca\/index.php\/wp-json\/wp\/v2\/product_tag?post=41132"}],"curies":[{"name":"wp","href":"https:\/\/api.w.org\/{rel}","templated":true}]}}