{"id":41131,"date":"2026-03-18T18:07:05","date_gmt":"2026-03-18T18:07:05","guid":{"rendered":"https:\/\/soydeaqui.ddns.net\/pachuca\/index.php\/producto\/electrodo-de-acero-inoxidable\/"},"modified":"2026-03-18T18:07:06","modified_gmt":"2026-03-18T18:07:06","slug":"electrodo-de-acero-inoxidable","status":"publish","type":"product","link":"https:\/\/soydeaqui.ddns.net\/pachuca\/index.php\/producto\/electrodo-de-acero-inoxidable\/","title":{"rendered":"Electrodo de Acero Inoxidable"},"content":{"rendered":"<div style='width: 100%; max-width: 1200px; margin: 0 auto; font-family: sans-serif; line-height: 1.6; color: inherit; background-color: transparent;'> <!-- Secci\u00f3n de im\u00e1genes --> <\/p>\n<div style='display: flex; flex-wrap: wrap; gap: 20px; margin-bottom: 30px; justify-content: center;'> <img style='width: 100%; height: auto; border: 1px solid rgba(150&comma;150&comma;150&comma;0.3); border-radius: 8px;' src='https:\/\/ftp3.syscom.mx\/usuarios\/fotos\/AT5315KIT\/183255-logo-lpg.png' alt='Logo LinkedPro'> <img style='width: 100%; height: auto; border: 1px solid rgba(150&comma;150&comma;150&comma;0.3); border-radius: 8px;' src='ttps:\/\/ftp3.syscom.mx\/usuarios\/fotos\/LPGROUND200A\/175963-lp_ground200a_body.jpg' alt='Electrodo de Acero Inoxidable'> <img style='width: 100%; height: auto; border: 1px solid rgba(150&comma;150&comma;150&comma;0.3); border-radius: 8px;' src='ttps:\/\/ftp3.syscom.mx\/usuarios\/fotos\/LPGROUND200A\/175963-lp_ground200a_body.jpg' alt='Electrodo de Acero Inoxidable'> <\/div>\n<p> <!-- Secci\u00f3n de descripci\u00f3n --> <\/p>\n<div style='border-left: 5px solid #02D9DB; border-radius: 8px; padding: 15px; margin-bottom: 30px; background-color: rgba(150&comma;150&comma;150&comma;0.05);'>\n<h3 style='font-size: 18px; margin-top: 0; color: inherit; opacity: 0.8;'>Descripci\u00f3n<\/h3>\n<ul style='padding-left: 20px; font-size: 15px; color: inherit;'>\n<li style='margin-bottom: 5px;'>Electrodo fabricado en Acero Inoxidable&comma; baja resistencia y durabilidad en terrenos agresivos.<\/li>\n<li style='margin-bottom: 5px;'>Por su dise\u00f1o en forma delta obtiene mayor \u00e1rea de contacto con el terreno y as\u00ed poder disipar de manera eficiente corrientes parasitas.<\/li>\n<li style='margin-bottom: 5px;'>Incluye un cilindro equipotencial auto conectable y empalme de acero inoxidable cumpliendo con los est\u00e1ndares de la norma.<\/li>\n<li style='margin-bottom: 5px;'>Est\u00e1 dise\u00f1ado para reemplazar las tierras naturales o laterales en ubicaciones remotas donde no se disponga de tuber\u00eda de agua o castillos de construcci\u00f3n.<\/li>\n<\/ul><\/div>\n<p> <!-- Video 1 --> <\/p>\n<div style='position: relative; padding-bottom: 56.25%; height: 0; overflow: hidden; margin-bottom: 30px;'>   <\/div>\n<p> <!-- Video 2 --> <\/p>\n<div style='position: relative; padding-bottom: 56.25%; height: 0; overflow: hidden; margin-bottom: 30px;'>   <\/div>\n<p> <!-- Curso b\u00e1sico --> <\/p>\n<div style='margin-bottom: 30px;'>\n<h3 style='font-size: 24px; border-bottom: 2px solid currentColor; padding-bottom: 5px; margin-top: 0; color: inherit; opacity: 0.8;'>Curso b\u00e1sico para selecci\u00f3n e implementaci\u00f3n de sistemas de protecci\u00f3n<\/h3>\n<\/p><\/div>\n<\/p><\/div>\n","protected":false},"excerpt":{"rendered":"<p>Electrodo de Acero Inoxidable<\/p>\n","protected":false},"featured_media":41130,"comment_status":"open","ping_status":"closed","template":"","meta":[],"product_brand":[],"product_cat":[1131],"product_tag":[1088,435,1132],"class_list":{"0":"post-41131","1":"product","2":"type-product","3":"status-publish","4":"has-post-thumbnail","6":"product_cat-tierras-fisicas","7":"product_tag-calidad-de-la-energia","8":"product_tag-linkedpro-by-epcom","9":"product_tag-tierras-fisicas","11":"first","12":"instock","13":"sale","14":"shipping-taxable","15":"purchasable","16":"product-type-simple"},"_links":{"self":[{"href":"https:\/\/soydeaqui.ddns.net\/pachuca\/index.php\/wp-json\/wp\/v2\/product\/41131","targetHints":{"allow":["GET"]}}],"collection":[{"href":"https:\/\/soydeaqui.ddns.net\/pachuca\/index.php\/wp-json\/wp\/v2\/product"}],"about":[{"href":"https:\/\/soydeaqui.ddns.net\/pachuca\/index.php\/wp-json\/wp\/v2\/types\/product"}],"replies":[{"embeddable":true,"href":"https:\/\/soydeaqui.ddns.net\/pachuca\/index.php\/wp-json\/wp\/v2\/comments?post=41131"}],"wp:featuredmedia":[{"embeddable":true,"href":"https:\/\/soydeaqui.ddns.net\/pachuca\/index.php\/wp-json\/wp\/v2\/media\/41130"}],"wp:attachment":[{"href":"https:\/\/soydeaqui.ddns.net\/pachuca\/index.php\/wp-json\/wp\/v2\/media?parent=41131"}],"wp:term":[{"taxonomy":"product_brand","embeddable":true,"href":"https:\/\/soydeaqui.ddns.net\/pachuca\/index.php\/wp-json\/wp\/v2\/product_brand?post=41131"},{"taxonomy":"product_cat","embeddable":true,"href":"https:\/\/soydeaqui.ddns.net\/pachuca\/index.php\/wp-json\/wp\/v2\/product_cat?post=41131"},{"taxonomy":"product_tag","embeddable":true,"href":"https:\/\/soydeaqui.ddns.net\/pachuca\/index.php\/wp-json\/wp\/v2\/product_tag?post=41131"}],"curies":[{"name":"wp","href":"https:\/\/api.w.org\/{rel}","templated":true}]}}