{"id":41104,"date":"2026-03-18T18:06:17","date_gmt":"2026-03-18T18:06:17","guid":{"rendered":"https:\/\/soydeaqui.ddns.net\/pachuca\/index.php\/producto\/microinversor-2-25-kw-wifi-220-vca-para-interconexion-a-red-electrica-ip67-conexion-para-cable-troncal-soporta-oversizing-a-4-modulos-de-hasta-750-w\/"},"modified":"2026-03-18T18:06:18","modified_gmt":"2026-03-18T18:06:18","slug":"microinversor-2-25-kw-wifi-220-vca-para-interconexion-a-red-electrica-ip67-conexion-para-cable-troncal-soporta-oversizing-a-4-modulos-de-hasta-750-w","status":"publish","type":"product","link":"https:\/\/soydeaqui.ddns.net\/pachuca\/index.php\/producto\/microinversor-2-25-kw-wifi-220-vca-para-interconexion-a-red-electrica-ip67-conexion-para-cable-troncal-soporta-oversizing-a-4-modulos-de-hasta-750-w\/","title":{"rendered":"Microinversor 2.25 Kw, WIFI,  220 Vca, para Interconexi\u00f3n a Red El\u00e9ctrica, IP67, Conexi\u00f3n para Cable Troncal, soporta oversizing a 4 M\u00f3dulos de Hasta 750 W"},"content":{"rendered":"<div style='width: 100%; max-width: 1200px; margin: 0 auto; font-family: sans-serif; line-height: 1.6; color: inherit; background-color: transparent;'>\n<div style='display: flex; flex-wrap: wrap; gap: 30px; margin-bottom: 30px;'>\n<div style='flex: 1 1 300px; min-width: 280px;'>\n<div style='text-align: center;'> <img style='width: 100%; height: auto; border: 1px solid rgba(150&comma;150&comma;150&comma;0.3); border-radius: 8px;' src='https:\/\/ftp3.syscom.mx\/usuarios\/mchaparro\/HOYMILES\/SINGLE1.png' alt=''> <\/p>\n<p style='margin-top: 15px; font-size: 15px; color: inherit;'> Monitoreo y administraci\u00f3n via app o PC por medio del <span style='color: #005cb9; font-weight: 600; font-size: 14px;'>DTUPROS<\/span> <\/p>\n<\/p><\/div>\n<\/p><\/div>\n<div style='flex: 1 1 300px; min-width: 280px;'>\n<div style='text-align: center;'> <img style='width: 100%; height: auto; border: 1px solid rgba(150&comma;150&comma;150&comma;0.3); border-radius: 8px;' src='https:\/\/ftp3.syscom.mx\/usuarios\/mchaparro\/HOYMILES\/SINGLE2.png' alt=''> <\/p>\n<p style='margin-top: 15px; font-size: 15px; color: inherit;'> IP67 Ideal para instalar a la intemperie debajo del mismo montaje de los m\u00f3dulos. <\/p>\n<\/p><\/div>\n<\/p><\/div>\n<div style='flex: 1 1 300px; min-width: 280px;'>\n<div style='text-align: center;'> <img style='width: 100%; height: auto; border: 1px solid rgba(150&comma;150&comma;150&comma;0.3); border-radius: 8px;' src='https:\/\/ftp3.syscom.mx\/usuarios\/mchaparro\/HOYMILES\/SINGLE3.png' alt=''> <\/p>\n<p style='margin-top: 15px; font-size: 15px; color: inherit;'> Plataforma de monitoreo por medio de <span style='color: #005cb9; font-size: 14px; font-weight: 600; text-align: start;'>DTUPROS<\/span> con gr\u00e1ficas de generaci\u00f3n diaria. <\/p>\n<\/p><\/div>\n<\/p><\/div>\n<\/p><\/div>\n<h3 style='text-align: center; font-size: 18px; font-weight: 400; margin: 30px 0; color: inherit;'>Incluye WIFI<\/h3>\n<div style='display: flex; flex-wrap: wrap; gap: 30px; margin-bottom: 30px;'>\n<div style='flex: 1 1 100%; min-width: 280px;'>\n<div style='border: 1px solid rgba(150&comma;150&comma;150&comma;0.4); border-radius: 8px; overflow: hidden;'>\n<div style='padding: 15px; border-bottom: 1px solid rgba(150&comma;150&comma;150&comma;0.2); font-weight: bold; font-size: 18px; color: inherit;'>Especificaciones<\/div>\n<div style='padding: 15px; color: inherit;'>\n<div style='margin-bottom: 20px;'>\n<h4 style='font-size: 16px; font-weight: bold; margin: 15px 0 10px; color: inherit;'>Datos de entrada de Corriente Directa (CD)<\/h4>\n<ul style='padding-left: 20px; margin: 0; font-size: 14px; list-style-type: disc; color: inherit;'>\n<li style='margin-bottom: 8px;'><strong>Potencia Maxima Fotovoltaica en Watts:<\/strong> 4 x 750 W<\/li>\n<li style='margin-bottom: 8px;'><strong>Voltaje Maximo de entrada (Voc):<\/strong> 65 Vcc<\/li>\n<li style='margin-bottom: 8px;'><strong>Corriente m\u00e1xima de corriente directa:<\/strong> 4 x 18 A<\/li>\n<\/ul><\/div>\n<div style='margin-bottom: 20px;'>\n<h4 style='font-size: 16px; font-weight: bold; margin: 15px 0 10px; color: inherit;'>Parametros de Salida de Corriente Alterna (CA)<\/h4>\n<ul style='padding-left: 20px; margin: 0; font-size: 14px; list-style-type: disc; color: inherit;'>\n<li style='margin-bottom: 8px;'><strong>Potencia m\u00e1xima de salida:<\/strong> 2250 W<\/li>\n<li style='margin-bottom: 8px;'><strong>Voltaje nominal de salida CA:<\/strong> 220 Vca<\/li>\n<li style='margin-bottom: 8px;'><strong>Corriente m\u00e1xima CA:<\/strong> 10.23 A<\/li>\n<\/ul><\/div>\n<div style='margin-bottom: 20px;'>\n<h4 style='font-size: 16px; font-weight: bold; margin: 15px 0 10px; color: inherit;'>Datos Generales<\/h4>\n<ul style='padding-left: 20px; margin: 0; font-size: 14px; list-style-type: disc; color: inherit;'>\n<li style='margin-bottom: 8px;'><strong>Eficiencia m\u00e1xima:<\/strong> 99.8 %<\/li>\n<li style='margin-bottom: 8px;'><strong>Frecuencia nominal\/rangos:<\/strong> 55 &#8211; 65 Hz<\/li>\n<li style='margin-bottom: 8px;'><strong>Dimensiones:<\/strong> 386 x 192 x 45.6 mm<\/li>\n<li style='margin-bottom: 8px;'><strong>Peso:<\/strong> 6 Kg<\/li>\n<li style='margin-bottom: 8px;'><strong>Numero de unidades por ramal:<\/strong> 3 Microinversores<\/li>\n<li style='margin-bottom: 8px;'><strong>Certificados:<\/strong> UL1741&comma; IEEE1547<\/li>\n<\/ul><\/div>\n<\/p><\/div>\n<\/p><\/div>\n<\/p><\/div>\n<\/p><\/div>\n<div style='display: flex; flex-wrap: wrap; gap: 30px; margin-bottom: 30px;'>\n<div style='flex: 1 1 100%; min-width: 280px;'>\n<div style='border: 1px solid rgba(150&comma;150&comma;150&comma;0.4); border-radius: 8px; overflow: hidden; padding: 15px;'>\n<h4 style='font-size: 18px; font-weight: bold; margin-top: 0; color: inherit;'>Microinversores HOYMILES<\/h4>\n<p style='font-size: 14px; margin: 10px 0;'>Se encargan de convertir la corriente generada por los m\u00f3dulos solares (CD) en corriente alterna (CA) para entregarla a nuestro sistema de red el\u00e9ctrica.<\/p>\n<ul style='padding-left: 20px; margin: 10px 0; font-size: 14px; list-style-type: disc; color: inherit;'>\n<li style='margin-bottom: 5px;'>Dual MPPT<\/li>\n<li style='margin-bottom: 5px;'>Disipador de calor de aluminio<\/li>\n<li style='margin-bottom: 5px;'>4 pares de conectores MC4<\/li>\n<li style='margin-bottom: 5px;'>Instalaci\u00f3n en zonas reducidas o dif\u00edciles<\/li>\n<li style='margin-bottom: 5px;'>Escalable<\/li>\n<li style='margin-bottom: 5px;'>Super ligero<\/li>\n<\/ul><\/div>\n<\/p><\/div>\n<\/p><\/div>\n<div style='display: flex; flex-wrap: wrap; gap: 30px; margin-bottom: 30px;'>\n<div style='flex: 1 1 100%; min-width: 280px;'>\n<div style='border: 1px solid rgba(150&comma;150&comma;150&comma;0.4); border-radius: 8px; overflow: hidden; padding: 15px;'>\n<h4 style='font-size: 18px; font-weight: bold; margin-top: 0; color: inherit;'>Microinversor MHS-2000-4T<\/h4>\n<p style='font-size: 14px; margin: 10px 0;'>El Microinversor Hoymiles es el primer microinversor del mundo en 220 Vca para hasta 4 m\u00f3dulos de 625 W con MPPT duales que nos ofrecen:<\/p>\n<ul style='padding-left: 20px; margin: 10px 0; font-size: 14px; list-style-type: disc; color: inherit;'>\n<li style='margin-bottom: 5px;'>Bajo costo de inversi\u00f3n<\/li>\n<li style='margin-bottom: 5px;'>Conexi\u00f3n y generaci\u00f3n de paneles independiente<\/li>\n<li style='margin-bottom: 5px;'>Encendido ultrarr\u00e1pido<\/li>\n<li style='margin-bottom: 5px;'>Notificaciones en tiempo real<\/li>\n<li style='margin-bottom: 5px;'>Monitoreo de rendimiento de forma remota con DTU<\/li>\n<\/ul><\/div>\n<\/p><\/div>\n<\/p><\/div>\n<div style='display: flex; flex-wrap: wrap; gap: 30px; margin-bottom: 30px;'>\n<div style='flex: 1 1 100%; min-width: 280px;'>\n<div style='border: 1px solid rgba(150&comma;150&comma;150&comma;0.4); border-radius: 8px; overflow: hidden; padding: 15px;'>\n<h4 style='font-size: 18px; font-weight: bold; margin-top: 0; color: inherit;'>M\u00e1s Potencia<\/h4>\n<p style='font-size: 14px; margin: 10px 0;'>Los microinversores se montan sobre la misma estructura de los m\u00f3dulos y las conexiones de los m\u00f3dulos son por medio de sus propios conectores&comma; por lo que hace una instalaci\u00f3n realmente sencilla.<\/p>\n<ul style='padding-left: 20px; margin: 10px 0; font-size: 14px; list-style-type: disc; color: inherit;'>\n<li style='margin-bottom: 5px;'>Alta eficiencia&comma; excelente beneficio<\/li>\n<li style='margin-bottom: 5px;'>M\u00e1xima eficiencia de conversi\u00f3n&comma; hasta 95%<\/li>\n<li style='margin-bottom: 5px;'>Aproveche al m\u00e1ximo la potencia del sol con tecnolog\u00eda MPPT<\/li>\n<\/ul><\/div>\n<\/p><\/div>\n<\/p><\/div>\n<h3 style='margin: 30px 0; font-size: 18px; font-weight: bold; color: #18a085; text-align: center;'>DIAGRAMA DE CONEXI\u00d3N<\/h3>\n<hr style='border: 0; border-top: 1px solid rgba(150&comma;150&comma;150&comma;0.3); margin: 30px 0;'> <\/div>\n","protected":false},"excerpt":{"rendered":"<p>Microinversor 2.25 Kw, WIFI,  220 Vca, para Interconexi\u00f3n a Red El\u00e9ctrica, IP67, Conexi\u00f3n para Cable Troncal, soporta oversizing a 4 M\u00f3dulos de Hasta 750 W<\/p>\n","protected":false},"featured_media":32,"comment_status":"open","ping_status":"closed","template":"","meta":[],"product_brand":[],"product_cat":[1092],"product_tag":[964,1094,1093],"class_list":{"0":"post-41104","1":"product","2":"type-product","3":"status-publish","4":"has-post-thumbnail","6":"product_cat-inversores-interconexion-on-grid","7":"product_tag-energia-solar","8":"product_tag-hoymiles","9":"product_tag-inversores-interconexion-on-grid","11":"first","12":"outofstock","13":"sale","14":"shipping-taxable","15":"purchasable","16":"product-type-simple"},"_links":{"self":[{"href":"https:\/\/soydeaqui.ddns.net\/pachuca\/index.php\/wp-json\/wp\/v2\/product\/41104","targetHints":{"allow":["GET"]}}],"collection":[{"href":"https:\/\/soydeaqui.ddns.net\/pachuca\/index.php\/wp-json\/wp\/v2\/product"}],"about":[{"href":"https:\/\/soydeaqui.ddns.net\/pachuca\/index.php\/wp-json\/wp\/v2\/types\/product"}],"replies":[{"embeddable":true,"href":"https:\/\/soydeaqui.ddns.net\/pachuca\/index.php\/wp-json\/wp\/v2\/comments?post=41104"}],"wp:featuredmedia":[{"embeddable":true,"href":"https:\/\/soydeaqui.ddns.net\/pachuca\/index.php\/wp-json\/wp\/v2\/media\/32"}],"wp:attachment":[{"href":"https:\/\/soydeaqui.ddns.net\/pachuca\/index.php\/wp-json\/wp\/v2\/media?parent=41104"}],"wp:term":[{"taxonomy":"product_brand","embeddable":true,"href":"https:\/\/soydeaqui.ddns.net\/pachuca\/index.php\/wp-json\/wp\/v2\/product_brand?post=41104"},{"taxonomy":"product_cat","embeddable":true,"href":"https:\/\/soydeaqui.ddns.net\/pachuca\/index.php\/wp-json\/wp\/v2\/product_cat?post=41104"},{"taxonomy":"product_tag","embeddable":true,"href":"https:\/\/soydeaqui.ddns.net\/pachuca\/index.php\/wp-json\/wp\/v2\/product_tag?post=41104"}],"curies":[{"name":"wp","href":"https:\/\/api.w.org\/{rel}","templated":true}]}}