{"id":41072,"date":"2026-03-18T18:05:29","date_gmt":"2026-03-18T18:05:29","guid":{"rendered":"https:\/\/soydeaqui.ddns.net\/pachuca\/index.php\/producto\/fuente-de-poder-para-8-camaras-ajustables-a-12-o-13-5-o-15-vcc-8-amperes-instalacion-en-pared\/"},"modified":"2026-03-18T18:05:34","modified_gmt":"2026-03-18T18:05:34","slug":"fuente-de-poder-para-8-camaras-ajustables-a-12-o-13-5-o-15-vcc-8-amperes-instalacion-en-pared","status":"publish","type":"product","link":"https:\/\/soydeaqui.ddns.net\/pachuca\/index.php\/producto\/fuente-de-poder-para-8-camaras-ajustables-a-12-o-13-5-o-15-vcc-8-amperes-instalacion-en-pared\/","title":{"rendered":"Fuente de Poder \/ Para 8 C\u00e1maras \/ Ajustables a 12 o 13.5 o 15 Vcc \/ 8 Amperes \/ Instalaci\u00f3n en Pared."},"content":{"rendered":"<div style='width: 100%; max-width: 1200px; margin: 0 auto; font-family: sans-serif; line-height: 1.6; color: inherit; background-color: transparent;'>\n<div style='text-align: center; margin-bottom: 30px;'>\n<h1 style='font-size: 28px; color: inherit; margin: 0 0 10px; font-weight: bold;'>NV815DC<\/h1>\n<h3 style='font-size: 18px; color: inherit; margin: 0 0 20px;'>Fuente de alimentaci\u00f3n de 12 Vcc \/ 13.5 Vcc \/ 15 Vcc @ 8 Amperes<\/h3>\n<p style='color: inherit; margin: 0 auto 20px; max-width: 800px; font-size: 15px;'> <strong>Sistemas de alimentaci\u00f3n para aplicaciones en sistemas de seguridad electr\u00f3nica y comunicaci\u00f3n.<\/strong> <\/p>\n<\/p><\/div>\n<p> <!-- CARACTERISTICIAS Y ESPECIFICACIONES --> <\/p>\n<div style='display: flex; flex-wrap: wrap; gap: 30px; margin-bottom: 30px;'>\n<div style='flex: 1 1 300px; min-width: 280px;'>\n<div style='width: 100%;'> <img style='width: 100%; height: auto; border: 1px solid rgba(150&comma;150&comma;150&comma;0.3); border-radius: 8px;' src='https:\/\/ftp3.syscom.mx\/cdn-cgi\/image\/format=auto&comma;quality=95&comma;width=1200\/usuarios\/fotos\/BancoFotografiasSyscom\/EPCOMPOWERLINE\/NV815DC\/NV815DC-l.PNG' alt=''> <\/p>\n<div style='margin-top: 20px;'>\n<h3 style='font-size: 22px; border-bottom: 2px solid currentColor; padding-bottom: 5px; margin-top: 0; color: inherit; opacity: 0.8;'>Caracter\u00edsticas<\/h3>\n<ul style='padding-left: 20px; font-size: 15px; color: inherit;'>\n<li style='margin-bottom: 5px;'>Voltaje de entrada: 100-240 Vca<\/li>\n<li style='margin-bottom: 5px;'><strong>Voltaje de salida seleccionable : 12 Vcc \/ 13.5 Vcc \/ 15 Vcc<\/strong><\/li>\n<li style='margin-bottom: 5px;'><strong>Corriente de salida : 4 Amper<\/strong><\/li>\n<li style='margin-bottom: 5px;'>Frecuencia nominal : 50-60 Hz<\/li>\n<li style='margin-bottom: 5px;'><strong>Potencia de salida : 48 W<\/strong><\/li>\n<\/ul><\/div>\n<\/p><\/div>\n<\/p><\/div>\n<div style='flex: 1 1 300px; min-width: 280px;'>\n<div style='width: 100%;'> <img style='width: 100%; height: auto; border: 1px solid rgba(150&comma;150&comma;150&comma;0.3); border-radius: 8px;' src='https:\/\/ftp3.syscom.mx\/cdn-cgi\/image\/format=auto&comma;quality=95&comma;width=900\/usuarios\/fotos\/BancoFotografiasSyscom\/EPCOMPOWERLINE\/NV815DC\/NV815DC-AD-3-l.PNG' alt=''> <\/p>\n<div style='margin-top: 20px;'>\n<h3 style='font-size: 22px; border-bottom: 2px solid currentColor; padding-bottom: 5px; margin-top: 0; color: inherit; opacity: 0.8;'>Especificaciones F\u00edsicas<\/h3>\n<ul style='padding-left: 20px; font-size: 15px; color: inherit;'>\n<li style='margin-bottom: 5px;'>Entrada : Conector a 120 Vca<\/li>\n<li style='margin-bottom: 5px;'>Salida : Terminales<\/li>\n<li style='margin-bottom: 5px;'>Material : Pl\u00e1stico ABS<\/li>\n<li style='margin-bottom: 5px;'>Color : Negro<\/li>\n<li style='margin-bottom: 5px;'><strong>Temperatura de operaci\u00f3n : -20 \u00b0C a 45 \u00b0C<\/strong><\/li>\n<li style='margin-bottom: 5px;'>Dimensiones ( L x W x H ): 120.4 x 88.2 x 126.6 mm.<\/li>\n<\/ul><\/div>\n<\/p><\/div>\n<\/p><\/div>\n<div style='flex: 1 1 300px; min-width: 280px;'>\n<div style='width: 100%;'> <img style='width: 100%; height: auto; border: 1px solid rgba(150&comma;150&comma;150&comma;0.3); border-radius: 8px;' src='https:\/\/ftp3.syscom.mx\/cdn-cgi\/image\/format=auto&comma;quality=95&comma;width=900\/usuarios\/fotos\/BancoFotografiasSyscom\/EPCOMPOWERLINE\/NV815DC\/NV815DC-AD-2-l.PNG' alt=''> <\/p>\n<div style='margin-top: 20px;'>\n<h3 style='font-size: 22px; border-bottom: 2px solid currentColor; padding-bottom: 5px; margin-top: 0; color: inherit; opacity: 0.8;'>Productos relacionados<\/h3>\n<ul style='padding-left: 20px; font-size: 15px; color: inherit;'>\n<li style='margin-bottom: 5px;'><strong>NV415DC<\/strong><\/li>\n<li style='margin-bottom: 5px;'><strong>NV815DC<\/strong><\/li>\n<li style='margin-bottom: 5px;'><strong>NV1615DC<\/strong><\/li>\n<\/ul><\/div>\n<\/p><\/div>\n<\/p><\/div>\n<\/p><\/div>\n<p> <!-- Separador --> <\/p>\n<hr style='border: 0; border-top: 1px solid rgba(150&comma; 150&comma; 150&comma; 0.3); margin: 30px 0;'> <\/div>\n","protected":false},"excerpt":{"rendered":"<p>Fuente de Poder \/ Para 8 C\u00e1maras \/ Ajustables a 12 o 13.5 o 15 Vcc \/ 8 Amperes \/ Instalaci\u00f3n en Pared.<\/p>\n","protected":false},"featured_media":41071,"comment_status":"open","ping_status":"closed","template":"","meta":[],"product_brand":[],"product_cat":[1188],"product_tag":[454,405,1189],"class_list":{"0":"post-41072","1":"product","2":"type-product","3":"status-publish","4":"has-post-thumbnail","6":"product_cat-fuentes-de-uso-industrial-riel-din","7":"product_tag-epcom-powerline","8":"product_tag-fuentes-de-poder","9":"product_tag-fuentes-de-uso-industrial-riel-din","11":"first","12":"outofstock","13":"sale","14":"shipping-taxable","15":"purchasable","16":"product-type-simple"},"_links":{"self":[{"href":"https:\/\/soydeaqui.ddns.net\/pachuca\/index.php\/wp-json\/wp\/v2\/product\/41072","targetHints":{"allow":["GET"]}}],"collection":[{"href":"https:\/\/soydeaqui.ddns.net\/pachuca\/index.php\/wp-json\/wp\/v2\/product"}],"about":[{"href":"https:\/\/soydeaqui.ddns.net\/pachuca\/index.php\/wp-json\/wp\/v2\/types\/product"}],"replies":[{"embeddable":true,"href":"https:\/\/soydeaqui.ddns.net\/pachuca\/index.php\/wp-json\/wp\/v2\/comments?post=41072"}],"wp:featuredmedia":[{"embeddable":true,"href":"https:\/\/soydeaqui.ddns.net\/pachuca\/index.php\/wp-json\/wp\/v2\/media\/41071"}],"wp:attachment":[{"href":"https:\/\/soydeaqui.ddns.net\/pachuca\/index.php\/wp-json\/wp\/v2\/media?parent=41072"}],"wp:term":[{"taxonomy":"product_brand","embeddable":true,"href":"https:\/\/soydeaqui.ddns.net\/pachuca\/index.php\/wp-json\/wp\/v2\/product_brand?post=41072"},{"taxonomy":"product_cat","embeddable":true,"href":"https:\/\/soydeaqui.ddns.net\/pachuca\/index.php\/wp-json\/wp\/v2\/product_cat?post=41072"},{"taxonomy":"product_tag","embeddable":true,"href":"https:\/\/soydeaqui.ddns.net\/pachuca\/index.php\/wp-json\/wp\/v2\/product_tag?post=41072"}],"curies":[{"name":"wp","href":"https:\/\/api.w.org\/{rel}","templated":true}]}}