{"id":41065,"date":"2026-03-18T18:05:15","date_gmt":"2026-03-18T18:05:15","guid":{"rendered":"https:\/\/soydeaqui.ddns.net\/pachuca\/index.php\/producto\/kit-hibrido-con-interconexion-a-la-red-electrica-de-cfe-de-9-6-kw-con-salida-de-220-vca-y-respaldo-de-10-kwh-en-bateria-de-lifepo4\/"},"modified":"2026-03-18T18:05:16","modified_gmt":"2026-03-18T18:05:16","slug":"kit-hibrido-con-interconexion-a-la-red-electrica-de-cfe-de-9-6-kw-con-salida-de-220-vca-y-respaldo-de-10-kwh-en-bateria-de-lifepo4","status":"publish","type":"product","link":"https:\/\/soydeaqui.ddns.net\/pachuca\/index.php\/producto\/kit-hibrido-con-interconexion-a-la-red-electrica-de-cfe-de-9-6-kw-con-salida-de-220-vca-y-respaldo-de-10-kwh-en-bateria-de-lifepo4\/","title":{"rendered":"Kit Hibrido con Interconexi\u00f3n a la Red El\u00e9ctrica de CFE de 9.6 kW con Salida de 220 Vca y respaldo de 10 kWh en bater\u00eda de LiFePO4"},"content":{"rendered":"<div style='width: 100%; max-width: 1200px; margin: 0 auto; font-family: sans-serif; line-height: 1.6; color: inherit; background-color: transparent;'>\n<h3 style='font-size: 22px; border-bottom: 2px solid currentColor; padding-bottom: 5px; margin-top: 0; color: inherit; opacity: 0.8;'>C\u00f3mo Funciona?<\/h3>\n<p style='font-size: 15px; color: inherit;'>Los sistemas HIBRIDOS con bater\u00eda permiten aprovechar al m\u00e1ximo la energ\u00eda solar. Los paneles solares generan electricidad en corriente directa&comma; que es transformada en corriente alterna mediante un inversor h\u00edbrido. Este sistema suministra energ\u00eda a la vivienda y almacena el excedente en una bater\u00eda para su uso posterior&comma; maximizando el ahorro y la independencia energ\u00e9tica.<\/p>\n<p style='font-size: 15px; color: inherit;'>Este sistema permite reducir el consumo de la red el\u00e9ctrica hasta en un 95%&comma; brindando autonom\u00eda y asegurando el suministro en caso de fallos en la red.<\/p>\n<p style='margin: 30px 0;'><img style='width: 100%; height: auto; border: 1px solid rgba(150&comma;150&comma;150&comma;0.3); border-radius: 8px;' src='https:\/\/ftp3.syscom.mx\/usuarios\/fotos\/BancoFotografiasSyscom\/HOYMILES\/HYS9.6LVUSG1\/HYS9.6LVUSG1-h.PNG' alt='Vista 1 del producto'><\/p>\n<div style='display: flex; flex-wrap: wrap; gap: 30px; margin-bottom: 30px;'>\n<div style='flex: 1 1 300px; min-width: 280px;'>\n<h3 style='font-size: 22px; border-bottom: 2px solid currentColor; padding-bottom: 5px; margin-top: 0; color: inherit; opacity: 0.8;'>Componentes del Sistema<\/h3>\n<table style='width: 100%; border-collapse: collapse; font-size: 15px; color: inherit;'>\n<thead>\n<tr style='background-color: rgba(150&comma;150&comma;150&comma;0.1);'>\n<th style='padding: 12px; border: 1px solid rgba(150&comma;150&comma;150&comma;0.3); text-align: left;'>Cantidad<\/th>\n<th style='padding: 12px; border: 1px solid rgba(150&comma;150&comma;150&comma;0.3); text-align: left;'>Modelo<\/th>\n<th style='padding: 12px; border: 1px solid rgba(150&comma;150&comma;150&comma;0.3); text-align: left;'>Descripci\u00f3n<\/th>\n<\/tr>\n<\/thead>\n<tbody>\n<tr>\n<td style='padding: 10px; border: 1px solid rgba(150&comma;150&comma;150&comma;0.3);'>18<\/td>\n<td style='padding: 10px; border: 1px solid rgba(150&comma;150&comma;150&comma;0.3);'>LR772HVH645M<\/td>\n<td style='padding: 10px; border: 1px solid rgba(150&comma;150&comma;150&comma;0.3);'>M\u00f3dulo 645w<\/td>\n<\/tr>\n<tr>\n<td style='padding: 10px; border: 1px solid rgba(150&comma;150&comma;150&comma;0.3);'>1<\/td>\n<td style='padding: 10px; border: 1px solid rgba(150&comma;150&comma;150&comma;0.3);'>HYS9.6LVUSG1<\/td>\n<td style='padding: 10px; border: 1px solid rgba(150&comma;150&comma;150&comma;0.3);'>Inversor h\u00edbrido Hoymiles de 9.6KW 220Vca<\/td>\n<\/tr>\n<tr>\n<td style='padding: 10px; border: 1px solid rgba(150&comma;150&comma;150&comma;0.3);'>5<\/td>\n<td style='padding: 10px; border: 1px solid rgba(150&comma;150&comma;150&comma;0.3);'>RES20010K<\/td>\n<td style='padding: 10px; border: 1px solid rgba(150&comma;150&comma;150&comma;0.3);'>Bater\u00eda de 10KW<\/td>\n<\/tr>\n<tr>\n<td style='padding: 10px; border: 1px solid rgba(150&comma;150&comma;150&comma;0.3);'>4<\/td>\n<td style='padding: 10px; border: 1px solid rgba(150&comma;150&comma;150&comma;0.3);'>VEKTOR8R<\/td>\n<td style='padding: 10px; border: 1px solid rgba(150&comma;150&comma;150&comma;0.3);'>Montaje para paneles solares<\/td>\n<\/tr>\n<tr>\n<td style='padding: 10px; border: 1px solid rgba(150&comma;150&comma;150&comma;0.3);'>1<\/td>\n<td style='padding: 10px; border: 1px solid rgba(150&comma;150&comma;150&comma;0.3);'>VEKTOR2700<\/td>\n<td style='padding: 10px; border: 1px solid rgba(150&comma;150&comma;150&comma;0.3);'>Montaje para paneles solares<\/td>\n<\/tr>\n<\/tbody>\n<\/table><\/div>\n<\/p><\/div>\n<h3 style='font-size: 22px; border-bottom: 2px solid currentColor; padding-bottom: 5px; margin-top: 0; color: inherit; opacity: 0.8;'>Aplicaci\u00f3n<\/h3>\n<p style='font-size: 15px; color: inherit;'>Este sistema es ideal para viviendas privadas que buscan independencia energ\u00e9tica y ahorro en su recibo de electricidad. Su bater\u00eda integrada permite el almacenamiento de energ\u00eda para uso nocturno o en cortes de luz.<\/p>\n<h3 style='font-size: 22px; border-bottom: 2px solid currentColor; padding-bottom: 5px; margin-top: 0; color: inherit; opacity: 0.8;'>Beneficios<\/h3>\n<ul style='padding-left: 20px; font-size: 15px; color: inherit;'>\n<li style='margin-bottom: 5px;'><strong>Amigable con el Usuario:<\/strong> Dise\u00f1o compacto&comma; f\u00e1cil instalaci\u00f3n y transporte.<\/li>\n<li style='margin-bottom: 5px;'><strong>Alto Rendimiento:<\/strong> Eficiencia de hasta 97.8%&comma; doble MPPT para distintas orientaciones y amplio rango de voltaje para mayor producci\u00f3n de energ\u00eda.<\/li>\n<li style='margin-bottom: 5px;'><strong>Seguro y Confiable:<\/strong> Protecci\u00f3n m\u00faltiple&comma; detecci\u00f3n de errores avanzada&comma; grado de protecci\u00f3n NEMA 4X y enfriamiento natural.<\/li>\n<li style='margin-bottom: 5px;'><strong>Transferencia a nivel de un UPS:<\/strong> 4 ms<\/li>\n<\/ul>\n<hr style='border: 0; border-top: 1px solid rgba(150&comma; 150&comma; 150&comma; 0.3); margin: 30px 0;'>\n<div style='display: flex; flex-wrap: wrap; gap: 20px; margin-bottom: 30px;'>\n<div style='flex: 1 1 250px; border: 1px solid rgba(150&comma; 150&comma; 150&comma; 0.4); border-radius: 8px; overflow: hidden; display: flex; flex-direction: column;'>\n<div style='padding: 15px; border-bottom: 1px solid rgba(150&comma; 150&comma; 150&comma; 0.2); font-weight: bold; font-size: 18px; color: inherit;'>Caracter\u00edsticas del Sistema<\/div>\n<div style='padding: 15px; color: inherit;'>\n<ul style='padding-left: 20px; margin: 0; font-size: 14px; list-style-type: disc;'>\n<li style='margin-bottom: 5px;'>Soporta sistema 20\/240Vac<\/li>\n<li style='margin-bottom: 5px;'>Autoconsumo e inyecci\u00f3n a red.<\/li>\n<li style='margin-bottom: 5px;'>Reinicio autom\u00e1tico mientras AC se est\u00e1 recuperando.<\/li>\n<li style='margin-bottom: 5px;'>Prioridad de suministro programable para bater\u00eda o red.<\/li>\n<li style='margin-bottom: 5px;'>M\u00faltiples modos de funcionamiento programables: On grid&comma; off grid y UPS.<\/li>\n<li style='margin-bottom: 5px;'>Tensi\u00f3n\/corriente de carga de la bater\u00eda configurable en funci\u00f3n de las aplicaciones mediante la configuraci\u00f3n de la pantalla LCD<\/li>\n<li style='margin-bottom: 5px;'>Prioridad configurable del cargador AC\/Solar\/Generator mediante la configuraci\u00f3n de la pantalla LCD.<\/li>\n<li style='margin-bottom: 5px;'>Compatible con tensi\u00f3n de red o generador.<\/li>\n<li style='margin-bottom: 5px;'>Protecci\u00f3n contra sobrecarga\/sobretemperatura\/cortocircuito.<\/li>\n<li style='margin-bottom: 5px;'>Dise\u00f1o de cargador de bater\u00eda inteligente para optimizar el rendimiento de la bater\u00eda<\/li>\n<li style='margin-bottom: 5px;'>Con funci\u00f3n de l\u00edmite&comma; evita el desbordamiento de exceso de energ\u00eda a la red.<\/li>\n<li style='margin-bottom: 5px;'>Soporte de monitoreo WIFI y 2 cadenas integradas de rastreadores MPP<\/li>\n<li style='margin-bottom: 5px;'>Carga MPPT de tres etapas configurable de forma inteligente para optimizar el rendimiento de la bater\u00eda.<\/li>\n<li style='margin-bottom: 5px;'>Funci\u00f3n de tiempo de uso.<\/li>\n<li style='margin-bottom: 5px;'>Funci\u00f3n Carga Inteligente.<\/li>\n<\/ul><\/div>\n<\/p><\/div>\n<div style='flex: 1 1 250px; border: 1px solid rgba(150&comma; 150&comma; 150&comma; 0.4); border-radius: 8px; overflow: hidden; display: flex; flex-direction: column;'>\n<div style='padding: 15px; border-bottom: 1px solid rgba(150&comma; 150&comma; 150&comma; 0.2); font-weight: bold; font-size: 18px; color: inherit;'>Bater\u00edas de Litio Compatibles<\/div>\n<div style='padding: 15px; color: inherit;'>\n<ul style='padding-left: 20px; margin: 0; font-size: 14px; list-style-type: disc;'>\n<li style='margin-bottom: 5px;'>RLB10048MAX<\/li>\n<li style='margin-bottom: 5px;'><a style='color: inherit; text-decoration: none; font-weight: 600;' href='https:\/\/www.syscom.mx\/principal\/searchcont?route=RES20010K-EPCOM-POWER-LINE-BY-RITAR-219713&#038;autodetect=res200'>RES20010K<\/a><\/li>\n<li style='margin-bottom: 5px;'><a style='color: inherit; text-decoration: none; font-weight: 600;' href='https:\/\/www.syscom.mx\/principal\/searchcont?route=RES1005K-EPCOM-POWER-LINE-BY-RITAR-230632&#038;autodetect=res200'>RES1005K<\/a><\/li>\n<\/ul><\/div>\n<\/p><\/div>\n<\/p><\/div>\n<\/p><\/div>\n","protected":false},"excerpt":{"rendered":"<p>Kit Hibrido con Interconexi\u00f3n a la Red El\u00e9ctrica de CFE de 9.6 kW con Salida de 220 Vca y respaldo de 10 kWh en bater\u00eda de LiFePO4<\/p>\n","protected":false},"featured_media":32,"comment_status":"open","ping_status":"closed","template":"","meta":[],"product_brand":[],"product_cat":[1196],"product_tag":[964,1094,1197],"class_list":{"0":"post-41065","1":"product","2":"type-product","3":"status-publish","4":"has-post-thumbnail","6":"product_cat-kit-solar-sistema-aislado","7":"product_tag-energia-solar","8":"product_tag-hoymiles","9":"product_tag-kit-solar-sistema-aislado","11":"first","12":"outofstock","13":"sale","14":"shipping-taxable","15":"purchasable","16":"product-type-simple"},"_links":{"self":[{"href":"https:\/\/soydeaqui.ddns.net\/pachuca\/index.php\/wp-json\/wp\/v2\/product\/41065","targetHints":{"allow":["GET"]}}],"collection":[{"href":"https:\/\/soydeaqui.ddns.net\/pachuca\/index.php\/wp-json\/wp\/v2\/product"}],"about":[{"href":"https:\/\/soydeaqui.ddns.net\/pachuca\/index.php\/wp-json\/wp\/v2\/types\/product"}],"replies":[{"embeddable":true,"href":"https:\/\/soydeaqui.ddns.net\/pachuca\/index.php\/wp-json\/wp\/v2\/comments?post=41065"}],"wp:featuredmedia":[{"embeddable":true,"href":"https:\/\/soydeaqui.ddns.net\/pachuca\/index.php\/wp-json\/wp\/v2\/media\/32"}],"wp:attachment":[{"href":"https:\/\/soydeaqui.ddns.net\/pachuca\/index.php\/wp-json\/wp\/v2\/media?parent=41065"}],"wp:term":[{"taxonomy":"product_brand","embeddable":true,"href":"https:\/\/soydeaqui.ddns.net\/pachuca\/index.php\/wp-json\/wp\/v2\/product_brand?post=41065"},{"taxonomy":"product_cat","embeddable":true,"href":"https:\/\/soydeaqui.ddns.net\/pachuca\/index.php\/wp-json\/wp\/v2\/product_cat?post=41065"},{"taxonomy":"product_tag","embeddable":true,"href":"https:\/\/soydeaqui.ddns.net\/pachuca\/index.php\/wp-json\/wp\/v2\/product_tag?post=41065"}],"curies":[{"name":"wp","href":"https:\/\/api.w.org\/{rel}","templated":true}]}}