{"id":41060,"date":"2026-03-18T18:05:05","date_gmt":"2026-03-18T18:05:05","guid":{"rendered":"https:\/\/soydeaqui.ddns.net\/pachuca\/index.php\/producto\/guas-jalacables-de-fibra-de-vidrio-multirranuradas-diseo-de-baja-friccin-rendimiento-de-fibra-de-vidrio-a-costo-25-ms-bajo-no-conductoras-gua-de-espiral-de-acero-de-7\/"},"modified":"2026-03-18T18:05:14","modified_gmt":"2026-03-18T18:05:14","slug":"guas-jalacables-de-fibra-de-vidrio-multirranuradas-diseo-de-baja-friccin-rendimiento-de-fibra-de-vidrio-a-costo-25-ms-bajo-no-conductoras-gua-de-espiral-de-acero-de-7","status":"publish","type":"product","link":"https:\/\/soydeaqui.ddns.net\/pachuca\/index.php\/producto\/guas-jalacables-de-fibra-de-vidrio-multirranuradas-diseo-de-baja-friccin-rendimiento-de-fibra-de-vidrio-a-costo-25-ms-bajo-no-conductoras-gua-de-espiral-de-acero-de-7\/","title":{"rendered":"Gu?as Jalacables de Fibra de Vidrio Multirranuradas \/ Dise?o de Baja Fricci?n \/ Rendimiento de Fibra de Vidrio a Costo 25% M?s Bajo \/ No Conductoras \/ Gu?a de Espiral de Acero de 7"},"content":{"rendered":"<div style='width: 100%; max-width: 1200px; margin: 0 auto; font-family: sans-serif; line-height: 1.6; color: inherit; background-color: transparent;'>\n<div style='margin-bottom: 30px;'>\n<p style='font-size: 18px; line-height: 1.6; margin: 0; color: inherit;'>Las gu\u00edas jalacables de fibra de vidrio multirranuradas de Klein Tools ofrecen un dise\u00f1o innovador de baja fricci\u00f3n que facilita el jalado de cables a trav\u00e9s de tubos conduit atestados. Con un rendimiento de fibra de vidrio a un costo 25% m\u00e1s bajo&comma; estas gu\u00edas son ideales para profesionales que buscan eficiencia y econom\u00eda en sus proyectos.<\/p>\n<\/div>\n<div style='margin-bottom: 30px;'>\n<h2 style='font-size: 24px; font-weight: 600; margin: 0 0 20px 0; color: inherit; border-bottom: 2px solid currentColor; padding-bottom: 8px; opacity: 0.9;'>Caracter\u00edsticas Principales<\/h2>\n<div style='display: flex; flex-wrap: wrap; gap: 20px;'>\n<div style='flex: 1 1 100%; border: 1px solid rgba(150&comma; 150&comma; 150&comma; 0.4); border-radius: 8px; overflow: hidden; display: flex; flex-direction: column;'>\n<div style='padding: 15px; border-bottom: 1px solid rgba(150&comma; 150&comma; 150&comma; 0.2); font-weight: bold; font-size: 18px; color: inherit;'>Caracter\u00edsticas<\/div>\n<div style='padding: 15px; color: inherit;'>\n<ul style='padding-left: 20px; margin: 0; font-size: 14px; list-style-type: disc;'>\n<li style='margin-bottom: 8px;'>Dise\u00f1o de baja fricci\u00f3n que facilita el jalado de cables<\/li>\n<li style='margin-bottom: 8px;'>Rendimiento de fibra de vidrio a un costo 25% m\u00e1s bajo<\/li>\n<li style='margin-bottom: 8px;'>No conductoras&comma; ideales para trabajos el\u00e9ctricos seguros<\/li>\n<li style='margin-bottom: 8px;'>Gu\u00eda de espiral de acero de 7&#8221; para rigidez en distancias extensas<\/li>\n<li style='margin-bottom: 8px;'>Menor superficie de contacto para atravesar tubos conduit atestados de cables<\/li>\n<\/ul>\n<\/div>\n<\/div>\n<\/div>\n<\/div>\n<div style='margin-bottom: 30px;'>\n<h2 style='font-size: 24px; font-weight: 600; margin: 0 0 20px 0; color: inherit; border-bottom: 2px solid currentColor; padding-bottom: 8px; opacity: 0.9;'>Detalles T\u00e9cnicos<\/h2>\n<div style='display: flex; flex-wrap: wrap; gap: 20px; margin-bottom: 30px;'>\n<div style='flex: 1 1 45%; min-width: 280px; border: 1px solid rgba(150&comma; 150&comma; 150&comma; 0.4); border-radius: 8px; overflow: hidden; display: flex; flex-direction: column;'>\n<div style='padding: 15px; border-bottom: 1px solid rgba(150&comma; 150&comma; 150&comma; 0.2); font-weight: bold; font-size: 18px; color: inherit;'>Especificaciones<\/div>\n<div style='padding: 15px; color: inherit;'>\n<ul style='padding-left: 20px; margin: 0; font-size: 14px; list-style-type: disc;'>\n<li style='margin-bottom: 8px;'>Longitud: 100&#8217;&comma; 200&#8217;&comma; 50&#8242;<\/li>\n<li style='margin-bottom: 8px;'>Ancho: 3\/16&#8221;<\/li>\n<li style='margin-bottom: 8px;'>Di\u00e1metro del carrete: 13&#8221; (330 mm)&comma; 17&#8221; (432 mm)<\/li>\n<li style='margin-bottom: 8px;'>Peso: 3.09 lb&comma; 6.16 lb&comma; 2.33 lb&comma; 3.05 lb&comma; 6.04 lb<\/li>\n<\/ul>\n<\/div>\n<\/div>\n<div style='flex: 1 1 45%; min-width: 280px; border: 1px solid rgba(150&comma; 150&comma; 150&comma; 0.4); border-radius: 8px; overflow: hidden; display: flex; flex-direction: column;'>\n<div style='padding: 15px; border-bottom: 1px solid rgba(150&comma; 150&comma; 150&comma; 0.2); font-weight: bold; font-size: 18px; color: inherit;'>Interfaces y Conectividad<\/div>\n<div style='padding: 15px; color: inherit;'>\n<ul style='padding-left: 20px; margin: 0; font-size: 14px; list-style-type: disc;'>\n<li style='margin-bottom: 8px;'>Gu\u00eda de espiral de acero de 7&#8221;<\/li>\n<li style='margin-bottom: 8px;'>Dos opciones de puntas<\/li>\n<\/ul>\n<\/div>\n<\/div>\n<\/div>\n<\/div>\n<\/div>\n<div style='margin-bottom: 30px;'>\n<h2 style='font-size: 24px; font-weight: 600; margin: 0 0 20px 0; color: inherit; border-bottom: 2px solid currentColor; padding-bottom: 8px; opacity: 0.9;'>Aplicaciones y Casos de Uso<\/h2>\n<div style='display: flex; flex-wrap: wrap; gap: 20px; margin-bottom: 30px;'>\n<div style='flex: 1 1 30%; min-width: 280px; border: 1px solid rgba(150&comma; 150&comma; 150&comma; 0.4); border-radius: 8px; overflow: hidden; display: flex; flex-direction: column;'>\n<div style='padding: 15px; border-bottom: 1px solid rgba(150&comma; 150&comma; 150&comma; 0.2); font-weight: bold; font-size: 18px; color: inherit;'>Instalaciones El\u00e9ctricas<\/div>\n<div style='padding: 15px; color: inherit;'>\n<p style='margin: 0; font-size: 14px;'>Ideal para jalado de cables en instalaciones el\u00e9ctricas residenciales y comerciales.<\/p>\n<\/div>\n<\/div>\n<div style='flex: 1 1 30%; min-width: 280px; border: 1px solid rgba(150&comma; 150&comma; 150&comma; 0.4); border-radius: 8px; overflow: hidden; display: flex; flex-direction: column;'>\n<div style='padding: 15px; border-bottom: 1px solid rgba(150&comma; 150&comma; 150&comma; 0.2); font-weight: bold; font-size: 18px; color: inherit;'>Mantenimiento de Conduits<\/div>\n<div style='padding: 15px; color: inherit;'>\n<p style='margin: 0; font-size: 14px;'>Facilita el paso de cables en tubos conduit atestados&comma; reduciendo el tiempo de trabajo.<\/p>\n<\/div>\n<\/div>\n<div style='flex: 1 1 30%; min-width: 280px; border: 1px solid rgba(150&comma; 150&comma; 150&comma; 0.4); border-radius: 8px; overflow: hidden; display: flex; flex-direction: column;'>\n<div style='padding: 15px; border-bottom: 1px solid rgba(150&comma; 150&comma; 150&comma; 0.2); font-weight: bold; font-size: 18px; color: inherit;'>Proyectos de Renovaci\u00f3n<\/div>\n<div style='padding: 15px; color: inherit;'>\n<p style='margin: 0; font-size: 14px;'>Perfecta para proyectos de renovaci\u00f3n donde se requiere reemplazar o a\u00f1adir nuevos cables.<\/p>\n<\/div>\n<\/div>\n<\/div>\n<\/div>\n<\/div>\n<hr style='border: 0; border-top: 1px solid rgba(150&comma; 150&comma; 150&comma; 0.3); margin: 30px 0;'><\/div>\n","protected":false},"excerpt":{"rendered":"<p>Gu?as Jalacables de Fibra de Vidrio Multirranuradas \/ Dise?o de Baja Fricci?n \/ Rendimiento de Fibra de Vidrio a Costo 25% M?s Bajo \/ No Conductoras \/ Gu?a de Espiral de Acero de 7<\/p>\n","protected":false},"featured_media":41059,"comment_status":"open","ping_status":"closed","template":"","meta":[],"product_brand":[],"product_cat":[608],"product_tag":[586,25,432],"class_list":{"0":"post-41060","1":"product","2":"type-product","3":"status-publish","4":"has-post-thumbnail","6":"product_cat-herramientas-cableado-de-cobre","7":"product_tag-cableado-de-cobre","8":"product_tag-herramientas","9":"product_tag-klein-tools","11":"first","12":"outofstock","13":"sale","14":"shipping-taxable","15":"purchasable","16":"product-type-simple"},"_links":{"self":[{"href":"https:\/\/soydeaqui.ddns.net\/pachuca\/index.php\/wp-json\/wp\/v2\/product\/41060","targetHints":{"allow":["GET"]}}],"collection":[{"href":"https:\/\/soydeaqui.ddns.net\/pachuca\/index.php\/wp-json\/wp\/v2\/product"}],"about":[{"href":"https:\/\/soydeaqui.ddns.net\/pachuca\/index.php\/wp-json\/wp\/v2\/types\/product"}],"replies":[{"embeddable":true,"href":"https:\/\/soydeaqui.ddns.net\/pachuca\/index.php\/wp-json\/wp\/v2\/comments?post=41060"}],"wp:featuredmedia":[{"embeddable":true,"href":"https:\/\/soydeaqui.ddns.net\/pachuca\/index.php\/wp-json\/wp\/v2\/media\/41059"}],"wp:attachment":[{"href":"https:\/\/soydeaqui.ddns.net\/pachuca\/index.php\/wp-json\/wp\/v2\/media?parent=41060"}],"wp:term":[{"taxonomy":"product_brand","embeddable":true,"href":"https:\/\/soydeaqui.ddns.net\/pachuca\/index.php\/wp-json\/wp\/v2\/product_brand?post=41060"},{"taxonomy":"product_cat","embeddable":true,"href":"https:\/\/soydeaqui.ddns.net\/pachuca\/index.php\/wp-json\/wp\/v2\/product_cat?post=41060"},{"taxonomy":"product_tag","embeddable":true,"href":"https:\/\/soydeaqui.ddns.net\/pachuca\/index.php\/wp-json\/wp\/v2\/product_tag?post=41060"}],"curies":[{"name":"wp","href":"https:\/\/api.w.org\/{rel}","templated":true}]}}