{"id":41050,"date":"2026-03-18T18:04:48","date_gmt":"2026-03-18T18:04:48","guid":{"rendered":"https:\/\/soydeaqui.ddns.net\/pachuca\/index.php\/producto\/sello-macho-hembra-de-2-51-mm-de-aluminio-con-recubrimiento-exterior-de-pvc-y-interior-de-uretano\/"},"modified":"2026-03-18T18:04:49","modified_gmt":"2026-03-18T18:04:49","slug":"sello-macho-hembra-de-2-51-mm-de-aluminio-con-recubrimiento-exterior-de-pvc-y-interior-de-uretano","status":"publish","type":"product","link":"https:\/\/soydeaqui.ddns.net\/pachuca\/index.php\/producto\/sello-macho-hembra-de-2-51-mm-de-aluminio-con-recubrimiento-exterior-de-pvc-y-interior-de-uretano\/","title":{"rendered":"Sello Macho-Hembra de 2&#8243; (51 mm) de Aluminio con Recubrimiento Exterior de PVC y Interior de Uretano."},"content":{"rendered":"<div style='width: 100%; max-width: 1200px; margin: 0 auto; font-family: sans-serif; line-height: 1.6; color: inherit; background-color: transparent;'>\n<div style='display: flex; flex-wrap: wrap; gap: 30px; margin-bottom: 30px;'>\n<div style='flex: 1 1 300px; min-width: 280px;'>\n<h3 style='font-size: 22px; border-bottom: 2px solid currentColor; padding-bottom: 5px; margin-top: 0; color: inherit; opacity: 0.8;'>Aplicaciones<\/h3>\n<ul style='padding-left: 20px; font-size: 15px; color: inherit;'>\n<li style='margin-bottom: 5px;'>A prueba de \u00e1reas corrosivas<\/li>\n<li style='margin-bottom: 5px;'>Recubrimiento PVC: 40 mils m\u00ednimo<\/li>\n<li style='margin-bottom: 5px;'>Uretano PURPURA: 2 mils m\u00ednimo<\/li>\n<li style='margin-bottom: 5px;'>Pruebas de c\u00e1mara salina de acuerdo a ASTM B117<\/li>\n<li style='margin-bottom: 5px;'>Pruebas de adherencia de acuerdo a ASTM 3359<\/li>\n<li style='margin-bottom: 5px;'>Resistencia a impactos mec\u00e1nicos en cuerpo de acuerdo a IK09&comma; gracias a su dise\u00f1o que no cuenta con elementos susceptibles a rompimiento<\/li>\n<li style='margin-bottom: 5px;'>Mangas en las entradas para un sellado herm\u00e9tico<\/li>\n<li style='margin-bottom: 5px;'>Impiden el paso de gases&comma; vapores y flamas de una parte de la instalaci\u00f3n el\u00e9ctrica a otra de presi\u00f3n atmosf\u00e9rica y temperatura ambiente normales<\/li>\n<li style='margin-bottom: 5px;'>Rosca NPT para usarse con tubo conduit RIGIDO<\/li>\n<li style='margin-bottom: 5px;'>Posiciones: vertical u horizontal<\/li>\n<\/ul><\/div>\n<\/p><\/div>\n<div style='display: flex; flex-wrap: wrap; gap: 20px; margin-bottom: 30px;'>\n<div style='flex: 1 1 250px; border: 1px solid rgba(150&comma; 150&comma; 150&comma; 0.4); border-radius: 8px; overflow: hidden; display: flex; flex-direction: column;'>\n<div style='padding: 15px; border-bottom: 1px solid rgba(150&comma; 150&comma; 150&comma; 0.2); font-weight: bold; font-size: 18px; color: inherit;'>Material<\/div>\n<div style='padding: 15px; color: inherit;'>\n<ul style='padding-left: 20px; margin: 0; font-size: 14px; list-style-type: disc;'>\n<li style='margin-bottom: 5px;'>Aluminio libre de cobre inyectado a presi\u00f3n (Diecast)<\/li>\n<\/ul><\/div>\n<\/p><\/div>\n<div style='flex: 1 1 250px; border: 1px solid rgba(150&comma; 150&comma; 150&comma; 0.4); border-radius: 8px; overflow: hidden; display: flex; flex-direction: column;'>\n<div style='padding: 15px; border-bottom: 1px solid rgba(150&comma; 150&comma; 150&comma; 0.2); font-weight: bold; font-size: 18px; color: inherit;'>Opcional<\/div>\n<div style='padding: 15px; color: inherit;'>\n<ul style='padding-left: 20px; margin: 0; font-size: 14px; list-style-type: disc;'>\n<li style='margin-bottom: 5px;'>Niple removible de acero galvanizado y recubierto de Uretano<\/li>\n<\/ul><\/div>\n<\/p><\/div>\n<div style='flex: 1 1 250px; border: 1px solid rgba(150&comma; 150&comma; 150&comma; 0.4); border-radius: 8px; overflow: hidden; display: flex; flex-direction: column;'>\n<div style='padding: 15px; border-bottom: 1px solid rgba(150&comma; 150&comma; 150&comma; 0.2); font-weight: bold; font-size: 18px; color: inherit;'>Instrucciones<\/div>\n<div style='padding: 15px; color: inherit;'>\n<ul style='padding-left: 20px; margin: 0; font-size: 14px; list-style-type: disc;'>\n<li style='margin-bottom: 5px;'>Deber\u00e1n colocarse a una distancia no mayor de 457 mm (18&#8242;) de cualquier aparato que provoque chispas&comma; arcos \u00f3 altas temperaturas<\/li>\n<li style='margin-bottom: 5px;'>El espesor del cemento sellador no deber\u00e1 de ser menor del di\u00e1metro de la tuber\u00eda y en ning\u00fan caso menor a 16 mm (5\/8&#8242;)<\/li>\n<li style='margin-bottom: 5px;'>Fabricaci\u00f3n en base a:<\/li>\n<ul style='padding-left: 20px; margin-top: 5px; margin-bottom: 0;'>\n<li style='margin-bottom: 5px;'>UL 886&comma; UL 1203<\/li>\n<li style='margin-bottom: 5px;'>CAN\/CSA-C22.2 No. 30<\/li>\n<li style='margin-bottom: 5px;'>NEMA RN-1<\/li>\n<\/ul>\n<\/ul><\/div>\n<\/p><\/div>\n<\/p><\/div>\n<hr style='border: 0; border-top: 1px solid rgba(150&comma; 150&comma; 150&comma; 0.3); margin: 30px 0;'> <\/div>\n","protected":false},"excerpt":{"rendered":"<p>Sello Macho-Hembra de 2&#8243; (51 mm) de Aluminio con Recubrimiento Exterior de PVC y Interior de Uretano.<\/p>\n","protected":false},"featured_media":32,"comment_status":"open","ping_status":"closed","template":"","meta":[],"product_brand":[],"product_cat":[731],"product_tag":[26,25,661],"class_list":{"0":"post-41050","1":"product","2":"type-product","3":"status-publish","4":"has-post-thumbnail","6":"product_cat-accesorios-de-instalacion-herramientas-deteccion-de-fuego","7":"product_tag-accesorios-de-instalacion","8":"product_tag-herramientas","9":"product_tag-rawelt","11":"first","12":"outofstock","13":"sale","14":"shipping-taxable","15":"purchasable","16":"product-type-simple"},"_links":{"self":[{"href":"https:\/\/soydeaqui.ddns.net\/pachuca\/index.php\/wp-json\/wp\/v2\/product\/41050","targetHints":{"allow":["GET"]}}],"collection":[{"href":"https:\/\/soydeaqui.ddns.net\/pachuca\/index.php\/wp-json\/wp\/v2\/product"}],"about":[{"href":"https:\/\/soydeaqui.ddns.net\/pachuca\/index.php\/wp-json\/wp\/v2\/types\/product"}],"replies":[{"embeddable":true,"href":"https:\/\/soydeaqui.ddns.net\/pachuca\/index.php\/wp-json\/wp\/v2\/comments?post=41050"}],"wp:featuredmedia":[{"embeddable":true,"href":"https:\/\/soydeaqui.ddns.net\/pachuca\/index.php\/wp-json\/wp\/v2\/media\/32"}],"wp:attachment":[{"href":"https:\/\/soydeaqui.ddns.net\/pachuca\/index.php\/wp-json\/wp\/v2\/media?parent=41050"}],"wp:term":[{"taxonomy":"product_brand","embeddable":true,"href":"https:\/\/soydeaqui.ddns.net\/pachuca\/index.php\/wp-json\/wp\/v2\/product_brand?post=41050"},{"taxonomy":"product_cat","embeddable":true,"href":"https:\/\/soydeaqui.ddns.net\/pachuca\/index.php\/wp-json\/wp\/v2\/product_cat?post=41050"},{"taxonomy":"product_tag","embeddable":true,"href":"https:\/\/soydeaqui.ddns.net\/pachuca\/index.php\/wp-json\/wp\/v2\/product_tag?post=41050"}],"curies":[{"name":"wp","href":"https:\/\/api.w.org\/{rel}","templated":true}]}}