{"id":41041,"date":"2026-03-18T18:04:33","date_gmt":"2026-03-18T18:04:33","guid":{"rendered":"https:\/\/soydeaqui.ddns.net\/pachuca\/index.php\/producto\/kit-de-puesta-a-tierra-de-70-a-con-electrodo-de-acero-inoxidable-filtro-acoplador-y-compuesto-h2ohm\/"},"modified":"2026-03-18T18:04:34","modified_gmt":"2026-03-18T18:04:34","slug":"kit-de-puesta-a-tierra-de-70-a-con-electrodo-de-acero-inoxidable-filtro-acoplador-y-compuesto-h2ohm","status":"publish","type":"product","link":"https:\/\/soydeaqui.ddns.net\/pachuca\/index.php\/producto\/kit-de-puesta-a-tierra-de-70-a-con-electrodo-de-acero-inoxidable-filtro-acoplador-y-compuesto-h2ohm\/","title":{"rendered":"Kit de puesta a tierra de 70 A con Electrodo de Acero Inoxidable, Filtro, Acoplador y Compuesto H2Ohm."},"content":{"rendered":"<div style='width: 100%; max-width: 1200px; margin: 0 auto; font-family: sans-serif; line-height: 1.6; color: inherit; background-color: transparent;'> <!-- Imagen logo --> <\/p>\n<div style='text-align: center; margin: 20px 0;'> <img style='width: 100%; max-width: 540px; height: auto; border: 1px solid rgba(150&comma;150&comma;150&comma;0.3); border-radius: 8px;' src='https:\/\/ftp3.syscom.mx\/usuarios\/fotos\/TG45AB\/75917-logo_total_ground.png' alt='Logo Total Ground'> <\/div>\n<p> <!-- Descripci\u00f3n principal --> <\/p>\n<div style='margin: 30px 0;'>\n<p style='font-size: 15px; margin-bottom: 15px; text-align: justify;'>Los electrodos de puesta a tierra marca <strong>TOTAL GROUND<\/strong> deben ser instalados en conjunto con nuestro compuesto mejorador de tierra para asegurar una resistencia menor a 2 Ohm (en la mayor\u00eda de los casos) y una instalaci\u00f3n <strong>libre de mantenimiento correctivo hasta por 20 a\u00f1os.<\/strong><\/p>\n<p style='font-size: 15px; margin-bottom: 15px; text-align: justify;'>Los electrodos magnetoactivos incluyen una br\u00fajula y nivel para asegurar una integraci\u00f3n profesional.<\/p>\n<\/p><\/div>\n<p> <!-- Secci\u00f3n de caracter\u00edsticas en 3 columnas --> <\/p>\n<div style='display: flex; flex-wrap: wrap; gap: 20px; margin: 30px 0;'> <!-- Descripci\u00f3n --> <\/p>\n<div style='flex: 1 1 300px; min-width: 280px;'>\n<div style='border-left: 5px solid #E42327; border-radius: 8px; padding: 15px; box-shadow: 0 2px 8px rgba(0&comma;0&comma;0&comma;0.05);'>\n<h3 style='font-size: 18px; margin-top: 0; color: #2880b9; margin-bottom: 15px;'>Descripci\u00f3n<\/h3>\n<ul style='padding-left: 20px; font-size: 14px; color: inherit;'>\n<li style='margin-bottom: 10px;'><strong>Electrodo:<\/strong> El Electrodo de puesta a tierra marca TOTAL GROUND modelo TG-70K. Fabricado en Acero Inoxidable&comma; tratado especialmente para retardar los efectos de la corrosi\u00f3n.<\/li>\n<li style='margin-bottom: 10px;'><strong>Acoplador de impedancias:<\/strong> Modelo TGC1 con capacidad de 1500A&comma; en gabinete NEMA 4 de 20 x 30 x 12 cm.<\/li>\n<li style='margin-bottom: 10px;'><strong>Comuesto H2OHM:<\/strong> Fabricado en base org\u00e1nica&comma; elaborado con material higrosc\u00f3pico coagulante de humedad que cuenta con certificado de pruebas de LAPEM y certificado de laboratorio acreditado ante EMA&comma; con valores dentro de la norma CRETIB de no toxicidad ni da\u00f1o al medio ambiente.<\/li>\n<\/ul><\/div>\n<\/p><\/div>\n<p> <!-- Aplicaciones --> <\/p>\n<div style='flex: 1 1 300px; min-width: 280px;'>\n<div style='border-left: 5px solid #E42327; border-radius: 8px; padding: 15px; box-shadow: 0 2px 8px rgba(0&comma;0&comma;0&comma;0.05);'>\n<h3 style='font-size: 18px; margin-top: 0; color: #2880b9; margin-bottom: 15px;'>Aplicaciones<\/h3>\n<ul style='padding-left: 20px; font-size: 14px; color: inherit;'>\n<li style='margin-bottom: 8px;'><span>SITES de c\u00f3mputo. (<span style='color: #e74c3c;'>Consultar Gu\u00eda de Selecci\u00f3n<\/span>).<\/span><\/li>\n<li style='margin-bottom: 8px;'><span>Transformadores. (<span style='color: #e74c3c;'>Consultar Gu\u00eda de Selecci\u00f3n<\/span>).<\/span><\/li>\n<li style='margin-bottom: 8px;'><span>Racks de telecomunicaciones.<\/span><\/li>\n<li style='margin-bottom: 8px;'><span>Sistemas satelitales.<\/span><\/li>\n<li style='margin-bottom: 8px;'><span>Sistemas de radio frecuencia.<\/span><\/li>\n<li style='margin-bottom: 8px;'><span>Sistemas de control industrial.<\/span><\/li>\n<li style='margin-bottom: 8px;'><span>Sistemas Fotovoltaicos<\/span><\/li>\n<\/ul><\/div>\n<\/p><\/div>\n<p> <!-- Caracter\u00edsticas --> <\/p>\n<div style='flex: 1 1 300px; min-width: 280px;'>\n<div style='border-left: 5px solid #E42327; border-radius: 8px; padding: 15px; box-shadow: 0 2px 8px rgba(0&comma;0&comma;0&comma;0.05);'>\n<h3 style='font-size: 18px; margin-top: 0; color: #2880b9; margin-bottom: 15px;'>Caracter\u00edsticas<\/h3>\n<ul style='padding-left: 20px; font-size: 14px; color: inherit;'>\n<li style='margin-bottom: 8px;'>Electrodo de puesta a tierra modelo TG70KAI. Capacidad de 70 A.<\/li>\n<li style='margin-bottom: 8px;'>Fabricado de cobre electrol\u00edtico altamente conductivo.<\/li>\n<li style='margin-bottom: 8px;'>Dise\u00f1ado en forma delta tubular.<\/li>\n<li style='margin-bottom: 8px;'>No requieren de mantenimiento preventivo.<\/li>\n<li style='margin-bottom: 8px;'>Proveen la soluci\u00f3n completa para telecomunicaciones de acuerdo con los est\u00e1ndares EIA\/ TIA J-STD-607-A y BICSI.<\/li>\n<li style='margin-bottom: 8px;'>Para instalaciones residenciales o de baja actividad el\u00e9ctrica.<\/li>\n<\/ul><\/div>\n<\/p><\/div>\n<\/p><\/div>\n<p> <!-- Imagen TG70KAI --> <\/p>\n<div style='text-align: center; margin: 30px 0;'> <img style='width: 100%; max-width: 429px; height: auto; border: 1px solid rgba(150&comma;150&comma;150&comma;0.3); border-radius: 8px;' src='https:\/\/ftp3.syscom.mx\/usuarios\/fotos\/TG100AB\/75938-tggti.jpg' alt='TG70KAI'> <\/div>\n<p> <!-- Tabla de componentes incluidos --> <\/p>\n<div style='margin: 30px 0;'>\n<h3 style='font-size: 18px; color: #c0392b; margin-bottom: 15px; border-bottom: 2px solid currentColor; padding-bottom: 5px; width: fit-content;'>Incluye los siguientes componentes:<\/h3>\n<div style='overflow-x: auto;'>\n<table style='width: 100%; border-collapse: collapse; border: none;'>\n<thead>\n<tr style='background-color: #f5f5f5;'>\n<th style='padding: 10px; text-align: center; border-bottom: 1px solid rgba(150&comma;150&comma;150&comma;0.3);'>Cantidad<\/th>\n<th style='padding: 10px; text-align: center; border-bottom: 1px solid rgba(150&comma;150&comma;150&comma;0.3);'>Modelo<\/th>\n<th style='padding: 10px; text-align: left; border-bottom: 1px solid rgba(150&comma;150&comma;150&comma;0.3);'>Descripci\u00f3n<\/th>\n<\/tr>\n<\/thead>\n<tbody>\n<tr>\n<td style='padding: 10px; text-align: center; border-bottom: 1px solid rgba(150&comma;150&comma;150&comma;0.2);'>1<\/td>\n<td style='padding: 10px; text-align: center; border-bottom: 1px solid rgba(150&comma;150&comma;150&comma;0.2);'><span style='color: #2880b9;'>TG70KAI<\/span><\/td>\n<td style='padding: 10px; border-bottom: 1px solid rgba(150&comma;150&comma;150&comma;0.2);'>Electrodo<\/td>\n<\/tr>\n<tr>\n<td style='padding: 10px; text-align: center; border-bottom: 1px solid rgba(150&comma;150&comma;150&comma;0.2);'>1<\/td>\n<td style='padding: 10px; text-align: center; border-bottom: 1px solid rgba(150&comma;150&comma;150&comma;0.2);'><a style='color: #2880b9; text-decoration: none;' href='https:\/\/www.syscom.mx\/producto\/H2O-HM-TOTAL-GROUND-75920.html' target='_blank' rel='noopener'>H20HM<\/a><\/td>\n<td style='padding: 10px; border-bottom: 1px solid rgba(150&comma;150&comma;150&comma;0.2);'>Saco de 11 Kg de mejorador de suelo<\/td>\n<\/tr>\n<tr>\n<td style='padding: 10px; text-align: center; border-bottom: 1px solid rgba(150&comma;150&comma;150&comma;0.2);'>1<\/td>\n<td style='padding: 10px; text-align: center; border-bottom: 1px solid rgba(150&comma;150&comma;150&comma;0.2);'>&#8212;<\/td>\n<td style='padding: 10px; border-bottom: 1px solid rgba(150&comma;150&comma;150&comma;0.2);'>Br\u00fajula y nivel<\/td>\n<\/tr>\n<tr>\n<td style='padding: 10px; text-align: center; border-bottom: 1px solid rgba(150&comma;150&comma;150&comma;0.2);'>1<\/td>\n<td style='padding: 10px; text-align: center; border-bottom: 1px solid rgba(150&comma;150&comma;150&comma;0.2);'><a style='color: #2880b9; text-decoration: none;' href='https:\/\/www.syscom.mx\/producto\/TG-BUS-G10-TOTAL-GROUND-75914.html' target='_blank' rel='noopener'>TGC01<\/a><\/td>\n<td style='padding: 10px; border-bottom: 1px solid rgba(150&comma;150&comma;150&comma;0.2);'>Acoplador<\/td>\n<\/tr>\n<\/tbody>\n<\/table><\/div>\n<\/p><\/div>\n<p> <!-- Tabla de accesorios complementarios --> <\/p>\n<div style='margin: 30px 0;'>\n<h3 style='font-size: 18px; color: #c0392b; margin-bottom: 15px; border-bottom: 2px solid currentColor; padding-bottom: 5px; width: fit-content;'>Accesorios complementarios (No incluidos):<\/h3>\n<div style='overflow-x: auto;'>\n<table style='width: 100%; border-collapse: collapse; border: none;'>\n<thead>\n<tr style='background-color: #f5f5f5;'>\n<th style='padding: 10px; text-align: center; border-bottom: 1px solid rgba(150&comma;150&comma;150&comma;0.3);'>Cantidad<\/th>\n<th style='padding: 10px; text-align: center; border-bottom: 1px solid rgba(150&comma;150&comma;150&comma;0.3);'>Modelo<\/th>\n<th style='padding: 10px; text-align: left; border-bottom: 1px solid rgba(150&comma;150&comma;150&comma;0.3);'>Descripci\u00f3n<\/th>\n<\/tr>\n<\/thead>\n<tbody>\n<tr>\n<td style='padding: 10px; text-align: center; border-bottom: 1px solid rgba(150&comma;150&comma;150&comma;0.2);'>1<\/td>\n<td style='padding: 10px; text-align: center; border-bottom: 1px solid rgba(150&comma;150&comma;150&comma;0.2);'><a style='color: #2880b9; text-decoration: none;' href='https:\/\/www.syscom.mx\/producto\/ANTIOX-TOTAL-GROUND-75931.html' target='_blank' rel='noopener'>ANTIOX<\/a><\/td>\n<td style='padding: 10px; border-bottom: 1px solid rgba(150&comma;150&comma;150&comma;0.2);'>Spray protector para conectores<\/td>\n<\/tr>\n<tr>\n<td style='padding: 10px; text-align: center; border-bottom: 1px solid rgba(150&comma;150&comma;150&comma;0.2);'>5<\/td>\n<td style='padding: 10px; text-align: center; border-bottom: 1px solid rgba(150&comma;150&comma;150&comma;0.2);'><a style='color: #2880b9; text-decoration: none;' href='https:\/\/www.syscom.mx\/producto\/TG-CR11-TOTAL-GROUND-76026.html' target='_blank' rel='noopener'>TGCR11<\/a><\/td>\n<td style='padding: 10px; border-bottom: 1px solid rgba(150&comma;150&comma;150&comma;0.2);'>Conector de Bronce<\/td>\n<\/tr>\n<tr>\n<td style='padding: 10px; text-align: center; border-bottom: 1px solid rgba(150&comma;150&comma;150&comma;0.2);'>2<\/td>\n<td style='padding: 10px; text-align: center; border-bottom: 1px solid rgba(150&comma;150&comma;150&comma;0.2);'><a style='color: #2880b9; text-decoration: none;' href='https:\/\/www.syscom.mx\/producto\/TG-AB18-TOTAL-GROUND-76028.html' target='_blank' rel='noopener'>TGAB18<\/a><\/td>\n<td style='padding: 10px; border-bottom: 1px solid rgba(150&comma;150&comma;150&comma;0.2);'>Conector de Varilla<\/td>\n<\/tr>\n<tr>\n<td style='padding: 10px; text-align: center; border-bottom: 1px solid rgba(150&comma;150&comma;150&comma;0.2);'>1<\/td>\n<td style='padding: 10px; text-align: center; border-bottom: 1px solid rgba(150&comma;150&comma;150&comma;0.2);'><a style='color: #2880b9; text-decoration: none;' href='https:\/\/www.syscom.mx\/producto\/S-610-TOTAL-GROUND-75929.html' target='_blank' rel='noopener'>S610<\/a><\/td>\n<td style='padding: 10px; border-bottom: 1px solid rgba(150&comma;150&comma;150&comma;0.2);'>Registro para electrodo<\/td>\n<\/tr>\n<tr>\n<td style='padding: 10px; text-align: center; border-bottom: 1px solid rgba(150&comma;150&comma;150&comma;0.2);'>1<\/td>\n<td style='padding: 10px; text-align: center; border-bottom: 1px solid rgba(150&comma;150&comma;150&comma;0.2);'><a style='color: #2880b9; text-decoration: none;' href='https:\/\/www.syscom.mx\/producto\/SLY-286-BLK-INDIANA-176934.html' target='_blank' rel='noopener'>SLY286BLK<\/a><\/td>\n<td style='padding: 10px; border-bottom: 1px solid rgba(150&comma;150&comma;150&comma;0.2);'>Cable de cobre recubierto THW-SL Calibre 2 AWG<\/td>\n<\/tr>\n<tr>\n<td style='padding: 10px; text-align: center; border-bottom: 1px solid rgba(150&comma;150&comma;150&comma;0.2);'>1<\/td>\n<td style='padding: 10px; text-align: center; border-bottom: 1px solid rgba(150&comma;150&comma;150&comma;0.2);'><a style='color: #2880b9; text-decoration: none;' href='https:\/\/www.syscom.mx\/producto\/TG-BUS-G10-TOTAL-GROUND-75914.html' target='_blank' rel='noopener'>TGBUSG10<\/a><\/td>\n<td style='padding: 10px; border-bottom: 1px solid rgba(150&comma;150&comma;150&comma;0.2);'>Barra de uni\u00f3n de 7-7\/8&#8242; x 2&#8242; x 1\/4&#8242; con aisladores de 1000A de capacidad<\/td>\n<\/tr>\n<tr>\n<td style='padding: 10px; text-align: center; border-bottom: 1px solid rgba(150&comma;150&comma;150&comma;0.2);'>1<\/td>\n<td style='padding: 10px; text-align: center; border-bottom: 1px solid rgba(150&comma;150&comma;150&comma;0.2);'><a style='color: #2880b9; text-decoration: none;' href='https:\/\/www.syscom.mx\/producto\/TG-BUE-10-TOTAL-GROUND-75913.html' target='_blank' rel='noopener'>TGBUE10<\/a><\/td>\n<td style='padding: 10px; border-bottom: 1px solid rgba(150&comma;150&comma;150&comma;0.2);'>Barra de uni\u00f3n y distribuci\u00f3n de hilos<\/td>\n<\/tr>\n<\/tbody>\n<\/table><\/div>\n<\/p><\/div>\n<p> <!-- Cursos y webinars --> <\/p>\n<div style='margin: 30px 0;'>\n<h3 style='font-size: 20px; color: #c0392b; margin-bottom: 20px; text-align: center;'>Curso B\u00e1sico para Selecci\u00f3n e Implementaci\u00f3n de Sistemas de Protecci\u00f3n<\/h3>\n<div style='display: flex; flex-wrap: wrap; gap: 20px; justify-content: center; margin-bottom: 30px;'>\n<div style='flex: 1 1 560px; min-width: 300px; position: relative; padding-bottom: 56.25%; height: 0; overflow: hidden;'>   <\/div>\n<div style='flex: 1 1 560px; min-width: 300px; position: relative; padding-bottom: 56.25%; height: 0; overflow: hidden;'>   <\/div>\n<\/p><\/div>\n<h3 style='font-size: 20px; color: #c0392b; margin-bottom: 20px; text-align: center;'>Webinars de Sistemas de Puesta a Tierra y Pararrayos<\/h3>\n<div style='display: flex; flex-wrap: wrap; gap: 20px; justify-content: center;'>\n<div style='flex: 1 1 300px; min-width: 280px;'>\n<div style='position: relative; padding-bottom: 56.25%; height: 0; overflow: hidden; margin-bottom: 10px;'>   <\/div>\n<div style='font-size: 14px; color: inherit; text-align: center; margin-top: 10px;'>WEBINAR2: INSTALACI\u00d3N DE TIERRAS F\u00cdSICAS Y PARARRAYOS<\/div>\n<\/p><\/div>\n<div style='flex: 1 1 300px; min-width: 280px;'>\n<div style='position: relative; padding-bottom: 56.25%; height: 0; overflow: hidden; margin-bottom: 10px;'>   <\/div>\n<div style='font-size: 14px; color: inherit; text-align: center; margin-top: 10px;'>WEBINAR2: INSTALACI\u00d3N DE TIERRAS F\u00cdSICAS Y PARARRAYOS<\/div>\n<\/p><\/div>\n<div style='flex: 1 1 300px; min-width: 280px;'>\n<div style='position: relative; padding-bottom: 56.25%; height: 0; overflow: hidden; margin-bottom: 10px;'>   <\/div>\n<div style='font-size: 14px; color: inherit; text-align: center; margin-top: 10px;'>WEBINAR3: SISTEMAS DE PARARRAYO TOTAL GROUND<\/div>\n<\/p><\/div>\n<\/p><\/div>\n<\/p><\/div>\n<\/p><\/div>\n","protected":false},"excerpt":{"rendered":"<p>Kit de puesta a tierra de 70 A con Electrodo de Acero Inoxidable, Filtro, Acoplador y Compuesto H2Ohm.<\/p>\n","protected":false},"featured_media":41040,"comment_status":"open","ping_status":"closed","template":"","meta":[],"product_brand":[],"product_cat":[1131],"product_tag":[1088,1132,635],"class_list":{"0":"post-41041","1":"product","2":"type-product","3":"status-publish","4":"has-post-thumbnail","6":"product_cat-tierras-fisicas","7":"product_tag-calidad-de-la-energia","8":"product_tag-tierras-fisicas","9":"product_tag-total-ground","11":"first","12":"outofstock","13":"sale","14":"shipping-taxable","15":"purchasable","16":"product-type-simple"},"_links":{"self":[{"href":"https:\/\/soydeaqui.ddns.net\/pachuca\/index.php\/wp-json\/wp\/v2\/product\/41041","targetHints":{"allow":["GET"]}}],"collection":[{"href":"https:\/\/soydeaqui.ddns.net\/pachuca\/index.php\/wp-json\/wp\/v2\/product"}],"about":[{"href":"https:\/\/soydeaqui.ddns.net\/pachuca\/index.php\/wp-json\/wp\/v2\/types\/product"}],"replies":[{"embeddable":true,"href":"https:\/\/soydeaqui.ddns.net\/pachuca\/index.php\/wp-json\/wp\/v2\/comments?post=41041"}],"wp:featuredmedia":[{"embeddable":true,"href":"https:\/\/soydeaqui.ddns.net\/pachuca\/index.php\/wp-json\/wp\/v2\/media\/41040"}],"wp:attachment":[{"href":"https:\/\/soydeaqui.ddns.net\/pachuca\/index.php\/wp-json\/wp\/v2\/media?parent=41041"}],"wp:term":[{"taxonomy":"product_brand","embeddable":true,"href":"https:\/\/soydeaqui.ddns.net\/pachuca\/index.php\/wp-json\/wp\/v2\/product_brand?post=41041"},{"taxonomy":"product_cat","embeddable":true,"href":"https:\/\/soydeaqui.ddns.net\/pachuca\/index.php\/wp-json\/wp\/v2\/product_cat?post=41041"},{"taxonomy":"product_tag","embeddable":true,"href":"https:\/\/soydeaqui.ddns.net\/pachuca\/index.php\/wp-json\/wp\/v2\/product_tag?post=41041"}],"curies":[{"name":"wp","href":"https:\/\/api.w.org\/{rel}","templated":true}]}}