{"id":41039,"date":"2026-03-18T18:04:30","date_gmt":"2026-03-18T18:04:30","guid":{"rendered":"https:\/\/soydeaqui.ddns.net\/pachuca\/index.php\/producto\/compuesto-acondicionador-de-suelo-a-base-de-compuestos-minerales-saco-con-10-kgs\/"},"modified":"2026-03-18T18:04:31","modified_gmt":"2026-03-18T18:04:31","slug":"compuesto-acondicionador-de-suelo-a-base-de-compuestos-minerales-saco-con-10-kgs","status":"publish","type":"product","link":"https:\/\/soydeaqui.ddns.net\/pachuca\/index.php\/producto\/compuesto-acondicionador-de-suelo-a-base-de-compuestos-minerales-saco-con-10-kgs\/","title":{"rendered":"Compuesto Acondicionador de Suelo a Base de Compuestos Minerales. Saco con 10 Kgs."},"content":{"rendered":"<div style='width: 100%; max-width: 1200px; margin: 0 auto; font-family: sans-serif; line-height: 1.6; color: inherit; background-color: transparent;'>\n<div style='display: flex; flex-wrap: wrap; gap: 30px; margin-bottom: 30px;'>\n<div style='flex: 1 1 300px; min-width: 280px;'>\n<h3 style='font-size: 22px; border-bottom: 2px solid currentColor; padding-bottom: 5px; margin-top: 0; color: inherit; opacity: 0.8;'>Descripci\u00f3n<\/h3>\n<p style='font-size: 15px; color: inherit;'> Compuesto acondicionador de tierra TOTAL GROUND fabricado a base de elementos minerales; su principal funci\u00f3n es mantener baja la resistividad del terreno aumentando as\u00ed la conductividad el\u00e9ctrica para que el sistema de puesta a tierra funcione de manera \u00f3ptima. <\/p>\n<p style='font-size: 15px; color: inherit;'> Se puede aplicar en cualquier sistema de tierra f\u00edsica como: varillas&comma; rehiletes&comma; mallas&comma; placas&comma; electrodos qu\u00edmicos y anillos de tierra f\u00edsica; \u00e9ste compuesto ayudar\u00e1 a disminuir la resistencia de la tierra en cualquiera de los m\u00e9todos y hacer m\u00e1s efectivo el sistema de puesta a tierra. <\/p>\n<\/p><\/div>\n<\/p><\/div>\n<div style='display: flex; flex-wrap: wrap; gap: 20px; margin-bottom: 30px;'>\n<div style='flex: 1 1 250px; border: 1px solid rgba(150&comma; 150&comma; 150&comma; 0.4); border-radius: 8px; overflow: hidden; display: flex; flex-direction: column;'>\n<div style='padding: 15px; border-bottom: 1px solid rgba(150&comma; 150&comma; 150&comma; 0.2); font-weight: bold; font-size: 18px; color: inherit;'>Caracter\u00edsticas<\/div>\n<div style='padding: 15px; color: inherit;'>\n<ul style='padding-left: 20px; margin: 0; font-size: 14px; list-style-type: disc;'>\n<li style='margin-bottom: 5px;'>Es un compuesto que mantiene la instalaci\u00f3n y el equipo h\u00famedos para una mejor conductividad de energ\u00eda.<\/li>\n<li style='margin-bottom: 5px;'>Compuesto Ecol\u00f3gico.<\/li>\n<li style='margin-bottom: 5px;'>No contamina el suelo y no es t\u00f3xico.<\/li>\n<li style='margin-bottom: 5px;'>Ph Neutro.<\/li>\n<li style='margin-bottom: 5px;'>Evita la corrosi\u00f3n y el r\u00e1pido desgaste del sistema de tierra.<\/li>\n<li style='margin-bottom: 5px;'>Presentaci\u00f3n en sacos de 10 Kg.<\/li>\n<\/ul><\/div>\n<\/p><\/div>\n<\/p><\/div>\n<div style='display: flex; flex-wrap: wrap; gap: 30px; margin-bottom: 30px;'>\n<div style='flex: 1 1 300px; min-width: 280px;'>\n<h3 style='font-size: 22px; border-bottom: 2px solid currentColor; padding-bottom: 5px; margin-top: 0; color: inherit; opacity: 0.8;'>Informaci\u00f3n Adicional<\/h3>\n<p style='font-size: 15px; color: inherit;'> Se usa en conjunto con activador eletrolito modelo: <a href='https:\/\/www.syscom.mx\/producto\/ELECTROLITO-TOTAL-GROUND-85895.html' style='color: inherit; text-decoration: underline;'>ELECTROLITO<\/a>. <\/p>\n<\/p><\/div>\n<\/p><\/div>\n<div style='display: flex; flex-wrap: wrap; gap: 30px; margin-bottom: 30px;'>\n<div style='flex: 1 1 300px; min-width: 280px;'>\n<h3 style='font-size: 22px; border-bottom: 2px solid currentColor; padding-bottom: 5px; margin-top: 0; color: inherit; opacity: 0.8;'>Imagen del producto<\/h3>\n<div style='width: 100%; max-width: 400px; margin: 0 auto;'> <img style='width: 100%; height: auto; border: 1px solid rgba(150&comma;150&comma;150&comma;0.3); border-radius: 8px;' src='data:image\/png;base64&comma;iVBORw0KGgoAAAANSUhEUgAAAN4AAABdCAIAAABFIU+WAAAYoElEQVR4Ae1cezzU6f6fmzEzLl2sstalMEguKXuS0NmzoYuSaKvtIhSa3IrShbQSbVvZIiUbbWf7daGSTJZUrsMgt4oQhtEQI6O5f+efX3y375kdKfZse77n9Dyv5+X1+X7neT7P+3l\/3p\/35+15Pj7Pz\/vz\/rw\/78\/78\/68P+\/P+289D4B3A37+5298A8A4AAAAAElFTkSuQmCC' alt=''> <\/div>\n<\/p><\/div>\n<\/p><\/div>\n<hr style='border: 0; border-top: 1px solid rgba(150&comma; 150&comma; 150&comma; 0.3); margin: 30px 0;'> <\/div>\n","protected":false},"excerpt":{"rendered":"<p>Compuesto Acondicionador de Suelo a Base de Compuestos Minerales. Saco con 10 Kgs.<\/p>\n","protected":false},"featured_media":41038,"comment_status":"open","ping_status":"closed","template":"","meta":[],"product_brand":[],"product_cat":[1131],"product_tag":[1088,1132,635],"class_list":{"0":"post-41039","1":"product","2":"type-product","3":"status-publish","4":"has-post-thumbnail","6":"product_cat-tierras-fisicas","7":"product_tag-calidad-de-la-energia","8":"product_tag-tierras-fisicas","9":"product_tag-total-ground","11":"first","12":"outofstock","13":"sale","14":"shipping-taxable","15":"purchasable","16":"product-type-simple"},"_links":{"self":[{"href":"https:\/\/soydeaqui.ddns.net\/pachuca\/index.php\/wp-json\/wp\/v2\/product\/41039","targetHints":{"allow":["GET"]}}],"collection":[{"href":"https:\/\/soydeaqui.ddns.net\/pachuca\/index.php\/wp-json\/wp\/v2\/product"}],"about":[{"href":"https:\/\/soydeaqui.ddns.net\/pachuca\/index.php\/wp-json\/wp\/v2\/types\/product"}],"replies":[{"embeddable":true,"href":"https:\/\/soydeaqui.ddns.net\/pachuca\/index.php\/wp-json\/wp\/v2\/comments?post=41039"}],"wp:featuredmedia":[{"embeddable":true,"href":"https:\/\/soydeaqui.ddns.net\/pachuca\/index.php\/wp-json\/wp\/v2\/media\/41038"}],"wp:attachment":[{"href":"https:\/\/soydeaqui.ddns.net\/pachuca\/index.php\/wp-json\/wp\/v2\/media?parent=41039"}],"wp:term":[{"taxonomy":"product_brand","embeddable":true,"href":"https:\/\/soydeaqui.ddns.net\/pachuca\/index.php\/wp-json\/wp\/v2\/product_brand?post=41039"},{"taxonomy":"product_cat","embeddable":true,"href":"https:\/\/soydeaqui.ddns.net\/pachuca\/index.php\/wp-json\/wp\/v2\/product_cat?post=41039"},{"taxonomy":"product_tag","embeddable":true,"href":"https:\/\/soydeaqui.ddns.net\/pachuca\/index.php\/wp-json\/wp\/v2\/product_tag?post=41039"}],"curies":[{"name":"wp","href":"https:\/\/api.w.org\/{rel}","templated":true}]}}