{"id":4098,"date":"2026-03-18T06:15:32","date_gmt":"2026-03-18T06:15:32","guid":{"rendered":"https:\/\/soydeaqui.ddns.net\/pachuca\/index.php\/producto\/caja-de-pared-para-contactos-varios-6-mini-espacios-2\/"},"modified":"2026-03-18T06:15:32","modified_gmt":"2026-03-18T06:15:32","slug":"caja-de-pared-para-contactos-varios-6-mini-espacios-2","status":"publish","type":"product","link":"https:\/\/soydeaqui.ddns.net\/pachuca\/index.php\/producto\/caja-de-pared-para-contactos-varios-6-mini-espacios-2\/","title":{"rendered":"Caja de pared para contactos varios, 6 mini espacios."},"content":{"rendered":"<div style='width: 100%; max-width: 1200px; margin: 0 auto; font-family: sans-serif; line-height: 1.6; color: inherit; background-color: transparent;'>\n<div style='display: flex; flex-direction: column; gap: 20px;'>\n<h3 style='font-size: 22px; border-bottom: 2px solid currentColor; padding-bottom: 5px; margin-top: 0; color: inherit; opacity: 0.8;'>Caja de pared para contactos varios&comma; 6 mini espacios.<\/h3>\n<p style='text-align: justify; font-size: 15px; color: inherit; margin: 0 0 15px 0;'>El marco de 6 puertos de Lutron Satin Colors es una adici\u00f3n simple y limpia a cualquier habitaci\u00f3n con conectores de cable \/ red&comma; fibra o tel\u00e9fono. El marco de 6 puertos de Satin Colors es f\u00e1cil de instalar y usar. Para conectar una toma&comma; simplemente saque los espacios en blanco donde le gustar\u00eda conectarla y enc\u00e1jela. Con 20 colores satinados&comma; puede elegir el mejor color para complementar o acentuar cada habitaci\u00f3n de su hogar.<\/p>\n<ul style='padding-left: 20px; margin: 0 0 20px 0; font-size: 15px; color: inherit;'>\n<li style='text-align: justify; margin-bottom: 5px; color: rgba(126&comma; 140&comma; 141&comma; 0.9);'><strong>No incluye la tapa de pared&comma; considerar el siguiente modelo CW-1-WH.<\/strong><\/li>\n<\/ul>\n<div style='display: flex; flex-wrap: wrap; gap: 15px; margin-top: 15px;'>\n<div style='flex: 1 1 300px; min-width: 280px;'> <img style='width: 100%; height: auto; border: 1px solid rgba(150&comma;150&comma;150&comma;0.3); border-radius: 8px;' src='https:\/\/images-na.ssl-images-amazon.com\/images\/I\/519oOxnLE9L._SL1364_.jpg' alt=''> <\/div>\n<div style='flex: 1 1 300px; min-width: 280px;'> <img style='width: 100%; height: auto; border: 1px solid rgba(150&comma;150&comma;150&comma;0.3); border-radius: 8px;' src='https:\/\/images-na.ssl-images-amazon.com\/images\/I\/51fNeFczDRL._SL1200_.jpg' alt=''> <\/div>\n<\/p><\/div>\n<\/p><\/div>\n<\/p><\/div>\n","protected":false},"excerpt":{"rendered":"<p>Caja de pared para contactos varios, 6 mini espacios.<\/p>\n","protected":false},"featured_media":32,"comment_status":"open","ping_status":"closed","template":"","meta":[],"product_brand":[],"product_cat":[34],"product_tag":[30,35,36],"class_list":{"0":"post-4098","1":"product","2":"type-product","3":"status-publish","4":"has-post-thumbnail","6":"product_cat-lutron","7":"product_tag-automatizacion-casa-inteligente","8":"product_tag-lutron","9":"product_tag-lutron-electronics","11":"first","12":"outofstock","13":"sale","14":"shipping-taxable","15":"purchasable","16":"product-type-simple"},"_links":{"self":[{"href":"https:\/\/soydeaqui.ddns.net\/pachuca\/index.php\/wp-json\/wp\/v2\/product\/4098","targetHints":{"allow":["GET"]}}],"collection":[{"href":"https:\/\/soydeaqui.ddns.net\/pachuca\/index.php\/wp-json\/wp\/v2\/product"}],"about":[{"href":"https:\/\/soydeaqui.ddns.net\/pachuca\/index.php\/wp-json\/wp\/v2\/types\/product"}],"replies":[{"embeddable":true,"href":"https:\/\/soydeaqui.ddns.net\/pachuca\/index.php\/wp-json\/wp\/v2\/comments?post=4098"}],"wp:featuredmedia":[{"embeddable":true,"href":"https:\/\/soydeaqui.ddns.net\/pachuca\/index.php\/wp-json\/wp\/v2\/media\/32"}],"wp:attachment":[{"href":"https:\/\/soydeaqui.ddns.net\/pachuca\/index.php\/wp-json\/wp\/v2\/media?parent=4098"}],"wp:term":[{"taxonomy":"product_brand","embeddable":true,"href":"https:\/\/soydeaqui.ddns.net\/pachuca\/index.php\/wp-json\/wp\/v2\/product_brand?post=4098"},{"taxonomy":"product_cat","embeddable":true,"href":"https:\/\/soydeaqui.ddns.net\/pachuca\/index.php\/wp-json\/wp\/v2\/product_cat?post=4098"},{"taxonomy":"product_tag","embeddable":true,"href":"https:\/\/soydeaqui.ddns.net\/pachuca\/index.php\/wp-json\/wp\/v2\/product_tag?post=4098"}],"curies":[{"name":"wp","href":"https:\/\/api.w.org\/{rel}","templated":true}]}}