{"id":40956,"date":"2026-03-18T18:02:18","date_gmt":"2026-03-18T18:02:18","guid":{"rendered":"https:\/\/soydeaqui.ddns.net\/pachuca\/index.php\/producto\/base-mini-split-para-condensador-o-unidad-externa-galvanizada-montaje-de-pared-capacidad-de-1-a-3-toneladas-epcom-industrial\/"},"modified":"2026-03-18T18:02:20","modified_gmt":"2026-03-18T18:02:20","slug":"base-mini-split-para-condensador-o-unidad-externa-galvanizada-montaje-de-pared-capacidad-de-1-a-3-toneladas-epcom-industrial","status":"publish","type":"product","link":"https:\/\/soydeaqui.ddns.net\/pachuca\/index.php\/producto\/base-mini-split-para-condensador-o-unidad-externa-galvanizada-montaje-de-pared-capacidad-de-1-a-3-toneladas-epcom-industrial\/","title":{"rendered":"Base Mini split \/ Para Condensador o Unidad Externa \/ Galvanizada \/ Montaje de pared \/ Capacidad de 1 a 3 toneladas \/ EPCOM INDUSTRIAL"},"content":{"rendered":"<div style='width: 100%; max-width: 1200px; margin: 0 auto; font-family: sans-serif; line-height: 1.6; color: inherit; background-color: transparent;'>\n<div style='display: flex; flex-wrap: wrap; gap: 30px; margin-bottom: 30px;'>\n<div style='flex: 1 1 300px; min-width: 280px;'>\n<h3 style='font-size: 22px; border-bottom: 2px solid currentColor; padding-bottom: 5px; margin-top: 0; color: inherit; opacity: 0.8;'>Caracter\u00edsticas<\/h3>\n<ul style='padding-left: 20px; font-size: 15px; color: inherit;'>\n<li style='margin-bottom: 5px;'>Resistencia y durabilidad: Dise\u00f1adas con material robusto de acero galvanizado y aluminio.<\/li>\n<li style='margin-bottom: 5px;'>Ajustabilidad : Ajustables en altura y \u00e1ngulo<\/li>\n<li style='margin-bottom: 5px;'>Dise\u00f1o antivibraciones : Reducen la transmisi\u00f3n de vibraciones y ruido de la estructura de la pared y el interior de la vivienda.<\/li>\n<li style='margin-bottom: 5px;'>Capacidad de carga: Capacidad de soporte de 1 a 3 toneladas<\/li>\n<li style='margin-bottom: 5px;'>Facilidad en la instalaci\u00f3n : Instrucciones detalladas para una instalaci\u00f3n segura y eficiente.<\/li>\n<\/ul><\/div>\n<div style='flex: 1 1 300px; min-width: 280px;'>\n<h3 style='font-size: 22px; border-bottom: 2px solid currentColor; padding-bottom: 5px; margin-top: 0; color: inherit; opacity: 0.8;'>Especificaciones F\u00edsicas<\/h3>\n<ul style='padding-left: 20px; font-size: 15px; color: inherit;'>\n<li style='margin-bottom: 5px;'>Tipo : Pared<\/li>\n<li style='margin-bottom: 5px;'>Material: Met\u00e1lico<\/li>\n<li style='margin-bottom: 5px;'>Color : Galvanizado<\/li>\n<li style='margin-bottom: 5px;'>Dimensiones (largo x ancho x alto): 542 x 46 x 235 mm.<\/li>\n<li style='margin-bottom: 5px;'><strong>La Torniller\u00eda incluye:<\/strong> 4 tornillos hexagonales 5\/16&#8242; x 2&#8242;<br \/>8 tuercas dentadas 5\/16&#8242; Zinc Ningbo<br \/>4 barrenancla tx 5\/16&#8242; x 2 1\/2&#8242;<br \/>4 Nivelador de piso 11\/2&#8242; x 5\/16&#8242;<\/li>\n<\/ul><\/div>\n<div style='flex: 1 1 300px; min-width: 280px;'>\n<h3 style='font-size: 22px; border-bottom: 2px solid currentColor; padding-bottom: 5px; margin-top: 0; color: inherit; opacity: 0.8;'>Aplicaciones<\/h3>\n<ul style='padding-left: 20px; font-size: 15px; color: inherit;'>\n<li style='margin-bottom: 5px;'>Sistemas de soporte para unidad externa en pared Minisplit AUFIT.<\/li>\n<\/ul><\/div>\n<\/p><\/div>\n<p> <!-- Secci\u00f3n de im\u00e1genes --> <\/p>\n<div style='display: flex; flex-wrap: wrap; gap: 30px; margin-bottom: 30px; justify-content: center;'> <img style='width: 100%; max-width: 300px; height: auto; border: 1px solid rgba(150&comma;150&comma;150&comma;0.3); border-radius: 8px;' src='https:\/\/ftp3.syscom.mx\/usuarios\/fotos\/BancoFotografiasSyscom\/EPCOM\/BMP225T\/BMP225T-AD-1-p.PNG' alt=''> <img style='width: 100%; max-width: 300px; height: auto; border: 1px solid rgba(150&comma;150&comma;150&comma;0.3); border-radius: 8px;' src='https:\/\/ftp3.syscom.mx\/usuarios\/fotos\/BancoFotografiasSyscom\/EPCOM\/BMP225T\/BMP225T-p.PNG' alt=''> <img style='width: 100%; max-width: 300px; height: auto; border: 1px solid rgba(150&comma;150&comma;150&comma;0.3); border-radius: 8px;' src='https:\/\/ftp3.syscom.mx\/usuarios\/fotos\/BancoFotografiasSyscom\/EPCOM\/BMP225T\/BMP225T-AD-1-p.PNG' alt=''> <\/div>\n<p> <!-- Informaci\u00f3n adicional --> <\/p>\n<div style='margin-bottom: 30px;'>\n<p style='text-align: justify; color: inherit;'>El objetivo de brindar a los instaladores y t\u00e9cnicos&comma; las herramientas necesarias para llevar a cabo una instalaci\u00f3n precisa y asimismo&comma; se hace incapi\u00e9 en la importancia de seguir todas las instrucciones y recomendaciones proporcionadas por el fabricante de los minisplit y de las bases de pared&comma; con el fin de mantener la eficiencia energ\u00e9tica&comma; la funcionalidad y la longevidad de estos sistemas de climatizaci\u00f3n.<\/p>\n<p style='text-align: center; color: inherit; margin: 10px 0 0 0;'><strong>Accesorios de instalaci\u00f3n para unidad externa Minisplit AUFIT<\/strong><\/p>\n<\/p><\/div>\n<\/p><\/div>\n","protected":false},"excerpt":{"rendered":"<p>Base Mini split \/ Para Condensador o Unidad Externa \/ Galvanizada \/ Montaje de pared \/ Capacidad de 1 a 3 toneladas \/ EPCOM INDUSTRIAL<\/p>\n","protected":false},"featured_media":40955,"comment_status":"open","ping_status":"closed","template":"","meta":[],"product_brand":[],"product_cat":[1146],"product_tag":[1144,181,1147],"class_list":{"0":"post-40956","1":"product","2":"type-product","3":"status-publish","4":"has-post-thumbnail","6":"product_cat-refrigeracion-casa-oficina-industrial","7":"product_tag-climatizacion-refrigeracion","8":"product_tag-epcom-industrial","9":"product_tag-refrigeracion-casa-oficina-industrial","11":"first","12":"instock","13":"sale","14":"shipping-taxable","15":"purchasable","16":"product-type-simple"},"_links":{"self":[{"href":"https:\/\/soydeaqui.ddns.net\/pachuca\/index.php\/wp-json\/wp\/v2\/product\/40956","targetHints":{"allow":["GET"]}}],"collection":[{"href":"https:\/\/soydeaqui.ddns.net\/pachuca\/index.php\/wp-json\/wp\/v2\/product"}],"about":[{"href":"https:\/\/soydeaqui.ddns.net\/pachuca\/index.php\/wp-json\/wp\/v2\/types\/product"}],"replies":[{"embeddable":true,"href":"https:\/\/soydeaqui.ddns.net\/pachuca\/index.php\/wp-json\/wp\/v2\/comments?post=40956"}],"wp:featuredmedia":[{"embeddable":true,"href":"https:\/\/soydeaqui.ddns.net\/pachuca\/index.php\/wp-json\/wp\/v2\/media\/40955"}],"wp:attachment":[{"href":"https:\/\/soydeaqui.ddns.net\/pachuca\/index.php\/wp-json\/wp\/v2\/media?parent=40956"}],"wp:term":[{"taxonomy":"product_brand","embeddable":true,"href":"https:\/\/soydeaqui.ddns.net\/pachuca\/index.php\/wp-json\/wp\/v2\/product_brand?post=40956"},{"taxonomy":"product_cat","embeddable":true,"href":"https:\/\/soydeaqui.ddns.net\/pachuca\/index.php\/wp-json\/wp\/v2\/product_cat?post=40956"},{"taxonomy":"product_tag","embeddable":true,"href":"https:\/\/soydeaqui.ddns.net\/pachuca\/index.php\/wp-json\/wp\/v2\/product_tag?post=40956"}],"curies":[{"name":"wp","href":"https:\/\/api.w.org\/{rel}","templated":true}]}}