{"id":40940,"date":"2026-03-18T18:01:50","date_gmt":"2026-03-18T18:01:50","guid":{"rendered":"https:\/\/soydeaqui.ddns.net\/pachuca\/index.php\/producto\/relevador-inalambrico-inteligente-16a-110-240-v-1-salida-de-contacto-seco-compatible-con-asistente-de-voz-alexa-google-home-wifi-2-4\/"},"modified":"2026-03-18T18:01:52","modified_gmt":"2026-03-18T18:01:52","slug":"relevador-inalambrico-inteligente-16a-110-240-v-1-salida-de-contacto-seco-compatible-con-asistente-de-voz-alexa-google-home-wifi-2-4","status":"publish","type":"product","link":"https:\/\/soydeaqui.ddns.net\/pachuca\/index.php\/producto\/relevador-inalambrico-inteligente-16a-110-240-v-1-salida-de-contacto-seco-compatible-con-asistente-de-voz-alexa-google-home-wifi-2-4\/","title":{"rendered":"Relevador inal\u00e1mbrico inteligente 16A, 110-240 V \/ 1  salida de contacto seco \/ compatible con asistente de voz Alexa, Google Home \/ Wifi 2.4"},"content":{"rendered":"<div style='width: 100%; max-width: 1200px; margin: 0 auto; font-family: sans-serif; line-height: 1.6; color: inherit; background-color: transparent;'>\n<p style='text-align: justify; font-size: 15px; margin-bottom: 30px;'>Shelly 1 Gen4 incorpora potentes mejoras al popular dispositivo Shelly 1. Con la nueva conectividad multiprotocolo&comma; puede elegir el protocolo que mejor se adapte a su red dom\u00e9stica: Zigbee&comma; Matter&comma; Wi-Fi o Bluetooth. Un procesador mejorado garantiza respuestas m\u00e1s r\u00e1pidas y un rendimiento m\u00e1s fluido de sus automatizaciones. Shelly 1 Gen4 sigue siendo la soluci\u00f3n perfecta para modernizar sus luces y electrodom\u00e9sticos&comma; ahora con mayor compatibilidad y velocidad&comma; todo en su dise\u00f1o compacto y f\u00e1cil de instalar.<\/p>\n<div style='display: flex; flex-wrap: wrap; gap: 30px; margin-bottom: 30px;'>\n<div style='flex: 1 1 300px; min-width: 280px;'>\n<div style='border-left: 5px solid #0091ff; border-radius: 5px; padding: 15px; border: 1px solid rgba(150&comma;150&comma;150&comma;0.3); background-color: rgba(255&comma;255&comma;255&comma;0.05);'>\n<h3 style='font-size: 18px; margin-top: 0; margin-bottom: 15px; color: inherit;'>Caracter\u00edsticas principales<\/h3>\n<ul style='padding-left: 20px; font-size: 14px; color: inherit; list-style-type: disc;'>\n<li style='margin-bottom: 8px;'>No requiere HUB<\/li>\n<li style='margin-bottom: 8px;'>Contanto seco<\/li>\n<li style='margin-bottom: 8px;'>Proteccion temperatura<\/li>\n<li style='margin-bottom: 8px;'>Proteccion sobre carga<\/li>\n<li style='margin-bottom: 8px;'>Canales: 1<\/li>\n<li style='margin-bottom: 8px;'>Conectividad Zigbee&comma; Matter&comma; Wi-Fi 2.4 o Bluetooth<\/li>\n<li style='margin-bottom: 8px;'>Bluetooth (solo para agregar&comma; no para control)<\/li>\n<\/ul><\/div>\n<\/p><\/div>\n<div style='flex: 1 1 300px; min-width: 280px;'>\n<div style='border-left: 5px solid #0091ff; border-radius: 5px; padding: 15px; border: 1px solid rgba(150&comma;150&comma;150&comma;0.3); background-color: rgba(255&comma;255&comma;255&comma;0.05);'>\n<h3 style='font-size: 18px; margin-top: 0; margin-bottom: 15px; color: inherit;'>Caracter\u00edsticas F\u00edsicas y El\u00e9ctricas<\/h3>\n<ul style='padding-left: 20px; font-size: 14px; color: inherit; list-style-type: disc;'>\n<li style='margin-bottom: 8px;'>Alimentacion AC: 110V &#8211; 240V&comma; 50\/60Hz<\/li>\n<li style='margin-bottom: 8px;'>Alimentacion DC: 12V (estabilizado)&comma; 24 &#8211; 48V<\/li>\n<li style='margin-bottom: 8px;'>Carga maxima soportada: 16A<\/li>\n<li style='margin-bottom: 8px;'>Temperatura de operacion: -20\u00b0C a +40\u00b0C<\/li>\n<li style='margin-bottom: 8px;'>Corriente de consumo: &lt;1W<\/li>\n<li style='margin-bottom: 8px;'>Dimensiones: 41mm x 36mm x 16mm<\/li>\n<li style='margin-bottom: 8px;'>Usiarios simultaneos: 10 o compartir a 100 cuentas<\/li>\n<\/ul><\/div>\n<\/p><\/div>\n<div style='flex: 1 1 300px; min-width: 280px;'>\n<div style='border-left: 5px solid #0091ff; border-radius: 5px; padding: 15px; border: 1px solid rgba(150&comma;150&comma;150&comma;0.3); background-color: rgba(255&comma;255&comma;255&comma;0.05);'>\n<h3 style='font-size: 18px; margin-top: 0; margin-bottom: 15px; color: inherit;'>Ejemplos de instalacion m\u00e1s comunes<\/h3>\n<ul style='padding-left: 20px; font-size: 14px; color: inherit; list-style-type: disc;'>\n<li style='margin-bottom: 8px;'>Iluminacion<\/li>\n<li style='margin-bottom: 8px;'>Sirena o Estrobo<\/li>\n<li style='margin-bottom: 8px;'>Cerco Electrico<\/li>\n<li style='margin-bottom: 8px;'>Chapa Electrica<\/li>\n<li style='margin-bottom: 8px;'>Puerta de garage<\/li>\n<li style='margin-bottom: 8px;'>Riego<\/li>\n<li style='margin-bottom: 8px;'>Timbre de puerta<\/li>\n<li style='margin-bottom: 8px;'>Calefacci\u00f3n y refrigeraci\u00f3n<\/li>\n<li style='margin-bottom: 8px;'>Accesorios<\/li>\n<li style='margin-bottom: 8px;'><a href='https:\/\/kb.shelly.cloud\/knowledge-base\/devices' style='color: #0091ff; text-decoration: none;'>Base de datos material de apoyo<\/a><\/li>\n<\/ul><\/div>\n<\/p><\/div>\n<\/p><\/div>\n<div style='width: 100%; margin: 30px 0;'> <img style='width: 100%; height: auto; border: 1px solid rgba(150&comma;150&comma;150&comma;0.3); border-radius: 8px;' src='https:\/\/i.ibb.co\/hYz5w2N\/funcionalidades2.jpg' alt=''> <\/div>\n<div style='width: 100%; margin: 30px 0; padding: 30px; border-radius: 10px; background-color: #2f9cd7;'>\n<div style='text-align: center;'>\n<h4 style='color: white; margin: 0;'> <\/h4>\n<\/p><\/div>\n<\/p><\/div>\n<\/p><\/div>\n","protected":false},"excerpt":{"rendered":"<p>Relevador inal\u00e1mbrico inteligente 16A, 110-240 V \/ 1  salida de contacto seco \/ compatible con asistente de voz Alexa, Google Home \/ Wifi 2.4<\/p>\n","protected":false},"featured_media":40939,"comment_status":"open","ping_status":"closed","template":"","meta":[],"product_brand":[],"product_cat":[148],"product_tag":[30,149,58],"class_list":{"0":"post-40940","1":"product","2":"type-product","3":"status-publish","4":"has-post-thumbnail","6":"product_cat-sensores-y-relevadores","7":"product_tag-automatizacion-casa-inteligente","8":"product_tag-sensores-y-relevadores","9":"product_tag-shelly","11":"first","12":"instock","13":"sale","14":"shipping-taxable","15":"purchasable","16":"product-type-simple"},"_links":{"self":[{"href":"https:\/\/soydeaqui.ddns.net\/pachuca\/index.php\/wp-json\/wp\/v2\/product\/40940","targetHints":{"allow":["GET"]}}],"collection":[{"href":"https:\/\/soydeaqui.ddns.net\/pachuca\/index.php\/wp-json\/wp\/v2\/product"}],"about":[{"href":"https:\/\/soydeaqui.ddns.net\/pachuca\/index.php\/wp-json\/wp\/v2\/types\/product"}],"replies":[{"embeddable":true,"href":"https:\/\/soydeaqui.ddns.net\/pachuca\/index.php\/wp-json\/wp\/v2\/comments?post=40940"}],"wp:featuredmedia":[{"embeddable":true,"href":"https:\/\/soydeaqui.ddns.net\/pachuca\/index.php\/wp-json\/wp\/v2\/media\/40939"}],"wp:attachment":[{"href":"https:\/\/soydeaqui.ddns.net\/pachuca\/index.php\/wp-json\/wp\/v2\/media?parent=40940"}],"wp:term":[{"taxonomy":"product_brand","embeddable":true,"href":"https:\/\/soydeaqui.ddns.net\/pachuca\/index.php\/wp-json\/wp\/v2\/product_brand?post=40940"},{"taxonomy":"product_cat","embeddable":true,"href":"https:\/\/soydeaqui.ddns.net\/pachuca\/index.php\/wp-json\/wp\/v2\/product_cat?post=40940"},{"taxonomy":"product_tag","embeddable":true,"href":"https:\/\/soydeaqui.ddns.net\/pachuca\/index.php\/wp-json\/wp\/v2\/product_tag?post=40940"}],"curies":[{"name":"wp","href":"https:\/\/api.w.org\/{rel}","templated":true}]}}