{"id":40938,"date":"2026-03-18T18:01:47","date_gmt":"2026-03-18T18:01:47","guid":{"rendered":"https:\/\/soydeaqui.ddns.net\/pachuca\/index.php\/producto\/relevador-inalambrico-inteligente-16a-110-240-v-medicion-de-consumo-compatible-con-asistente-de-voz-alexa-google-home-wifi-2-4\/"},"modified":"2026-03-18T18:01:48","modified_gmt":"2026-03-18T18:01:48","slug":"relevador-inalambrico-inteligente-16a-110-240-v-medicion-de-consumo-compatible-con-asistente-de-voz-alexa-google-home-wifi-2-4","status":"publish","type":"product","link":"https:\/\/soydeaqui.ddns.net\/pachuca\/index.php\/producto\/relevador-inalambrico-inteligente-16a-110-240-v-medicion-de-consumo-compatible-con-asistente-de-voz-alexa-google-home-wifi-2-4\/","title":{"rendered":"Relevador inal\u00e1mbrico inteligente 16A, 110-240 V \/ medici\u00f3n de consumo \/ compatible con asistente de voz Alexa, Google Home \/ Wifi 2.4"},"content":{"rendered":"<div style='width: 100%; max-width: 1200px; margin: 0 auto; font-family: sans-serif; line-height: 1.6; color: inherit; background-color: transparent;'>\n<div style='display: flex; flex-wrap: wrap; gap: 30px; margin-bottom: 30px;'>\n<div style='flex: 1 1 300px; min-width: 280px;'>\n<h3 style='font-size: 22px; border-bottom: 2px solid currentColor; padding-bottom: 5px; margin-top: 0; color: inherit; opacity: 0.8;'>Caracter\u00edsticas principales<\/h3>\n<ul style='padding-left: 20px; font-size: 15px; color: inherit;'>\n<li style='margin-bottom: 5px;'>No requiere HUB<\/li>\n<li style='margin-bottom: 5px;'>Protecci\u00f3n de temperatura<\/li>\n<li style='margin-bottom: 5px;'>Protecci\u00f3n de sobrecarga<\/li>\n<li style='margin-bottom: 5px;'>Medidor de consumo (solo en AC)<\/li>\n<li style='margin-bottom: 5px;'>Canales: 1<\/li>\n<li style='margin-bottom: 5px;'>Conectividad de configuraci\u00f3n y control Wifi 2.4GHz<\/li>\n<li style='margin-bottom: 5px;'>Bluetooth (solo para agregar&comma; no para control)<\/li>\n<\/ul><\/div>\n<div style='flex: 1 1 300px; min-width: 280px;'>\n<h3 style='font-size: 22px; border-bottom: 2px solid currentColor; padding-bottom: 5px; margin-top: 0; color: inherit; opacity: 0.8;'>Caracter\u00edsticas F\u00edsicas y El\u00e9ctricas<\/h3>\n<ul style='padding-left: 20px; font-size: 15px; color: inherit;'>\n<li style='margin-bottom: 5px;'>Alimentaci\u00f3n AC: 110 &#8211; 240V&comma; 50\/60Hz<\/li>\n<li style='margin-bottom: 5px;'>Alimentaci\u00f3n DC: 24 &#8211; 30V<\/li>\n<li style='margin-bottom: 5px;'>Carga m\u00e1xima: 16A<\/li>\n<li style='margin-bottom: 5px;'>Temperatura de operaci\u00f3n: -20\u00b0C a +40\u00b0C<\/li>\n<li style='margin-bottom: 5px;'>Corriente de consumo: <1W<\/li>\n<li style='margin-bottom: 5px;'>Dimensiones: 41mm x 36mm x 16mm<\/li>\n<li style='margin-bottom: 5px;'>Usuarios simult\u00e1neos: 10 o compartir a 5 cuentas<\/li>\n<\/ul><\/div>\n<div style='flex: 1 1 300px; min-width: 280px;'>\n<h3 style='font-size: 22px; border-bottom: 2px solid currentColor; padding-bottom: 5px; margin-top: 0; color: inherit; opacity: 0.8;'>Ejemplos de instalaci\u00f3n<\/h3>\n<ul style='padding-left: 20px; font-size: 15px; color: inherit;'>\n<li style='margin-bottom: 5px;'>Iluminaci\u00f3n<\/li>\n<li style='margin-bottom: 5px;'>Interruptores 3 v\u00edas o Escalera<\/li>\n<li style='margin-bottom: 5px;'><a href='https:\/\/kb.shelly.cloud\/knowledge-base\/devices' style='color: inherit; text-decoration: underline;'>Base de datos material de apoyo<\/a><\/li>\n<\/ul><\/div>\n<\/p><\/div>\n<div style='margin-bottom: 30px;'> <img style='width: 100%; height: auto; border: 1px solid rgba(150&comma;150&comma;150&comma;0.3); border-radius: 8px;' src='https:\/\/i.ibb.co\/ZS7f773\/funcionalidades.jpg' alt=''> <\/div>\n<div style='margin-bottom: 30px;'> <img style='width: 100%; height: auto; border: 1px solid rgba(150&comma;150&comma;150&comma;0.3); border-radius: 8px;' src='https:\/\/i.ibb.co\/BgzLnG9\/quemejoramos.png' alt=''> <\/div>\n<div style='display: flex; flex-wrap: wrap; gap: 20px; margin-bottom: 30px;'>\n<div style='flex: 1 1 300px; min-width: 280px;'>\n<div style='padding: 15px; border-bottom: 1px solid rgba(150&comma; 150&comma; 150&comma; 0.2); font-weight: bold; font-size: 18px; color: inherit; background-color: #2f9cd7; border-radius: 8px 8px 0 0; text-align: center;'> <img style='width: 60px; height: auto; margin: 10px auto; display: block;' src='https:\/\/ftp3.syscom.mx\/usuarios\/ftp\/single_page\/shelly_img\/install.png' alt=''> <\/p>\n<div style='color: white;'>INSTALAR<\/div>\n<\/p><\/div>\n<div style='padding: 15px; color: inherit; background-color: #2f9cd7; border-radius: 0 0 8px 8px;'>\n<p style='color: white; text-align: center; margin: 0;'>Instale su rel\u00e9 Shelly1L en la pared debajo de la toma de corriente o un interruptor de luz est\u00e1ndar.<\/p>\n<\/p><\/div>\n<\/p><\/div>\n<div style='flex: 1 1 300px; min-width: 280px;'>\n<div style='padding: 15px; border-bottom: 1px solid rgba(150&comma; 150&comma; 150&comma; 0.2); font-weight: bold; font-size: 18px; color: inherit; background-color: #2f9cd7; border-radius: 8px 8px 0 0; text-align: center;'> <img style='width: 60px; height: auto; margin: 10px auto; display: block;' src='https:\/\/ftp3.syscom.mx\/usuarios\/ftp\/single_page\/shelly_img\/download-app.png' alt=''> <\/p>\n<div style='color: white;'>INSTALAR<\/div>\n<\/p><\/div>\n<div style='padding: 15px; color: inherit; background-color: #2f9cd7; border-radius: 0 0 8px 8px;'>\n<p style='color: white; text-align: center; margin: 0;'>Descargue e instale la aplicaci\u00f3n m\u00f3vil gratuita de Google Play o Apple\u00ae App Store.<\/p>\n<\/p><\/div>\n<\/p><\/div>\n<div style='flex: 1 1 300px; min-width: 280px;'>\n<div style='padding: 15px; border-bottom: 1px solid rgba(150&comma; 150&comma; 150&comma; 0.2); font-weight: bold; font-size: 18px; color: inherit; background-color: #2f9cd7; border-radius: 8px 8px 0 0; text-align: center;'> <img style='width: 60px; height: auto; margin: 10px auto; display: block;' src='https:\/\/ftp3.syscom.mx\/usuarios\/ftp\/single_page\/shelly_img\/manual.png' alt=''> <\/p>\n<div style='color: white;'>DESCARGAR<\/div>\n<\/p><\/div>\n<div style='padding: 15px; color: inherit; background-color: #2f9cd7; border-radius: 0 0 8px 8px;'>\n<p style='color: white; text-align: center; margin: 0;'>Descargue nuestra Gu\u00eda de usuario y siga las instrucciones.<\/p>\n<\/p><\/div>\n<\/p><\/div>\n<\/p><\/div>\n<div style='margin-bottom: 30px; text-align: center;'> <img style='width: 100px; height: auto; margin: 0 auto; display: block;' src='https:\/\/ftp3.syscom.mx\/usuarios\/ftp\/single_page\/shelly_img\/shelly_logo_white_std.png' alt=''> <\/div>\n<hr style='border: 0; border-top: 1px solid rgba(150&comma; 150&comma; 150&comma; 0.3); margin: 30px 0;'> <\/div>\n","protected":false},"excerpt":{"rendered":"<p>Relevador inal\u00e1mbrico inteligente 16A, 110-240 V \/ medici\u00f3n de consumo \/ compatible con asistente de voz Alexa, Google Home \/ Wifi 2.4<\/p>\n","protected":false},"featured_media":40937,"comment_status":"open","ping_status":"closed","template":"","meta":[],"product_brand":[],"product_cat":[56],"product_tag":[30,57,58],"class_list":{"0":"post-40938","1":"product","2":"type-product","3":"status-publish","4":"has-post-thumbnail","6":"product_cat-control-de-iluminacion","7":"product_tag-automatizacion-casa-inteligente","8":"product_tag-control-de-iluminacion","9":"product_tag-shelly","11":"first","12":"instock","13":"sale","14":"shipping-taxable","15":"purchasable","16":"product-type-simple"},"_links":{"self":[{"href":"https:\/\/soydeaqui.ddns.net\/pachuca\/index.php\/wp-json\/wp\/v2\/product\/40938","targetHints":{"allow":["GET"]}}],"collection":[{"href":"https:\/\/soydeaqui.ddns.net\/pachuca\/index.php\/wp-json\/wp\/v2\/product"}],"about":[{"href":"https:\/\/soydeaqui.ddns.net\/pachuca\/index.php\/wp-json\/wp\/v2\/types\/product"}],"replies":[{"embeddable":true,"href":"https:\/\/soydeaqui.ddns.net\/pachuca\/index.php\/wp-json\/wp\/v2\/comments?post=40938"}],"wp:featuredmedia":[{"embeddable":true,"href":"https:\/\/soydeaqui.ddns.net\/pachuca\/index.php\/wp-json\/wp\/v2\/media\/40937"}],"wp:attachment":[{"href":"https:\/\/soydeaqui.ddns.net\/pachuca\/index.php\/wp-json\/wp\/v2\/media?parent=40938"}],"wp:term":[{"taxonomy":"product_brand","embeddable":true,"href":"https:\/\/soydeaqui.ddns.net\/pachuca\/index.php\/wp-json\/wp\/v2\/product_brand?post=40938"},{"taxonomy":"product_cat","embeddable":true,"href":"https:\/\/soydeaqui.ddns.net\/pachuca\/index.php\/wp-json\/wp\/v2\/product_cat?post=40938"},{"taxonomy":"product_tag","embeddable":true,"href":"https:\/\/soydeaqui.ddns.net\/pachuca\/index.php\/wp-json\/wp\/v2\/product_tag?post=40938"}],"curies":[{"name":"wp","href":"https:\/\/api.w.org\/{rel}","templated":true}]}}