{"id":40936,"date":"2026-03-18T18:01:42","date_gmt":"2026-03-18T18:01:42","guid":{"rendered":"https:\/\/soydeaqui.ddns.net\/pachuca\/index.php\/producto\/mini-interruptor-inteligente-con-wi-fi-2-4-contacto-seco-1-canal-8a-110-240v-compatible-con-asistentes-de-voz\/"},"modified":"2026-03-18T18:01:43","modified_gmt":"2026-03-18T18:01:43","slug":"mini-interruptor-inteligente-con-wi-fi-2-4-contacto-seco-1-canal-8a-110-240v-compatible-con-asistentes-de-voz","status":"publish","type":"product","link":"https:\/\/soydeaqui.ddns.net\/pachuca\/index.php\/producto\/mini-interruptor-inteligente-con-wi-fi-2-4-contacto-seco-1-canal-8a-110-240v-compatible-con-asistentes-de-voz\/","title":{"rendered":"Mini Interruptor inteligente con Wi-Fi 2.4 \/ contacto seco \/1 canal 8A, 110 &#8211; 240V \/ compatible con asistentes de voz"},"content":{"rendered":"<div style='width: 100%; max-width: 1200px; margin: 0 auto; font-family: sans-serif; line-height: 1.6; color: inherit; background-color: transparent;'>\n<p style='text-align: justify; margin-bottom: 15px;'>Interruptor inteligente compacto de pr\u00f3xima generaci\u00f3n de Shelly para controlar luces y peque\u00f1os electrodom\u00e9sticos de hasta 8 A. Equipado con chip Shelly y soporte de conectividad multiprotocolo: Wi-Fi&comma; Zigbee&comma; Bluetooth&comma; Matter.<\/p>\n<p style='text-align: justify; margin-bottom: 15px;'>Dise\u00f1ados teniendo en cuenta la comodidad&comma; estos mini dispositivos tienen todas las capacidades de los dispositivos inteligentes est\u00e1ndar de Shelly en un formato compacto.<\/p>\n<p style='text-align: justify; margin-bottom: 15px;'>Con un procesador mejorado y 8 MB de memoria&comma; los dispositivos ofrecen mayor eficiencia&comma; capacidad de respuesta y funcionamiento perfecto.<\/p>\n<p style='text-align: justify; margin-bottom: 30px;'>Cada dispositivo Mini Gen4 cuenta con certificaci\u00f3n Matter y admite conectividad multiprotocolo&comma; lo que permite una mayor flexibilidad dentro de la configuraci\u00f3n de su hogar inteligente.<\/p>\n<div style='display: flex; flex-wrap: wrap; gap: 30px; margin-bottom: 30px;'>\n<div style='flex: 1 1 300px; min-width: 280px;'>\n<h3 style='font-size: 22px; border-bottom: 2px solid currentColor; padding-bottom: 5px; margin-top: 0; color: inherit; opacity: 0.8;'>Caracter\u00edsticas principales<\/h3>\n<ul style='padding-left: 20px; font-size: 15px; color: inherit;'>\n<li style='margin-bottom: 5px;'>No Requiere HUB<\/li>\n<li style='margin-bottom: 5px;'>Contacto Seco SI&comma; tipo N.O.<\/li>\n<li style='margin-bottom: 5px;'>N\u00famero de canales : 1<\/li>\n<li style='margin-bottom: 5px;'>Conectividad multiprotocolo: elige entre Wi-Fi 2.4&comma; Zigbee y Bluetooth<\/li>\n<li style='margin-bottom: 5px;'>Alcance: 10m a 30m linea de vista exterior\/interior<\/li>\n<li style='margin-bottom: 5px;'>Carga: 8A<\/li>\n<li style='margin-bottom: 5px;'>Compatible con asistentes de voz: Alexa y GoogleHome<\/li>\n<\/ul><\/div>\n<div style='flex: 1 1 300px; min-width: 280px;'>\n<h3 style='font-size: 22px; border-bottom: 2px solid currentColor; padding-bottom: 5px; margin-top: 0; color: inherit; opacity: 0.8;'>Caracter\u00edsticas F\u00edsicas y El\u00e9ctricas<\/h3>\n<ul style='padding-left: 20px; font-size: 15px; color: inherit;'>\n<li style='margin-bottom: 5px;'><strong>Alimentaci\u00f3n AC:<\/strong> 110 &#8211; 240 VCA<\/li>\n<li style='margin-bottom: 5px;'><strong>Temperatura de Operaci\u00f3n:<\/strong> -20 \u00b0C a 40 \u00b0C<\/li>\n<li style='margin-bottom: 5px;'><strong>Humedad:<\/strong> 30 % a 70 % HR<\/li>\n<li style='margin-bottom: 5px;'><strong>Consumo del dispositivo :<\/strong> < 1-2W<\/li>\n<li style='margin-bottom: 5px;'><strong>Carga m\u00e1xima :<\/strong> Std versi\u00f3n 8A<\/li>\n<li style='margin-bottom: 5px;'><strong>Dimensiones:<\/strong> 29x35x16 \u00b10&comma;5 mm<\/li>\n<li style='margin-bottom: 5px;'><strong>Usiarios simultaneos:<\/strong> 20 o compartir a 100 cuentas.<\/li>\n<li style='margin-bottom: 5px;'><strong>Protecci\u00f3n de voltaje\/corte:<\/strong> No<\/li>\n<li style='margin-bottom: 5px;'><strong>Protecci\u00f3n de corriente\/corte:<\/strong> No<\/li>\n<li style='margin-bottom: 5px;'><strong>M\u00e1xima protecci\u00f3n de potencia \/ Corte:<\/strong> No<\/li>\n<li style='margin-bottom: 5px;'><strong>Sensor de temperatura interna:<\/strong> Si<\/li>\n<\/ul><\/div>\n<div style='flex: 1 1 300px; min-width: 280px;'>\n<h3 style='font-size: 22px; border-bottom: 2px solid currentColor; padding-bottom: 5px; margin-top: 0; color: inherit; opacity: 0.8;'>Ejemplos de instalaci\u00f3n m\u00e1s comunes<\/h3>\n<ul style='padding-left: 20px; font-size: 15px; color: inherit;'>\n<li style='margin-bottom: 5px;'>Iluminaci\u00f3n.<\/li>\n<li style='margin-bottom: 5px;'>Accesorios.<\/li>\n<li style='margin-bottom: 5px;'>Chapas magneticas.<\/li>\n<li style='margin-bottom: 5px;'>Automatiza tu sistema de riego.<\/li>\n<li style='margin-bottom: 5px;'>Controla la puerta de garage.<\/li>\n<li style='margin-bottom: 5px;'>Convierte culquier electrodomestico en dispositivo inteligente.<\/li>\n<\/ul>\n<div style='margin-top: 15px; padding: 15px; border: 1px solid rgba(150&comma;150&comma;150&comma;0.3); border-radius: 8px;'> <a href='https:\/\/kb.shelly.cloud\/knowledge-base\/shelly-plus-1-mini' style='color: inherit; text-decoration: underline; font-weight: bold;'>M\u00e1s informaci\u00f3n t\u00e9cnica<\/a> <\/div>\n<\/p><\/div>\n<\/p><\/div>\n<div style='margin: 30px 0; text-align: center;'> <img style='width: 100%; max-width: 200px; height: auto; border: 1px solid rgba(150&comma;150&comma;150&comma;0.3); border-radius: 8px;' src='https:\/\/ftp3.syscom.mx\/usuarios\/ftp\/single_page\/shelly_img\/shelly_logo_white_std.png' alt='Logo Shelly'> <\/div>\n<\/p><\/div>\n","protected":false},"excerpt":{"rendered":"<p>Mini Interruptor inteligente con Wi-Fi 2.4 \/ contacto seco \/1 canal 8A, 110 &#8211; 240V \/ compatible con asistentes de voz<\/p>\n","protected":false},"featured_media":40935,"comment_status":"open","ping_status":"closed","template":"","meta":[],"product_brand":[],"product_cat":[56],"product_tag":[30,57,58],"class_list":{"0":"post-40936","1":"product","2":"type-product","3":"status-publish","4":"has-post-thumbnail","6":"product_cat-control-de-iluminacion","7":"product_tag-automatizacion-casa-inteligente","8":"product_tag-control-de-iluminacion","9":"product_tag-shelly","11":"first","12":"instock","13":"sale","14":"shipping-taxable","15":"purchasable","16":"product-type-simple"},"_links":{"self":[{"href":"https:\/\/soydeaqui.ddns.net\/pachuca\/index.php\/wp-json\/wp\/v2\/product\/40936","targetHints":{"allow":["GET"]}}],"collection":[{"href":"https:\/\/soydeaqui.ddns.net\/pachuca\/index.php\/wp-json\/wp\/v2\/product"}],"about":[{"href":"https:\/\/soydeaqui.ddns.net\/pachuca\/index.php\/wp-json\/wp\/v2\/types\/product"}],"replies":[{"embeddable":true,"href":"https:\/\/soydeaqui.ddns.net\/pachuca\/index.php\/wp-json\/wp\/v2\/comments?post=40936"}],"wp:featuredmedia":[{"embeddable":true,"href":"https:\/\/soydeaqui.ddns.net\/pachuca\/index.php\/wp-json\/wp\/v2\/media\/40935"}],"wp:attachment":[{"href":"https:\/\/soydeaqui.ddns.net\/pachuca\/index.php\/wp-json\/wp\/v2\/media?parent=40936"}],"wp:term":[{"taxonomy":"product_brand","embeddable":true,"href":"https:\/\/soydeaqui.ddns.net\/pachuca\/index.php\/wp-json\/wp\/v2\/product_brand?post=40936"},{"taxonomy":"product_cat","embeddable":true,"href":"https:\/\/soydeaqui.ddns.net\/pachuca\/index.php\/wp-json\/wp\/v2\/product_cat?post=40936"},{"taxonomy":"product_tag","embeddable":true,"href":"https:\/\/soydeaqui.ddns.net\/pachuca\/index.php\/wp-json\/wp\/v2\/product_tag?post=40936"}],"curies":[{"name":"wp","href":"https:\/\/api.w.org\/{rel}","templated":true}]}}