{"id":40912,"date":"2026-03-18T18:01:07","date_gmt":"2026-03-18T18:01:07","guid":{"rendered":"https:\/\/soydeaqui.ddns.net\/pachuca\/index.php\/producto\/kit-de-tuberia-1-4-y-5-8-capacidad-para-minisplit-aufit-2-a-3-toneladas-cinta-aislante-accesorios-longitud-de-4-metros\/"},"modified":"2026-03-18T18:01:09","modified_gmt":"2026-03-18T18:01:09","slug":"kit-de-tuberia-1-4-y-5-8-capacidad-para-minisplit-aufit-2-a-3-toneladas-cinta-aislante-accesorios-longitud-de-4-metros","status":"publish","type":"product","link":"https:\/\/soydeaqui.ddns.net\/pachuca\/index.php\/producto\/kit-de-tuberia-1-4-y-5-8-capacidad-para-minisplit-aufit-2-a-3-toneladas-cinta-aislante-accesorios-longitud-de-4-metros\/","title":{"rendered":"Kit de tuber\u00eda \/ 1 \/ 4&#8243;  y 5 \/ 8 &#8221; \/ Capacidad para minisplit AUFIT \/ 2 a 3 Toneladas \/ Cinta aislante \/ Accesorios \/ Longitud de 4 metros"},"content":{"rendered":"<div style='width: 100%; max-width: 1200px; margin: 0 auto; font-family: sans-serif; line-height: 1.6; color: inherit; background-color: transparent;'> <!-- Secci\u00f3n de caracter\u00edsticas principales --> <\/p>\n<div style='display: flex; flex-wrap: wrap; gap: 30px; margin-bottom: 30px;'>\n<div style='flex: 1 1 300px; min-width: 280px;'>\n<h3 style='font-size: 22px; border-bottom: 2px solid currentColor; padding-bottom: 5px; margin-top: 0; color: inherit; opacity: 0.8;'>Caracter\u00edsticas principales<\/h3>\n<ul style='padding-left: 20px; font-size: 15px; color: inherit;'>\n<li style='margin-bottom: 5px;'>Kit de tuber\u00eda para minisplit<\/li>\n<li style='margin-bottom: 5px;'>L\u00edneas 1\/4&#8242; y 5\/8&#8242;<\/li>\n<li style='margin-bottom: 5px;'>Para equipos ~2 toneladas (hasta 2\u20133 ton)<\/li>\n<li style='margin-bottom: 5px;'>Longitud total 4 metros<\/li>\n<li style='margin-bottom: 5px;'>Incluye cinta aislante y accesorios<\/li>\n<\/ul><\/div>\n<\/p><\/div>\n<p> <!-- Secci\u00f3n de especificaciones t\u00e9cnicas --> <\/p>\n<div style='display: flex; flex-wrap: wrap; gap: 20px; margin-bottom: 30px;'>\n<div style='flex: 1 1 250px; border: 1px solid rgba(150&comma; 150&comma; 150&comma; 0.4); border-radius: 8px; overflow: hidden; display: flex; flex-direction: column;'>\n<div style='padding: 15px; border-bottom: 1px solid rgba(150&comma; 150&comma; 150&comma; 0.2); font-weight: bold; font-size: 18px; color: inherit;'>Especificaciones T\u00e9cnicas<\/div>\n<div style='padding: 15px; color: inherit;'>\n<ul style='padding-left: 20px; margin: 0; font-size: 14px; list-style-type: disc;'>\n<li style='margin-bottom: 5px;'><strong>Largo:<\/strong> 400 cm<\/li>\n<li style='margin-bottom: 5px;'><strong>Ancho:<\/strong> &#8211;<\/li>\n<li style='margin-bottom: 5px;'><strong>Profundidad:<\/strong> 35.000 cm<\/li>\n<li style='margin-bottom: 5px;'><strong>Di\u00e1metro:<\/strong> 0.95 cm<\/li>\n<li style='margin-bottom: 5px;'><strong>Espesor:<\/strong> 40.000 mm<\/li>\n<li style='margin-bottom: 5px;'><strong>Material:<\/strong> Aluminio<\/li>\n<li style='margin-bottom: 5px;'><strong>Color:<\/strong> Blanco<\/li>\n<li style='margin-bottom: 5px;'><strong>Acabado:<\/strong> Mate<\/li>\n<li style='margin-bottom: 5px;'><strong>Peso:<\/strong> 0.955 kg<\/li>\n<li style='margin-bottom: 5px;'><strong>N\u00famero de piezas:<\/strong> 2<\/li>\n<li style='margin-bottom: 5px;'><strong>Tipo:<\/strong> Para minisplits<\/li>\n<\/ul><\/div>\n<\/p><\/div>\n<p> <!-- Secci\u00f3n de garant\u00eda --> <\/p>\n<div style='flex: 1 1 250px; border: 1px solid rgba(150&comma; 150&comma; 150&comma; 0.4); border-radius: 8px; overflow: hidden; display: flex; flex-direction: column;'>\n<div style='padding: 15px; border-bottom: 1px solid rgba(150&comma; 150&comma; 150&comma; 0.2); font-weight: bold; font-size: 18px; color: inherit;'>Garant\u00eda<\/div>\n<div style='padding: 15px; color: inherit;'>\n<ul style='padding-left: 20px; margin: 0; font-size: 14px; list-style-type: disc;'>\n<li style='margin-bottom: 5px;'><strong>Proveedor:<\/strong> 90 d\u00edas en tienda<\/li>\n<li style='margin-bottom: 5px;'><strong>Defecto de fabricaci\u00f3n:<\/strong> 1 a\u00f1o<\/li>\n<\/ul><\/div>\n<\/p><\/div>\n<p> <!-- Secci\u00f3n de conexiones --> <\/p>\n<div style='flex: 1 1 250px; border: 1px solid rgba(150&comma; 150&comma; 150&comma; 0.4); border-radius: 8px; overflow: hidden; display: flex; flex-direction: column;'>\n<div style='padding: 15px; border-bottom: 1px solid rgba(150&comma; 150&comma; 150&comma; 0.2); font-weight: bold; font-size: 18px; color: inherit;'>Conexiones<\/div>\n<div style='padding: 15px; color: inherit;'>\n<ul style='padding-left: 20px; margin: 0; font-size: 14px; list-style-type: disc;'>\n<li style='margin-bottom: 5px;'><strong>Medidas de la rosca:<\/strong> 1\/4 y 5\/8 pulgada de cada lado<\/li>\n<\/ul><\/div>\n<\/p><\/div>\n<\/p><\/div>\n<p> <!-- Separador --> <\/p>\n<hr style='border: 0; border-top: 1px solid rgba(150&comma; 150&comma; 150&comma; 0.3); margin: 30px 0;'> <!-- Secci\u00f3n de descripci\u00f3n detallada --> <\/p>\n<div style='margin-bottom: 30px;'>\n<h3 style='font-size: 22px; border-bottom: 2px solid currentColor; padding-bottom: 5px; margin-top: 0; color: inherit; opacity: 0.8;'>Descripci\u00f3n<\/h3>\n<p style='font-size: 15px; color: inherit; margin-bottom: 15px;'>Kit de tuber\u00edas&comma; est\u00e1 dise\u00f1ado para ampliar las tuber\u00edas de los minisplits cuando el evaporador y el condensador no cuentan con la distancia necesaria de las tuber\u00edas. Cuenta con puntas de cobre y tuercas para un mejor agarre. Tiene una longitud de 4 m y est\u00e1 elaborada de aluminio&comma; es apta para efectuar de manera correcta el ciclo de refrigeraci\u00f3n.<\/p>\n<\/p><\/div>\n<\/p><\/div>\n","protected":false},"excerpt":{"rendered":"<p>Kit de tuber\u00eda \/ 1 \/ 4&#8243;  y 5 \/ 8 &#8221; \/ Capacidad para minisplit AUFIT \/ 2 a 3 Toneladas \/ Cinta aislante \/ Accesorios \/ Longitud de 4 metros<\/p>\n","protected":false},"featured_media":40911,"comment_status":"open","ping_status":"closed","template":"","meta":[],"product_brand":[],"product_cat":[1146],"product_tag":[186,1144,1147],"class_list":{"0":"post-40912","1":"product","2":"type-product","3":"status-publish","4":"has-post-thumbnail","6":"product_cat-refrigeracion-casa-oficina-industrial","7":"product_tag-aufit","8":"product_tag-climatizacion-refrigeracion","9":"product_tag-refrigeracion-casa-oficina-industrial","11":"first","12":"instock","13":"sale","14":"shipping-taxable","15":"purchasable","16":"product-type-simple"},"_links":{"self":[{"href":"https:\/\/soydeaqui.ddns.net\/pachuca\/index.php\/wp-json\/wp\/v2\/product\/40912","targetHints":{"allow":["GET"]}}],"collection":[{"href":"https:\/\/soydeaqui.ddns.net\/pachuca\/index.php\/wp-json\/wp\/v2\/product"}],"about":[{"href":"https:\/\/soydeaqui.ddns.net\/pachuca\/index.php\/wp-json\/wp\/v2\/types\/product"}],"replies":[{"embeddable":true,"href":"https:\/\/soydeaqui.ddns.net\/pachuca\/index.php\/wp-json\/wp\/v2\/comments?post=40912"}],"wp:featuredmedia":[{"embeddable":true,"href":"https:\/\/soydeaqui.ddns.net\/pachuca\/index.php\/wp-json\/wp\/v2\/media\/40911"}],"wp:attachment":[{"href":"https:\/\/soydeaqui.ddns.net\/pachuca\/index.php\/wp-json\/wp\/v2\/media?parent=40912"}],"wp:term":[{"taxonomy":"product_brand","embeddable":true,"href":"https:\/\/soydeaqui.ddns.net\/pachuca\/index.php\/wp-json\/wp\/v2\/product_brand?post=40912"},{"taxonomy":"product_cat","embeddable":true,"href":"https:\/\/soydeaqui.ddns.net\/pachuca\/index.php\/wp-json\/wp\/v2\/product_cat?post=40912"},{"taxonomy":"product_tag","embeddable":true,"href":"https:\/\/soydeaqui.ddns.net\/pachuca\/index.php\/wp-json\/wp\/v2\/product_tag?post=40912"}],"curies":[{"name":"wp","href":"https:\/\/api.w.org\/{rel}","templated":true}]}}