{"id":40908,"date":"2026-03-18T18:01:01","date_gmt":"2026-03-18T18:01:01","guid":{"rendered":"https:\/\/soydeaqui.ddns.net\/pachuca\/index.php\/producto\/caja-impermeable-de-fibra-de-vidrio-12-69-32-23cm-alto-x-10-69-27-15cm-ancho-x-6-06-15-39cm-profundidad-con-ventanilla-listado-ul-cul-hecho-en-ee-uu-serie-enviroarmour\/"},"modified":"2026-03-18T18:01:02","modified_gmt":"2026-03-18T18:01:02","slug":"caja-impermeable-de-fibra-de-vidrio-12-69-32-23cm-alto-x-10-69-27-15cm-ancho-x-6-06-15-39cm-profundidad-con-ventanilla-listado-ul-cul-hecho-en-ee-uu-serie-enviroarmour","status":"publish","type":"product","link":"https:\/\/soydeaqui.ddns.net\/pachuca\/index.php\/producto\/caja-impermeable-de-fibra-de-vidrio-12-69-32-23cm-alto-x-10-69-27-15cm-ancho-x-6-06-15-39cm-profundidad-con-ventanilla-listado-ul-cul-hecho-en-ee-uu-serie-enviroarmour\/","title":{"rendered":"Caja Impermeable De Fibra De Vidrio, 12.69&#8243; (32.23cm) Alto x 10.69&#8243; (27.15cm) Ancho x 6.06&#8243; (15.39cm) Profundidad, Con Ventanilla, Listado UL\/cUL, Hecho En EE.UU, Serie EnviroArmour\u00ae"},"content":{"rendered":"<div style='width: 100%; max-width: 1200px; margin: 0 auto; font-family: sans-serif; line-height: 1.6; color: inherit; background-color: transparent;'>\n<div style='display: flex; flex-wrap: wrap; gap: 30px; margin-bottom: 30px;'>\n<div style='flex: 1 1 300px; min-width: 280px;'>\n<h3 style='font-size: 22px; border-bottom: 2px solid currentColor; padding-bottom: 5px; margin-top: 0; color: inherit; opacity: 0.8;'>Serie EnviroArmour\u00ae<\/h3>\n<ul style='padding-left: 20px; font-size: 15px; color: inherit;'>\n<li style='margin-bottom: 5px;'><strong>Caja impermeable de fibra de vidrio<\/strong><\/li>\n<li style='margin-bottom: 5px;'>12.69&#8242; (32.23cm) Alto x 10.69&#8242; (27.15cm) Ancho x 6.06&#8242; (15.39cm) Profundidad<\/li>\n<li style='margin-bottom: 5px;'>Con ventanilla<\/li>\n<li style='margin-bottom: 5px;'>Listado UL\/cUL<\/li>\n<li style='margin-bottom: 5px;'>Hecho en EE.UU.<\/li>\n<\/ul><\/div>\n<div style='flex: 1 1 300px; min-width: 280px;'>\n<h3 style='font-size: 22px; border-bottom: 2px solid currentColor; padding-bottom: 5px; margin-top: 0; color: inherit; opacity: 0.8;'>Descripci\u00f3n del Producto<\/h3>\n<p style='font-size: 15px; color: inherit; margin-top: 0; margin-bottom: 15px;'>Cajas de policarbonato o fibra de vidrio con cerrojo para anunciadores remotos&comma; paneles de control de alarma de incendio u otros productos electr\u00f3nicos que requieren protecci\u00f3n f\u00edsica o ambiental. Ayuda en la protecci\u00f3n contra el vandalismo (accidental o intencional)&comma; as\u00ed como la suciedad&comma; el polvo y la mugre. Tapas tienen cerrojo o puerta atornillada. Se tiene la opci\u00f3n con aire acondicionado y\/o calefacci\u00f3n&comma; ventilaci\u00f3n de compensaci\u00f3n de presi\u00f3n&comma; ventiladores de filtro o apertura de ventilaci\u00f3n de drenaje.<\/p>\n<p style='font-size: 15px; color: inherit; margin-top: 0; margin-bottom: 15px;'><strong>C\u00f3mo funcionan:<\/strong> Las cajas est\u00e1n construidas de policarbonato resistente o materiales de fibra de vidrio que permiten que la unidad en el interior est\u00e9 protegida pero accesible. Muchos tama\u00f1os est\u00e1n disponibles con varias opciones de ventilaci\u00f3n. Las opciones incluyen una puerta desmontable abisagrada opaca o tintada&comma; cerradura de pestillo de bajada o puerta atornillada. Las placas de montaje disponibles ofrecen una f\u00e1cil instalaci\u00f3n.<\/p>\n<\/p><\/div>\n<\/p><\/div>\n<div style='display: flex; flex-wrap: wrap; gap: 20px; margin-bottom: 30px;'>\n<div style='flex: 1 1 250px; border: 1px solid rgba(150&comma; 150&comma; 150&comma; 0.4); border-radius: 8px; overflow: hidden; display: flex; flex-direction: column;'>\n<div style='padding: 15px; border-bottom: 1px solid rgba(150&comma; 150&comma; 150&comma; 0.2); font-weight: bold; font-size: 18px; color: inherit;'>Caracter\u00edsticas Generales<\/div>\n<div style='padding: 15px; color: inherit;'>\n<ul style='padding-left: 20px; margin: 0; font-size: 14px; list-style-type: disc;'>\n<li style='margin-bottom: 5px;'>Hecho en EE.UU.<\/li>\n<li style='margin-bottom: 5px;'>Ayuda a proteger contra el vandalismo&comma; los da\u00f1os y el medio ambiente.<\/li>\n<li style='margin-bottom: 5px;'>Resistente a agentes qu\u00edmicos y para entornos m\u00e1s agresivos.<\/li>\n<li style='margin-bottom: 5px;'>La ventana est\u00e1 hecha de policarbonato transparente.<\/li>\n<li style='margin-bottom: 5px;'>La puerta se cierra con pestillo extra\u00edble.<\/li>\n<li style='margin-bottom: 5px;'>Puerta con cerradura o atornillada.<\/li>\n<li style='margin-bottom: 5px;'>Paneles de montaje de aluminio y fibra de vidrio disponibles.<\/li>\n<li style='margin-bottom: 5px;'><strong>Estabilizado a los rayos UV<\/strong> para uso en exteriores.<\/li>\n<li style='margin-bottom: 5px;'><strong>Clasificaci\u00f3n UL50 Tipo 3R&comma; 4&comma; 4X&comma; 6P&comma; 12&comma; IP66<\/strong><\/li>\n<li style='margin-bottom: 5px;'><strong>Listado UL\/cUL<\/strong><\/li>\n<li style='margin-bottom: 5px;'>Modelos de fibra de vidrio tienen una puerta con ventanilla opaca o transparente.<\/li>\n<li style='margin-bottom: 5px;'>Modelos de policarbonato tienen una puerta abisagrada opaca o tintada.<\/li>\n<li style='margin-bottom: 5px;'>Puerta desmontable.<\/li>\n<li style='margin-bottom: 5px;'>Pestillo de bajada.<\/li>\n<li style='margin-bottom: 5px;'>Puerta atornillada o con cerrojo.<\/li>\n<li style='margin-bottom: 5px;'>Suaves bordes redondeados.<\/li>\n<li style='margin-bottom: 5px;'>Placas de montaje disponibles<\/li>\n<li style='margin-bottom: 5px;'>Policarbonato o fibra de vidrio.<\/li>\n<li style='margin-bottom: 5px;'>Muchos tama\u00f1os disponibles<\/li>\n<li style='margin-bottom: 5px;'>Opciones de ventilaci\u00f3n disponibles (seg\u00fan modelo): Aire acondicionado&comma; calefacci\u00f3n&comma; aire acondicionado con calefacci\u00f3n&comma; ventilaciones de compensaci\u00f3n de presi\u00f3n&comma; ventiladores con filtro&comma; abertura de ventilaci\u00f3n de drenaje (aplica seg\u00fan modelo)<\/li>\n<\/ul><\/div>\n<\/p><\/div>\n<\/p><\/div>\n<hr style='border: 0; border-top: 1px solid rgba(150&comma; 150&comma; 150&comma; 0.3); margin: 30px 0;'> <\/div>\n","protected":false},"excerpt":{"rendered":"<p>Caja Impermeable De Fibra De Vidrio, 12.69&#8243; (32.23cm) Alto x 10.69&#8243; (27.15cm) Ancho x 6.06&#8243; (15.39cm) Profundidad, Con Ventanilla, Listado UL\/cUL, Hecho En EE.UU, Serie EnviroArmour\u00ae<\/p>\n","protected":false},"featured_media":32,"comment_status":"open","ping_status":"closed","template":"","meta":[],"product_brand":[],"product_cat":[958],"product_tag":[679,605,169],"class_list":{"0":"post-40908","1":"product","2":"type-product","3":"status-publish","4":"has-post-thumbnail","6":"product_cat-gabinetes-uso-multiple-racks-y-gabinetes-radiocomunicacion","7":"product_tag-gabinetes-uso-multiple","8":"product_tag-racks-y-gabinetes","9":"product_tag-sti","11":"first","12":"outofstock","13":"sale","14":"shipping-taxable","15":"purchasable","16":"product-type-simple"},"_links":{"self":[{"href":"https:\/\/soydeaqui.ddns.net\/pachuca\/index.php\/wp-json\/wp\/v2\/product\/40908","targetHints":{"allow":["GET"]}}],"collection":[{"href":"https:\/\/soydeaqui.ddns.net\/pachuca\/index.php\/wp-json\/wp\/v2\/product"}],"about":[{"href":"https:\/\/soydeaqui.ddns.net\/pachuca\/index.php\/wp-json\/wp\/v2\/types\/product"}],"replies":[{"embeddable":true,"href":"https:\/\/soydeaqui.ddns.net\/pachuca\/index.php\/wp-json\/wp\/v2\/comments?post=40908"}],"wp:featuredmedia":[{"embeddable":true,"href":"https:\/\/soydeaqui.ddns.net\/pachuca\/index.php\/wp-json\/wp\/v2\/media\/32"}],"wp:attachment":[{"href":"https:\/\/soydeaqui.ddns.net\/pachuca\/index.php\/wp-json\/wp\/v2\/media?parent=40908"}],"wp:term":[{"taxonomy":"product_brand","embeddable":true,"href":"https:\/\/soydeaqui.ddns.net\/pachuca\/index.php\/wp-json\/wp\/v2\/product_brand?post=40908"},{"taxonomy":"product_cat","embeddable":true,"href":"https:\/\/soydeaqui.ddns.net\/pachuca\/index.php\/wp-json\/wp\/v2\/product_cat?post=40908"},{"taxonomy":"product_tag","embeddable":true,"href":"https:\/\/soydeaqui.ddns.net\/pachuca\/index.php\/wp-json\/wp\/v2\/product_tag?post=40908"}],"curies":[{"name":"wp","href":"https:\/\/api.w.org\/{rel}","templated":true}]}}