{"id":40895,"date":"2026-03-18T18:00:29","date_gmt":"2026-03-18T18:00:29","guid":{"rendered":"https:\/\/soydeaqui.ddns.net\/pachuca\/index.php\/producto\/transformador-2-entradas-seleccionables-110-o-220-vca-2-salidas-seleccionables-110-o-220-vca\/"},"modified":"2026-03-18T18:00:34","modified_gmt":"2026-03-18T18:00:34","slug":"transformador-2-entradas-seleccionables-110-o-220-vca-2-salidas-seleccionables-110-o-220-vca","status":"publish","type":"product","link":"https:\/\/soydeaqui.ddns.net\/pachuca\/index.php\/producto\/transformador-2-entradas-seleccionables-110-o-220-vca-2-salidas-seleccionables-110-o-220-vca\/","title":{"rendered":"Transformador \/ 2 Entradas Seleccionables : 110 o  220 VCA \/ 2 Salidas Seleccionables : 110 o  220 VCA"},"content":{"rendered":"<div style='width: 100%; max-width: 1200px; margin: 0 auto; font-family: sans-serif; line-height: 1.6; color: inherit; background-color: transparent;'>\n<div style='text-align: center; margin-bottom: 30px;'>\n<h1 style='font-size: 26px; color: inherit; margin: 0 0 10px;'><strong>CV-2000-110\/220<\/strong><\/h1>\n<h3 style='color: inherit; margin: 0 0 20px;'>Convertidor de 110 Vca a 220 Vca &comma; y viceversa<\/h3>\n<p style='color: inherit; margin: 0 0 15px;'><strong>Sistemas de alimentaci\u00f3n para aplicaciones en sistemas de seguridad electr\u00f3nica y comunicaci\u00f3n.<\/strong><\/p>\n<\/p><\/div>\n<div style='display: flex; flex-wrap: wrap; gap: 30px; margin-bottom: 30px;'>\n<div style='flex: 1 1 300px; min-width: 280px;'> <img style='width: 100%; height: auto; border: 1px solid rgba(150&comma;150&comma;150&comma;0.3); border-radius: 8px;' src='https:\/\/ftp3.syscom.mx\/usuarios\/fotos\/BancoFotografiasSyscom\/EPCOMPOWERLINE\/CV2000110\/220\/lateral_derecha_0S1000.PNG' alt='Lateral Derecha'> <\/p>\n<div style='margin-top: 15px;'>\n<h3 style='font-size: 22px; border-bottom: 2px solid currentColor; padding-bottom: 5px; margin-top: 0; color: inherit; opacity: 0.8;'>Caracter\u00edsticas<\/h3>\n<ul style='padding-left: 20px; font-size: 15px; color: inherit;'>\n<li style='margin-bottom: 5px;'><strong>Tipo:<\/strong> Monof\u00e1sico&comma; elevador y reductor de voltaje<\/li>\n<li style='margin-bottom: 5px;'><strong>Potencia:<\/strong> 2000 VA<\/li>\n<li style='margin-bottom: 5px;'><strong>Voltajes:<\/strong><\/li>\n<li style='margin-bottom: 5px;'><strong>Entrada:<\/strong> 110 VCA \/ 220 VCA (Seleccionable)<\/li>\n<li style='margin-bottom: 5px;'><strong>Salida:<\/strong> 220 VCA \/ 110 VCA \/ (Ambos simult\u00e1neos)<\/li>\n<li style='margin-bottom: 5px;'><strong>Frecuencia:<\/strong> 50\/60 Hz<\/li>\n<li style='margin-bottom: 5px;'><strong>Corriente nominal:<\/strong> 18.18 A a 110V \/ 9.09 A a 220V<\/li>\n<li style='margin-bottom: 5px;'><strong>Eficiencia:<\/strong> \u226498%<\/li>\n<li style='margin-bottom: 5px;'><strong>Clase de aislamiento:<\/strong> B<\/li>\n<li style='margin-bottom: 5px;'><strong>Capacidad de sobrecarga:<\/strong> Permite 2 horas al 120% de carga nominal<\/li>\n<li style='margin-bottom: 5px;'><strong>Material:<\/strong> Metal<\/li>\n<li style='margin-bottom: 5px;'><strong>Color:<\/strong> Negro<\/li>\n<li style='margin-bottom: 5px;'><strong>Temperatura de operaci\u00f3n:<\/strong> -20 \u00b0C a 70 \u00b0C<\/li>\n<li style='margin-bottom: 5px;'><strong>Dimensiones (L x W x H):<\/strong> 120.4 x 88.2 x 126.6 mm.<\/li>\n<\/ul><\/div>\n<\/p><\/div>\n<div style='flex: 1 1 300px; min-width: 280px;'> <img style='width: 100%; height: auto; border: 1px solid rgba(150&comma;150&comma;150&comma;0.3); border-radius: 8px;' src='https:\/\/ftp3.syscom.mx\/usuarios\/fotos\/BancoFotografiasSyscom\/EPCOMPOWERLINE\/CV2000110\/220\/portada_0S1000.PNG' alt='Portada'> <\/p>\n<div style='margin-top: 15px;'>\n<h3 style='font-size: 22px; border-bottom: 2px solid currentColor; padding-bottom: 5px; margin-top: 0; color: inherit; opacity: 0.8;'>Caracter\u00edsticas Destacadas<\/h3>\n<ul style='padding-left: 20px; font-size: 15px; color: inherit;'>\n<li style='margin-bottom: 5px;'><strong>Selector de voltaje de entrada<\/strong> con 3 niveles de ajuste en la parte posterior<\/li>\n<li style='margin-bottom: 5px;'><strong>Doble salida simult\u00e1nea:<\/strong> 110V y 220V disponibles al mismo tiempo<\/li>\n<li style='margin-bottom: 5px;'><strong>Ajuste de voltaje:<\/strong> \u00b110% del voltaje de entrada<\/li>\n<li style='margin-bottom: 5px;'><strong>Enfriamiento:<\/strong> AN\/AF (natural\/forzado por aire)<\/li>\n<li style='margin-bottom: 5px;'><strong>N\u00facleo tipo EI<\/strong> con densidad magn\u00e9tica de 14000T<\/li>\n<\/ul><\/div>\n<\/p><\/div>\n<div style='flex: 1 1 300px; min-width: 280px;'> <img style='width: 100%; height: auto; border: 1px solid rgba(150&comma;150&comma;150&comma;0.3); border-radius: 8px;' src='https:\/\/ftp3.syscom.mx\/usuarios\/fotos\/BancoFotografiasSyscom\/EPCOMPOWERLINE\/CV2000110\/220\/frontal_0S1000.PNG' alt='Frontal'> <\/p>\n<div style='margin-top: 15px;'>\n<h3 style='font-size: 22px; border-bottom: 2px solid currentColor; padding-bottom: 5px; margin-top: 0; color: inherit; opacity: 0.8;'>Campos de aplicaci\u00f3n<\/h3>\n<ul style='padding-left: 20px; font-size: 15px; color: inherit;'>\n<li style='margin-bottom: 5px;'>Refrigeradores<\/li>\n<li style='margin-bottom: 5px;'>Aires Acondicionados<\/li>\n<li style='margin-bottom: 5px;'>Ventiladores Industriales<\/li>\n<\/ul>\n<p style='margin-top: 15px; font-size: 15px; color: inherit;'><strong>Nota importante:<\/strong> Para equipos con carga inductiva (refrigeradores&comma; aires acondicionados&comma; ventiladores industriales)&comma; se recomienda usar un transformador de 3 a 5 veces la potencia del equipo debido a la alta corriente de arranque.<\/p>\n<\/p><\/div>\n<\/p><\/div>\n<\/p><\/div>\n<\/p><\/div>\n","protected":false},"excerpt":{"rendered":"<p>Transformador \/ 2 Entradas Seleccionables : 110 o  220 VCA \/ 2 Salidas Seleccionables : 110 o  220 VCA<\/p>\n","protected":false},"featured_media":40894,"comment_status":"open","ping_status":"closed","template":"","meta":[],"product_brand":[],"product_cat":[1248],"product_tag":[454,405,1249],"class_list":{"0":"post-40895","1":"product","2":"type-product","3":"status-publish","4":"has-post-thumbnail","6":"product_cat-fuentes-de-salida-unica","7":"product_tag-epcom-powerline","8":"product_tag-fuentes-de-poder","9":"product_tag-fuentes-de-salida-unica","11":"first","12":"outofstock","13":"sale","14":"shipping-taxable","15":"purchasable","16":"product-type-simple"},"_links":{"self":[{"href":"https:\/\/soydeaqui.ddns.net\/pachuca\/index.php\/wp-json\/wp\/v2\/product\/40895","targetHints":{"allow":["GET"]}}],"collection":[{"href":"https:\/\/soydeaqui.ddns.net\/pachuca\/index.php\/wp-json\/wp\/v2\/product"}],"about":[{"href":"https:\/\/soydeaqui.ddns.net\/pachuca\/index.php\/wp-json\/wp\/v2\/types\/product"}],"replies":[{"embeddable":true,"href":"https:\/\/soydeaqui.ddns.net\/pachuca\/index.php\/wp-json\/wp\/v2\/comments?post=40895"}],"wp:featuredmedia":[{"embeddable":true,"href":"https:\/\/soydeaqui.ddns.net\/pachuca\/index.php\/wp-json\/wp\/v2\/media\/40894"}],"wp:attachment":[{"href":"https:\/\/soydeaqui.ddns.net\/pachuca\/index.php\/wp-json\/wp\/v2\/media?parent=40895"}],"wp:term":[{"taxonomy":"product_brand","embeddable":true,"href":"https:\/\/soydeaqui.ddns.net\/pachuca\/index.php\/wp-json\/wp\/v2\/product_brand?post=40895"},{"taxonomy":"product_cat","embeddable":true,"href":"https:\/\/soydeaqui.ddns.net\/pachuca\/index.php\/wp-json\/wp\/v2\/product_cat?post=40895"},{"taxonomy":"product_tag","embeddable":true,"href":"https:\/\/soydeaqui.ddns.net\/pachuca\/index.php\/wp-json\/wp\/v2\/product_tag?post=40895"}],"curies":[{"name":"wp","href":"https:\/\/api.w.org\/{rel}","templated":true}]}}