{"id":40893,"date":"2026-03-18T18:00:27","date_gmt":"2026-03-18T18:00:27","guid":{"rendered":"https:\/\/soydeaqui.ddns.net\/pachuca\/index.php\/producto\/modulo-solar-doble-vidrio-620-w-49-75-vcc-monocristalino-132-cel-de-182-x-210-mm-topcon\/"},"modified":"2026-03-18T18:00:27","modified_gmt":"2026-03-18T18:00:27","slug":"modulo-solar-doble-vidrio-620-w-49-75-vcc-monocristalino-132-cel-de-182-x-210-mm-topcon","status":"publish","type":"product","link":"https:\/\/soydeaqui.ddns.net\/pachuca\/index.php\/producto\/modulo-solar-doble-vidrio-620-w-49-75-vcc-monocristalino-132-cel-de-182-x-210-mm-topcon\/","title":{"rendered":"M\u00f3dulo Solar Doble Vidrio \/ 620 W \/ 49.75  Vcc , Monocristalino, 132 cel  de 182 x 210 MM . TOPCON"},"content":{"rendered":"<div style='width: 100%; max-width: 1200px; margin: 0 auto; font-family: sans-serif; line-height: 1.6; color: inherit; background-color: transparent;'>\n<div style='display: flex; flex-wrap: wrap; gap: 30px; margin-bottom: 30px;'>\n<div style='flex: 1 1 300px; min-width: 280px;'> <img style='width: 100%; height: auto; border: 1px solid rgba(150&comma;150&comma;150&comma;0.3); border-radius: 8px;' src='https:\/\/ftp3.syscom.mx\/usuarios\/mchaparro\/MODULO\/LEPATON%20JAPOON.jpeg' alt=''> <\/div>\n<\/p><\/div>\n<div style='display: flex; flex-wrap: wrap; gap: 30px; margin-bottom: 30px;'>\n<div style='flex: 1 1 300px; min-width: 280px;'>\n<h3 style='font-size: 22px; border-bottom: 2px solid currentColor; padding-bottom: 5px; margin-top: 0; color: inherit; opacity: 0.8;'>M\u00d3DULO SOLAR MONOCRISTALINO LEAPTON 620 Watts<\/h3>\n<ul style='padding-left: 20px; font-size: 15px; color: inherit;'>\n<li style='margin-bottom: 5px;'><strong>Modelo:<\/strong> LP182*199-M-72-Nb620W<\/li>\n<li style='margin-bottom: 5px;'><strong>NOTA:<\/strong> Marco de 30 mm<\/li>\n<\/ul><\/div>\n<\/p><\/div>\n<div style='display: flex; flex-wrap: wrap; gap: 20px; margin-bottom: 30px;'>\n<div style='flex: 1 1 250px; border: 1px solid rgba(150&comma; 150&comma; 150&comma; 0.4); border-radius: 8px; overflow: hidden; display: flex; flex-direction: column;'>\n<div style='padding: 15px; border-bottom: 1px solid rgba(150&comma; 150&comma; 150&comma; 0.2); font-weight: bold; font-size: 18px; color: inherit;'>Caracter\u00edsticas Clave<\/div>\n<div style='padding: 15px; color: inherit;'>\n<ul style='padding-left: 20px; margin: 0; font-size: 14px; list-style-type: disc;'>\n<li style='margin-bottom: 5px;'>Menor corriente de resistencia interna<\/li>\n<li style='margin-bottom: 5px;'>Celda TIPO N<\/li>\n<li style='margin-bottom: 5px;'>Mejora de funciones en condiciones de poca luz<\/li>\n<li style='margin-bottom: 5px;'>Corrosi\u00f3n estricta por niebla salina y amon\u00edaco prueba por TUV Nord<\/li>\n<li style='margin-bottom: 5px;'>Mayor rendimiento en entornos con poca luz<\/li>\n<li style='margin-bottom: 5px;'>Menor probabilidad de atenuaci\u00f3n causada por PID el fen\u00f3meno se minimiza<\/li>\n<\/ul><\/div>\n<\/p><\/div>\n<div style='flex: 1 1 250px; border: 1px solid rgba(150&comma; 150&comma; 150&comma; 0.4); border-radius: 8px; overflow: hidden; display: flex; flex-direction: column;'>\n<div style='padding: 15px; border-bottom: 1px solid rgba(150&comma; 150&comma; 150&comma; 0.2); font-weight: bold; font-size: 18px; color: inherit;'>Certificaciones<\/div>\n<div style='padding: 15px; color: inherit;'>\n<p style='margin-bottom: 15px; font-size: 14px;'>El m\u00f3dulo solar LEAPTON es apto para cualquier proyecto<\/p>\n<p style='margin-bottom: 15px; font-size: 14px;'>Contando con las siguientes certificaciones:<\/p>\n<ul style='padding-left: 20px; margin: 0; font-size: 14px; list-style-type: disc;'>\n<li style='margin-bottom: 5px;'>IEC 61215-2: 2016<\/li>\n<li style='margin-bottom: 5px;'>CE<\/li>\n<li style='margin-bottom: 5px;'>JPEC<\/li>\n<\/ul>\n<p style='margin-top: 15px; font-size: 14px;'>El m\u00f3dulo solar se fabrica en Leapton que est\u00e1 certificada por ISO 9001 es por ello que cumple con buenos sistemas de gesti\u00f3n de calidad.<\/p>\n<p style='margin-top: 15px; font-size: 14px;'>Actualmente \u00e9ste m\u00f3dulo solar es el favorito en el mercado EUROPEO<\/p>\n<\/p><\/div>\n<\/p><\/div>\n<div style='flex: 1 1 250px; border: 1px solid rgba(150&comma; 150&comma; 150&comma; 0.4); border-radius: 8px; overflow: hidden; display: flex; flex-direction: column;'>\n<div style='padding: 15px; border-bottom: 1px solid rgba(150&comma; 150&comma; 150&comma; 0.2); font-weight: bold; font-size: 18px; color: inherit;'>Datos el\u00e9ctricos STC*<\/div>\n<div style='padding: 15px; color: inherit;'>\n<ul style='padding-left: 20px; margin: 0; font-size: 14px; list-style-type: disc;'>\n<li style='margin-bottom: 5px;'><strong>M\u00e1xima potencia de salida (Pmax):<\/strong> 620 W<\/li>\n<li style='margin-bottom: 5px;'><strong>Tolerancia de potencia:<\/strong> 0~+5 W<\/li>\n<li style='margin-bottom: 5px;'><strong>Eficiencia del m\u00f3dulo:<\/strong> 22.95%<\/li>\n<li style='margin-bottom: 5px;'><strong>Voltaje a m\u00e1xima potencia (Vmp):<\/strong> 41.06 V<\/li>\n<li style='margin-bottom: 5px;'><strong>Intensidad en m\u00e1xima potencia (Imp):<\/strong> 15.1 A<\/li>\n<li style='margin-bottom: 5px;'><strong>Votaje en circuito abierto (Voc):<\/strong> 49.55 V<\/li>\n<li style='margin-bottom: 5px;'><strong>Intensidad por Corto-Circuito:<\/strong> 15.93 A<\/li>\n<\/ul><\/div>\n<\/p><\/div>\n<div style='flex: 1 1 250px; border: 1px solid rgba(150&comma; 150&comma; 150&comma; 0.4); border-radius: 8px; overflow: hidden; display: flex; flex-direction: column;'>\n<div style='padding: 15px; border-bottom: 1px solid rgba(150&comma; 150&comma; 150&comma; 0.2); font-weight: bold; font-size: 18px; color: inherit;'>Caracter\u00edsticas Mec\u00e1nicas<\/div>\n<div style='padding: 15px; color: inherit;'>\n<ul style='padding-left: 20px; margin: 0; font-size: 14px; list-style-type: disc;'>\n<li style='margin-bottom: 5px;'><strong>Tipo de c\u00e9lula:<\/strong> Monocristalino (182&#215;210 mm)<\/li>\n<li style='margin-bottom: 5px;'><strong>N\u00famero de celdas:<\/strong> 132<\/li>\n<li style='margin-bottom: 5px;'><strong>Dimensi\u00f3n:<\/strong> 2382x1134x30mm<\/li>\n<li style='margin-bottom: 5px;'><strong>Marco:<\/strong> Aleaci\u00f3n de aluminio anodizado<\/li>\n<li style='margin-bottom: 5px;'><strong>Caja de control:<\/strong> IP68<\/li>\n<li style='margin-bottom: 5px;'><strong>Cable:<\/strong> 4&comma;0 mm\u00b2 N 300 mm \/ P 300 mm<\/li>\n<li style='margin-bottom: 5px;'><strong>Conector:<\/strong> Compatible con MC4<\/li>\n<\/ul><\/div>\n<\/p><\/div>\n<div style='flex: 1 1 250px; border: 1px solid rgba(150&comma; 150&comma; 150&comma; 0.4); border-radius: 8px; overflow: hidden; display: flex; flex-direction: column;'>\n<div style='padding: 15px; border-bottom: 1px solid rgba(150&comma; 150&comma; 150&comma; 0.2); font-weight: bold; font-size: 18px; color: inherit;'>Aplicaciones<\/div>\n<div style='padding: 15px; color: inherit;'>\n<ul style='padding-left: 20px; margin: 0; font-size: 14px; list-style-type: disc;'>\n<li style='margin-bottom: 5px;'>Para interconexi\u00f3n a la red<\/li>\n<li style='margin-bottom: 5px;'>Sistemas aislados con controladores MPPT<\/li>\n<\/ul><\/div>\n<\/p><\/div>\n<div style='flex: 1 1 250px; border: 1px solid rgba(150&comma; 150&comma; 150&comma; 0.4); border-radius: 8px; overflow: hidden; display: flex; flex-direction: column;'>\n<div style='padding: 15px; border-bottom: 1px solid rgba(150&comma; 150&comma; 150&comma; 0.2); font-weight: bold; font-size: 18px; color: inherit;'>Garant\u00eda<\/div>\n<div style='padding: 15px; color: inherit;'>\n<ul style='padding-left: 20px; margin: 0; font-size: 14px; list-style-type: disc;'>\n<li style='margin-bottom: 5px;'>2 a\u00f1os contra defectos de fabricaci\u00f3n<\/li>\n<li style='margin-bottom: 5px;'>30 a\u00f1os de vida \u00fatil (salida de potencia al 80%)<\/li>\n<\/ul>\n<p style='margin-top: 15px; font-size: 14px;'>Cualquier reclamo de este producto debe hacerse dentro del periodo de garant\u00eda con la factura del mismo.<\/p>\n<p style='margin-top: 15px; font-size: 14px;'>El n\u00famero de serie del equipo debe ser visible&comma; al igual que la etiqueta posterior.<\/p>\n<p style='margin-top: 15px; font-size: 14px;'>Si al m\u00f3dulo se le cortan los conectores MC-4 el m\u00f3dulo pierde su garant\u00eda instant\u00e1neamente.<\/p>\n<p style='margin-top: 15px; font-size: 14px;'>No instale cuando alg\u00fan objeto en alg\u00fan punto del d\u00eda le genere sombra&comma; se considera como una mala instalaci\u00f3n y puede ser motivo de p\u00e9rdida de garant\u00eda.<\/p>\n<p style='margin-top: 15px; font-size: 14px;'>No mezcle los m\u00f3dulos de diferentes potencias en el mismo controlador o inversor&comma; se considera como una mala instalaci\u00f3n y puede ser motivo de p\u00e9rdida de garant\u00eda.<\/p>\n<p style='margin-top: 15px; font-size: 14px;'>Se recomienda que utilice la pinza ponchadora <a href='https:\/\/www.syscom.mx\/producto\/EP-MC4-EPCOM-POWERLINE-160268.html' style='color: #0097d0; text-decoration: none;'>EP-MC4<\/a> cuando pliegue los conectores <a href='https:\/\/www.syscom.mx\/producto\/PROSECA-01-EPCOM-POWERLINE-72413.html' style='color: #0097d0; text-decoration: none;'>PROSECA-01<\/a> al cable que usar\u00e1 para conectar su m\u00f3dulo al inversor o controlador.<\/p>\n<\/p><\/div>\n<\/p><\/div>\n<\/p><\/div>\n<div style='display: flex; flex-wrap: wrap; gap: 20px; margin-bottom: 30px;'>\n<div style='flex: 1 1 300px; min-width: 280px;'> <img style='width: 100%; height: auto; border: 1px solid rgba(150&comma;150&comma;150&comma;0.3); border-radius: 8px;' src='https:\/\/www.leaptonpv.com\/upload\/image\/20250226\/d425c91348d57574759ee543affb6327.jpg' alt=''> <\/div>\n<div style='flex: 1 1 300px; min-width: 280px;'> <img style='width: 100%; height: auto; border: 1px solid rgba(150&comma;150&comma;150&comma;0.3); border-radius: 8px;' src='https:\/\/www.leaptonpv.com\/upload\/image\/20240522\/79db01d2e0dbcf7600cb7fdd4bd5145f.jpg' alt=''> <\/div>\n<div style='flex: 1 1 300px; min-width: 280px;'> <img style='width: 100%; height: auto; border: 1px solid rgba(150&comma;150&comma;150&comma;0.3); border-radius: 8px;' src='https:\/\/www.leaptonpv.com\/upload\/image\/20230922\/89c1648ce4ea6082e16dd845bfd64951.jpg' alt=''> <\/div>\n<div style='flex: 1 1 300px; min-width: 280px;'> <img style='width: 100%; height: auto; border: 1px solid rgba(150&comma;150&comma;150&comma;0.3); border-radius: 8px;' src='https:\/\/www.leaptonpv.com\/upload\/image\/20221018\/5373469a70e00946492b8d88f2101efd.jpg' alt=''> <\/div>\n<\/p><\/div>\n<hr style='border: 0; border-top: 1px solid rgba(150&comma; 150&comma; 150&comma; 0.3); margin: 30px 0;'> <\/div>\n","protected":false},"excerpt":{"rendered":"<p>M\u00f3dulo Solar Doble Vidrio \/ 620 W \/ 49.75  Vcc , Monocristalino, 132 cel  de 182 x 210 MM . TOPCON<\/p>\n","protected":false},"featured_media":40892,"comment_status":"open","ping_status":"closed","template":"","meta":[],"product_brand":[],"product_cat":[1152],"product_tag":[964,1179,1153],"class_list":{"0":"post-40893","1":"product","2":"type-product","3":"status-publish","4":"has-post-thumbnail","6":"product_cat-modulos-solares","7":"product_tag-energia-solar","8":"product_tag-leapton","9":"product_tag-modulos-solares","11":"first","12":"instock","13":"sale","14":"shipping-taxable","15":"purchasable","16":"product-type-simple"},"_links":{"self":[{"href":"https:\/\/soydeaqui.ddns.net\/pachuca\/index.php\/wp-json\/wp\/v2\/product\/40893","targetHints":{"allow":["GET"]}}],"collection":[{"href":"https:\/\/soydeaqui.ddns.net\/pachuca\/index.php\/wp-json\/wp\/v2\/product"}],"about":[{"href":"https:\/\/soydeaqui.ddns.net\/pachuca\/index.php\/wp-json\/wp\/v2\/types\/product"}],"replies":[{"embeddable":true,"href":"https:\/\/soydeaqui.ddns.net\/pachuca\/index.php\/wp-json\/wp\/v2\/comments?post=40893"}],"wp:featuredmedia":[{"embeddable":true,"href":"https:\/\/soydeaqui.ddns.net\/pachuca\/index.php\/wp-json\/wp\/v2\/media\/40892"}],"wp:attachment":[{"href":"https:\/\/soydeaqui.ddns.net\/pachuca\/index.php\/wp-json\/wp\/v2\/media?parent=40893"}],"wp:term":[{"taxonomy":"product_brand","embeddable":true,"href":"https:\/\/soydeaqui.ddns.net\/pachuca\/index.php\/wp-json\/wp\/v2\/product_brand?post=40893"},{"taxonomy":"product_cat","embeddable":true,"href":"https:\/\/soydeaqui.ddns.net\/pachuca\/index.php\/wp-json\/wp\/v2\/product_cat?post=40893"},{"taxonomy":"product_tag","embeddable":true,"href":"https:\/\/soydeaqui.ddns.net\/pachuca\/index.php\/wp-json\/wp\/v2\/product_tag?post=40893"}],"curies":[{"name":"wp","href":"https:\/\/api.w.org\/{rel}","templated":true}]}}