{"id":40883,"date":"2026-03-18T18:00:14","date_gmt":"2026-03-18T18:00:14","guid":{"rendered":"https:\/\/soydeaqui.ddns.net\/pachuca\/index.php\/producto\/100-m-10-awg-cable-electrico-cobre-desnudo\/"},"modified":"2026-03-18T18:00:15","modified_gmt":"2026-03-18T18:00:15","slug":"100-m-10-awg-cable-electrico-cobre-desnudo","status":"publish","type":"product","link":"https:\/\/soydeaqui.ddns.net\/pachuca\/index.php\/producto\/100-m-10-awg-cable-electrico-cobre-desnudo\/","title":{"rendered":"100 m \/ 10 AWG \/ Cable El\u00e9ctrico \/ Cobre Desnudo"},"content":{"rendered":"<div style='width: 100%; max-width: 1200px; margin: 0 auto; font-family: sans-serif; line-height: 1.6; color: inherit;'> <!-- Imagen del producto --> <\/p>\n<div style='width: 100%; text-align: center; margin-bottom: 20px;'> <img style='width: 100%; max-width: 300px; height: auto; border: 1px solid rgba(150&comma;150&comma;150&comma;0.3); border-radius: 8px;' src='https:\/\/ftp3.syscom.mx\/usuarios\/fotos\/A083\/100\/187904-viakon.png' alt=''> <\/div>\n<p> <!-- Venta por bobina --> <\/p>\n<div style='width: 100%; text-align: center; margin-bottom: 30px;'> <strong style='font-size: 16px; color: inherit; display: block;'>**VENTA POR BOBINA DE 100 METROS**<\/strong> <\/div>\n<p> <!-- Tarjetas de caracter\u00edsticas --> <\/p>\n<div style='display: flex; flex-wrap: wrap; gap: 30px; margin-bottom: 30px;'> <!-- Tarjeta de caracter\u00edsticas principales --> <\/p>\n<div style='flex: 1 1 300px; min-width: 280px;'>\n<div style='border: 1px solid rgba(150&comma; 150&comma; 150&comma; 0.4); border-radius: 8px; overflow: hidden; display: flex; flex-direction: column;'>\n<div style='padding: 15px; border-bottom: 1px solid rgba(150&comma; 150&comma; 150&comma; 0.2); font-weight: bold; font-size: 18px; color: inherit;'>Caracter\u00edsticas principales:<\/div>\n<div style='padding: 15px; color: inherit;'>\n<ul style='padding-left: 20px; margin: 0; font-size: 14px; list-style-type: disc;'>\n<li style='margin-bottom: 5px;'>NOM-063-SCFI Productos el\u00e9ctricos conductores &#8211; Requisitos de seguridad.<\/li>\n<li style='margin-bottom: 5px;'>NMX-J-012-ANCE Cables de cobre con cableado conc\u00e9ntrico para usos el\u00e9ctricos.<\/li>\n<li style='margin-bottom: 5px;'>ASTM B-8 Standard Specification For Concentric-Lay-Stranded Copper Conductors&comma; Hard&comma; Mediumhard or Soft.<\/li>\n<\/ul><\/div>\n<\/p><\/div>\n<\/p><\/div>\n<p> <!-- Tarjeta de caracter\u00edsticas f\u00edsicas y el\u00e9ctricas --> <\/p>\n<div style='flex: 1 1 300px; min-width: 280px;'>\n<div style='border: 1px solid rgba(150&comma; 150&comma; 150&comma; 0.4); border-radius: 8px; overflow: hidden; display: flex; flex-direction: column;'>\n<div style='padding: 15px; border-bottom: 1px solid rgba(150&comma; 150&comma; 150&comma; 0.2); font-weight: bold; font-size: 18px; color: inherit;'>Caracter\u00edsticas F\u00edsicas y El\u00e9ctricas:<\/div>\n<div style='padding: 15px; color: inherit;'>\n<ul style='padding-left: 20px; margin: 0; font-size: 14px; list-style-type: disc;'>\n<li style='margin-bottom: 5px;'>Formado por alambres de cobre electrol\u00edtico de alta pureza con un contenido m\u00ednimo de 99&comma;9% de cobre.<\/li>\n<li style='margin-bottom: 5px;'>Los cables se fabrican en construcci\u00f3n conc\u00e9ntrica.<\/li>\n<li style='margin-bottom: 5px;'>Se elaboran en calibres de 0&comma;519 1 a 506&comma;7 mm2 (20 AWG a 1 000 kcmil).<\/li>\n<li style='margin-bottom: 5px;'>Temple duro&comma; semiduro o suave dependiendo de las aplicaciones.<\/li>\n<li style='margin-bottom: 5px;'>Estos productos se ofrecen en empaques de carrete.<\/li>\n<\/ul><\/div>\n<\/p><\/div>\n<\/p><\/div>\n<p> <!-- Tarjeta de caracter\u00edsticas destacadas --> <\/p>\n<div style='flex: 1 1 300px; min-width: 280px;'>\n<div style='border: 1px solid rgba(150&comma; 150&comma; 150&comma; 0.4); border-radius: 8px; overflow: hidden; display: flex; flex-direction: column;'>\n<div style='padding: 15px; border-bottom: 1px solid rgba(150&comma; 150&comma; 150&comma; 0.2); font-weight: bold; font-size: 18px; color: inherit;'>Caracter\u00edsticas Destacadas:<\/div>\n<div style='padding: 15px; color: inherit;'>\n<ul style='padding-left: 20px; margin: 0; font-size: 14px; list-style-type: disc;'>\n<li style='margin-bottom: 5px;'>Por su alta conductividad el\u00e9ctrica el cobre es el metal ideal para las instalaciones el\u00e9ctricas.<\/li>\n<li style='margin-bottom: 5px;'>Los conductores de cobre son resistentes a la corrosi\u00f3n.<\/li>\n<li style='margin-bottom: 5px;'>Ofrecen una gran resistencia mec\u00e1nica.<\/li>\n<li style='margin-bottom: 5px;'>Mayor flexibilidad que el alambre por su construcci\u00f3n.<\/li>\n<\/ul><\/div>\n<\/p><\/div>\n<\/p><\/div>\n<\/p><\/div>\n<p> <!-- Separador --> <\/p>\n<hr style='border: 0; border-top: 1px solid rgba(150&comma; 150&comma; 150&comma; 0.3); margin: 30px 0;'> <\/div>\n","protected":false},"excerpt":{"rendered":"<p>100 m \/ 10 AWG \/ Cable El\u00e9ctrico \/ Cobre Desnudo<\/p>\n","protected":false},"featured_media":40882,"comment_status":"open","ping_status":"closed","template":"","meta":[],"product_brand":[],"product_cat":[1090],"product_tag":[1091,1088,242],"class_list":{"0":"post-40883","1":"product","2":"type-product","3":"status-publish","4":"has-post-thumbnail","6":"product_cat-accesorios-para-tierra-fisica","7":"product_tag-accesorios-para-tierra-fisica","8":"product_tag-calidad-de-la-energia","9":"product_tag-viakon","11":"first","12":"outofstock","13":"sale","14":"shipping-taxable","15":"purchasable","16":"product-type-simple"},"_links":{"self":[{"href":"https:\/\/soydeaqui.ddns.net\/pachuca\/index.php\/wp-json\/wp\/v2\/product\/40883","targetHints":{"allow":["GET"]}}],"collection":[{"href":"https:\/\/soydeaqui.ddns.net\/pachuca\/index.php\/wp-json\/wp\/v2\/product"}],"about":[{"href":"https:\/\/soydeaqui.ddns.net\/pachuca\/index.php\/wp-json\/wp\/v2\/types\/product"}],"replies":[{"embeddable":true,"href":"https:\/\/soydeaqui.ddns.net\/pachuca\/index.php\/wp-json\/wp\/v2\/comments?post=40883"}],"wp:featuredmedia":[{"embeddable":true,"href":"https:\/\/soydeaqui.ddns.net\/pachuca\/index.php\/wp-json\/wp\/v2\/media\/40882"}],"wp:attachment":[{"href":"https:\/\/soydeaqui.ddns.net\/pachuca\/index.php\/wp-json\/wp\/v2\/media?parent=40883"}],"wp:term":[{"taxonomy":"product_brand","embeddable":true,"href":"https:\/\/soydeaqui.ddns.net\/pachuca\/index.php\/wp-json\/wp\/v2\/product_brand?post=40883"},{"taxonomy":"product_cat","embeddable":true,"href":"https:\/\/soydeaqui.ddns.net\/pachuca\/index.php\/wp-json\/wp\/v2\/product_cat?post=40883"},{"taxonomy":"product_tag","embeddable":true,"href":"https:\/\/soydeaqui.ddns.net\/pachuca\/index.php\/wp-json\/wp\/v2\/product_tag?post=40883"}],"curies":[{"name":"wp","href":"https:\/\/api.w.org\/{rel}","templated":true}]}}