{"id":40870,"date":"2026-03-18T17:59:53","date_gmt":"2026-03-18T17:59:53","guid":{"rendered":"https:\/\/soydeaqui.ddns.net\/pachuca\/index.php\/producto\/bateria-12v-100ah-para-respaldo-tecnologias-agm-vrla-10-12-anos-vida-util-terminales-b-m6-reconocida-ul\/"},"modified":"2026-03-18T17:59:57","modified_gmt":"2026-03-18T17:59:57","slug":"bateria-12v-100ah-para-respaldo-tecnologias-agm-vrla-10-12-anos-vida-util-terminales-b-m6-reconocida-ul","status":"publish","type":"product","link":"https:\/\/soydeaqui.ddns.net\/pachuca\/index.php\/producto\/bateria-12v-100ah-para-respaldo-tecnologias-agm-vrla-10-12-anos-vida-util-terminales-b-m6-reconocida-ul\/","title":{"rendered":"Bater\u00eda 12V, 100AH, Para Respaldo, Tecnolog\u00edas AGM\/VRLA, 10-12 A\u00f1os Vida \u00datil, Terminales B (M6), Reconocida UL"},"content":{"rendered":"<div style='width: 100%; max-width: 1200px; margin: 0 auto; font-family: sans-serif; line-height: 1.6; color: inherit; background-color: transparent;'> <!-- Secci\u00f3n de descripci\u00f3n --> <\/p>\n<div style='margin-bottom: 30px;'>\n<p style='margin: 0 0 15px 0; font-size: 15px; color: inherit; text-align: justify;'>Power Sonic ofrece una amplia gama de productos de bater\u00eda innovadores que incluyen tecnolog\u00edas de litio y \u00e1cido de plomo selladas. Esto garantiza que tengamos la bater\u00eda adecuada para satisfacer las demandas \u00fanicas de su aplicaci\u00f3n.<\/p>\n<p style='margin: 0 0 15px 0; font-size: 15px; color: inherit; text-align: justify;'>Power Sonic ha brindado soluciones de bater\u00edas seguras&comma; confiables y de calidad en todo el mundo durante m\u00e1s de 50 a\u00f1os. Nuestros productos de bater\u00eda est\u00e1n dise\u00f1ados y fabricados con los \u00faltimos equipos de \u00faltima generaci\u00f3n y est\u00e1n sujetos al control de calidad m\u00e1s estricto. Este proceso es clave para garantizar tanto la consistencia como la confiabilidad con cualquier producto que lleve el nombre de Power Sonic.<\/p>\n<\/p><\/div>\n<p> <!-- Secci\u00f3n de serie --> <\/p>\n<div style='margin-bottom: 30px;'>\n<h3 style='font-size: 20px; border-bottom: 2px solid currentColor; padding-bottom: 5px; margin-top: 0; margin-bottom: 15px; color: inherit; opacity: 0.8;'>Serie PS<\/h3>\n<p style='margin: 0 0 15px 0; font-size: 15px; color: inherit; text-align: justify;'>La serie PS de Power Sonic de bater\u00edas selladas de plomo-\u00e1cido se ha dise\u00f1ado con tecnolog\u00eda AGM (Absorbent Glass Mat) para garantizar un rendimiento y una fiabilidad superiores. Disponibles en 2&comma; 4&comma; 6 y 12 V con capacidades desde 0.8 a 260 AH. Con gran variedad de modelos&comma; es la primera opci\u00f3n para la industria de seguridad humana.<\/p>\n<\/p><\/div>\n<p> <!-- Secci\u00f3n de caracter\u00edsticas generales --> <\/p>\n<div style='margin-bottom: 30px;'>\n<h3 style='font-size: 20px; border-bottom: 2px solid currentColor; padding-bottom: 5px; margin-top: 0; margin-bottom: 15px; color: inherit; opacity: 0.8;'>Caracter\u00edsticas Generales Serie PS<\/h3>\n<ul style='padding-left: 20px; font-size: 14px; color: inherit; list-style-type: disc;'>\n<li style='margin-bottom: 8px;'><strong>Bater\u00edas selladas de plomo \u00e1cido<\/strong><\/li>\n<li style='margin-bottom: 8px;'><strong>Dise\u00f1o de 5 a\u00f1os de vida \u00fatil<\/strong><\/li>\n<li style='margin-bottom: 8px;'><strong>Reconocida UL<\/strong><\/li>\n<li style='margin-bottom: 8px;'><strong>Tecnolog\u00eda VRLA<\/strong> (Bater\u00edas Regulated Lead Acid) para larga vida \u00fatil por liberaci\u00f3n de gases.<\/li>\n<li style='margin-bottom: 8px;'><strong>Tecnolog\u00eda AGM<\/strong> (Absorbent Glass Mat) para garantizar un rendimiento y una fiabilidad superiores.<\/li>\n<li style='margin-bottom: 8px;'>Relaci\u00f3n de potencia y volumen que produce una densidad de energ\u00eda inigualable.<\/li>\n<li style='margin-bottom: 8px;'><strong>Libre de mantenimiento<\/strong><\/li>\n<li style='margin-bottom: 8px;'><strong>Recargables con cargadores VRLA<\/strong><\/li>\n<li style='margin-bottom: 8px;'><strong>Construcci\u00f3n a prueba de derrames<\/strong> regulada por v\u00e1lvula permite una operaci\u00f3n segura en cualquier orientaci\u00f3n (excepto el uso continuo invertido).<\/li>\n<li style='margin-bottom: 8px;'><strong>ABS resistente a impactos<\/strong> y cubierta <strong>retardante de llama<\/strong> seg\u00fan <strong>UL94:HB<\/strong> y <strong>UL94:V0<\/strong>.<\/li>\n<li style='margin-bottom: 8px;'>Baja tasa de descarga para una <strong>larga vida \u00fatil<\/strong><\/li>\n<li style='margin-bottom: 8px;'><strong>Certificado ISO 9001:2015<\/strong><\/li>\n<\/ul><\/div>\n<p> <!-- Secci\u00f3n de caracter\u00edsticas espec\u00edficas --> <\/p>\n<div style='margin-bottom: 30px;'>\n<h3 style='font-size: 20px; border-bottom: 2px solid currentColor; padding-bottom: 5px; margin-top: 0; margin-bottom: 15px; color: inherit; opacity: 0.8;'>Caracter\u00edsticas PS-121000-B<\/h3>\n<ul style='padding-left: 20px; font-size: 14px; color: inherit; list-style-type: disc;'>\n<li style='margin-bottom: 8px;'><strong>Dise\u00f1o de 10-12 a\u00f1os de vida \u00fatil<\/strong><\/li>\n<li style='margin-bottom: 8px;'><strong>Reconocida UL<\/strong><\/li>\n<li style='margin-bottom: 8px;'>Tipo de terminal: <strong>B(M6)<\/strong><\/li>\n<li style='margin-bottom: 8px;'>Voltaje Nominal: <strong>12V<\/strong><\/li>\n<li style='margin-bottom: 8px;'>Capacidad @20HR (AH): <strong>100.00 AH<\/strong><\/li>\n<li style='margin-bottom: 8px;'>Capacidad @10HR (AH): <strong>95.20 AH<\/strong><\/li>\n<li style='margin-bottom: 8px;'>Peso: 30.6 kg\/67.5 lbs<\/li>\n<li style='margin-bottom: 8px;'>Dimensiones: 12.05&#8217;\/306 mm Longitud x 6.61&#8217;\/168 mm Ancho x 8.19&#8217;\/208 mm Altura<\/li>\n<li style='margin-bottom: 8px;'>Cargador recomendado: <a style='color: inherit; text-decoration: underline;' href='https:\/\/www.syscom.mx\/principal\/searchcont?route=PSC-1212000ACX-POWER-SONIC-218412&#038;autodetect=PSC-1212000ACX'>PSC-1212000ACX<\/a><\/li>\n<\/ul><\/div>\n<p> <!-- Secci\u00f3n de aplicaciones --> <\/p>\n<div style='margin-bottom: 30px;'>\n<h3 style='font-size: 20px; border-bottom: 2px solid currentColor; padding-bottom: 5px; margin-top: 0; margin-bottom: 15px; color: inherit; opacity: 0.8;'>Aplicaciones<\/h3>\n<p style='margin: 0 0 15px 0; font-size: 15px; color: inherit;'>Ideal como respaldo de energ\u00eda para:<\/p>\n<ul style='padding-left: 20px; font-size: 14px; color: inherit; list-style-type: disc;'>\n<li style='margin-bottom: 8px;'>Sistemas de seguridad y emergencia<\/li>\n<li style='margin-bottom: 8px;'>Sistemas de control de acceso<\/li>\n<li style='margin-bottom: 8px;'>Sistemas de alarma<\/li>\n<li style='margin-bottom: 8px;'>Sistemas de detecci\u00f3n de incendio<\/li>\n<li style='margin-bottom: 8px;'>Sistemas de videovigilancia<\/li>\n<li style='margin-bottom: 8px;'>Muchas aplicaciones m\u00e1s&#8230;<\/li>\n<\/ul><\/div>\n<p> <!-- Separador --> <\/p>\n<hr style='border: 0; border-top: 1px solid rgba(150&comma; 150&comma; 150&comma; 0.3); margin: 30px 0;'> <\/div>\n","protected":false},"excerpt":{"rendered":"<p>Bater\u00eda 12V, 100AH, Para Respaldo, Tecnolog\u00edas AGM\/VRLA, 10-12 A\u00f1os Vida \u00datil, Terminales B (M6), Reconocida UL<\/p>\n","protected":false},"featured_media":40869,"comment_status":"open","ping_status":"closed","template":"","meta":[],"product_brand":[],"product_cat":[141],"product_tag":[143,142,236],"class_list":{"0":"post-40870","1":"product","2":"type-product","3":"status-publish","4":"has-post-thumbnail","6":"product_cat-baterias","7":"product_tag-baterias","8":"product_tag-energia","9":"product_tag-power-sonic","11":"first","12":"instock","13":"sale","14":"shipping-taxable","15":"purchasable","16":"product-type-simple"},"_links":{"self":[{"href":"https:\/\/soydeaqui.ddns.net\/pachuca\/index.php\/wp-json\/wp\/v2\/product\/40870","targetHints":{"allow":["GET"]}}],"collection":[{"href":"https:\/\/soydeaqui.ddns.net\/pachuca\/index.php\/wp-json\/wp\/v2\/product"}],"about":[{"href":"https:\/\/soydeaqui.ddns.net\/pachuca\/index.php\/wp-json\/wp\/v2\/types\/product"}],"replies":[{"embeddable":true,"href":"https:\/\/soydeaqui.ddns.net\/pachuca\/index.php\/wp-json\/wp\/v2\/comments?post=40870"}],"wp:featuredmedia":[{"embeddable":true,"href":"https:\/\/soydeaqui.ddns.net\/pachuca\/index.php\/wp-json\/wp\/v2\/media\/40869"}],"wp:attachment":[{"href":"https:\/\/soydeaqui.ddns.net\/pachuca\/index.php\/wp-json\/wp\/v2\/media?parent=40870"}],"wp:term":[{"taxonomy":"product_brand","embeddable":true,"href":"https:\/\/soydeaqui.ddns.net\/pachuca\/index.php\/wp-json\/wp\/v2\/product_brand?post=40870"},{"taxonomy":"product_cat","embeddable":true,"href":"https:\/\/soydeaqui.ddns.net\/pachuca\/index.php\/wp-json\/wp\/v2\/product_cat?post=40870"},{"taxonomy":"product_tag","embeddable":true,"href":"https:\/\/soydeaqui.ddns.net\/pachuca\/index.php\/wp-json\/wp\/v2\/product_tag?post=40870"}],"curies":[{"name":"wp","href":"https:\/\/api.w.org\/{rel}","templated":true}]}}