{"id":40852,"date":"2026-03-18T17:59:29","date_gmt":"2026-03-18T17:59:29","guid":{"rendered":"https:\/\/soydeaqui.ddns.net\/pachuca\/index.php\/producto\/kit-fuente-regulada-de-11-15-v-5a-capacidad-de-respaldo-modelo-acpst1205-bateria-incluida-lk712\/"},"modified":"2026-03-18T17:59:29","modified_gmt":"2026-03-18T17:59:29","slug":"kit-fuente-regulada-de-11-15-v-5a-capacidad-de-respaldo-modelo-acpst1205-bateria-incluida-lk712","status":"publish","type":"product","link":"https:\/\/soydeaqui.ddns.net\/pachuca\/index.php\/producto\/kit-fuente-regulada-de-11-15-v-5a-capacidad-de-respaldo-modelo-acpst1205-bateria-incluida-lk712\/","title":{"rendered":"Kit \/ Fuente  regulada de 11 &#8211; 15 V @ 5A \/ Capacidad de respaldo \/ Modelo  ACPST1205 + Bater\u00eda incluida LK712"},"content":{"rendered":"<div style='width: 100%; max-width: 1200px; margin: 0 auto; font-family: sans-serif; line-height: 1.6; color: inherit; background-color: transparent;'>\n<div style='display: flex; flex-wrap: wrap; gap: 30px; margin-bottom: 30px;'>\n<div style='flex: 1 1 300px; min-width: 280px;'>\n<h1 style='font-size: 28px; text-align: center; color: inherit; margin: 0 0 10px 0;'>ACPST1205\/K<\/h1>\n<h3 style='font-size: 20px; text-align: center; color: inherit; margin: 0 0 15px 0;'>Fuente de alimentaci\u00f3n 11- 15 Vcc @ 5 Amper<\/h3>\n<h3 style='font-size: 18px; text-align: center; color: inherit; margin: 0 0 20px 0;'>Incluye bater\u00eda de respaldo de 12 V @ 7 Ah LK712<\/h3>\n<p style='text-align: center; margin: 0 0 20px 0; font-size: 16px; color: inherit; opacity: 0.8;'> Sistemas de alimentaci\u00f3n para aplicaciones en sistemas de seguridad electr\u00f3nica y comunicaci\u00f3n. <\/p>\n<\/p><\/div>\n<\/p><\/div>\n<div style='display: flex; flex-wrap: wrap; gap: 20px; margin-bottom: 30px;'> <!-- Secci\u00f3n Fuente --> <\/p>\n<div style='flex: 1 1 300px; min-width: 280px;'>\n<div style='border: 1px solid rgba(150&comma; 150&comma; 150&comma; 0.4); border-radius: 8px; overflow: hidden; display: flex; flex-direction: column; height: 100%;'> <img style='width: 100%; height: auto; border: 1px solid rgba(150&comma;150&comma;150&comma;0.3); border-radius: 0;' src='https:\/\/ftp3.syscom.mx\/usuarios\/fotos\/BancoFotografiasSyscom\/EPCOMPOWERLINE\/PL12DC5ABK\/PL12DC5ABK-p.PNG' alt='Fuente regulada'> <\/p>\n<div style='padding: 15px; border-bottom: 1px solid rgba(150&comma; 150&comma; 150&comma; 0.2); font-weight: bold; font-size: 18px; color: inherit; background-color: rgba(150&comma;150&comma;150&comma;0.05);'>Caracter\u00edsticas de la Fuente<\/div>\n<div style='padding: 15px; color: inherit; flex: 1 1 auto;'>\n<ul style='padding-left: 20px; margin: 0; font-size: 14px; list-style-type: disc;'>\n<li style='margin-bottom: 5px;'>Voltaje de entrada: 96-264 Vca<\/li>\n<li style='margin-bottom: 5px;'><strong>Voltaje de salida: 11- 15 Vcc<\/strong><\/li>\n<li style='margin-bottom: 5px;'><strong>Corriente de salida: 5 Amper<\/strong><\/li>\n<li style='margin-bottom: 5px;'>Frecuencia nominal: 50-60 Hz<\/li>\n<li style='margin-bottom: 5px;'>Salida temporizada de: 0 a 45 segundos<\/li>\n<li style='margin-bottom: 5px;'>Dimensiones (mm): 214.5 x 200 x 71 mm<\/li>\n<li style='margin-bottom: 5px;'>Peso: 1.95 Kgs.<\/li>\n<\/ul><\/div>\n<\/p><\/div>\n<\/p><\/div>\n<p> <!-- Secci\u00f3n Bater\u00eda --> <\/p>\n<div style='flex: 1 1 300px; min-width: 280px;'>\n<div style='border: 1px solid rgba(150&comma; 150&comma; 150&comma; 0.4); border-radius: 8px; overflow: hidden; display: flex; flex-direction: column; height: 100%;'> <img style='width: 100%; height: auto; border: 1px solid rgba(150&comma;150&comma;150&comma;0.3); border-radius: 0;' src='https:\/\/ftp3.syscom.mx\/cdn-cgi\/image\/format=png&comma;width=700&comma;height=700\/usuarios\/fotos\/BancoFotografiasSyscom\/LINKEDPROBYEPCOM\/LK712\/LK712-l.PNG' alt='Bater\u00eda LK712'> <\/p>\n<div style='padding: 15px; border-bottom: 1px solid rgba(150&comma; 150&comma; 150&comma; 0.2); font-weight: bold; font-size: 18px; color: inherit; background-color: rgba(150&comma;150&comma;150&comma;0.05);'>Caracter\u00edsticas de la Bater\u00eda<\/div>\n<div style='padding: 15px; color: inherit; flex: 1 1 auto;'>\n<ul style='padding-left: 20px; margin: 0; font-size: 14px; list-style-type: disc;'>\n<li style='margin-bottom: 5px;'><strong>Capacidad en Ah: 7.<\/strong><\/li>\n<li style='margin-bottom: 5px;'>Tipo de terminal: F1<\/li>\n<li style='margin-bottom: 5px;'>Incluye adaptador para terminal F2<\/li>\n<li style='margin-bottom: 5px;'><strong>Voltaje (Vcc): 12.<\/strong><\/li>\n<li style='margin-bottom: 5px;'>Tipo: AGM\/VRLA.<\/li>\n<li style='margin-bottom: 5px;'>Dimensiones (mm): 65 x 101 x 151<\/li>\n<li style='margin-bottom: 5px;'>Peso (kg): 2.05<\/li>\n<\/ul><\/div>\n<\/p><\/div>\n<\/p><\/div>\n<p> <!-- Secci\u00f3n Productos relacionados --> <\/p>\n<div style='flex: 1 1 300px; min-width: 280px;'>\n<div style='border: 1px solid rgba(150&comma; 150&comma; 150&comma; 0.4); border-radius: 8px; overflow: hidden; display: flex; flex-direction: column; height: 100%;'> <img style='width: 100%; height: auto; border: 1px solid rgba(150&comma;150&comma;150&comma;0.3); border-radius: 0;' src='https:\/\/ftp3.syscom.mx\/usuarios\/fotos\/BancoFotografiasSyscom\/EPCOMPOWERLINE\/PL12DC5ABK_K\/PL12DC5ABK_K-p.PNG' alt='Kit completo'> <\/p>\n<div style='padding: 15px; border-bottom: 1px solid rgba(150&comma; 150&comma; 150&comma; 0.2); font-weight: bold; font-size: 18px; color: inherit; background-color: rgba(150&comma;150&comma;150&comma;0.05);'>Productos relacionados<\/div>\n<div style='padding: 15px; color: inherit; flex: 1 1 auto;'>\n<ul style='padding-left: 20px; margin: 0; font-size: 14px; list-style-type: disc;'>\n<li style='margin-bottom: 5px;'><strong><span style='color: #3598db;'>PL-12DC-3A-BK\/K<\/span><\/strong><\/li>\n<li style='margin-bottom: 5px;'><strong><span style='color: #3598db;'>PL-12DC-5A-BK\/K<\/span><\/strong><\/li>\n<li style='margin-bottom: 5px;'><strong><span style='color: #3598db;'>PS-12DC-4P-BK\/K<\/span><\/strong><\/li>\n<li style='margin-bottom: 5px;'><strong><span style='color: #3598db;'>PLK-12DC-8A-BK\/K<\/span><\/strong><\/li>\n<li style='margin-bottom: 5px;'><strong><span style='color: #3598db;'>PLK-12DC-20A-BK\/K<\/span><\/strong><\/li>\n<\/ul><\/div>\n<\/p><\/div>\n<\/p><\/div>\n<\/p><\/div>\n<p> <!-- Separador --> <\/p>\n<hr style='border: 0; border-top: 1px solid rgba(150&comma; 150&comma; 150&comma; 0.3); margin: 30px 0;'> <\/div>\n","protected":false},"excerpt":{"rendered":"<p>Kit \/ Fuente  regulada de 11 &#8211; 15 V @ 5A \/ Capacidad de respaldo \/ Modelo  ACPST1205 + Bater\u00eda incluida LK712<\/p>\n","protected":false},"featured_media":40851,"comment_status":"open","ping_status":"closed","template":"","meta":[],"product_brand":[],"product_cat":[1248],"product_tag":[454,405,1249],"class_list":{"0":"post-40852","1":"product","2":"type-product","3":"status-publish","4":"has-post-thumbnail","6":"product_cat-fuentes-de-salida-unica","7":"product_tag-epcom-powerline","8":"product_tag-fuentes-de-poder","9":"product_tag-fuentes-de-salida-unica","11":"first","12":"instock","13":"sale","14":"shipping-taxable","15":"purchasable","16":"product-type-simple"},"_links":{"self":[{"href":"https:\/\/soydeaqui.ddns.net\/pachuca\/index.php\/wp-json\/wp\/v2\/product\/40852","targetHints":{"allow":["GET"]}}],"collection":[{"href":"https:\/\/soydeaqui.ddns.net\/pachuca\/index.php\/wp-json\/wp\/v2\/product"}],"about":[{"href":"https:\/\/soydeaqui.ddns.net\/pachuca\/index.php\/wp-json\/wp\/v2\/types\/product"}],"replies":[{"embeddable":true,"href":"https:\/\/soydeaqui.ddns.net\/pachuca\/index.php\/wp-json\/wp\/v2\/comments?post=40852"}],"wp:featuredmedia":[{"embeddable":true,"href":"https:\/\/soydeaqui.ddns.net\/pachuca\/index.php\/wp-json\/wp\/v2\/media\/40851"}],"wp:attachment":[{"href":"https:\/\/soydeaqui.ddns.net\/pachuca\/index.php\/wp-json\/wp\/v2\/media?parent=40852"}],"wp:term":[{"taxonomy":"product_brand","embeddable":true,"href":"https:\/\/soydeaqui.ddns.net\/pachuca\/index.php\/wp-json\/wp\/v2\/product_brand?post=40852"},{"taxonomy":"product_cat","embeddable":true,"href":"https:\/\/soydeaqui.ddns.net\/pachuca\/index.php\/wp-json\/wp\/v2\/product_cat?post=40852"},{"taxonomy":"product_tag","embeddable":true,"href":"https:\/\/soydeaqui.ddns.net\/pachuca\/index.php\/wp-json\/wp\/v2\/product_tag?post=40852"}],"curies":[{"name":"wp","href":"https:\/\/api.w.org\/{rel}","templated":true}]}}