{"id":40844,"date":"2026-03-18T17:59:13","date_gmt":"2026-03-18T17:59:13","guid":{"rendered":"https:\/\/soydeaqui.ddns.net\/pachuca\/index.php\/producto\/bolsa-con-25-conectores-enchufables-para-2-cables-compatibles-en-calibre-22-al-18-awg\/"},"modified":"2026-03-18T17:59:18","modified_gmt":"2026-03-18T17:59:18","slug":"bolsa-con-25-conectores-enchufables-para-2-cables-compatibles-en-calibre-22-al-18-awg","status":"publish","type":"product","link":"https:\/\/soydeaqui.ddns.net\/pachuca\/index.php\/producto\/bolsa-con-25-conectores-enchufables-para-2-cables-compatibles-en-calibre-22-al-18-awg\/","title":{"rendered":"Bolsa con 25 conectores \/ Enchufables \/ Para 2 cables \/ compatibles en calibre 22 al 18 AWG"},"content":{"rendered":"<div style='width: 100%; max-width: 1200px; margin: 0 auto; font-family: sans-serif; line-height: 1.6; color: inherit; background-color: transparent;'>\n<hr style='border: 0; border-top: 1px solid rgba(150&comma; 150&comma; 150&comma; 0.3); margin: 30px 0;'> <!-- Secci\u00f3n de caracter\u00edsticas principales --> <\/p>\n<div style='display: flex; flex-wrap: wrap; gap: 30px; margin-bottom: 30px;'>\n<div style='flex: 1 1 300px; min-width: 280px;'>\n<h3 style='font-size: 22px; border-bottom: 2px solid currentColor; padding-bottom: 5px; margin-top: 0; color: inherit; opacity: 0.8;'>Caracter\u00edsticas Principales<\/h3>\n<ul style='padding-left: 20px; font-size: 15px; color: inherit;'>\n<li style='margin-bottom: 5px;'> <strong style='color: inherit;'>Pr\u00e1ctico y ordenado:<\/strong> El conector es compatible con cables s\u00f3lidos de 0.35 a 0.75 mm\u00b2 \/ AWG18 a AWG22. No abultan tanto en los extremos de los cables&comma; lo que permite mantener las cajas el\u00e9ctricas relativamente espaciosas y evita tener que torcer varios cables de cobre juntos. <\/li>\n<li style='margin-bottom: 5px;'> <strong style='color: inherit;'>Reutilizable y eficiente:<\/strong> Adecuado para cables flexibles y r\u00edgidos. Cada conector est\u00e1 dise\u00f1ado con resortes independientes para diferentes cables&comma; permitiendo la conexi\u00f3n segura de conductores de distintos di\u00e1metros. <\/li>\n<\/ul><\/div>\n<p> <!-- Secci\u00f3n de caracter\u00edsticas f\u00edsicas y el\u00e9ctricas --> <\/p>\n<div style='flex: 1 1 300px; min-width: 280px;'>\n<h3 style='font-size: 22px; border-bottom: 2px solid currentColor; padding-bottom: 5px; margin-top: 0; color: inherit; opacity: 0.8;'>Caracter\u00edsticas F\u00edsicas y El\u00e9ctricas<\/h3>\n<ul style='padding-left: 20px; font-size: 15px; color: inherit;'>\n<li style='margin-bottom: 5px;'><strong style='color: inherit;'>Material:<\/strong> ABS<\/li>\n<li style='margin-bottom: 5px;'><strong style='color: inherit;'>Conector:<\/strong> 2 Pines<\/li>\n<li style='margin-bottom: 5px;'><strong style='color: inherit;'>Bolsa de:<\/strong> 25 Piezas<\/li>\n<li style='margin-bottom: 5px;'><strong style='color: inherit;'>Tipo:<\/strong> Sin soldadura y sin necesidad de pelar el cable<\/li>\n<li style='margin-bottom: 5px;'><strong style='color: inherit;'>Conductor:<\/strong> Cobre<\/li>\n<li style='margin-bottom: 5px;'><strong style='color: inherit;'>Tama\u00f1o:<\/strong> 38 \u00d7 6.2 \u00d7 9.6 mm<\/li>\n<li style='margin-bottom: 5px;'><strong style='color: inherit;'>Compatibilidad:<\/strong> Cables de 18\u201322 AWG; 0.35\u20130.75 mm\u00b2; di\u00e1metro exterior del cable: 1.5\u20132.1 mm; cable s\u00f3lido y multifilar<\/li>\n<li style='margin-bottom: 5px;'><strong style='color: inherit;'>Voltaje nominal:<\/strong> 300V<\/li>\n<li style='margin-bottom: 5px;'><strong style='color: inherit;'>Corriente nominal:<\/strong> M\u00e1x. 9A<\/li>\n<li style='margin-bottom: 5px;'><strong style='color: inherit;'>Temperatura de trabajo:<\/strong> -20 a +80\u00b0C<\/li>\n<\/ul><\/div>\n<\/p><\/div>\n<p> <!-- Separador --> <\/p>\n<hr style='border: 0; border-top: 1px solid rgba(150&comma; 150&comma; 150&comma; 0.3); margin: 30px 0;'> <!-- Video de YouTube --> <\/p>\n<div style='position: relative; padding-bottom: 56.25%; height: 0; overflow: hidden; margin-bottom: 30px;'>   <\/div>\n<\/p><\/div>\n","protected":false},"excerpt":{"rendered":"<p>Bolsa con 25 conectores \/ Enchufables \/ Para 2 cables \/ compatibles en calibre 22 al 18 AWG<\/p>\n","protected":false},"featured_media":40843,"comment_status":"open","ping_status":"closed","template":"","meta":[],"product_brand":[],"product_cat":[1252],"product_tag":[1253,1066,454],"class_list":{"0":"post-40844","1":"product","2":"type-product","3":"status-publish","4":"has-post-thumbnail","6":"product_cat-accesorios-de-fijacion","7":"product_tag-accesorios-de-fijacion","8":"product_tag-area-electrica","9":"product_tag-epcom-powerline","11":"first","12":"outofstock","13":"sale","14":"shipping-taxable","15":"purchasable","16":"product-type-simple"},"_links":{"self":[{"href":"https:\/\/soydeaqui.ddns.net\/pachuca\/index.php\/wp-json\/wp\/v2\/product\/40844","targetHints":{"allow":["GET"]}}],"collection":[{"href":"https:\/\/soydeaqui.ddns.net\/pachuca\/index.php\/wp-json\/wp\/v2\/product"}],"about":[{"href":"https:\/\/soydeaqui.ddns.net\/pachuca\/index.php\/wp-json\/wp\/v2\/types\/product"}],"replies":[{"embeddable":true,"href":"https:\/\/soydeaqui.ddns.net\/pachuca\/index.php\/wp-json\/wp\/v2\/comments?post=40844"}],"wp:featuredmedia":[{"embeddable":true,"href":"https:\/\/soydeaqui.ddns.net\/pachuca\/index.php\/wp-json\/wp\/v2\/media\/40843"}],"wp:attachment":[{"href":"https:\/\/soydeaqui.ddns.net\/pachuca\/index.php\/wp-json\/wp\/v2\/media?parent=40844"}],"wp:term":[{"taxonomy":"product_brand","embeddable":true,"href":"https:\/\/soydeaqui.ddns.net\/pachuca\/index.php\/wp-json\/wp\/v2\/product_brand?post=40844"},{"taxonomy":"product_cat","embeddable":true,"href":"https:\/\/soydeaqui.ddns.net\/pachuca\/index.php\/wp-json\/wp\/v2\/product_cat?post=40844"},{"taxonomy":"product_tag","embeddable":true,"href":"https:\/\/soydeaqui.ddns.net\/pachuca\/index.php\/wp-json\/wp\/v2\/product_tag?post=40844"}],"curies":[{"name":"wp","href":"https:\/\/api.w.org\/{rel}","templated":true}]}}