{"id":40828,"date":"2026-03-18T17:58:44","date_gmt":"2026-03-18T17:58:44","guid":{"rendered":"https:\/\/soydeaqui.ddns.net\/pachuca\/index.php\/producto\/kit-solar-para-alimentar-hasta-30w-salida-12-24-vcc-para-alimentar-camaras-ptz-y-enlaces-punto-a-punto-panel-solar-180w-bateria-litio-1280-wh\/"},"modified":"2026-03-18T17:58:44","modified_gmt":"2026-03-18T17:58:44","slug":"kit-solar-para-alimentar-hasta-30w-salida-12-24-vcc-para-alimentar-camaras-ptz-y-enlaces-punto-a-punto-panel-solar-180w-bateria-litio-1280-wh","status":"publish","type":"product","link":"https:\/\/soydeaqui.ddns.net\/pachuca\/index.php\/producto\/kit-solar-para-alimentar-hasta-30w-salida-12-24-vcc-para-alimentar-camaras-ptz-y-enlaces-punto-a-punto-panel-solar-180w-bateria-litio-1280-wh\/","title":{"rendered":"Kit  Solar para alimentar hasta 30W, Salida 12\/24 Vcc,  Para alimentar camaras PTZ y Enlaces Punto a Punto, Panel Solar 180W, Bateria Litio 1280 Wh"},"content":{"rendered":"<div style='width: 100%; max-width: 1200px; margin: 0 auto; font-family: sans-serif; line-height: 1.6; color: inherit; background-color: transparent;'>\n<div style='display: flex; flex-direction: column; align-items: center; margin-bottom: 30px;'> <a href='http:\/\/ftp3.syscom.mx\/usuarios\/dcarreon\/IMPRESOS\/EPCOMindustrialFAMILIA.pdf' target='_new' style='text-decoration: none;'> <img style='width: 400px; height: 80px; border: 1px solid rgba(150&comma;150&comma;150&comma;0.3); border-radius: 8px;' src='http:\/\/ftp3.syscom.mx\/usuarios\/dcarreon\/IMPRESOS\/LOGO_epcom%20industrial.jpg' alt='Logo EPCOM Industrial'> <\/a> <\/div>\n<div style='display: flex; flex-wrap: wrap; gap: 30px; margin-bottom: 30px;'>\n<div style='flex: 1 1 300px; min-width: 280px;'>\n<h3 style='font-size: 22px; border-bottom: 2px solid currentColor; padding-bottom: 5px; margin-top: 0; color: inherit; opacity: 0.8;'>Componentes del Kit<\/h3>\n<ul style='padding-left: 20px; font-size: 15px; color: inherit;'>\n<li style='margin-bottom: 5px;'>1 pieza EPIMN225V1<\/li>\n<li style='margin-bottom: 5px;'>1 Pieza EPL18012AL<\/li>\n<li style='margin-bottom: 5px;'>1 Pieza LIPV100A<\/li>\n<\/ul><\/div>\n<\/p><\/div>\n<div style='display: flex; justify-content: center; margin: 30px 0;'> <img style='width: 300px; height: auto; border: 1px solid rgba(150&comma;150&comma;150&comma;0.3); border-radius: 8px;' src='http:\/\/ftp3.syscom.mx\/usuarios\/ftp\/2025\/08\/12\/1858\/1755017562042.png_froala_689b715a91be2' alt='Diagrama del Kit Solar'> <\/div>\n<div style='margin-bottom: 30px;'>\n<p style='margin: 15px 0; color: inherit;'>Nota: No incluye poste ni c\u00e1mara<\/p>\n<\/p><\/div>\n<div style='display: flex; flex-wrap: wrap; gap: 30px; margin-bottom: 30px;'>\n<div style='flex: 1 1 300px; min-width: 280px;'>\n<h3 style='font-size: 22px; border-bottom: 2px solid currentColor; padding-bottom: 5px; margin-top: 0; color: inherit; opacity: 0.8;'>Recomendaciones de Instalaci\u00f3n<\/h3>\n<ul style='padding-left: 20px; font-size: 15px; color: inherit;'>\n<li style='margin-bottom: 5px;'>La instalaci\u00f3n debe ser elaborada por personal capacitado (2 Personas)<\/li>\n<li style='margin-bottom: 5px;'>No recomendado para zonas de altas corrientes de aires<\/li>\n<li style='margin-bottom: 5px;'>La instalaci\u00f3n no debe exceder los 6 metros de altura al nivel promedio de suelo<\/li>\n<li style='margin-bottom: 5px;'>M\u00e1stil recomendado para instalaci\u00f3n 6&#8242; ced. 40 como m\u00ednimo (8&#8242; di\u00e1metro externo m\u00e1ximo)<\/li>\n<li style='margin-bottom: 5px;'>No se recomienda instalar m\u00e1s de un montaje en la torre<\/li>\n<li style='margin-bottom: 5px;'>Es responsabilidad del instalador realizar una correcta cimentaci\u00f3n del m\u00e1stil o torre para asegurar una instalaci\u00f3n segura<\/li>\n<li style='margin-bottom: 5px;'><strong>Compatibilidad \u00fanica con m\u00f3dulos solares de 1300-1500(L) x 767(W) mm<\/strong><\/li>\n<\/ul><\/div>\n<\/p><\/div>\n<div style='margin-bottom: 30px;'>\n<p style='margin: 15px 0; color: inherit;'>El montaje no incluye m\u00e1stil&comma; tramos&comma; ni m\u00f3dulos solares.<\/p>\n<p style='margin: 15px 0; color: #ff0000; font-weight: bold;'>SYSCOM no se hace responsable por instalaciones realizadas fuera de las recomendaciones del fabricante.<\/p>\n<\/p><\/div>\n<div style='display: flex; flex-wrap: wrap; gap: 30px; margin-bottom: 30px;'>\n<div style='flex: 1 1 300px; min-width: 280px;'>\n<h3 style='font-size: 18px; border-bottom: 2px solid currentColor; padding-bottom: 5px; margin-top: 0; color: inherit; opacity: 0.8;'>Instalaci\u00f3n en Poste<\/h3>\n<div style='color: inherit;'>\n<table style='width: 100%; max-width: 387px; border-collapse: collapse; margin-top: 15px;'>\n<tbody>\n<tr>\n<td style='height: 21px; text-align: center; border: 1px solid rgba(150&comma;150&comma;150&comma;0.3); padding: 8px;'> <\/td>\n<td style='text-align: center; border: 1px solid rgba(150&comma;150&comma;150&comma;0.3); padding: 8px;'> <\/td>\n<td style='text-align: center; border: 1px solid rgba(150&comma;150&comma;150&comma;0.3); padding: 8px;'> <\/td>\n<td style='text-align: center; border: 1px solid rgba(150&comma;150&comma;150&comma;0.3); padding: 8px;'> <\/td>\n<td style='text-align: center; border: 1px solid rgba(150&comma;150&comma;150&comma;0.3); padding: 8px;'> <\/td>\n<\/tr>\n<\/tbody>\n<\/table><\/div>\n<\/p><\/div>\n<\/p><\/div>\n<hr style='border: 0; border-top: 1px solid rgba(150&comma;150&comma;150&comma;0.3); margin: 30px 0;'> <\/div>\n","protected":false},"excerpt":{"rendered":"<p>Kit  Solar para alimentar hasta 30W, Salida 12\/24 Vcc,  Para alimentar camaras PTZ y Enlaces Punto a Punto, Panel Solar 180W, Bateria Litio 1280 Wh<\/p>\n","protected":false},"featured_media":40827,"comment_status":"open","ping_status":"closed","template":"","meta":[],"product_brand":[],"product_cat":[963],"product_tag":[964,181,965],"class_list":{"0":"post-40828","1":"product","2":"type-product","3":"status-publish","4":"has-post-thumbnail","6":"product_cat-montajes-completos-para-modulos","7":"product_tag-energia-solar","8":"product_tag-epcom-industrial","9":"product_tag-montajes-completos-para-modulos","11":"first","12":"outofstock","13":"sale","14":"shipping-taxable","15":"purchasable","16":"product-type-simple"},"_links":{"self":[{"href":"https:\/\/soydeaqui.ddns.net\/pachuca\/index.php\/wp-json\/wp\/v2\/product\/40828","targetHints":{"allow":["GET"]}}],"collection":[{"href":"https:\/\/soydeaqui.ddns.net\/pachuca\/index.php\/wp-json\/wp\/v2\/product"}],"about":[{"href":"https:\/\/soydeaqui.ddns.net\/pachuca\/index.php\/wp-json\/wp\/v2\/types\/product"}],"replies":[{"embeddable":true,"href":"https:\/\/soydeaqui.ddns.net\/pachuca\/index.php\/wp-json\/wp\/v2\/comments?post=40828"}],"wp:featuredmedia":[{"embeddable":true,"href":"https:\/\/soydeaqui.ddns.net\/pachuca\/index.php\/wp-json\/wp\/v2\/media\/40827"}],"wp:attachment":[{"href":"https:\/\/soydeaqui.ddns.net\/pachuca\/index.php\/wp-json\/wp\/v2\/media?parent=40828"}],"wp:term":[{"taxonomy":"product_brand","embeddable":true,"href":"https:\/\/soydeaqui.ddns.net\/pachuca\/index.php\/wp-json\/wp\/v2\/product_brand?post=40828"},{"taxonomy":"product_cat","embeddable":true,"href":"https:\/\/soydeaqui.ddns.net\/pachuca\/index.php\/wp-json\/wp\/v2\/product_cat?post=40828"},{"taxonomy":"product_tag","embeddable":true,"href":"https:\/\/soydeaqui.ddns.net\/pachuca\/index.php\/wp-json\/wp\/v2\/product_tag?post=40828"}],"curies":[{"name":"wp","href":"https:\/\/api.w.org\/{rel}","templated":true}]}}