{"id":40823,"date":"2026-03-18T17:58:36","date_gmt":"2026-03-18T17:58:36","guid":{"rendered":"https:\/\/soydeaqui.ddns.net\/pachuca\/index.php\/producto\/controlador-inteligente-inalambrico-wifi-para-tiras-led-rgb-rgbw-nube-p2p-medicion-de-consumo-soporta-google-y-alexa-12a\/"},"modified":"2026-03-18T17:58:42","modified_gmt":"2026-03-18T17:58:42","slug":"controlador-inteligente-inalambrico-wifi-para-tiras-led-rgb-rgbw-nube-p2p-medicion-de-consumo-soporta-google-y-alexa-12a","status":"publish","type":"product","link":"https:\/\/soydeaqui.ddns.net\/pachuca\/index.php\/producto\/controlador-inteligente-inalambrico-wifi-para-tiras-led-rgb-rgbw-nube-p2p-medicion-de-consumo-soporta-google-y-alexa-12a\/","title":{"rendered":"Controlador inteligente inal\u00e1mbrico WIFI para tiras LED RGB, RGBW\/ Nube P2P \/ Medici\u00f3n de consumo\/ Soporta Google y Alexa \/ 12A"},"content":{"rendered":"<div style='width: 100%; max-width: 1200px; margin: 0 auto; font-family: sans-serif; line-height: 1.6; color: inherit; background-color: transparent;'>\n<div style='display: flex; flex-wrap: wrap; gap: 30px; margin-bottom: 30px;'>\n<div style='flex: 1 1 300px; min-width: 280px;'>\n<h3 style='font-size: 22px; border-bottom: 2px solid currentColor; padding-bottom: 5px; margin-top: 0; color: inherit; opacity: 0.8;'>Caracter\u00edsticas principales<\/h3>\n<ul style='padding-left: 20px; font-size: 15px; color: inherit;'>\n<li style='margin-bottom: 5px;'>No requiere HUB<\/li>\n<li style='margin-bottom: 5px;'>Medidor de consumo<\/li>\n<li style='margin-bottom: 5px;'>Atenuaci\u00f3n de tira led<\/li>\n<li style='margin-bottom: 5px;'>Cambio de color en tira led<\/li>\n<li style='margin-bottom: 5px;'>Canales: 4<\/li>\n<li style='margin-bottom: 5px;'>Conectividad Wifi 2.4GHz<\/li>\n<li style='margin-bottom: 5px;'>Compatibilidad con asistentes de voz: Alexa y GoogleHome<\/li>\n<li style='margin-bottom: 5px;'><strong>Algunas funciones dependen de las caracter\u00edsticas de la tira de LED y configuraci\u00f3n de la App Shelly.<\/strong><\/li>\n<\/ul><\/div>\n<div style='flex: 1 1 300px; min-width: 280px;'>\n<h3 style='font-size: 22px; border-bottom: 2px solid currentColor; padding-bottom: 5px; margin-top: 0; color: inherit; opacity: 0.8;'>Caracter\u00edsticas F\u00edsicas y El\u00e9ctricas<\/h3>\n<ul style='padding-left: 20px; font-size: 15px; color: inherit;'>\n<li style='margin-bottom: 5px;'>Alimentaci\u00f3n: 12-24V \/ 12V 45W \/ 24V 60W<\/li>\n<li style='margin-bottom: 5px;'>Consumo: &lt;1 W<\/li>\n<li style='margin-bottom: 5px;'>Carga m\u00e1xima:12A<\/li>\n<li style='margin-bottom: 5px;'>Temperatura operativa: -10\u00baC a +50\u00baC<\/li>\n<li style='margin-bottom: 5px;'>Dimensiones: 43mm x 38mm x 14mm<\/li>\n<\/ul><\/div>\n<div style='flex: 1 1 300px; min-width: 280px;'>\n<h3 style='font-size: 22px; border-bottom: 2px solid currentColor; padding-bottom: 5px; margin-top: 0; color: inherit; opacity: 0.8;'>Ejemplos de instalaci\u00f3n<\/h3>\n<ul style='padding-left: 20px; font-size: 15px; color: inherit;'>\n<li style='margin-bottom: 5px;'>Cuartos de juego.<\/li>\n<li style='margin-bottom: 5px;'>Mini bar.<\/li>\n<li style='margin-bottom: 5px;'>Estancias.<\/li>\n<li style='margin-bottom: 5px;'><a href='https:\/\/kb.shelly.cloud\/knowledge-base\/devices' style='color: inherit; text-decoration: underline;'>Base de datos material de apoyo.<\/a><\/li>\n<\/ul><\/div>\n<\/p><\/div>\n<div style='margin-bottom: 30px;'>\n<p>Relevador inalambrico para el control de iluminacion color en tiras LED.<\/p>\n<ol style='padding-left: 20px; font-size: 15px; color: inherit;'>\n<li style='margin-bottom: 5px; text-align: justify;'>Controle su tira RGBW desde su tel\u00e9fono m\u00f3vil.<\/li>\n<li style='margin-bottom: 5px; text-align: justify;'>Shelly RGBW se conecta como cualquier controlador LED.<\/li>\n<li style='margin-bottom: 5px; text-align: justify;'>Admite cualquier tira de led de 12v o 24v blanco&comma; RGB&comma; RGBW y bombillas de led de 12 \/ 24v&comma; con una potencia combinada de hasta 288W.<\/li>\n<li style='margin-bottom: 5px; text-align: justify;'>El principal beneficio es que podr\u00e1 controlar su luz directamente desde un dispositivo m\u00f3vil.<\/li>\n<\/ol><\/div>\n<div style='margin-bottom: 30px;'> <img style='width: 100%; height: auto; border: 1px solid rgba(150&comma;150&comma;150&comma;0.3); border-radius: 8px;' src='https:\/\/i.ibb.co\/QKLjKRJ\/Captura11.jpg' alt=''> <\/div>\n<div style='margin-bottom: 30px;'>\n<h2 style='font-size: 24px; border-bottom: 2px solid currentColor; padding-bottom: 5px; margin-top: 0; color: inherit; opacity: 0.8; text-align: center;'>ShellyRBGW2 DEVICE PIN-OUT<\/h2>\n<p> <img style='width: 100%; height: auto; border: 1px solid rgba(150&comma;150&comma;150&comma;0.3); border-radius: 8px;' src='https:\/\/shelly.cloud\/wp-content\/uploads\/2020\/06\/rgbw2.png' alt=''> <\/div>\n<div style='margin-bottom: 30px;'>\n<h2 style='font-size: 24px; border-bottom: 2px solid currentColor; padding-bottom: 5px; margin-top: 0; color: inherit; opacity: 0.8; text-align: center;'>Esquemas de cableado de ShellyRGBW2<\/h2>\n<\/p><\/div>\n<div style='margin-bottom: 30px;'>\n<h3 style='font-size: 20px; border-bottom: 2px solid currentColor; padding-bottom: 5px; margin-top: 0; color: inherit; opacity: 0.8; text-align: center;'>Tira LED RGBW<\/h3>\n<p> <img style='width: 100%; height: auto; border: 1px solid rgba(150&comma;150&comma;150&comma;0.3); border-radius: 8px;' src='https:\/\/shelly.cloud\/wp-content\/uploads\/2020\/06\/DC_rgbw_led_strip_shelly.png' alt=''> <\/div>\n<div style='margin-bottom: 30px;'>\n<h3 style='font-size: 20px; border-bottom: 2px solid currentColor; padding-bottom: 5px; margin-top: 0; color: inherit; opacity: 0.8; text-align: center;'>Tira LED RGB<\/h3>\n<p> <img style='width: 100%; height: auto; border: 1px solid rgba(150&comma;150&comma;150&comma;0.3); border-radius: 8px;' src='https:\/\/shelly.cloud\/wp-content\/uploads\/2020\/06\/DC_shelly_rgbw_scheme.png' alt=''> <\/div>\n<div style='margin-bottom: 30px;'>\n<h3 style='font-size: 20px; border-bottom: 2px solid currentColor; padding-bottom: 5px; margin-top: 0; color: inherit; opacity: 0.8; text-align: center;'>Tira LED Blanca (4 canales)<\/h3>\n<p> <img style='width: 100%; height: auto; border: 1px solid rgba(150&comma;150&comma;150&comma;0.3); border-radius: 8px;' src='https:\/\/shelly.cloud\/wp-content\/uploads\/2020\/06\/DC_4xWhite_led_strip_shelly.png' alt=''> <\/div>\n<div style='margin-bottom: 30px;'>\n<h3 style='font-size: 20px; border-bottom: 2px solid currentColor; padding-bottom: 5px; margin-top: 0; color: inherit; opacity: 0.8; text-align: center;'>Bulbos LED Blancos<\/h3>\n<p> <img style='width: 100%; height: auto; border: 1px solid rgba(150&comma;150&comma;150&comma;0.3); border-radius: 8px;' src='https:\/\/shelly.cloud\/wp-content\/uploads\/2020\/06\/DC_White_led_bulb_shelly.png' alt=''> <\/div>\n<div style='display: flex; flex-wrap: wrap; gap: 30px; margin-bottom: 30px; background-color: #2f9cd7; border-radius: 10px; padding: 40px;'>\n<div style='flex: 1 1 250px; min-width: 200px; text-align: center;'> <img style='width: 100px; height: auto; border: 1px solid rgba(150&comma;150&comma;150&comma;0.3); border-radius: 8px; margin-bottom: 15px;' src='https:\/\/ftp3.syscom.mx\/usuarios\/ftp\/single_page\/shelly_img\/install.png' alt=''> <\/p>\n<h4 style='color: white; margin-bottom: 10px;'>INSTALAR<\/h4>\n<p style='color: white; margin: 0;'>Instale su rel\u00e9 ShellyRGBW2 en la pared debajo de la toma de corriente o un interruptor de luz est\u00e1ndar.<\/p>\n<\/p><\/div>\n<div style='flex: 1 1 250px; min-width: 200px; text-align: center;'> <img style='width: 100px; height: auto; border: 1px solid rgba(150&comma;150&comma;150&comma;0.3); border-radius: 8px; margin-bottom: 15px;' src='https:\/\/ftp3.syscom.mx\/usuarios\/ftp\/single_page\/shelly_img\/download-app.png' alt=''> <\/p>\n<h4 style='color: white; margin-bottom: 10px;'>INSTALAR<\/h4>\n<p style='color: white; margin: 0;'>Descargue e instale la aplicaci\u00f3n m\u00f3vil gratuita de Google Play o Apple\u00ae App Store.<\/p>\n<\/p><\/div>\n<div style='flex: 1 1 250px; min-width: 200px; text-align: center;'> <img style='width: 100px; height: auto; border: 1px solid rgba(150&comma;150&comma;150&comma;0.3); border-radius: 8px; margin-bottom: 15px;' src='https:\/\/ftp3.syscom.mx\/usuarios\/ftp\/single_page\/shelly_img\/manual.png' alt=''> <\/p>\n<h4 style='color: white; margin-bottom: 10px;'>DESCARGAR<\/h4>\n<p style='color: white; margin: 0;'>Descargue nuestra Gu\u00eda de usuario y siga las instrucciones.<\/p>\n<\/p><\/div>\n<\/p><\/div>\n<div style='margin-bottom: 30px; background-color: #434342; padding: 30px; border-radius: 10px; text-align: center;'> <img style='width: 150px; height: auto; border: 1px solid rgba(150&comma;150&comma;150&comma;0.3); border-radius: 8px;' src='https:\/\/ftp3.syscom.mx\/usuarios\/ftp\/single_page\/shelly_img\/shelly_logo_white_std.png' alt=''> <\/div>\n<hr style='border: 0; border-top: 1px solid rgba(150&comma; 150&comma; 150&comma; 0.3); margin: 30px 0;'> <\/div>\n","protected":false},"excerpt":{"rendered":"<p>Controlador inteligente inal\u00e1mbrico WIFI para tiras LED RGB, RGBW\/ Nube P2P \/ Medici\u00f3n de consumo\/ Soporta Google y Alexa \/ 12A<\/p>\n","protected":false},"featured_media":40822,"comment_status":"open","ping_status":"closed","template":"","meta":[],"product_brand":[],"product_cat":[56],"product_tag":[30,57,58],"class_list":{"0":"post-40823","1":"product","2":"type-product","3":"status-publish","4":"has-post-thumbnail","6":"product_cat-control-de-iluminacion","7":"product_tag-automatizacion-casa-inteligente","8":"product_tag-control-de-iluminacion","9":"product_tag-shelly","11":"first","12":"instock","13":"sale","14":"shipping-taxable","15":"purchasable","16":"product-type-simple"},"_links":{"self":[{"href":"https:\/\/soydeaqui.ddns.net\/pachuca\/index.php\/wp-json\/wp\/v2\/product\/40823","targetHints":{"allow":["GET"]}}],"collection":[{"href":"https:\/\/soydeaqui.ddns.net\/pachuca\/index.php\/wp-json\/wp\/v2\/product"}],"about":[{"href":"https:\/\/soydeaqui.ddns.net\/pachuca\/index.php\/wp-json\/wp\/v2\/types\/product"}],"replies":[{"embeddable":true,"href":"https:\/\/soydeaqui.ddns.net\/pachuca\/index.php\/wp-json\/wp\/v2\/comments?post=40823"}],"wp:featuredmedia":[{"embeddable":true,"href":"https:\/\/soydeaqui.ddns.net\/pachuca\/index.php\/wp-json\/wp\/v2\/media\/40822"}],"wp:attachment":[{"href":"https:\/\/soydeaqui.ddns.net\/pachuca\/index.php\/wp-json\/wp\/v2\/media?parent=40823"}],"wp:term":[{"taxonomy":"product_brand","embeddable":true,"href":"https:\/\/soydeaqui.ddns.net\/pachuca\/index.php\/wp-json\/wp\/v2\/product_brand?post=40823"},{"taxonomy":"product_cat","embeddable":true,"href":"https:\/\/soydeaqui.ddns.net\/pachuca\/index.php\/wp-json\/wp\/v2\/product_cat?post=40823"},{"taxonomy":"product_tag","embeddable":true,"href":"https:\/\/soydeaqui.ddns.net\/pachuca\/index.php\/wp-json\/wp\/v2\/product_tag?post=40823"}],"curies":[{"name":"wp","href":"https:\/\/api.w.org\/{rel}","templated":true}]}}