{"id":4082,"date":"2026-03-18T06:15:24","date_gmt":"2026-03-18T06:15:24","guid":{"rendered":"https:\/\/soydeaqui.ddns.net\/pachuca\/index.php\/producto\/persiana-roller-outside-a-baterias-con-tela-blackout-de-max-2m-de-ancho-x-2m-de-alto\/"},"modified":"2026-03-18T06:15:24","modified_gmt":"2026-03-18T06:15:24","slug":"persiana-roller-outside-a-baterias-con-tela-blackout-de-max-2m-de-ancho-x-2m-de-alto","status":"publish","type":"product","link":"https:\/\/soydeaqui.ddns.net\/pachuca\/index.php\/producto\/persiana-roller-outside-a-baterias-con-tela-blackout-de-max-2m-de-ancho-x-2m-de-alto\/","title":{"rendered":"Persiana Roller Outside a Bater\u00edas con Tela Blackout, de Max 2m de ancho x 2m de alto"},"content":{"rendered":"<div style='width: 100%; max-width: 1200px; margin: 0 auto; font-family: sans-serif; line-height: 1.6; color: inherit; background-color: transparent;'>\n<div style='width: 100%; max-width: 1200px; margin: 0 auto; padding: 20px;'>\n<div style='display: flex; flex-direction: column; align-items: center; text-align: center; margin-bottom: 30px;'>\n<h1 style='font-size: 1.5rem; font-weight: 600; color: inherit; margin: 0 0 10px 0;'>Soluciones de persianas Sivoia QS Triathlon<\/h1>\n<h2 style='font-size: 1.2rem; font-weight: 400; color: inherit; margin: 0 0 20px 0;'>El sistema de persianas automatizadas m\u00e1s moderno&comma; flexible y confiable disponible actualmente.<\/h2>\n<h2 style='font-size: 1.5rem; font-weight: 600; color: inherit; margin: 0;'>La Diferencia Lutron<\/h2>\n<\/p><\/div>\n<div style='display: flex; flex-wrap: wrap; gap: 30px;'>\n<div style='flex: 1 1 300px; min-width: 280px;'>\n<div style='border: 1px solid rgba(150&comma;150&comma;150&comma;0.4); border-radius: 8px; overflow: hidden; display: flex; flex-direction: column;'>\n<div style='padding: 15px; border-bottom: 1px solid rgba(150&comma;150&comma;150&comma;0.2); font-weight: bold; font-size: 18px; color: inherit; background-color: rgba(0&comma; 123&comma; 255&comma; 0.1);'>\u00bfPor qu\u00e9 elegir Sivoia QS Triathlon?<\/div>\n<div style='padding: 15px; color: inherit;'>\n<ul style='padding-left: 20px; margin: 0; font-size: 14px; list-style-type: disc;'>\n<li style='margin-bottom: 5px; font-weight: bold;'>Compatibles con sistemas Caseta Wireless&comma; RadioRA2 y Ra3&comma; HomeWorks.<\/li>\n<li style='margin-bottom: 5px;'>Desempe\u00f1o de la bater\u00eda l\u00edder en la industria<\/li>\n<li style='margin-bottom: 5px;'>Bater\u00edas f\u00e1ciles de recargar<\/li>\n<li style='margin-bottom: 5px;'>Tecnolog\u00eda de frecuencia de radio ultra confiable<\/li>\n<li style='margin-bottom: 5px;'>Movimiento silencioso y preciso<\/li>\n<li style='margin-bottom: 5px;'>Controles intuitivos y est\u00e9ticamente agradables<\/li>\n<li style='margin-bottom: 5px;'>Integraci\u00f3n sin problemas con los sistemas de control Lutron para todo el hogar<\/li>\n<\/ul><\/div>\n<\/p><\/div>\n<\/p><\/div>\n<div style='flex: 1 1 300px; min-width: 280px;'>\n<div style='border: 1px solid rgba(150&comma;150&comma;150&comma;0.4); border-radius: 8px; overflow: hidden; display: flex; flex-direction: column;'>\n<div style='padding: 15px; border-bottom: 1px solid rgba(150&comma;150&comma;150&comma;0.2); font-weight: bold; font-size: 18px; color: inherit; background-color: rgba(0&comma; 123&comma; 255&comma; 0.1);'>Opciones de energ\u00eda<\/div>\n<div style='padding: 15px; color: inherit;'>\n<ul style='padding-left: 20px; margin: 0; font-size: 14px; list-style-type: disc;'>\n<li style='margin-bottom: 5px;'>A bater\u00eda<\/li>\n<li style='margin-bottom: 5px;'>Cableado El\u00e9ctrico<\/li>\n<li style='margin-bottom: 5px;'>Manuales sin cadena \/ cord\u00f3n<\/li>\n<\/ul><\/div>\n<\/p><\/div>\n<\/p><\/div>\n<div style='flex: 1 1 300px; min-width: 280px;'>\n<div style='border: 1px solid rgba(150&comma;150&comma;150&comma;0.4); border-radius: 8px; overflow: hidden; display: flex; flex-direction: column;'>\n<div style='padding: 15px; border-bottom: 1px solid rgba(150&comma;150&comma;150&comma;0.2); font-weight: bold; font-size: 18px; color: inherit; background-color: rgba(0&comma; 123&comma; 255&comma; 0.1);'>Formas de controlar las Persianas:<\/div>\n<div style='padding: 15px; color: inherit;'>\n<ul style='padding-left: 20px; margin: 0; font-size: 14px; list-style-type: disc;'>\n<li style='margin-bottom: 5px;'>App Lutron<\/li>\n<li style='margin-bottom: 5px;'>Asistentes de voz&comma; Alexa&comma; Siri&comma; GoogleHome&comma; etc<\/li>\n<li style='margin-bottom: 5px;'>Control Remoto Pico Lutron<\/li>\n<li style='margin-bottom: 5px;'>SmartWatch<\/li>\n<\/ul><\/div>\n<\/p><\/div>\n<\/p><\/div>\n<\/p><\/div>\n<hr style='border: 0; border-top: 1px solid rgba(150&comma; 150&comma; 150&comma; 0.3); margin: 30px 0;'>\n<div style='display: flex; flex-direction: column; align-items: center; text-align: center; margin-top: 30px;'> <img style='width: 100%; height: auto; border: 1px solid rgba(150&comma;150&comma;150&comma;0.3); border-radius: 8px; max-width: 665px;' src='https:\/\/ftp3.syscom.mx\/usuarios\/mbarrio\/bll\/Persianaslutron1.JPG' alt=''> <img style='width: 100%; height: auto; border: 1px solid rgba(150&comma;150&comma;150&comma;0.3); border-radius: 8px; max-width: 640px; margin-top: 20px;' src='https:\/\/ftp3.syscom.mx\/usuarios\/mbarrio\/bll\/Persianaslutron2.JPG' alt=''> <\/div>\n<\/p><\/div>\n<\/p><\/div>\n","protected":false},"excerpt":{"rendered":"<p>Persiana Roller Outside a Bater\u00edas con Tela Blackout, de Max 2m de ancho x 2m de alto<\/p>\n","protected":false},"featured_media":4081,"comment_status":"open","ping_status":"closed","template":"","meta":[],"product_brand":[],"product_cat":[34],"product_tag":[30,35,36],"class_list":{"0":"post-4082","1":"product","2":"type-product","3":"status-publish","4":"has-post-thumbnail","6":"product_cat-lutron","7":"product_tag-automatizacion-casa-inteligente","8":"product_tag-lutron","9":"product_tag-lutron-electronics","11":"first","12":"outofstock","13":"sale","14":"shipping-taxable","15":"purchasable","16":"product-type-simple"},"_links":{"self":[{"href":"https:\/\/soydeaqui.ddns.net\/pachuca\/index.php\/wp-json\/wp\/v2\/product\/4082","targetHints":{"allow":["GET"]}}],"collection":[{"href":"https:\/\/soydeaqui.ddns.net\/pachuca\/index.php\/wp-json\/wp\/v2\/product"}],"about":[{"href":"https:\/\/soydeaqui.ddns.net\/pachuca\/index.php\/wp-json\/wp\/v2\/types\/product"}],"replies":[{"embeddable":true,"href":"https:\/\/soydeaqui.ddns.net\/pachuca\/index.php\/wp-json\/wp\/v2\/comments?post=4082"}],"wp:featuredmedia":[{"embeddable":true,"href":"https:\/\/soydeaqui.ddns.net\/pachuca\/index.php\/wp-json\/wp\/v2\/media\/4081"}],"wp:attachment":[{"href":"https:\/\/soydeaqui.ddns.net\/pachuca\/index.php\/wp-json\/wp\/v2\/media?parent=4082"}],"wp:term":[{"taxonomy":"product_brand","embeddable":true,"href":"https:\/\/soydeaqui.ddns.net\/pachuca\/index.php\/wp-json\/wp\/v2\/product_brand?post=4082"},{"taxonomy":"product_cat","embeddable":true,"href":"https:\/\/soydeaqui.ddns.net\/pachuca\/index.php\/wp-json\/wp\/v2\/product_cat?post=4082"},{"taxonomy":"product_tag","embeddable":true,"href":"https:\/\/soydeaqui.ddns.net\/pachuca\/index.php\/wp-json\/wp\/v2\/product_tag?post=4082"}],"curies":[{"name":"wp","href":"https:\/\/api.w.org\/{rel}","templated":true}]}}