{"id":40815,"date":"2026-03-18T17:58:22","date_gmt":"2026-03-18T17:58:22","guid":{"rendered":"https:\/\/soydeaqui.ddns.net\/pachuca\/index.php\/producto\/inversor-hibrido-interactivo-para-interconexion-a-la-red-electrica-de-cfe-de-11-6-kw-con-salida-de-220-vca\/"},"modified":"2026-03-18T17:58:26","modified_gmt":"2026-03-18T17:58:26","slug":"inversor-hibrido-interactivo-para-interconexion-a-la-red-electrica-de-cfe-de-11-6-kw-con-salida-de-220-vca","status":"publish","type":"product","link":"https:\/\/soydeaqui.ddns.net\/pachuca\/index.php\/producto\/inversor-hibrido-interactivo-para-interconexion-a-la-red-electrica-de-cfe-de-11-6-kw-con-salida-de-220-vca\/","title":{"rendered":"Inversor Hibrido Interactivo para Interconexi\u00f3n a la Red El\u00e9ctrica de CFE de 11.6 kW con Salida de 220 Vca."},"content":{"rendered":"<div style=\"width: 100%; max-width: 1200px; margin: 0 auto; font-family: sans-serif; line-height: 1.6; color: inherit; background-color: transparent;\"><!-- Secci\u00f3n de t\u00edtulo y descripci\u00f3n --><\/p>\n<div style=\"margin-bottom: 30px; text-align: center;\">\n<h2 style=\"font-size: 28px; margin: 0 0 15px; color: inherit; opacity: 0.9;\">Almacenamiento de energ&iacute;a solar para reducir la factura de energ&iacute;a<\/h2>\n<p style=\"font-size: 15px; margin: 0 0 20px; color: inherit; max-width: 800px; margin-left: auto; margin-right: auto;\">Nuestros inversores h&iacute;bridos de la serie HY3 le brindan una forma de almacenar el excedente de energ&iacute;a solar en un sistema de almacenamiento de bater&iacute;a y luego utilizarlo como y cuando quiera&comma; de d&iacute;a o de noche. Como resultado&comma; puede aumentar su autosuficiencia a m&aacute;s del 80 %&comma; lo que reduce la factura de energ&iacute;a a la vez que crea una fuente de alimentaci&oacute;n de respaldo que est&aacute; siempre disponible.<\/p>\n<p style=\"font-size: 15px; margin: 0; color: inherit; max-width: 800px; margin-left: auto; margin-right: auto;\">Es una forma eficaz de asegurarse de que la energ&iacute;a limpia y gratuita est&eacute; siempre disponible&comma; incluso por la noche o durante los cortes de energ&iacute;a.<\/p>\n<\/div>\n<p><!-- Imagen --><\/p>\n<div style=\"margin: 30px 0; text-align: center;\"><\/div>\n<p><!-- Descripci\u00f3n general --><\/p>\n<div style=\"margin-bottom: 30px;\">\n<h3 style=\"font-size: 22px; border-bottom: 2px solid currentColor; padding-bottom: 5px; margin-top: 0; color: inherit; opacity: 0.8;\">Descripci&oacute;n general<\/h3>\n<p style=\"font-size: 15px; margin: 15px 0; color: inherit;\">Este es un inversor multifuncional&comma; que combina funciones de inversor&comma; cargador solar y bater&iacute;a para ofrecer soporte de energ&iacute;a ininterrumpida. Su completa pantalla LCD ofrece una operaci&oacute;n de botones configurable y de f&aacute;cil acceso para el usuario&comma; como carga de bater&iacute;a&comma; CA\/ Carga solar y voltaje de entrada aceptable basado en diferentes aplicaciones.<\/p>\n<\/div>\n<p><!-- Secci\u00f3n de caracter\u00edsticas --><\/p>\n<div style=\"display: flex; flex-wrap: wrap; gap: 30px; margin-bottom: 30px;\">\n<div style=\"flex: 1 1 300px; min-width: 280px;\">\n<h3 style=\"font-size: 22px; border-bottom: 2px solid currentColor; padding-bottom: 5px; margin-top: 0; color: inherit; opacity: 0.8;\">Caracter&iacute;sticas principales<\/h3>\n<ul style=\"padding-left: 20px; font-size: 15px; color: inherit;\">\n<li style=\"margin-bottom: 5px;\">Soporta sistema 20\/240Vac<\/li>\n<li style=\"margin-bottom: 5px;\">Autoconsumo e inyecci&oacute;n a red<\/li>\n<li style=\"margin-bottom: 5px;\">Reinicio autom&aacute;tico mientras AC se est&aacute; recuperando<\/li>\n<li style=\"margin-bottom: 5px;\">Prioridad de suministro programable para bater&iacute;a o red<\/li>\n<li style=\"margin-bottom: 5px;\">M&uacute;ltiples modos de funcionamiento programables: On grid&comma; off grid y UPS<\/li>\n<li style=\"margin-bottom: 5px;\">Tensi&oacute;n\/corriente de carga de la bater&iacute;a configurable en funci&oacute;n de las aplicaciones mediante la configuraci&oacute;n de la pantalla LCD<\/li>\n<li style=\"margin-bottom: 5px;\">Prioridad configurable del cargador AC\/Solar\/Generator mediante la configuraci&oacute;n de la pantalla LCD<\/li>\n<li style=\"margin-bottom: 5px;\">Compatible con tensi&oacute;n de red o generador<\/li>\n<\/ul>\n<\/div>\n<div style=\"flex: 1 1 300px; min-width: 280px;\">\n<h3 style=\"font-size: 22px; border-bottom: 2px solid currentColor; padding-bottom: 5px; margin-top: 0; color: inherit; opacity: 0.8;\">Protecciones y funciones avanzadas<\/h3>\n<ul style=\"padding-left: 20px; font-size: 15px; color: inherit;\">\n<li style=\"margin-bottom: 5px;\">Protecci&oacute;n contra sobrecarga\/sobretemperatura\/cortocircuito<\/li>\n<li style=\"margin-bottom: 5px;\">Dise&ntilde;o de cargador de bater&iacute;a inteligente para optimizar el rendimiento de la bater&iacute;a<\/li>\n<li style=\"margin-bottom: 5px;\">Con funci&oacute;n de l&iacute;mite&comma; evita el desbordamiento de exceso de energ&iacute;a a la red<\/li>\n<li style=\"margin-bottom: 5px;\">Soporte de monitoreo WIFI y 2 cadenas integradas de rastreadores MPP<\/li>\n<li style=\"margin-bottom: 5px;\">Carga MPPT de tres etapas configurable de forma inteligente para optimizar el rendimiento de la bater&iacute;a<\/li>\n<li style=\"margin-bottom: 5px;\">Funci&oacute;n de tiempo de uso<\/li>\n<li style=\"margin-bottom: 5px;\">Funci&oacute;n Carga Inteligente<\/li>\n<\/ul>\n<\/div>\n<\/div>\n<p><!-- Separador --><\/p>\n<hr style=\"border: 0; border-top: 1px solid rgba(150&comma; 150&comma; 150&comma; 0.3); margin: 30px 0;\"><\/div>\n","protected":false},"excerpt":{"rendered":"<p>Inversor Hibrido Interactivo para Interconexi\u00f3n a la Red El\u00e9ctrica de CFE de 11.6 kW con Salida de 220 Vca.<\/p>\n","protected":false},"featured_media":40814,"comment_status":"open","ping_status":"closed","template":"","meta":[],"product_brand":[],"product_cat":[1092],"product_tag":[964,1094,1093],"class_list":{"0":"post-40815","1":"product","2":"type-product","3":"status-publish","4":"has-post-thumbnail","6":"product_cat-inversores-interconexion-on-grid","7":"product_tag-energia-solar","8":"product_tag-hoymiles","9":"product_tag-inversores-interconexion-on-grid","11":"first","12":"instock","13":"sale","14":"shipping-taxable","15":"purchasable","16":"product-type-simple"},"_links":{"self":[{"href":"https:\/\/soydeaqui.ddns.net\/pachuca\/index.php\/wp-json\/wp\/v2\/product\/40815","targetHints":{"allow":["GET"]}}],"collection":[{"href":"https:\/\/soydeaqui.ddns.net\/pachuca\/index.php\/wp-json\/wp\/v2\/product"}],"about":[{"href":"https:\/\/soydeaqui.ddns.net\/pachuca\/index.php\/wp-json\/wp\/v2\/types\/product"}],"replies":[{"embeddable":true,"href":"https:\/\/soydeaqui.ddns.net\/pachuca\/index.php\/wp-json\/wp\/v2\/comments?post=40815"}],"wp:featuredmedia":[{"embeddable":true,"href":"https:\/\/soydeaqui.ddns.net\/pachuca\/index.php\/wp-json\/wp\/v2\/media\/40814"}],"wp:attachment":[{"href":"https:\/\/soydeaqui.ddns.net\/pachuca\/index.php\/wp-json\/wp\/v2\/media?parent=40815"}],"wp:term":[{"taxonomy":"product_brand","embeddable":true,"href":"https:\/\/soydeaqui.ddns.net\/pachuca\/index.php\/wp-json\/wp\/v2\/product_brand?post=40815"},{"taxonomy":"product_cat","embeddable":true,"href":"https:\/\/soydeaqui.ddns.net\/pachuca\/index.php\/wp-json\/wp\/v2\/product_cat?post=40815"},{"taxonomy":"product_tag","embeddable":true,"href":"https:\/\/soydeaqui.ddns.net\/pachuca\/index.php\/wp-json\/wp\/v2\/product_tag?post=40815"}],"curies":[{"name":"wp","href":"https:\/\/api.w.org\/{rel}","templated":true}]}}