{"id":4078,"date":"2026-03-18T06:15:21","date_gmt":"2026-03-18T06:15:21","guid":{"rendered":"https:\/\/soydeaqui.ddns.net\/pachuca\/index.php\/producto\/kit-de-alertamiento-sismico-con-audio-oficial-sasmex-por-wifi\/"},"modified":"2026-03-18T06:15:22","modified_gmt":"2026-03-18T06:15:22","slug":"kit-de-alertamiento-sismico-con-audio-oficial-sasmex-por-wifi","status":"publish","type":"product","link":"https:\/\/soydeaqui.ddns.net\/pachuca\/index.php\/producto\/kit-de-alertamiento-sismico-con-audio-oficial-sasmex-por-wifi\/","title":{"rendered":"KIT de Alertamiento SISMICO con Audio Oficial SASMEX por WIFI"},"content":{"rendered":"<div style='width: 100%; max-width: 1200px; margin: 0 auto; font-family: sans-serif; line-height: 1.6; color: inherit; background-color: transparent;'> <!-- Imagen principal --> <\/p>\n<div style='width: 100%; text-align: center; margin: 30px 0;'> <img style='width: 100%; max-width: 940px; height: auto; border: 1px solid rgba(150&comma;150&comma;150&comma;0.3); border-radius: 8px;' src='https:\/\/ftp3.syscom.mx\/usuarios\/vvega\/yonusa\/equipos\/sismico\/Sismico_cabezera_WIFI.jpg' alt=''> <\/div>\n<p> <!-- Secci\u00f3n de funcionamiento --> <\/p>\n<div style='margin-bottom: 30px;'>\n<h3 style='font-size: 22px; border-bottom: 2px solid currentColor; padding-bottom: 5px; margin-top: 0; color: inherit; opacity: 0.8;'>Funcionamiento y equipo<\/h3>\n<ul style='padding-left: 20px; font-size: 15px; color: inherit;'>\n<li style='margin-bottom: 15px;'>Se utiliza una interfaz WIFI de YONUSA la cual recibir\u00e1 directamente las alertas de Sismo y a su vez replicar\u00e1 esta se\u00f1al tanto a la sirena como directo a la aplicaci\u00f3n celular YONUSA PLUS para todos aquellos que tengan dada de alta la interfaz WIFI.<\/li>\n<li style='margin-bottom: 15px;'>Esto es \u00fatil para aquellos sitios en los que la se\u00f1al SASMEX es complicado que llegue&comma; el equipo opera sobre internet directamente.<\/li>\n<\/ul><\/div>\n<p> <!-- Informaci\u00f3n importante --> <\/p>\n<div style='margin-bottom: 30px; padding: 20px; border-left: 4px solid #0014ff; background-color: rgba(0&comma;20&comma;255&comma;0.05); color: #0014ff;'>\n<p style='margin: 0; font-weight: bold; font-size: 15px;'>Para PRUEBAS se necesita realizar una llamada directo a YONUSA para que se manden los TEST a la tarjeta WIFI a los siguientes tel\u00e9fonos: +52 55 53 58 07 96 | 800 YONUSAA (9668722).<\/p>\n<\/p><\/div>\n<p> <!-- Nota --> <\/p>\n<div style='margin-bottom: 30px; padding: 20px; border-left: 4px solid #DF001D; background-color: rgba(223&comma;0&comma;29&comma;0.05); color: #0014ff;'>\n<p style='margin: 0; font-size: 15px;'> <strong>NOTA:<\/strong> No es necesario tener el WR120 en la instalaci\u00f3n&comma; ya que el m\u00f3dulo YASWIFI ser\u00eda el encargado de recibir la se\u00f1al s\u00edsmica v\u00eda internet y transmitirla a la APP de YONUSA que tengan dada de alta dicho m\u00f3dulo (YASWIFI). <\/p>\n<\/p><\/div>\n<p> <!-- Secci\u00f3n de productos --> <\/p>\n<div style='display: flex; flex-wrap: wrap; gap: 30px; margin-bottom: 30px;'> <!-- YAS-SIR --> <\/p>\n<div style='flex: 1 1 300px; min-width: 280px;'>\n<div style='border: 1px solid rgba(150&comma;150&comma;150&comma;0.3); border-radius: 8px; overflow: hidden; display: flex; flex-direction: column;'> <!-- Imagen --> <\/p>\n<div style='text-align: center; background-color: #eee; padding: 15px;'> <img style='width: 100%; max-width: 400px; height: auto; border: 1px solid rgba(150&comma;150&comma;150&comma;0.3); border-radius: 8px;' src='https:\/\/ftp3.syscom.mx\/usuarios\/fotos\/BancoFotografiasSyscom\/YONUSA\/YASSIR\/YASSIR-AD-1-p.PNG' alt=''> <\/div>\n<p> <!-- Contenido --> <\/p>\n<div style='padding: 15px;'>\n<div style='border-top: 5px solid #DF001D; margin-top: -15px; padding-top: 15px; margin-bottom: 15px;'>\n<h4 style='margin: 0 0 10px 0; font-size: 18px; color: inherit;'><a href='https:\/\/www.syscom.mx\/producto\/YAS-SIR-YONUSA-224135.html' target='_blank' rel='noopener' style='color: inherit; text-decoration: none;'>YAS-SIR<\/a><\/h4>\n<h4 style='margin: 0 0 10px 0; font-size: 16px; color: gray;'>Caracter\u00edsticas:<\/h4>\n<ul style='padding-left: 20px; margin: 0; font-size: 14px; list-style-type: disc; color: inherit;'>\n<li style='margin-bottom: 5px;'>Totalmente compatible con los m\u00f3dulos YASWIFI y YASMOD de YONUSA para alertamiento s\u00edsmico.<\/li>\n<li style='margin-bottom: 5px;'>Proporciona el audio \u00fanico y oficial de alerta s\u00edsmica con potencia de 30W y un tono m\u00e1ximo de hasta 120 dB.<\/li>\n<li style='margin-bottom: 5px;'>Dimensiones: 20 x 13.5 x 23 cm<\/li>\n<\/ul><\/div>\n<\/p><\/div>\n<\/p><\/div>\n<\/p><\/div>\n<p> <!-- YAS-WIFI --> <\/p>\n<div style='flex: 1 1 300px; min-width: 280px;'>\n<div style='border: 1px solid rgba(150&comma;150&comma;150&comma;0.3); border-radius: 8px; overflow: hidden; display: flex; flex-direction: column;'> <!-- Imagen --> <\/p>\n<div style='text-align: center; background-color: #eee; padding: 15px;'> <img style='width: 100%; max-width: 400px; height: auto; border: 1px solid rgba(150&comma;150&comma;150&comma;0.3); border-radius: 8px;' src='https:\/\/ftp3.syscom.mx\/usuarios\/fotos\/BancoFotografiasSyscom\/YONUSA\/YASWIFI\/YASWIFI-l.PNG' alt=''> <\/div>\n<p> <!-- Contenido --> <\/p>\n<div style='padding: 15px;'>\n<div style='border-top: 5px solid #DF001D; margin-top: -15px; padding-top: 15px; margin-bottom: 15px;'>\n<h4 style='margin: 0 0 10px 0; font-size: 18px; color: inherit;'><a href='https:\/\/www.syscom.mx\/producto\/YAS-WIFI-YONUSA-223992.html' target='_blank' rel='noopener' style='color: inherit; text-decoration: none;'>YAS-WIFI<\/a><\/h4>\n<h4 style='margin: 0 0 10px 0; font-size: 16px; color: gray;'>Caracter\u00edsticas:<\/h4>\n<ul style='padding-left: 20px; margin: 0; font-size: 14px; list-style-type: disc; color: inherit;'>\n<li style='margin-bottom: 5px;'>Terminales de bornera para la conexi\u00f3n de la Sirena de Alertamiento S\u00edsmico YONUSA&comma; mediante SIR+ (Terminal positiva de la sirena) y SIR- (Terminal negativa de la sirena).<\/li>\n<li style='margin-bottom: 5px;'>Proporciona la alimentaci\u00f3n necesaria para el cableado de la Sirena de Alertamiento s\u00edsmico a unos 15 metros de distancia.<\/li>\n<li style='margin-bottom: 5px;'>Dimensiones: 14 x 16.5 x 8.5 cm<\/li>\n<li style='margin-bottom: 5px;'>Recibe Se\u00f1al de Alerta S\u00edsmica por medio de Internet directo a la Tarjeta WIFI<\/li>\n<li style='margin-bottom: 5px;'> <span style='font-weight: bold;'>Fuente de alimentaci\u00f3n:<\/span> 12VCD&comma; NO contiene fuente de alimentaci\u00f3n&comma; se recomienda <a href='https:\/\/www.syscom.mx\/products\/77584' style='color: inherit; text-decoration: underline;'>PSD1202D<\/a> <span style='color: #000000;'> + <\/span> <a href='https:\/\/www.syscom.mx\/products\/67652' style='color: inherit; text-decoration: underline;'>DC-CORDF<\/a> <\/li>\n<\/ul><\/div>\n<\/p><\/div>\n<\/p><\/div>\n<\/p><\/div>\n<\/p><\/div>\n<p> <!-- Separador final --> <\/p>\n<hr style='border: 0; border-top: 1px solid rgba(150&comma; 150&comma; 150&comma; 0.3); margin: 30px 0;'> <\/div>\n","protected":false},"excerpt":{"rendered":"<p>KIT de Alertamiento SISMICO con Audio Oficial SASMEX por WIFI<\/p>\n","protected":false},"featured_media":4077,"comment_status":"open","ping_status":"closed","template":"","meta":[],"product_brand":[],"product_cat":[167],"product_tag":[93,168,84],"class_list":{"0":"post-4078","1":"product","2":"type-product","3":"status-publish","4":"has-post-thumbnail","6":"product_cat-botones-de-panico","7":"product_tag-accesorios","8":"product_tag-botones-de-panico","9":"product_tag-yonusa","11":"first","12":"instock","13":"sale","14":"shipping-taxable","15":"purchasable","16":"product-type-simple"},"_links":{"self":[{"href":"https:\/\/soydeaqui.ddns.net\/pachuca\/index.php\/wp-json\/wp\/v2\/product\/4078","targetHints":{"allow":["GET"]}}],"collection":[{"href":"https:\/\/soydeaqui.ddns.net\/pachuca\/index.php\/wp-json\/wp\/v2\/product"}],"about":[{"href":"https:\/\/soydeaqui.ddns.net\/pachuca\/index.php\/wp-json\/wp\/v2\/types\/product"}],"replies":[{"embeddable":true,"href":"https:\/\/soydeaqui.ddns.net\/pachuca\/index.php\/wp-json\/wp\/v2\/comments?post=4078"}],"wp:featuredmedia":[{"embeddable":true,"href":"https:\/\/soydeaqui.ddns.net\/pachuca\/index.php\/wp-json\/wp\/v2\/media\/4077"}],"wp:attachment":[{"href":"https:\/\/soydeaqui.ddns.net\/pachuca\/index.php\/wp-json\/wp\/v2\/media?parent=4078"}],"wp:term":[{"taxonomy":"product_brand","embeddable":true,"href":"https:\/\/soydeaqui.ddns.net\/pachuca\/index.php\/wp-json\/wp\/v2\/product_brand?post=4078"},{"taxonomy":"product_cat","embeddable":true,"href":"https:\/\/soydeaqui.ddns.net\/pachuca\/index.php\/wp-json\/wp\/v2\/product_cat?post=4078"},{"taxonomy":"product_tag","embeddable":true,"href":"https:\/\/soydeaqui.ddns.net\/pachuca\/index.php\/wp-json\/wp\/v2\/product_tag?post=4078"}],"curies":[{"name":"wp","href":"https:\/\/api.w.org\/{rel}","templated":true}]}}