{"id":40757,"date":"2026-03-18T17:56:57","date_gmt":"2026-03-18T17:56:57","guid":{"rendered":"https:\/\/soydeaqui.ddns.net\/pachuca\/index.php\/producto\/rotomartillo-taladro-inalambrico-de-20v-sin-carbones-broquero-de-1-2\/"},"modified":"2026-03-18T17:56:58","modified_gmt":"2026-03-18T17:56:58","slug":"rotomartillo-taladro-inalambrico-de-20v-sin-carbones-broquero-de-1-2","status":"publish","type":"product","link":"https:\/\/soydeaqui.ddns.net\/pachuca\/index.php\/producto\/rotomartillo-taladro-inalambrico-de-20v-sin-carbones-broquero-de-1-2\/","title":{"rendered":"Rotomartillo \/ Taladro Inal\u00e1mbrico de 20V sin Carbones, Broquero de 1\/2&#8243;."},"content":{"rendered":"<div style='width: 100%; max-width: 1200px; margin: 0 auto; font-family: sans-serif; line-height: 1.6; color: inherit; background-color: transparent;'> <!-- Imagen principal --> <\/p>\n<div style='text-align: center; margin: 20px 0;'> <img style='width: 100%; max-width: 600px; height: auto; border: 1px solid rgba(150&comma;150&comma;150&comma;0.3); border-radius: 8px;' src='data:image\/png;base64&comma;iVBORw0KGgoAAAANSUhEUgAAANcAAABnCAIAAAAc1UCXAAAT7klEQVR4Ae2dd1gbRr7HB8Z24iQ2cU9O47i59N5777333nvvvXcM2Hvvvffee5M26Z303v4PZ4MxNtjGgBjw+zzP8yFJZmd2Z75vZnd2d3b2fR9Y4GvGgQED48CBAwcOHDAwDhw4cODAgQMHjv8z4Dg7ODhw4MCBAweO\/4PguNjZwYEDBw4cOHD8HwTHxc4ODhw4cODAgcP\/4P8B737o148j89gAAAAASUVORK5CYII=' alt=''> <\/div>\n<p> <!-- Descripci\u00f3n --> <\/p>\n<div style='margin: 30px 0;'>\n<p style='text-align: justify; font-size: 15px; color: inherit;'> El rotomartillo inal\u00e1mbrico de 20V <strong>DCJ-Z2060-IZ<\/strong> est\u00e1 dise\u00f1ado con tecnolog\u00eda sin carbones&comma; lo que garantiza una mayor durabilidad&comma; menor mantenimiento y un rendimiento superior en cada trabajo. Su <strong>broquero de 1\/2&#8242;<\/strong> permite un cambio r\u00e1pido y seguro de brocas&comma; facilitando el trabajo en una amplia gama de materiales. <\/p>\n<\/p><\/div>\n<p> <!-- Especificaciones y Caracter\u00edsticas --> <\/p>\n<div style='display: flex; flex-wrap: wrap; gap: 30px; margin: 30px 0;'> <!-- Especificaciones --> <\/p>\n<div style='flex: 1 1 300px; min-width: 280px;'>\n<h3 style='font-size: 22px; border-bottom: 2px solid currentColor; padding-bottom: 5px; margin-top: 0; color: inherit; opacity: 0.8;'>Especificaciones<\/h3>\n<ul style='padding-left: 20px; font-size: 15px; color: inherit;'>\n<li style='margin-bottom: 5px;'><strong>Bater\u00eda:<\/strong> 20V<\/li>\n<li style='margin-bottom: 5px;'><strong>Capacidad m\u00e1xima de perforaci\u00f3n:<\/strong> 13mm<\/li>\n<li style='margin-bottom: 5px;'><strong>Frecuencia de impacto nominal:<\/strong> 0-34500 ipm<\/li>\n<li style='margin-bottom: 5px;'><strong>Velocidad en vac\u00edo:<\/strong> 0-600 r\/min y 0-2300 rpm<\/li>\n<li style='margin-bottom: 5px;'><strong>Par de apriete m\u00e1x:<\/strong> 60 Nm<\/li>\n<li style='margin-bottom: 5px;'><strong>Peso neto:<\/strong> 1.5 kg<\/li>\n<\/ul><\/div>\n<p> <!-- Caracter\u00edsticas --> <\/p>\n<div style='flex: 1 1 300px; min-width: 280px;'>\n<h3 style='font-size: 22px; border-bottom: 2px solid currentColor; padding-bottom: 5px; margin-top: 0; color: inherit; opacity: 0.8;'>Caracter\u00edsticas<\/h3>\n<ul style='padding-left: 20px; font-size: 15px; color: inherit;'>\n<li style='margin-bottom: 5px;'>Motor sin carbones (Brushless): Mayor vida \u00fatil y eficiencia energ\u00e9tica.<\/li>\n<li style='margin-bottom: 5px;'>Broquero de 1\/2 in.: Compatible con una gran variedad de brocas para diferentes aplicaciones.<\/li>\n<li style='margin-bottom: 5px;'>Dise\u00f1o ergon\u00f3mico: Mango c\u00f3modo con agarre antideslizante para largas jornadas de trabajo.<\/li>\n<li style='margin-bottom: 5px;'>Incluye cargador r\u00e1pido: Minimiza el tiempo de inactividad entre tareas.<\/li>\n<li style='margin-bottom: 5px;'><strong>Cargador y Bater\u00edas se venden por separado.<\/strong><\/li>\n<\/ul><\/div>\n<\/p><\/div>\n<p> <!-- Imagen secundaria --> <\/p>\n<div style='text-align: center; margin: 30px 0;'> <img style='width: 100%; max-width: 600px; height: auto; border: 1px solid rgba(150&comma;150&comma;150&comma;0.3); border-radius: 8px;' src='blob:https:\/\/erp.syscom.mx\/29f77a2e-21c5-4b11-913c-4f2c6981c837' alt=''> <\/div>\n<p> <!-- Video --> <\/p>\n<div style='position: relative; padding-bottom: 56.25%; height: 0; overflow: hidden; margin: 30px 0;'>   <\/div>\n<p> <!-- Accesorios --> <\/p>\n<div style='margin: 30px 0;'>\n<h3 style='font-size: 22px; border-bottom: 2px solid currentColor; padding-bottom: 5px; margin-top: 0; color: inherit; opacity: 0.8;'>Accesorios no incluidos<\/h3>\n<ul style='padding-left: 20px; font-size: 15px; color: inherit;'>\n<li style='margin-bottom: 5px;'><strong>Bater\u00eda:<\/strong> <a href='https:\/\/syscom.pro\/products\/238718' style='color: inherit; text-decoration: underline;'>FFB-L2040<\/a><\/li>\n<li style='margin-bottom: 5px;'><strong>Cargador:<\/strong> <a href='https:\/\/syscom.pro\/products\/237394' style='color: inherit; text-decoration: underline;'>FFCL-2004<\/a><\/li>\n<\/ul><\/div>\n<p> <!-- Separador final --> <\/p>\n<hr style='border: 0; border-top: 1px solid rgba(150&comma; 150&comma; 150&comma; 0.3); margin: 30px 0;'> <\/div>\n","protected":false},"excerpt":{"rendered":"<p>Rotomartillo \/ Taladro Inal\u00e1mbrico de 20V sin Carbones, Broquero de 1\/2&#8243;.<\/p>\n","protected":false},"featured_media":40756,"comment_status":"open","ping_status":"closed","template":"","meta":[],"product_brand":[],"product_cat":[1227],"product_tag":[132,1058,1228],"class_list":{"0":"post-40757","1":"product","2":"type-product","3":"status-publish","4":"has-post-thumbnail","6":"product_cat-herramienta-electrica-a-bateria","7":"product_tag-dongcheng","8":"product_tag-ferreteria","9":"product_tag-herramienta-electrica-a-bateria","11":"first","12":"instock","13":"sale","14":"shipping-taxable","15":"purchasable","16":"product-type-simple"},"_links":{"self":[{"href":"https:\/\/soydeaqui.ddns.net\/pachuca\/index.php\/wp-json\/wp\/v2\/product\/40757","targetHints":{"allow":["GET"]}}],"collection":[{"href":"https:\/\/soydeaqui.ddns.net\/pachuca\/index.php\/wp-json\/wp\/v2\/product"}],"about":[{"href":"https:\/\/soydeaqui.ddns.net\/pachuca\/index.php\/wp-json\/wp\/v2\/types\/product"}],"replies":[{"embeddable":true,"href":"https:\/\/soydeaqui.ddns.net\/pachuca\/index.php\/wp-json\/wp\/v2\/comments?post=40757"}],"wp:featuredmedia":[{"embeddable":true,"href":"https:\/\/soydeaqui.ddns.net\/pachuca\/index.php\/wp-json\/wp\/v2\/media\/40756"}],"wp:attachment":[{"href":"https:\/\/soydeaqui.ddns.net\/pachuca\/index.php\/wp-json\/wp\/v2\/media?parent=40757"}],"wp:term":[{"taxonomy":"product_brand","embeddable":true,"href":"https:\/\/soydeaqui.ddns.net\/pachuca\/index.php\/wp-json\/wp\/v2\/product_brand?post=40757"},{"taxonomy":"product_cat","embeddable":true,"href":"https:\/\/soydeaqui.ddns.net\/pachuca\/index.php\/wp-json\/wp\/v2\/product_cat?post=40757"},{"taxonomy":"product_tag","embeddable":true,"href":"https:\/\/soydeaqui.ddns.net\/pachuca\/index.php\/wp-json\/wp\/v2\/product_tag?post=40757"}],"curies":[{"name":"wp","href":"https:\/\/api.w.org\/{rel}","templated":true}]}}