{"id":40744,"date":"2026-03-18T17:56:35","date_gmt":"2026-03-18T17:56:35","guid":{"rendered":"https:\/\/soydeaqui.ddns.net\/pachuca\/index.php\/producto\/cinturon-para-herramientas-tradesman-pro-mediano-se-adapta-a-contornos-de-cintura-de-31-a-34\/"},"modified":"2026-03-18T17:56:47","modified_gmt":"2026-03-18T17:56:47","slug":"cinturon-para-herramientas-tradesman-pro-mediano-se-adapta-a-contornos-de-cintura-de-31-a-34","status":"publish","type":"product","link":"https:\/\/soydeaqui.ddns.net\/pachuca\/index.php\/producto\/cinturon-para-herramientas-tradesman-pro-mediano-se-adapta-a-contornos-de-cintura-de-31-a-34\/","title":{"rendered":"Cintur\u00f3n para herramientas Tradesman Pro\u2122 \/ Mediano se adapta a contornos de cintura de 31&#8243; a 34&#8243;."},"content":{"rendered":"<div style='width: 100%; max-width: 1200px; margin: 0 auto; font-family: sans-serif; line-height: 1.6; color: inherit; background-color: transparent;'> <!-- Descripci\u00f3n --> <\/p>\n<div style='margin-bottom: 30px;'>\n<p style='font-size: 16px; line-height: 24px; margin: 0; color: inherit;'>Cree su propio cintur\u00f3n de herramientas&comma; y transporte solo las herramientas que necesita. El cintur\u00f3n acolchado con interior de malla de trama abierta es c\u00f3modo. Puntos de conexi\u00f3n met\u00e1licos que brindan mayor soporte cuando se enganchan los tirantes. El cintur\u00f3n viene con manijas laterales para levantarlo con facilidad y se ajusta a contornos de cintura de 31&#8242; a 34&#8242; (78&comma;7 a 86&comma;4 cm).<\/p>\n<\/p><\/div>\n<p> <!-- Especificaciones --> <\/p>\n<h3 style='font-size: 20px; margin-top: 30px; margin-bottom: 20px; color: inherit; opacity: 0.8;'>ESPECIFICACIONES<\/h3>\n<p> <!-- Contenedor de especificaciones --> <\/p>\n<div style='display: flex; flex-wrap: wrap; gap: 20px; margin-bottom: 30px;'> <!-- Columna izquierda --> <\/p>\n<div style='flex: 1 1 45%; min-width: 300px;'>\n<div style='border: 1px solid rgba(150&comma; 150&comma; 150&comma; 0.4); border-radius: 8px; overflow: hidden; margin-bottom: 10px;'>\n<div style='padding: 15px; border-bottom: 1px solid rgba(150&comma; 150&comma; 150&comma; 0.2); font-weight: bold; font-size: 16px; background-color: rgba(128&comma; 128&comma; 128&comma; 0.1); color: inherit;'>Tipo<\/div>\n<div style='padding: 15px; color: inherit;'>Modular Click Lock\u2122<\/div>\n<\/p><\/div>\n<div style='border: 1px solid rgba(150&comma; 150&comma; 150&comma; 0.4); border-radius: 8px; overflow: hidden; margin-bottom: 10px;'>\n<div style='padding: 15px; border-bottom: 1px solid rgba(150&comma; 150&comma; 150&comma; 0.2); font-weight: bold; font-size: 16px; background-color: rgba(128&comma; 128&comma; 128&comma; 0.1); color: inherit;'>Aplicaci\u00f3n<\/div>\n<div style='padding: 15px; color: inherit;'>Para usar con los portaherramientas Tradesman Pro\u2122 de Klein Tools<\/div>\n<\/p><\/div>\n<div style='border: 1px solid rgba(150&comma; 150&comma; 150&comma; 0.4); border-radius: 8px; overflow: hidden; margin-bottom: 10px;'>\n<div style='padding: 15px; border-bottom: 1px solid rgba(150&comma; 150&comma; 150&comma; 0.2); font-weight: bold; font-size: 16px; background-color: rgba(128&comma; 128&comma; 128&comma; 0.1); color: inherit;'>Caracter\u00edsticas especiales<\/div>\n<div style='padding: 15px; color: inherit;'>Revestimiento acolchado con malla de trama abierta; soporte tipo lazo para cinta de medici\u00f3n<\/div>\n<\/p><\/div>\n<div style='border: 1px solid rgba(150&comma; 150&comma; 150&comma; 0.4); border-radius: 8px; overflow: hidden; margin-bottom: 10px;'>\n<div style='padding: 15px; border-bottom: 1px solid rgba(150&comma; 150&comma; 150&comma; 0.2); font-weight: bold; font-size: 16px; background-color: rgba(128&comma; 128&comma; 128&comma; 0.1); color: inherit;'>Contorno de cintura<\/div>\n<div style='padding: 15px; color: inherit;'>31&#8242; a 34&#8242; (78&comma;7 a 86&comma;4 cm)<\/div>\n<\/p><\/div>\n<div style='border: 1px solid rgba(150&comma; 150&comma; 150&comma; 0.4); border-radius: 8px; overflow: hidden; margin-bottom: 10px;'>\n<div style='padding: 15px; border-bottom: 1px solid rgba(150&comma; 150&comma; 150&comma; 0.2); font-weight: bold; font-size: 16px; background-color: rgba(128&comma; 128&comma; 128&comma; 0.1); color: inherit;'>Longitud total<\/div>\n<div style='padding: 15px; color: inherit;'>44&comma;5&#8242; (113 cm)<\/div>\n<\/p><\/div>\n<div style='border: 1px solid rgba(150&comma; 150&comma; 150&comma; 0.4); border-radius: 8px; overflow: hidden; margin-bottom: 10px;'>\n<div style='padding: 15px; border-bottom: 1px solid rgba(150&comma; 150&comma; 150&comma; 0.2); font-weight: bold; font-size: 16px; background-color: rgba(128&comma; 128&comma; 128&comma; 0.1); color: inherit;'>Altura total<\/div>\n<div style='padding: 15px; color: inherit;'>1&#8242; (2&comma;5 cm)<\/div>\n<\/p><\/div>\n<div style='border: 1px solid rgba(150&comma; 150&comma; 150&comma; 0.4); border-radius: 8px; overflow: hidden; margin-bottom: 10px;'>\n<div style='padding: 15px; border-bottom: 1px solid rgba(150&comma; 150&comma; 150&comma; 0.2); font-weight: bold; font-size: 16px; background-color: rgba(128&comma; 128&comma; 128&comma; 0.1); color: inherit;'>Ancho total<\/div>\n<div style='padding: 15px; color: inherit;'>5&#8242; (12&comma;7 cm)<\/div>\n<\/p><\/div>\n<\/p><\/div>\n<p> <!-- Columna derecha --> <\/p>\n<div style='flex: 1 1 45%; min-width: 300px;'>\n<div style='border: 1px solid rgba(150&comma; 150&comma; 150&comma; 0.4); border-radius: 8px; overflow: hidden; margin-bottom: 10px;'>\n<div style='padding: 15px; border-bottom: 1px solid rgba(150&comma; 150&comma; 150&comma; 0.2); font-weight: bold; font-size: 16px; background-color: rgba(128&comma; 128&comma; 128&comma; 0.1); color: inherit;'>Material<\/div>\n<div style='padding: 15px; color: inherit;'>Poli\u00e9ster bal\u00edstico y cuero<\/div>\n<\/p><\/div>\n<div style='border: 1px solid rgba(150&comma; 150&comma; 150&comma; 0.4); border-radius: 8px; overflow: hidden; margin-bottom: 10px;'>\n<div style='padding: 15px; border-bottom: 1px solid rgba(150&comma; 150&comma; 150&comma; 0.2); font-weight: bold; font-size: 16px; background-color: rgba(128&comma; 128&comma; 128&comma; 0.1); color: inherit;'>Ancho del cintur\u00f3n<\/div>\n<div style='padding: 15px; color: inherit;'>2&#8242; (5&comma;1 cm)<\/div>\n<\/p><\/div>\n<div style='border: 1px solid rgba(150&comma; 150&comma; 150&comma; 0.4); border-radius: 8px; overflow: hidden; margin-bottom: 10px;'>\n<div style='padding: 15px; border-bottom: 1px solid rgba(150&comma; 150&comma; 150&comma; 0.2); font-weight: bold; font-size: 16px; background-color: rgba(128&comma; 128&comma; 128&comma; 0.1); color: inherit;'>Color<\/div>\n<div style='padding: 15px; color: inherit;'>Negro<\/div>\n<\/p><\/div>\n<div style='border: 1px solid rgba(150&comma; 150&comma; 150&comma; 0.4); border-radius: 8px; overflow: hidden; margin-bottom: 10px;'>\n<div style='padding: 15px; border-bottom: 1px solid rgba(150&comma; 150&comma; 150&comma; 0.2); font-weight: bold; font-size: 16px; background-color: rgba(128&comma; 128&comma; 128&comma; 0.1); color: inherit;'>Tipo de cierre<\/div>\n<div style='padding: 15px; color: inherit;'>Hebilla<\/div>\n<\/p><\/div>\n<div style='border: 1px solid rgba(150&comma; 150&comma; 150&comma; 0.4); border-radius: 8px; overflow: hidden; margin-bottom: 10px;'>\n<div style='padding: 15px; border-bottom: 1px solid rgba(150&comma; 150&comma; 150&comma; 0.2); font-weight: bold; font-size: 16px; background-color: rgba(128&comma; 128&comma; 128&comma; 0.1); color: inherit;'>Capacidad<\/div>\n<div style='padding: 15px; color: inherit;'>Portaherramientas<\/div>\n<\/p><\/div>\n<div style='border: 1px solid rgba(150&comma; 150&comma; 150&comma; 0.4); border-radius: 8px; overflow: hidden; margin-bottom: 10px;'>\n<div style='padding: 15px; border-bottom: 1px solid rgba(150&comma; 150&comma; 150&comma; 0.2); font-weight: bold; font-size: 16px; background-color: rgba(128&comma; 128&comma; 128&comma; 0.1); color: inherit;'>Peso<\/div>\n<div style='padding: 15px; color: inherit;'>1&comma;1 lb (0&comma;5 kg)<\/div>\n<\/p><\/div>\n<div style='border: 1px solid rgba(150&comma; 150&comma; 150&comma; 0.4); border-radius: 8px; overflow: hidden;'>\n<div style='padding: 15px; border-bottom: 1px solid rgba(150&comma; 150&comma; 150&comma; 0.2); font-weight: bold; font-size: 16px; background-color: rgba(128&comma; 128&comma; 128&comma; 0.1); color: inherit;'>UPC<\/div>\n<div style='padding: 15px; color: inherit;'>092644559181<\/div>\n<\/p><\/div>\n<\/p><\/div>\n<\/p><\/div>\n<p> <!-- Separador --> <\/p>\n<hr style='border: 0; border-top: 1px solid rgba(150&comma; 150&comma; 150&comma; 0.3); margin: 30px 0;'> <\/div>\n","protected":false},"excerpt":{"rendered":"<p>Cintur\u00f3n para herramientas Tradesman Pro\u2122 \/ Mediano se adapta a contornos de cintura de 31&#8243; a 34&#8243;.<\/p>\n","protected":false},"featured_media":40743,"comment_status":"open","ping_status":"closed","template":"","meta":[],"product_brand":[],"product_cat":[1138],"product_tag":[1058,1139,432],"class_list":{"0":"post-40744","1":"product","2":"type-product","3":"status-publish","4":"has-post-thumbnail","6":"product_cat-herramientas-mecanicas","7":"product_tag-ferreteria","8":"product_tag-herramientas-mecanicas","9":"product_tag-klein-tools","11":"first","12":"instock","13":"sale","14":"shipping-taxable","15":"purchasable","16":"product-type-simple"},"_links":{"self":[{"href":"https:\/\/soydeaqui.ddns.net\/pachuca\/index.php\/wp-json\/wp\/v2\/product\/40744","targetHints":{"allow":["GET"]}}],"collection":[{"href":"https:\/\/soydeaqui.ddns.net\/pachuca\/index.php\/wp-json\/wp\/v2\/product"}],"about":[{"href":"https:\/\/soydeaqui.ddns.net\/pachuca\/index.php\/wp-json\/wp\/v2\/types\/product"}],"replies":[{"embeddable":true,"href":"https:\/\/soydeaqui.ddns.net\/pachuca\/index.php\/wp-json\/wp\/v2\/comments?post=40744"}],"wp:featuredmedia":[{"embeddable":true,"href":"https:\/\/soydeaqui.ddns.net\/pachuca\/index.php\/wp-json\/wp\/v2\/media\/40743"}],"wp:attachment":[{"href":"https:\/\/soydeaqui.ddns.net\/pachuca\/index.php\/wp-json\/wp\/v2\/media?parent=40744"}],"wp:term":[{"taxonomy":"product_brand","embeddable":true,"href":"https:\/\/soydeaqui.ddns.net\/pachuca\/index.php\/wp-json\/wp\/v2\/product_brand?post=40744"},{"taxonomy":"product_cat","embeddable":true,"href":"https:\/\/soydeaqui.ddns.net\/pachuca\/index.php\/wp-json\/wp\/v2\/product_cat?post=40744"},{"taxonomy":"product_tag","embeddable":true,"href":"https:\/\/soydeaqui.ddns.net\/pachuca\/index.php\/wp-json\/wp\/v2\/product_tag?post=40744"}],"curies":[{"name":"wp","href":"https:\/\/api.w.org\/{rel}","templated":true}]}}