{"id":40734,"date":"2026-03-18T17:56:17","date_gmt":"2026-03-18T17:56:17","guid":{"rendered":"https:\/\/soydeaqui.ddns.net\/pachuca\/index.php\/producto\/bolsa-porta-herramientas-de-8-bolsillos-adaptable-a-cualquier-cinturon-de-6-5-cm-o-al-sistema-de-rieles-modbox\/"},"modified":"2026-03-18T17:56:32","modified_gmt":"2026-03-18T17:56:32","slug":"bolsa-porta-herramientas-de-8-bolsillos-adaptable-a-cualquier-cinturon-de-6-5-cm-o-al-sistema-de-rieles-modbox","status":"publish","type":"product","link":"https:\/\/soydeaqui.ddns.net\/pachuca\/index.php\/producto\/bolsa-porta-herramientas-de-8-bolsillos-adaptable-a-cualquier-cinturon-de-6-5-cm-o-al-sistema-de-rieles-modbox\/","title":{"rendered":"Bolsa Porta Herramientas de 8 Bolsillos adaptable a cualquier Cintur\u00f3n de 6.5 cm o al Sistema de rieles MODbox."},"content":{"rendered":"<div style='width: 100%; max-width: 1200px; margin: 0 auto; font-family: sans-serif; line-height: 1.6; color: inherit; background-color: transparent;'> <!-- Descripci\u00f3n --> <\/p>\n<div style='margin-bottom: 30px;'>\n<p style='font-size: 16px; line-height: 24px; margin: 0 0 15px; color: inherit;'>Cree su propio cintur\u00f3n de herramientas&comma; y transporte solo las herramientas que necesita. El cintur\u00f3n acolchado con interior de malla de trama abierta es c\u00f3modo. Puntos de conexi\u00f3n met\u00e1licos que brindan mayor soporte cuando se enganchan los tirantes. El cintur\u00f3n viene con manijas laterales para levantarlo con facilidad y se ajusta a contornos de cintura de 31&#8221; a 34&#8221; (78&comma;7 a 86&comma;4 cm).<\/p>\n<\/p><\/div>\n<p> <!-- T\u00edtulo de especificaciones --> <\/p>\n<h3 style='font-size: 20px; line-height: 34px; margin: 30px 0 15px; font-weight: normal; color: inherit; opacity: 0.8;'>ESPECIFICACIONES<\/h3>\n<p> <!-- Secci\u00f3n de especificaciones --> <\/p>\n<div style='display: flex; flex-wrap: wrap; gap: 20px; margin-bottom: 30px;'>\n<div style='flex: 1 1 400px; min-width: 280px;'>\n<div style='border: 1px solid rgba(150&comma; 150&comma; 150&comma; 0.4); border-radius: 8px; overflow: hidden; margin-bottom: 15px;'>\n<div style='padding: 15px; border-bottom: 1px solid rgba(150&comma; 150&comma; 150&comma; 0.2); font-weight: bold; font-size: 16px; color: inherit;'>Caracter\u00edsticas<\/div>\n<div style='padding: 15px; color: inherit;'>\n<ul style='padding-left: 20px; margin: 0; font-size: 14px; list-style-type: disc;'>\n<li style='margin-bottom: 5px;'><strong>Aplicaci\u00f3n:<\/strong> Para usar con los portaherramientas Tradesman Pro\u2122 de Klein Tools<\/li>\n<li style='margin-bottom: 5px;'><strong>Caracter\u00edsticas especiales:<\/strong> Revestimiento acolchado con malla de trama abierta; soporte tipo lazo para cinta de medici\u00f3n<\/li>\n<li style='margin-bottom: 5px;'><strong>Capacidad:<\/strong> Portaherramientas<\/li>\n<\/ul><\/div>\n<\/p><\/div>\n<\/p><\/div>\n<div style='flex: 1 1 400px; min-width: 280px;'>\n<div style='border: 1px solid rgba(150&comma; 150&comma; 150&comma; 0.4); border-radius: 8px; overflow: hidden; margin-bottom: 15px;'>\n<div style='padding: 15px; border-bottom: 1px solid rgba(150&comma; 150&comma; 150&comma; 0.2); font-weight: bold; font-size: 16px; color: inherit;'>Especificaciones<\/div>\n<div style='padding: 15px; color: inherit;'>\n<ul style='padding-left: 20px; margin: 0; font-size: 14px; list-style-type: disc;'>\n<li style='margin-bottom: 5px;'><strong>Tipo:<\/strong> <\/li>\n<li style='margin-bottom: 5px;'><strong>Contorno de cintura:<\/strong> <\/li>\n<li style='margin-bottom: 5px;'><strong>Longitud total:<\/strong> 8&#8221; (20.3 cm)<\/li>\n<li style='margin-bottom: 5px;'><strong>Altura total:<\/strong> 12.75&#8221; (32.4 cm)<\/li>\n<li style='margin-bottom: 5px;'><strong>Ancho total:<\/strong> 3.5&#8221; (8.9cm)<\/li>\n<li style='margin-bottom: 5px;'><strong>Material:<\/strong> 1680d<\/li>\n<li style='margin-bottom: 5px;'><strong>Ancho del cintur\u00f3n:<\/strong> <\/li>\n<li style='margin-bottom: 5px;'><strong>Tipo de cierre:<\/strong> <\/li>\n<li style='margin-bottom: 5px;'><strong>Peso:<\/strong> 1 lb (0.45 kg)<\/li>\n<li style='margin-bottom: 5px;'><strong>UPC:<\/strong> 0926445591818320<\/li>\n<\/ul><\/div>\n<\/p><\/div>\n<\/p><\/div>\n<\/p><\/div>\n<p> <!-- Separador --> <\/p>\n<hr style='border: 0; border-top: 1px solid rgba(150&comma; 150&comma; 150&comma; 0.3); margin: 30px 0;'> <\/div>\n","protected":false},"excerpt":{"rendered":"<p>Bolsa Porta Herramientas de 8 Bolsillos adaptable a cualquier Cintur\u00f3n de 6.5 cm o al Sistema de rieles MODbox.<\/p>\n","protected":false},"featured_media":40733,"comment_status":"open","ping_status":"closed","template":"","meta":[],"product_brand":[],"product_cat":[1138],"product_tag":[1058,1139,432],"class_list":{"0":"post-40734","1":"product","2":"type-product","3":"status-publish","4":"has-post-thumbnail","6":"product_cat-herramientas-mecanicas","7":"product_tag-ferreteria","8":"product_tag-herramientas-mecanicas","9":"product_tag-klein-tools","11":"first","12":"instock","13":"sale","14":"shipping-taxable","15":"purchasable","16":"product-type-simple"},"_links":{"self":[{"href":"https:\/\/soydeaqui.ddns.net\/pachuca\/index.php\/wp-json\/wp\/v2\/product\/40734","targetHints":{"allow":["GET"]}}],"collection":[{"href":"https:\/\/soydeaqui.ddns.net\/pachuca\/index.php\/wp-json\/wp\/v2\/product"}],"about":[{"href":"https:\/\/soydeaqui.ddns.net\/pachuca\/index.php\/wp-json\/wp\/v2\/types\/product"}],"replies":[{"embeddable":true,"href":"https:\/\/soydeaqui.ddns.net\/pachuca\/index.php\/wp-json\/wp\/v2\/comments?post=40734"}],"wp:featuredmedia":[{"embeddable":true,"href":"https:\/\/soydeaqui.ddns.net\/pachuca\/index.php\/wp-json\/wp\/v2\/media\/40733"}],"wp:attachment":[{"href":"https:\/\/soydeaqui.ddns.net\/pachuca\/index.php\/wp-json\/wp\/v2\/media?parent=40734"}],"wp:term":[{"taxonomy":"product_brand","embeddable":true,"href":"https:\/\/soydeaqui.ddns.net\/pachuca\/index.php\/wp-json\/wp\/v2\/product_brand?post=40734"},{"taxonomy":"product_cat","embeddable":true,"href":"https:\/\/soydeaqui.ddns.net\/pachuca\/index.php\/wp-json\/wp\/v2\/product_cat?post=40734"},{"taxonomy":"product_tag","embeddable":true,"href":"https:\/\/soydeaqui.ddns.net\/pachuca\/index.php\/wp-json\/wp\/v2\/product_tag?post=40734"}],"curies":[{"name":"wp","href":"https:\/\/api.w.org\/{rel}","templated":true}]}}