{"id":40662,"date":"2026-03-18T17:54:15","date_gmt":"2026-03-18T17:54:15","guid":{"rendered":"https:\/\/soydeaqui.ddns.net\/pachuca\/index.php\/producto\/mochila-urbana-con-bolsillos-para-laptop-y-tablet\/"},"modified":"2026-03-18T17:54:30","modified_gmt":"2026-03-18T17:54:30","slug":"mochila-urbana-con-bolsillos-para-laptop-y-tablet","status":"publish","type":"product","link":"https:\/\/soydeaqui.ddns.net\/pachuca\/index.php\/producto\/mochila-urbana-con-bolsillos-para-laptop-y-tablet\/","title":{"rendered":"Mochila Urbana con Bolsillos para Laptop y Tablet."},"content":{"rendered":"<div style='width: 100%; max-width: 1200px; margin: 0 auto; font-family: sans-serif; line-height: 1.6; color: inherit; background-color: transparent;'>\n<div style='width: 100%; display: flex; justify-content: center; margin: 20px 0;'><img style='width: 100%; max-width: 300px; height: auto; border: 1px solid rgba(150&comma;150&comma;150&comma;0.3); border-radius: 8px;' src='https:\/\/ftp3.syscom.mx\/usuarios\/fotos\/30163801\/170463-victorinox.png' alt=''><\/div>\n<div style='display: flex; flex-wrap: wrap; gap: 30px; margin-bottom: 30px;'>\n<div style='flex: 1 1 300px; min-width: 280px;'>\n<h3 style='font-size: 22px; border-bottom: 2px solid currentColor; padding-bottom: 5px; margin-top: 0; color: inherit; opacity: 0.8;'>Caracter\u00edsticas Principales<\/h3>\n<ul style='padding-left: 20px; font-size: 15px; color: inherit;'>\n<li style='margin-bottom: 5px;'><span style='font-weight: bold; color: inherit;'>Con pr\u00e1cticos portabotellas de agua elastizados<\/span><\/li>\n<li style='margin-bottom: 5px;'><span style='font-weight: bold; color: inherit;'>Pies en el l\u00edmite de la base que toca las superficies sucias<\/span><\/li>\n<li style='margin-bottom: 5px;'><span style='font-weight: bold; color: inherit;'>Con bolsillo acoplador para sujetar tu mochila a tu carro y maniobrar f\u00e1cilmente<\/span><\/li>\n<li style='margin-bottom: 5px;'><span style='font-weight: bold; color: inherit;'>Opci\u00f3n de personalizaci\u00f3n (Costo adicional)<\/span><\/li>\n<\/ul>\n<\/div>\n<div style='flex: 1 1 300px; min-width: 280px;'>\n<h3 style='font-size: 22px; border-bottom: 2px solid currentColor; padding-bottom: 5px; margin-top: 0; color: inherit; opacity: 0.8;'>Caracter\u00edsticas F\u00edsicas<\/h3>\n<ul style='padding-left: 20px; font-size: 15px; color: inherit;'>\n<li style='margin-bottom: 5px;'><strong>Material:<\/strong> Nylon\/cuero<\/li>\n<li style='margin-bottom: 5px;'><strong>Tama\u00f1o m\u00e1ximo de laptop:<\/strong> 14&#8242; (35.5 cm)<\/li>\n<li style='margin-bottom: 5px;'><strong>Capacidad:<\/strong> 17 l<\/li>\n<li style='margin-bottom: 5px;'><strong>Medidas:<\/strong> Altura 42 cm | Longitud 19 cm | Ancho 30 cm<\/li>\n<li style='margin-bottom: 5px;'><strong>Peso:<\/strong> 1.1 Kg<\/li>\n<\/ul>\n<\/div>\n<div style='flex: 1 1 300px; min-width: 280px;'>\n<h3 style='font-size: 22px; border-bottom: 2px solid currentColor; padding-bottom: 5px; margin-top: 0; color: inherit; opacity: 0.8;'>Caracter\u00edsticas Destacadas<\/h3>\n<ul style='padding-left: 20px; font-size: 15px; color: inherit;'>\n<li style='margin-bottom: 5px;'>Ofrece funcionalidad suprema y organizaci\u00f3n<\/li>\n<li style='margin-bottom: 5px;'>Backpack on wheels tiene tanta resistencia como estilo<\/li>\n<li style='margin-bottom: 5px;'>Llevando la funcionalidad a nuevas alturas&comma; ofrece protecci\u00f3n 360\u00b0 para todos los dispositivos electr\u00f3nicos gracias a la tela elastizada<\/li>\n<li style='margin-bottom: 5px;'>Dise\u00f1ada para maximizar el volumen de almacenamiento&comma; con un recubrimiento antimicrobiano especial y una variedad de detalles de dise\u00f1o exigentes&comma; es todo ganancia<\/li>\n<\/ul>\n<\/div>\n<\/div>\n<hr style='border: 0; border-top: 1px solid rgba(150&comma; 150&comma; 150&comma; 0.3); margin: 30px 0;'>\n<div style='margin: 20px 0; text-align: center;'><strong style='font-size: 16px; color: #c0392b;'>&#8211; Recorre la ciudad con esta pieza direccional de cualquier kit para viajes diarios.<\/strong><\/div>\n<div style='margin: 30px 0;'>\n<div style='text-align: center; margin-bottom: 15px;'><strong style='font-size: 18px; color: inherit;'>Pol\u00edtica de Garant\u00eda<\/strong><\/div>\n<p style='font-size: 14px; margin: 8px 0; color: inherit;'>SYSCOM se apega a las pol\u00edticas de garant\u00eda de cada proveedor de la marca y\/o f\u00e1brica.<\/p>\n<p style='font-size: 12px; margin: 8px 0; color: inherit;'>La cobertura de garant\u00eda por defecto de f\u00e1brica y\/o mal funcionamiento es de 90 d\u00edas con Syscom. Posterior a este periodo&comma; la garant\u00eda es directa con el fabricante. En quebraduras&comma; da\u00f1os f\u00edsicos de equipo y\/o empaque da\u00f1ado&comma; reportarlo dentro de las 24 horas posteriores a la fecha de recepci\u00f3n para el reclamo a paqueter\u00eda.<\/p>\n<\/div>\n<\/div>\n","protected":false},"excerpt":{"rendered":"<p>Mochila Urbana con Bolsillos para Laptop y Tablet.<\/p>\n","protected":false},"featured_media":40661,"comment_status":"open","ping_status":"closed","template":"","meta":[],"product_brand":[],"product_cat":[1212],"product_tag":[1213,1058,1135],"class_list":{"0":"post-40662","1":"product","2":"type-product","3":"status-publish","4":"has-post-thumbnail","6":"product_cat-escaleras-y-almacenamiento","7":"product_tag-escaleras-y-almacenamiento","8":"product_tag-ferreteria","9":"product_tag-victorinox","11":"first","12":"outofstock","13":"sale","14":"shipping-taxable","15":"purchasable","16":"product-type-simple"},"_links":{"self":[{"href":"https:\/\/soydeaqui.ddns.net\/pachuca\/index.php\/wp-json\/wp\/v2\/product\/40662","targetHints":{"allow":["GET"]}}],"collection":[{"href":"https:\/\/soydeaqui.ddns.net\/pachuca\/index.php\/wp-json\/wp\/v2\/product"}],"about":[{"href":"https:\/\/soydeaqui.ddns.net\/pachuca\/index.php\/wp-json\/wp\/v2\/types\/product"}],"replies":[{"embeddable":true,"href":"https:\/\/soydeaqui.ddns.net\/pachuca\/index.php\/wp-json\/wp\/v2\/comments?post=40662"}],"wp:featuredmedia":[{"embeddable":true,"href":"https:\/\/soydeaqui.ddns.net\/pachuca\/index.php\/wp-json\/wp\/v2\/media\/40661"}],"wp:attachment":[{"href":"https:\/\/soydeaqui.ddns.net\/pachuca\/index.php\/wp-json\/wp\/v2\/media?parent=40662"}],"wp:term":[{"taxonomy":"product_brand","embeddable":true,"href":"https:\/\/soydeaqui.ddns.net\/pachuca\/index.php\/wp-json\/wp\/v2\/product_brand?post=40662"},{"taxonomy":"product_cat","embeddable":true,"href":"https:\/\/soydeaqui.ddns.net\/pachuca\/index.php\/wp-json\/wp\/v2\/product_cat?post=40662"},{"taxonomy":"product_tag","embeddable":true,"href":"https:\/\/soydeaqui.ddns.net\/pachuca\/index.php\/wp-json\/wp\/v2\/product_tag?post=40662"}],"curies":[{"name":"wp","href":"https:\/\/api.w.org\/{rel}","templated":true}]}}