{"id":40611,"date":"2026-03-18T17:52:53","date_gmt":"2026-03-18T17:52:53","guid":{"rendered":"https:\/\/soydeaqui.ddns.net\/pachuca\/index.php\/producto\/centro-de-carga-trifasico-3-fases-4-hilos-para-interruptores-qp-de-12-polos-24-circuitos-120-240vca-barras-de-aluminio-125-amp-nema-1-uso-interior-incluye-tapa\/"},"modified":"2026-03-18T17:52:58","modified_gmt":"2026-03-18T17:52:58","slug":"centro-de-carga-trifasico-3-fases-4-hilos-para-interruptores-qp-de-12-polos-24-circuitos-120-240vca-barras-de-aluminio-125-amp-nema-1-uso-interior-incluye-tapa","status":"publish","type":"product","link":"https:\/\/soydeaqui.ddns.net\/pachuca\/index.php\/producto\/centro-de-carga-trifasico-3-fases-4-hilos-para-interruptores-qp-de-12-polos-24-circuitos-120-240vca-barras-de-aluminio-125-amp-nema-1-uso-interior-incluye-tapa\/","title":{"rendered":"Centro de carga trif\u00e1sico 3 Fases, 4 Hilos para interruptores QP, de 12 polos &#8211; 24 circuitos, 120\/240vca, Barras de aluminio 125 Amp, Nema 1, uso interior. Incluye tapa."},"content":{"rendered":"<div style='width: 100%; max-width: 1200px; margin: 0 auto; font-family: sans-serif; line-height: 1.6; color: inherit; background-color: transparent;'> <!-- Secci\u00f3n de caracter\u00edsticas principales --> <\/p>\n<div style='display: flex; flex-wrap: wrap; gap: 30px; margin-bottom: 30px;'>\n<div style='flex: 1 1 300px; min-width: 280px;'>\n<h3 style='font-size: 22px; border-bottom: 2px solid currentColor; padding-bottom: 5px; margin-top: 0; color: inherit; opacity: 0.8;'>Caracter\u00edsticas principales<\/h3>\n<ul style='padding-left: 20px; font-size: 15px; color: inherit;'>\n<li style='margin-bottom: 5px;'><strong>Configuraci\u00f3n:<\/strong> 3 Fases&comma; 4 Hilos<\/li>\n<li style='margin-bottom: 5px;'><strong>Capacidad de circuitos:<\/strong> Hasta 24 circuitos en 12 espacios<\/li>\n<li style='margin-bottom: 5px;'><strong>Voltaje:<\/strong> 120\/240 Vca<\/li>\n<li style='margin-bottom: 5px;'><strong>Corriente nominal:<\/strong> 125 A<\/li>\n<li style='margin-bottom: 5px;'><strong>Material de barras:<\/strong> Aluminio<\/li>\n<li style='margin-bottom: 5px;'><strong>Protecci\u00f3n:<\/strong> NEMA 1 para uso interior<\/li>\n<li style='margin-bottom: 5px;'><strong>Aplicaci\u00f3n:<\/strong> Residencial<\/li>\n<\/ul><\/div>\n<\/p><\/div>\n<p> <!-- Secci\u00f3n de especificaciones t\u00e9cnicas --> <\/p>\n<div style='display: flex; flex-wrap: wrap; gap: 20px; margin-bottom: 30px;'>\n<div style='flex: 1 1 250px; border: 1px solid rgba(150&comma; 150&comma; 150&comma; 0.4); border-radius: 8px; overflow: hidden; display: flex; flex-direction: column;'>\n<div style='padding: 15px; border-bottom: 1px solid rgba(150&comma; 150&comma; 150&comma; 0.2); font-weight: bold; font-size: 18px; color: inherit;'>Especificaciones El\u00e9ctricas<\/div>\n<div style='padding: 15px; color: inherit;'>\n<ul style='padding-left: 20px; margin: 0; font-size: 14px; list-style-type: disc;'>\n<li style='margin-bottom: 5px;'><strong>Capacidad nominal:<\/strong> 125 A<\/li>\n<li style='margin-bottom: 5px;'><strong>Corriente de ruptura:<\/strong> 22&comma;000 A seg\u00fan EN 60898<\/li>\n<li style='margin-bottom: 5px;'><strong>Voltaje fase-tierra:<\/strong> 120 V<\/li>\n<li style='margin-bottom: 5px;'><strong>Voltaje fase-fase:<\/strong> 240 V<\/li>\n<li style='margin-bottom: 5px;'><strong>Configuraci\u00f3n:<\/strong> 3 Fases&comma; 4 Hilos<\/li>\n<\/ul><\/div>\n<\/p><\/div>\n<div style='flex: 1 1 250px; border: 1px solid rgba(150&comma; 150&comma; 150&comma; 0.4); border-radius: 8px; overflow: hidden; display: flex; flex-direction: column;'>\n<div style='padding: 15px; border-bottom: 1px solid rgba(150&comma; 150&comma; 150&comma; 0.2); font-weight: bold; font-size: 18px; color: inherit;'>Caracter\u00edsticas F\u00edsicas<\/div>\n<div style='padding: 15px; color: inherit;'>\n<ul style='padding-left: 20px; margin: 0; font-size: 14px; list-style-type: disc;'>\n<li style='margin-bottom: 5px;'><strong>Tipo de montaje:<\/strong> 12 espacios modulares<\/li>\n<li style='margin-bottom: 5px;'><strong>Material:<\/strong> Aluminio en barras<\/li>\n<li style='margin-bottom: 5px;'><strong>Color:<\/strong> Gris<\/li>\n<li style='margin-bottom: 5px;'><strong>Protecci\u00f3n:<\/strong> NEMA 1<\/li>\n<\/ul><\/div>\n<\/p><\/div>\n<div style='flex: 1 1 250px; border: 1px solid rgba(150&comma; 150&comma; 150&comma; 0.4); border-radius: 8px; overflow: hidden; display: flex; flex-direction: column;'>\n<div style='padding: 15px; border-bottom: 1px solid rgba(150&comma; 150&comma; 150&comma; 0.2); font-weight: bold; font-size: 18px; color: inherit;'>Aplicaciones<\/div>\n<div style='padding: 15px; color: inherit;'>\n<ul style='padding-left: 20px; margin: 0; font-size: 14px; list-style-type: disc;'>\n<li style='margin-bottom: 5px;'>Sistemas trif\u00e1sicos 4 hilos<\/li>\n<li style='margin-bottom: 5px;'>Instalaciones residenciales<\/li>\n<li style='margin-bottom: 5px;'>Distribuci\u00f3n el\u00e9ctrica trif\u00e1sica<\/li>\n<\/ul><\/div>\n<\/p><\/div>\n<\/p><\/div>\n<p> <!-- Separador --> <\/p>\n<hr style='border: 0; border-top: 1px solid rgba(150&comma; 150&comma; 150&comma; 0.3); margin: 30px 0;'> <\/div>\n","protected":false},"excerpt":{"rendered":"<p>Centro de carga trif\u00e1sico 3 Fases, 4 Hilos para interruptores QP, de 12 polos &#8211; 24 circuitos, 120\/240vca, Barras de aluminio 125 Amp, Nema 1, uso interior. Incluye tapa.<\/p>\n","protected":false},"featured_media":40610,"comment_status":"open","ping_status":"closed","template":"","meta":[],"product_brand":[],"product_cat":[1069],"product_tag":[1066,1070,720],"class_list":{"0":"post-40611","1":"product","2":"type-product","3":"status-publish","4":"has-post-thumbnail","6":"product_cat-centros-de-carga-e-interruptores","7":"product_tag-area-electrica","8":"product_tag-centros-de-carga-e-interruptores","9":"product_tag-siemens","11":"first","12":"instock","13":"sale","14":"shipping-taxable","15":"purchasable","16":"product-type-simple"},"_links":{"self":[{"href":"https:\/\/soydeaqui.ddns.net\/pachuca\/index.php\/wp-json\/wp\/v2\/product\/40611","targetHints":{"allow":["GET"]}}],"collection":[{"href":"https:\/\/soydeaqui.ddns.net\/pachuca\/index.php\/wp-json\/wp\/v2\/product"}],"about":[{"href":"https:\/\/soydeaqui.ddns.net\/pachuca\/index.php\/wp-json\/wp\/v2\/types\/product"}],"replies":[{"embeddable":true,"href":"https:\/\/soydeaqui.ddns.net\/pachuca\/index.php\/wp-json\/wp\/v2\/comments?post=40611"}],"wp:featuredmedia":[{"embeddable":true,"href":"https:\/\/soydeaqui.ddns.net\/pachuca\/index.php\/wp-json\/wp\/v2\/media\/40610"}],"wp:attachment":[{"href":"https:\/\/soydeaqui.ddns.net\/pachuca\/index.php\/wp-json\/wp\/v2\/media?parent=40611"}],"wp:term":[{"taxonomy":"product_brand","embeddable":true,"href":"https:\/\/soydeaqui.ddns.net\/pachuca\/index.php\/wp-json\/wp\/v2\/product_brand?post=40611"},{"taxonomy":"product_cat","embeddable":true,"href":"https:\/\/soydeaqui.ddns.net\/pachuca\/index.php\/wp-json\/wp\/v2\/product_cat?post=40611"},{"taxonomy":"product_tag","embeddable":true,"href":"https:\/\/soydeaqui.ddns.net\/pachuca\/index.php\/wp-json\/wp\/v2\/product_tag?post=40611"}],"curies":[{"name":"wp","href":"https:\/\/api.w.org\/{rel}","templated":true}]}}