{"id":4058,"date":"2026-03-18T06:15:09","date_gmt":"2026-03-18T06:15:09","guid":{"rendered":"https:\/\/soydeaqui.ddns.net\/pachuca\/index.php\/producto\/sensor-de-movimiento-con-senal-inalambrica-zigbee-compatible-con-panel-de-control-akubela-y-otros-controladores\/"},"modified":"2026-03-18T06:15:11","modified_gmt":"2026-03-18T06:15:11","slug":"sensor-de-movimiento-con-senal-inalambrica-zigbee-compatible-con-panel-de-control-akubela-y-otros-controladores","status":"publish","type":"product","link":"https:\/\/soydeaqui.ddns.net\/pachuca\/index.php\/producto\/sensor-de-movimiento-con-senal-inalambrica-zigbee-compatible-con-panel-de-control-akubela-y-otros-controladores\/","title":{"rendered":"Sensor de movimiento con se\u00f1al inalambrica Zigbee, compatible con Panel de control Akubela y otros controladores."},"content":{"rendered":"<div style='width: 100%; max-width: 1200px; margin: 0 auto; font-family: sans-serif; line-height: 1.6; color: inherit; background-color: transparent;'>\n<div style='display: flex; flex-wrap: wrap; gap: 30px; margin-bottom: 30px;'>\n<div style='flex: 1 1 300px; min-width: 280px;'>\n<h3 style='font-size: 22px; border-bottom: 2px solid currentColor; padding-bottom: 5px; margin-top: 0; color: inherit; opacity: 0.8;'>Introducci\u00f3n del producto<\/h3>\n<p style='font-size: 15px; color: inherit; text-align: justify;'>Este sensor de movimiento inteligente adopta un dise\u00f1o de red inal\u00e1mbrica ZigBee de muy bajo consumo y tecnolog\u00eda de ajuste autom\u00e1tico de umbral para mejorar la estabilidad del sensor&comma; anti-falsa alarma de manera eficiente. Tecnolog\u00eda de compensaci\u00f3n autom\u00e1tica de temperatura&comma; puede prevenir eficientemente que los sensores disminuyan la sensibilidad debido a la temperatura. Ideal para generar escenas de iluminaci\u00f3n y notificaci\u00f3n en <strong style='color: inherit; background-color: transparent;'>HyPanel Akubela<\/strong>.<\/p>\n<h4 style='font-size: 18px; color: inherit; opacity: 0.8; margin-top: 25px; margin-bottom: 15px;'>Caracter\u00edsticas principales<\/h4>\n<ul style='padding-left: 20px; font-size: 15px; color: inherit;'>\n<li style='margin-bottom: 5px;'>Protocolo ZigBee est\u00e1ndar<\/li>\n<li style='margin-bottom: 5px;'>Dise\u00f1o de bajo consumo de energ\u00eda&comma; soporta una vida \u00fatil de la bater\u00eda de hasta 1&comma;5 a\u00f1os<\/li>\n<li style='margin-bottom: 5px;'>Funci\u00f3n de informe y alerta de baja potencia<\/li>\n<li style='margin-bottom: 5px;'>Instalaci\u00f3n de herramientas gratuita&comma; stick and play<\/li>\n<li style='margin-bottom: 5px;'>Compensaci\u00f3n autom\u00e1tica de temperatura&comma; mejora enormemente la sensibilidad<\/li>\n<li style='margin-bottom: 5px;'>Protecci\u00f3n inversa de polaridad de la bater\u00eda&comma; protecci\u00f3n contra sobrecorriente<\/li>\n<li style='margin-bottom: 5px;'>Alarma antidesmontaje<\/li>\n<li style='margin-bottom: 5px;'>Ultradelgado<\/li>\n<\/ul><\/div>\n<\/p><\/div>\n<div style='display: flex; flex-wrap: wrap; gap: 20px; margin-bottom: 30px;'>\n<div style='flex: 1 1 250px; border: 1px solid rgba(150&comma; 150&comma; 150&comma; 0.4); border-radius: 8px; overflow: hidden; display: flex; flex-direction: column;'>\n<div style='padding: 15px; border-bottom: 1px solid rgba(150&comma; 150&comma; 150&comma; 0.2); font-weight: bold; font-size: 18px; color: inherit;'>Caracter\u00edsticas t\u00e9cnicas<\/div>\n<div style='padding: 15px; color: inherit;'>\n<ul style='padding-left: 20px; margin: 0; font-size: 14px; list-style-type: disc;'>\n<li style='margin-bottom: 5px;'><strong>Alimentaci\u00f3n:<\/strong> DC3V&comma; 1xCR123A<\/li>\n<li style='margin-bottom: 5px;'><strong>Corriente de espera:<\/strong> &lt;20uA<\/li>\n<li style='margin-bottom: 5px;'><strong>Corriente de alarma:<\/strong> \u226436mA<\/li>\n<li style='margin-bottom: 5px;'><strong>\u00c1ngulo de detecci\u00f3n:<\/strong> 90\u00b0<\/li>\n<li style='margin-bottom: 5px;'><strong>Altura de instalaci\u00f3n:<\/strong> 2&comma;1 m<\/li>\n<\/ul><\/div>\n<\/p><\/div>\n<div style='flex: 1 1 250px; border: 1px solid rgba(150&comma; 150&comma; 150&comma; 0.4); border-radius: 8px; overflow: hidden; display: flex; flex-direction: column;'>\n<div style='padding: 15px; border-bottom: 1px solid rgba(150&comma; 150&comma; 150&comma; 0.2); font-weight: bold; font-size: 18px; color: inherit;'>Caracter\u00edsticas F\u00edsicas y El\u00e9ctricas<\/div>\n<div style='padding: 15px; color: inherit;'>\n<ul style='padding-left: 20px; margin: 0; font-size: 14px; list-style-type: disc;'>\n<li style='margin-bottom: 5px;'><strong>Distancia de detecci\u00f3n:<\/strong> 9 ~ 12 m<\/li>\n<li style='margin-bottom: 5px;'><strong>Forma de conexi\u00f3n en red:<\/strong> ZigBee 3.0 2&comma;4 GHz<\/li>\n<li style='margin-bottom: 5px;'><strong>Distancia inal\u00e1mbrica:<\/strong> \u2264100 m (ambiente abierto)<\/li>\n<li style='margin-bottom: 5px;'><strong>Interferencia anti-RF:<\/strong> 80 MHz \u2014 1 GHz 10 V\/m<\/li>\n<\/ul><\/div>\n<\/p><\/div>\n<div style='flex: 1 1 250px; border: 1px solid rgba(150&comma; 150&comma; 150&comma; 0.4); border-radius: 8px; overflow: hidden; display: flex; flex-direction: column;'>\n<div style='padding: 15px; border-bottom: 1px solid rgba(150&comma; 150&comma; 150&comma; 0.2); font-weight: bold; font-size: 18px; color: inherit;'>Caracter\u00edsticas Destacadas<\/div>\n<div style='padding: 15px; color: inherit;'>\n<ul style='padding-left: 20px; margin: 0; font-size: 14px; list-style-type: disc;'>\n<li style='margin-bottom: 5px;'><strong>Temperatura de trabajo:<\/strong> -10 \u00b0C ~ + 50 \u00b0C<\/li>\n<li style='margin-bottom: 5px;'><strong>Humedad de trabajo:<\/strong> \u2264 95 % RH<\/li>\n<li style='margin-bottom: 5px;'><strong>Dimensi\u00f3n:<\/strong> 65x65x28&comma;5 mm<\/li>\n<li style='margin-bottom: 5px;'><strong>Peso:<\/strong> 67g<\/li>\n<\/ul><\/div>\n<\/p><\/div>\n<\/p><\/div>\n<hr style='border: 0; border-top: 1px solid rgba(150&comma; 150&comma; 150&comma; 0.3); margin: 30px 0;'> <\/div>\n","protected":false},"excerpt":{"rendered":"<p>Sensor de movimiento con se\u00f1al inalambrica Zigbee, compatible con Panel de control Akubela y otros controladores.<\/p>\n","protected":false},"featured_media":4057,"comment_status":"open","ping_status":"closed","template":"","meta":[],"product_brand":[],"product_cat":[148],"product_tag":[97,30,149],"class_list":{"0":"post-4058","1":"product","2":"type-product","3":"status-publish","4":"has-post-thumbnail","6":"product_cat-sensores-y-relevadores","7":"product_tag-akubela","8":"product_tag-automatizacion-casa-inteligente","9":"product_tag-sensores-y-relevadores","11":"first","12":"instock","13":"sale","14":"shipping-taxable","15":"purchasable","16":"product-type-simple"},"_links":{"self":[{"href":"https:\/\/soydeaqui.ddns.net\/pachuca\/index.php\/wp-json\/wp\/v2\/product\/4058","targetHints":{"allow":["GET"]}}],"collection":[{"href":"https:\/\/soydeaqui.ddns.net\/pachuca\/index.php\/wp-json\/wp\/v2\/product"}],"about":[{"href":"https:\/\/soydeaqui.ddns.net\/pachuca\/index.php\/wp-json\/wp\/v2\/types\/product"}],"replies":[{"embeddable":true,"href":"https:\/\/soydeaqui.ddns.net\/pachuca\/index.php\/wp-json\/wp\/v2\/comments?post=4058"}],"wp:featuredmedia":[{"embeddable":true,"href":"https:\/\/soydeaqui.ddns.net\/pachuca\/index.php\/wp-json\/wp\/v2\/media\/4057"}],"wp:attachment":[{"href":"https:\/\/soydeaqui.ddns.net\/pachuca\/index.php\/wp-json\/wp\/v2\/media?parent=4058"}],"wp:term":[{"taxonomy":"product_brand","embeddable":true,"href":"https:\/\/soydeaqui.ddns.net\/pachuca\/index.php\/wp-json\/wp\/v2\/product_brand?post=4058"},{"taxonomy":"product_cat","embeddable":true,"href":"https:\/\/soydeaqui.ddns.net\/pachuca\/index.php\/wp-json\/wp\/v2\/product_cat?post=4058"},{"taxonomy":"product_tag","embeddable":true,"href":"https:\/\/soydeaqui.ddns.net\/pachuca\/index.php\/wp-json\/wp\/v2\/product_tag?post=4058"}],"curies":[{"name":"wp","href":"https:\/\/api.w.org\/{rel}","templated":true}]}}