{"id":40575,"date":"2026-03-18T17:51:48","date_gmt":"2026-03-18T17:51:48","guid":{"rendered":"https:\/\/soydeaqui.ddns.net\/pachuca\/index.php\/producto\/cortador-con-matraca-de-precision-para-tuberia-de-pvc-1-1-4\/"},"modified":"2026-03-18T17:52:04","modified_gmt":"2026-03-18T17:52:04","slug":"cortador-con-matraca-de-precision-para-tuberia-de-pvc-1-1-4","status":"publish","type":"product","link":"https:\/\/soydeaqui.ddns.net\/pachuca\/index.php\/producto\/cortador-con-matraca-de-precision-para-tuberia-de-pvc-1-1-4\/","title":{"rendered":"Cortador con Matraca de Precisi\u00f3n para Tuber\u00eda de PVC  1 1\/4&#8243;."},"content":{"rendered":"<div style='width: 100%; max-width: 1200px; margin: 0 auto; font-family: sans-serif; line-height: 1.6; color: inherit; background-color: transparent;'><!-- Secci\u00f3n de especificaciones t\u00e9cnicas --><\/p>\n<div style='margin-bottom: 30px;'>\n<h3 style='font-size: 22px; border-bottom: 2px solid currentColor; padding-bottom: 5px; margin-top: 0; margin-bottom: 20px; color: inherit; opacity: 0.8;'>Especificaciones t\u00e9cnicas<\/h3>\n<div style='display: flex; flex-wrap: wrap; gap: 20px; margin-bottom: 30px;'><!-- Columna izquierda --><\/p>\n<div style='flex: 1 1 300px; min-width: 280px;'>\n<div style='border: 1px solid rgba(150&comma; 150&comma; 150&comma; 0.3); border-radius: 8px; overflow: hidden;'>\n<div style='display: flex; padding: 12px; background-color: rgba(150&comma; 150&comma; 150&comma; 0.1); border-bottom: 1px solid rgba(150&comma; 150&comma; 150&comma; 0.2);'>\n<div style='flex: 0 0 120px; padding: 5px; font-weight: bold; color: inherit;'>Tipo:<\/div>\n<div style='flex: 1; padding: 5px; color: inherit;'>Cortador de tuber\u00eda<\/div>\n<\/div>\n<div style='display: flex; padding: 12px; border-bottom: 1px solid rgba(150&comma; 150&comma; 150&comma; 0.1);'>\n<div style='flex: 0 0 120px; padding: 5px; font-weight: bold; color: inherit;'>Aplicaci\u00f3n:<\/div>\n<div style='flex: 1; padding: 5px; color: inherit;'>Cortador de PVC y PEX<\/div>\n<\/div>\n<div style='display: flex; padding: 12px; background-color: rgba(150&comma; 150&comma; 150&comma; 0.1); border-bottom: 1px solid rgba(150&comma; 150&comma; 150&comma; 0.2);'>\n<div style='flex: 0 0 120px; padding: 5px; font-weight: bold; color: inherit;'>Caracter\u00edsticas especiales:<\/div>\n<div style='flex: 1; padding: 5px; color: inherit;'>Pestillo de bloqueo; Trinquete; Bot\u00f3n de retracci\u00f3n.<\/div>\n<\/div>\n<div style='display: flex; padding: 12px; border-bottom: 1px solid rgba(150&comma; 150&comma; 150&comma; 0.1);'>\n<div style='flex: 0 0 120px; padding: 5px; font-weight: bold; color: inherit;'>Material:<\/div>\n<div style='flex: 1; padding: 5px; color: inherit;'>Cuerpo Aleaci\u00f3n de Aluminio fundido a presi\u00f3n<\/div>\n<\/div>\n<div style='display: flex; padding: 12px; background-color: rgba(150&comma; 150&comma; 150&comma; 0.1); border-bottom: 1px solid rgba(150&comma; 150&comma; 150&comma; 0.2);'>\n<div style='flex: 0 0 120px; padding: 5px; font-weight: bold; color: inherit;'>Tipo de cuchilla:<\/div>\n<div style='flex: 1; padding: 5px; color: inherit;'>Acero<\/div>\n<\/div>\n<div style='display: flex; padding: 12px; border-bottom: 1px solid rgba(150&comma; 150&comma; 150&comma; 0.1);'>\n<div style='flex: 0 0 120px; padding: 5px; font-weight: bold; color: inherit;'>Capacidad de corte de PVC:<\/div>\n<div style='flex: 1; padding: 5px; color: inherit;'>Hasta 31 mm (1 1\/4&#8242;) de di\u00e1metro interior; 41 mm (1 5\/8&#8242;) de di\u00e1metro exterior<\/div>\n<\/div>\n<div style='display: flex; padding: 12px; background-color: rgba(150&comma; 150&comma; 150&comma; 0.1);'>\n<div style='flex: 0 0 120px; padding: 5px; font-weight: bold; color: inherit;'>Capacidad de corte de tubos no met\u00e1licos:<\/div>\n<div style='flex: 1; padding: 5px; color: inherit;'>Hasta 31 mm (1 1\/4&#8221;)<\/div>\n<\/div>\n<\/div>\n<\/div>\n<p><!-- Columna derecha --><\/p>\n<div style='flex: 1 1 300px; min-width: 280px;'>\n<div style='border: 1px solid rgba(150&comma; 150&comma; 150&comma; 0.3); border-radius: 8px; overflow: hidden;'>\n<div style='display: flex; padding: 12px; background-color: rgba(150&comma; 150&comma; 150&comma; 0.1); border-bottom: 1px solid rgba(150&comma; 150&comma; 150&comma; 0.2);'>\n<div style='flex: 0 0 120px; padding: 5px; font-weight: bold; color: inherit;'>Material del cuerpo:<\/div>\n<div style='flex: 1; padding: 5px; color: inherit;'>Aluminio fundido a presi\u00f3n<\/div>\n<\/div>\n<div style='display: flex; padding: 12px; border-bottom: 1px solid rgba(150&comma; 150&comma; 150&comma; 0.1);'>\n<div style='flex: 0 0 120px; padding: 5px; font-weight: bold; color: inherit;'>Est\u00e1ndar:<\/div>\n<div style='flex: 1; padding: 5px; color: inherit;'><\/div>\n<\/div>\n<div style='display: flex; padding: 12px; background-color: rgba(150&comma; 150&comma; 150&comma; 0.1); border-bottom: 1px solid rgba(150&comma; 150&comma; 150&comma; 0.2);'>\n<div style='flex: 0 0 120px; padding: 5px; font-weight: bold; color: inherit;'>Longitud total:<\/div>\n<div style='flex: 1; padding: 5px; color: inherit;'>10.3&#8221; (26 cm)<\/div>\n<\/div>\n<div style='display: flex; padding: 12px; border-bottom: 1px solid rgba(150&comma; 150&comma; 150&comma; 0.1);'>\n<div style='flex: 0 0 120px; padding: 5px; font-weight: bold; color: inherit;'>Altura total:<\/div>\n<div style='flex: 1; padding: 5px; color: inherit;'>1&#8221; (2.5 cm)<\/div>\n<\/div>\n<div style='display: flex; padding: 12px; background-color: rgba(150&comma; 150&comma; 150&comma; 0.1); border-bottom: 1px solid rgba(150&comma; 150&comma; 150&comma; 0.2);'>\n<div style='flex: 0 0 120px; padding: 5px; font-weight: bold; color: inherit;'>Ancho total:<\/div>\n<div style='flex: 1; padding: 5px; color: inherit;'>4.5&#8221; (11.4 cm)<\/div>\n<\/div>\n<div style='display: flex; padding: 12px; border-bottom: 1px solid rgba(150&comma; 150&comma; 150&comma; 0.1);'>\n<div style='flex: 0 0 120px; padding: 5px; font-weight: bold; color: inherit;'>Peso:<\/div>\n<div style='flex: 1; padding: 5px; color: inherit;'>1.3 lb (0.6 kg)<\/div>\n<\/div>\n<div style='display: flex; padding: 12px; background-color: rgba(150&comma; 150&comma; 150&comma; 0.1);'>\n<div style='flex: 0 0 120px; padding: 5px; font-weight: bold; color: inherit;'>UPC:<\/div>\n<div style='flex: 1; padding: 5px; color: inherit;'>092644500442<\/div>\n<\/div>\n<\/div>\n<\/div>\n<\/div>\n<\/div>\n<p><!-- Secci\u00f3n de caracter\u00edsticas t\u00e9cnicas --><\/p>\n<div style='margin-bottom: 30px;'>\n<h3 style='font-size: 22px; border-bottom: 2px solid currentColor; padding-bottom: 5px; margin-top: 0; margin-bottom: 20px; color: inherit; opacity: 0.8;'>Caracter\u00edsticas t\u00e9cnicas<\/h3>\n<div style='display: flex; flex-wrap: wrap; gap: 20px; margin-bottom: 30px;'>\n<div style='flex: 1 1 250px; border: 1px solid rgba(150&comma; 150&comma; 150&comma; 0.4); border-radius: 8px; overflow: hidden; display: flex; flex-direction: column;'>\n<div style='padding: 15px; border-bottom: 1px solid rgba(150&comma; 150&comma; 150&comma; 0.2); font-weight: bold; font-size: 18px; color: inherit;'>Capacidades de corte<\/div>\n<div style='padding: 15px; color: inherit;'>\n<ul style='padding-left: 20px; margin: 0; font-size: 14px; list-style-type: disc;'>\n<li style='margin-bottom: 5px;'><strong>PVC:<\/strong> Hasta 31 mm (1 1\/4&#8242;) di\u00e1metro interior<\/li>\n<li style='margin-bottom: 5px;'><strong>PVC:<\/strong> Hasta 41 mm (1 5\/8&#8242;) di\u00e1metro exterior<\/li>\n<li style='margin-bottom: 5px;'><strong>Tubos no met\u00e1licos:<\/strong> Hasta 31 mm (1 1\/4&#8221;)<\/li>\n<li style='margin-bottom: 5px;'><strong>Materiales:<\/strong> PVC y PEX<\/li>\n<li style='margin-bottom: 5px;'><strong>Tipos de tuber\u00eda:<\/strong> Schedule 40\/80 PVC&comma; CPVC&comma; y PEX<\/li>\n<\/ul>\n<\/div>\n<\/div>\n<div style='flex: 1 1 250px; border: 1px solid rgba(150&comma; 150&comma; 150&comma; 0.4); border-radius: 8px; overflow: hidden; display: flex; flex-direction: column;'>\n<div style='padding: 15px; border-bottom: 1px solid rgba(150&comma; 150&comma; 150&comma; 0.2); font-weight: bold; font-size: 18px; color: inherit;'>Dise\u00f1o y construcci\u00f3n<\/div>\n<div style='padding: 15px; color: inherit;'>\n<ul style='padding-left: 20px; margin: 0; font-size: 14px; list-style-type: disc;'>\n<li style='margin-bottom: 5px;'><strong>Cuerpo:<\/strong> Aleaci\u00f3n de aluminio fundido a presi\u00f3n<\/li>\n<li style='margin-bottom: 5px;'><strong>Cuchilla:<\/strong> Acero<\/li>\n<li style='margin-bottom: 5px;'><strong>Mecanismo:<\/strong> Trinquete de precisi\u00f3n<\/li>\n<li style='margin-bottom: 5px;'><strong>Seguridad:<\/strong> Pestillo de bloqueo<\/li>\n<\/ul>\n<\/div>\n<\/div>\n<div style='flex: 1 1 250px; border: 1px solid rgba(150&comma; 150&comma; 150&comma; 0.4); border-radius: 8px; overflow: hidden; display: flex; flex-direction: column;'>\n<div style='padding: 15px; border-bottom: 1px solid rgba(150&comma; 150&comma; 150&comma; 0.2); font-weight: bold; font-size: 18px; color: inherit;'>Dimensiones y peso<\/div>\n<div style='padding: 15px; color: inherit;'>\n<ul style='padding-left: 20px; margin: 0; font-size: 14px; list-style-type: disc;'>\n<li style='margin-bottom: 5px;'><strong>Longitud:<\/strong> 10.3&#8221; (26 cm)<\/li>\n<li style='margin-bottom: 5px;'><strong>Altura:<\/strong> 1&#8221; (2.5 cm)<\/li>\n<li style='margin-bottom: 5px;'><strong>Ancho:<\/strong> 4.5&#8221; (11.4 cm)<\/li>\n<li style='margin-bottom: 5px;'><strong>Peso:<\/strong> 1.3 lb (0.6 kg)<\/li>\n<\/ul>\n<\/div>\n<\/div>\n<\/div>\n<\/div>\n<p><!-- Separador --><\/p>\n<hr style='border: 0; border-top: 1px solid rgba(150&comma; 150&comma; 150&comma; 0.3); margin: 30px 0;'><\/div>\n","protected":false},"excerpt":{"rendered":"<p>Cortador con Matraca de Precisi\u00f3n para Tuber\u00eda de PVC  1 1\/4&#8243;.<\/p>\n","protected":false},"featured_media":40574,"comment_status":"open","ping_status":"closed","template":"","meta":[],"product_brand":[],"product_cat":[1138],"product_tag":[1058,1139,432],"class_list":{"0":"post-40575","1":"product","2":"type-product","3":"status-publish","4":"has-post-thumbnail","6":"product_cat-herramientas-mecanicas","7":"product_tag-ferreteria","8":"product_tag-herramientas-mecanicas","9":"product_tag-klein-tools","11":"first","12":"instock","13":"sale","14":"shipping-taxable","15":"purchasable","16":"product-type-simple"},"_links":{"self":[{"href":"https:\/\/soydeaqui.ddns.net\/pachuca\/index.php\/wp-json\/wp\/v2\/product\/40575","targetHints":{"allow":["GET"]}}],"collection":[{"href":"https:\/\/soydeaqui.ddns.net\/pachuca\/index.php\/wp-json\/wp\/v2\/product"}],"about":[{"href":"https:\/\/soydeaqui.ddns.net\/pachuca\/index.php\/wp-json\/wp\/v2\/types\/product"}],"replies":[{"embeddable":true,"href":"https:\/\/soydeaqui.ddns.net\/pachuca\/index.php\/wp-json\/wp\/v2\/comments?post=40575"}],"wp:featuredmedia":[{"embeddable":true,"href":"https:\/\/soydeaqui.ddns.net\/pachuca\/index.php\/wp-json\/wp\/v2\/media\/40574"}],"wp:attachment":[{"href":"https:\/\/soydeaqui.ddns.net\/pachuca\/index.php\/wp-json\/wp\/v2\/media?parent=40575"}],"wp:term":[{"taxonomy":"product_brand","embeddable":true,"href":"https:\/\/soydeaqui.ddns.net\/pachuca\/index.php\/wp-json\/wp\/v2\/product_brand?post=40575"},{"taxonomy":"product_cat","embeddable":true,"href":"https:\/\/soydeaqui.ddns.net\/pachuca\/index.php\/wp-json\/wp\/v2\/product_cat?post=40575"},{"taxonomy":"product_tag","embeddable":true,"href":"https:\/\/soydeaqui.ddns.net\/pachuca\/index.php\/wp-json\/wp\/v2\/product_tag?post=40575"}],"curies":[{"name":"wp","href":"https:\/\/api.w.org\/{rel}","templated":true}]}}