{"id":4055,"date":"2026-03-18T06:15:07","date_gmt":"2026-03-18T06:15:07","guid":{"rendered":"https:\/\/soydeaqui.ddns.net\/pachuca\/index.php\/producto\/sensor-de-inundacion-con-senal-inalambrica-zigbee-compatible-con-panel-de-control-akubela-y-otros-controladores\/"},"modified":"2026-03-18T06:15:09","modified_gmt":"2026-03-18T06:15:09","slug":"sensor-de-inundacion-con-senal-inalambrica-zigbee-compatible-con-panel-de-control-akubela-y-otros-controladores","status":"publish","type":"product","link":"https:\/\/soydeaqui.ddns.net\/pachuca\/index.php\/producto\/sensor-de-inundacion-con-senal-inalambrica-zigbee-compatible-con-panel-de-control-akubela-y-otros-controladores\/","title":{"rendered":"Sensor de inundaci\u00f3n con se\u00f1al inal\u00e1mbrica Zigbee, compatible con Panel de control Akubela y otros controladores"},"content":{"rendered":"<div style='width: 100%; max-width: 1200px; margin: 0 auto; font-family: sans-serif; line-height: 1.6; color: inherit; background-color: transparent;'> <!-- Secci\u00f3n de introducci\u00f3n --> <\/p>\n<div style='margin-bottom: 30px;'>\n<h2 style='text-align: center; font-size: 20px; margin-bottom: 15px; color: inherit; opacity: 0.85;'>Introducci\u00f3n del producto<\/h2>\n<p style='text-align: justify; font-size: 15px; color: inherit; margin-bottom: 15px;'>Este sensor de inundaci\u00f3n inteligente adopta un m\u00f3dulo inal\u00e1mbrico ZigBee. Super bajo El dise\u00f1o del circuito de consumo de energ\u00eda prolonga la vida \u00fatil de la bater\u00eda. Dise\u00f1o separado de cuerpo y sensor.<\/p>\n<p style='text-align: justify; font-size: 15px; color: inherit; margin-bottom: 15px;'>Alta precisi\u00f3n y sensibilidad&comma; aplicable para s\u00f3tanos&comma; salas de m\u00e1quinas&comma; torres de agua&comma; piscinas&comma; paneles solares&comma; cocinas&comma; ba\u00f1os y otros lugares que puedan tener fuga de agua o desbordamiento de agua&comma; integrable con <strong style='color: inherit;'>HyPanel Akubela<\/strong>.<\/p>\n<\/p><\/div>\n<p> <!-- Secci\u00f3n de caracter\u00edsticas principales --> <\/p>\n<div style='margin-bottom: 30px;'>\n<h3 style='font-size: 18px; border-bottom: 2px solid currentColor; padding-bottom: 5px; margin-top: 0; margin-bottom: 15px; color: inherit; opacity: 0.8;'>Caracter\u00edsticas principales<\/h3>\n<ul style='padding-left: 20px; font-size: 15px; color: inherit;'>\n<li style='margin-bottom: 8px;'>Protocolo ZigBee est\u00e1ndar.<\/li>\n<li style='margin-bottom: 8px;'>Dise\u00f1o de consumo de energ\u00eda s\u00faper bajo&comma; la vida \u00fatil de la bater\u00eda puede ser de hasta 24 meses.<\/li>\n<li style='margin-bottom: 8px;'>Dise\u00f1o separado para el cuerpo y el sensor&comma; previene eficientemente las influencias resultantes de la alta humedad.<\/li>\n<li style='margin-bottom: 8px;'>Funci\u00f3n de informe y alerta de baja potencia.<\/li>\n<li style='margin-bottom: 8px;'>F\u00e1cil extracci\u00f3n y reemplazo de la bater\u00eda.<\/li>\n<li style='margin-bottom: 8px;'>Instalaci\u00f3n de herramientas gratuita&comma; stick and play.<\/li>\n<li style='margin-bottom: 8px;'>Dise\u00f1o inteligente y moderno&comma; con patente de dise\u00f1o de apariencia.<\/li>\n<\/ul><\/div>\n<p> <!-- Secci\u00f3n de especificaciones --> <\/p>\n<div style='display: flex; flex-wrap: wrap; gap: 20px; margin-bottom: 30px;'> <!-- Caracter\u00edsticas principales --> <\/p>\n<div style='flex: 1 1 250px; border: 1px solid rgba(150&comma; 150&comma; 150&comma; 0.4); border-radius: 8px; overflow: hidden; display: flex; flex-direction: column;'>\n<div style='padding: 15px; border-bottom: 1px solid rgba(150&comma; 150&comma; 150&comma; 0.2); font-weight: bold; font-size: 16px; color: inherit;'>Caracter\u00edsticas principales<\/div>\n<div style='padding: 15px; color: inherit;'>\n<ul style='padding-left: 20px; margin: 0; font-size: 14px; list-style-type: disc;'>\n<li style='margin-bottom: 8px;'><strong>Alimentaci\u00f3n:<\/strong> DC3V&comma; 2xCR123A<\/li>\n<li style='margin-bottom: 8px;'><strong>Duraci\u00f3n de la bater\u00eda:<\/strong> 1&comma;5 a\u00f1os<\/li>\n<li style='margin-bottom: 8px;'><strong>Corriente de espera:<\/strong> &lt;10uA<\/li>\n<li style='margin-bottom: 8px;'><strong>Corriente de alarma:<\/strong> \u226435mA<\/li>\n<li style='margin-bottom: 8px;'><strong>Modo de conexi\u00f3n en red:<\/strong> ZigBee 2&comma;4 GHz<\/li>\n<\/ul><\/div>\n<\/p><\/div>\n<p> <!-- Caracter\u00edsticas f\u00edsicas y el\u00e9ctricas --> <\/p>\n<div style='flex: 1 1 250px; border: 1px solid rgba(150&comma; 150&comma; 150&comma; 0.4); border-radius: 8px; overflow: hidden; display: flex; flex-direction: column;'>\n<div style='padding: 15px; border-bottom: 1px solid rgba(150&comma; 150&comma; 150&comma; 0.2); font-weight: bold; font-size: 16px; color: inherit;'>Caracter\u00edsticas F\u00edsicas y El\u00e9ctricas<\/div>\n<div style='padding: 15px; color: inherit;'>\n<ul style='padding-left: 20px; margin: 0; font-size: 14px; list-style-type: disc;'>\n<li style='margin-bottom: 8px;'><strong>Distancia inal\u00e1mbrica:<\/strong> \u2264100 m (ambiente abierto)<\/li>\n<li style='margin-bottom: 8px;'><strong>Temperatura de trabajo:<\/strong> -10 \u2103 ~ +50 \u2103<\/li>\n<li style='margin-bottom: 8px;'><strong>Humedad de trabajo:<\/strong> \u226495 % RH<\/li>\n<\/ul><\/div>\n<\/p><\/div>\n<p> <!-- Caracter\u00edsticas destacadas --> <\/p>\n<div style='flex: 1 1 250px; border: 1px solid rgba(150&comma; 150&comma; 150&comma; 0.4); border-radius: 8px; overflow: hidden; display: flex; flex-direction: column;'>\n<div style='padding: 15px; border-bottom: 1px solid rgba(150&comma; 150&comma; 150&comma; 0.2); font-weight: bold; font-size: 16px; color: inherit;'>Caracter\u00edsticas Destacadas<\/div>\n<div style='padding: 15px; color: inherit;'>\n<ul style='padding-left: 20px; margin: 0; font-size: 14px; list-style-type: disc;'>\n<li style='margin-bottom: 8px;'><strong>Tama\u00f1o del cuerpo:<\/strong> 76&#215;36&comma;6&#215;16&comma;5 mm<\/li>\n<li style='margin-bottom: 8px;'><strong>Tama\u00f1o del sensor:<\/strong> 28&comma;3&#215;26&comma;5&#215;12&comma;2 mm<\/li>\n<li style='margin-bottom: 8px;'><strong>Peso bruto:<\/strong> 66g<\/li>\n<\/ul><\/div>\n<\/p><\/div>\n<\/p><\/div>\n<p> <!-- Separador final --> <\/p>\n<hr style='border: 0; border-top: 1px solid rgba(150&comma; 150&comma; 150&comma; 0.3); margin: 30px 0;'> <\/div>\n","protected":false},"excerpt":{"rendered":"<p>Sensor de inundaci\u00f3n con se\u00f1al inal\u00e1mbrica Zigbee, compatible con Panel de control Akubela y otros controladores<\/p>\n","protected":false},"featured_media":4054,"comment_status":"open","ping_status":"closed","template":"","meta":[],"product_brand":[],"product_cat":[148],"product_tag":[97,30,149],"class_list":{"0":"post-4055","1":"product","2":"type-product","3":"status-publish","4":"has-post-thumbnail","6":"product_cat-sensores-y-relevadores","7":"product_tag-akubela","8":"product_tag-automatizacion-casa-inteligente","9":"product_tag-sensores-y-relevadores","11":"first","12":"instock","13":"sale","14":"shipping-taxable","15":"purchasable","16":"product-type-simple"},"_links":{"self":[{"href":"https:\/\/soydeaqui.ddns.net\/pachuca\/index.php\/wp-json\/wp\/v2\/product\/4055","targetHints":{"allow":["GET"]}}],"collection":[{"href":"https:\/\/soydeaqui.ddns.net\/pachuca\/index.php\/wp-json\/wp\/v2\/product"}],"about":[{"href":"https:\/\/soydeaqui.ddns.net\/pachuca\/index.php\/wp-json\/wp\/v2\/types\/product"}],"replies":[{"embeddable":true,"href":"https:\/\/soydeaqui.ddns.net\/pachuca\/index.php\/wp-json\/wp\/v2\/comments?post=4055"}],"wp:featuredmedia":[{"embeddable":true,"href":"https:\/\/soydeaqui.ddns.net\/pachuca\/index.php\/wp-json\/wp\/v2\/media\/4054"}],"wp:attachment":[{"href":"https:\/\/soydeaqui.ddns.net\/pachuca\/index.php\/wp-json\/wp\/v2\/media?parent=4055"}],"wp:term":[{"taxonomy":"product_brand","embeddable":true,"href":"https:\/\/soydeaqui.ddns.net\/pachuca\/index.php\/wp-json\/wp\/v2\/product_brand?post=4055"},{"taxonomy":"product_cat","embeddable":true,"href":"https:\/\/soydeaqui.ddns.net\/pachuca\/index.php\/wp-json\/wp\/v2\/product_cat?post=4055"},{"taxonomy":"product_tag","embeddable":true,"href":"https:\/\/soydeaqui.ddns.net\/pachuca\/index.php\/wp-json\/wp\/v2\/product_tag?post=4055"}],"curies":[{"name":"wp","href":"https:\/\/api.w.org\/{rel}","templated":true}]}}