{"id":4051,"date":"2026-03-18T06:15:05","date_gmt":"2026-03-18T06:15:05","guid":{"rendered":"https:\/\/soydeaqui.ddns.net\/pachuca\/index.php\/producto\/control-de-senal-ir-ideal-para-minisplit-senal-inalambrica-zigbee-compatible-con-panel-de-control-akubela-y-otros-controladores-3\/"},"modified":"2026-03-18T06:15:07","modified_gmt":"2026-03-18T06:15:07","slug":"control-de-senal-ir-ideal-para-minisplit-senal-inalambrica-zigbee-compatible-con-panel-de-control-akubela-y-otros-controladores-3","status":"publish","type":"product","link":"https:\/\/soydeaqui.ddns.net\/pachuca\/index.php\/producto\/control-de-senal-ir-ideal-para-minisplit-senal-inalambrica-zigbee-compatible-con-panel-de-control-akubela-y-otros-controladores-3\/","title":{"rendered":"Control de se\u00f1al IR ideal para Minisplit, se\u00f1al inal\u00e1mbrica Zigbee compatible con Panel de control Akubela y otros controladores"},"content":{"rendered":"<div style='width: 100%; max-width: 1200px; margin: 0 auto; font-family: sans-serif; line-height: 1.6; color: inherit; background-color: transparent;'> <!-- Introducci\u00f3n --> <\/p>\n<div style='margin-bottom: 30px;'>\n<p style='text-align: center; font-weight: bold; color: inherit; opacity: 0.8;'>Introducci\u00f3n del producto<\/p>\n<p style='text-align: justify; color: inherit; font-size: 15px;'>El controlador IR puede realizar el control remoto de dispositivos infrarrojos a trav\u00e9s de la aplicaci\u00f3n o la serie HyPanel Akubela. Admite el control de una variedad de tipos de equipos&comma; como aire acondicionado&comma; TV&comma; ventilador&comma; etc. Ofrece una amplia cobertura de se\u00f1al infrarroja&comma; lo que garantiza que pueda controlar eficazmente los dispositivos dentro de su alcance. Equipado con capacidades de aprendizaje por infrarrojos y sensores de temperatura y humedad integrados&comma; este controlador duradero y eficiente est\u00e1 dise\u00f1ado para mejorar la experiencia de su hogar inteligente mientras funciona de manera efectiva en una amplia gama de condiciones ambientales.<\/p>\n<\/p><\/div>\n<p> <!-- Caracter\u00edsticas principales --> <\/p>\n<div style='margin-bottom: 30px;'>\n<h3 style='font-size: 20px; border-bottom: 2px solid currentColor; padding-bottom: 5px; margin-top: 0; margin-bottom: 15px; color: inherit; opacity: 0.8;'>Caracter\u00edsticas principales<\/h3>\n<ul style='padding-left: 20px; font-size: 15px; color: inherit;'>\n<li style='margin-bottom: 5px;'>Admite miles de marcas principales&comma; puede controlar el aire acondicionado&comma; TV y otros dispositivos.<\/li>\n<li style='margin-bottom: 5px;'>Amplia cobertura de se\u00f1al infrarroja dentro de un rango de 10-15 m.<\/li>\n<li style='margin-bottom: 5px;'>Sensor de temperatura y humedad incorporado.<\/li>\n<li style='margin-bottom: 5px;'>Protocolo est\u00e1ndar ZigBee3.0&comma; buena compatibilidad.<\/li>\n<li style='margin-bottom: 5px;'>Admite aprendizaje por infrarrojos.<\/li>\n<li style='margin-bottom: 5px;'>Instalaci\u00f3n de herramientas gratuita&comma; stick and play<\/li>\n<\/ul><\/div>\n<p> <!-- Secci\u00f3n de especificaciones --> <\/p>\n<div style='display: flex; flex-wrap: wrap; gap: 20px; margin-bottom: 30px;'> <!-- Caracter\u00edsticas principales --> <\/p>\n<div style='flex: 1 1 250px; border: 1px solid rgba(150&comma; 150&comma; 150&comma; 0.4); border-radius: 8px; overflow: hidden; display: flex; flex-direction: column;'>\n<div style='padding: 15px; border-bottom: 1px solid rgba(150&comma; 150&comma; 150&comma; 0.2); font-weight: bold; font-size: 18px; color: inherit;'>Caracter\u00edsticas principales<\/div>\n<div style='padding: 15px; color: inherit;'>\n<ul style='padding-left: 20px; margin: 0; font-size: 14px; list-style-type: disc;'>\n<li style='margin-bottom: 5px;'><strong>Alimentaci\u00f3n:<\/strong> DC5V<\/li>\n<li style='margin-bottom: 5px;'><strong>Rango de operaci\u00f3n temperatura:<\/strong> -10~+55 \u2103<\/li>\n<li style='margin-bottom: 5px;'><strong>Rango de operaci\u00f3n humedad:<\/strong> 10 ~ 90 % RH<\/li>\n<li style='margin-bottom: 5px;'><strong>Red inal\u00e1mbrica:<\/strong> ZigBee 3.0<\/li>\n<\/ul><\/div>\n<\/p><\/div>\n<p> <!-- Caracter\u00edsticas F\u00edsicas y El\u00e9ctricas --> <\/p>\n<div style='flex: 1 1 250px; border: 1px solid rgba(150&comma; 150&comma; 150&comma; 0.4); border-radius: 8px; overflow: hidden; display: flex; flex-direction: column;'>\n<div style='padding: 15px; border-bottom: 1px solid rgba(150&comma; 150&comma; 150&comma; 0.2); font-weight: bold; font-size: 18px; color: inherit;'>Caracter\u00edsticas F\u00edsicas y El\u00e9ctricas<\/div>\n<div style='padding: 15px; color: inherit;'>\n<ul style='padding-left: 20px; margin: 0; font-size: 14px; list-style-type: disc;'>\n<li style='margin-bottom: 5px;'><strong>Tama\u00f1o:<\/strong> 80 * 48mm<\/li>\n<li style='margin-bottom: 5px;'><strong>Carga m\u00e1xima:<\/strong> 1800W&comma; 10A<\/li>\n<li style='margin-bottom: 5px;'><strong>Consumo:<\/strong> <0.3W<\/li>\n<li style='margin-bottom: 5px;'><strong>Frecuencia:<\/strong> 38KHz<\/li>\n<li style='margin-bottom: 5px;'><strong>Buzzer:<\/strong> \u226455dB<\/li>\n<\/ul><\/div>\n<\/p><\/div>\n<p> <!-- Caracter\u00edsticas Destacadas --> <\/p>\n<div style='flex: 1 1 250px; border: 1px solid rgba(150&comma; 150&comma; 150&comma; 0.4); border-radius: 8px; overflow: hidden; display: flex; flex-direction: column;'>\n<div style='padding: 15px; border-bottom: 1px solid rgba(150&comma; 150&comma; 150&comma; 0.2); font-weight: bold; font-size: 18px; color: inherit;'>Caracter\u00edsticas Destacadas<\/div>\n<div style='padding: 15px; color: inherit;'>\n<ul style='padding-left: 20px; margin: 0; font-size: 14px; list-style-type: disc;'>\n<li style='margin-bottom: 5px;'>Material: PC+material de transmisi\u00f3n de infrarrojos<\/li>\n<li style='margin-bottom: 5px;'>Cobertura inal\u00e1mbrica: 70m l\u00ednea de vista&comma; infrarroja 10-15m<\/li>\n<li style='margin-bottom: 5px;'>LED Indicador<\/li>\n<li style='margin-bottom: 5px;'>Es necesario el HUB de Akubela para su control desde App o tablero inteligente.<\/li>\n<\/ul><\/div>\n<\/p><\/div>\n<\/p><\/div>\n<p> <!-- Separador final --> <\/p>\n<hr style='border: 0; border-top: 1px solid rgba(150&comma; 150&comma; 150&comma; 0.3); margin: 30px 0;'> <\/div>\n","protected":false},"excerpt":{"rendered":"<p>Control de se\u00f1al IR ideal para Minisplit, se\u00f1al inal\u00e1mbrica Zigbee compatible con Panel de control Akubela y otros controladores<\/p>\n","protected":false},"featured_media":4050,"comment_status":"open","ping_status":"closed","template":"","meta":[],"product_brand":[],"product_cat":[29],"product_tag":[97,30,31],"class_list":{"0":"post-4051","1":"product","2":"type-product","3":"status-publish","4":"has-post-thumbnail","6":"product_cat-persianas-y-cortineros","7":"product_tag-akubela","8":"product_tag-automatizacion-casa-inteligente","9":"product_tag-persianas-y-cortineros","11":"first","12":"instock","13":"sale","14":"shipping-taxable","15":"purchasable","16":"product-type-simple"},"_links":{"self":[{"href":"https:\/\/soydeaqui.ddns.net\/pachuca\/index.php\/wp-json\/wp\/v2\/product\/4051","targetHints":{"allow":["GET"]}}],"collection":[{"href":"https:\/\/soydeaqui.ddns.net\/pachuca\/index.php\/wp-json\/wp\/v2\/product"}],"about":[{"href":"https:\/\/soydeaqui.ddns.net\/pachuca\/index.php\/wp-json\/wp\/v2\/types\/product"}],"replies":[{"embeddable":true,"href":"https:\/\/soydeaqui.ddns.net\/pachuca\/index.php\/wp-json\/wp\/v2\/comments?post=4051"}],"wp:featuredmedia":[{"embeddable":true,"href":"https:\/\/soydeaqui.ddns.net\/pachuca\/index.php\/wp-json\/wp\/v2\/media\/4050"}],"wp:attachment":[{"href":"https:\/\/soydeaqui.ddns.net\/pachuca\/index.php\/wp-json\/wp\/v2\/media?parent=4051"}],"wp:term":[{"taxonomy":"product_brand","embeddable":true,"href":"https:\/\/soydeaqui.ddns.net\/pachuca\/index.php\/wp-json\/wp\/v2\/product_brand?post=4051"},{"taxonomy":"product_cat","embeddable":true,"href":"https:\/\/soydeaqui.ddns.net\/pachuca\/index.php\/wp-json\/wp\/v2\/product_cat?post=4051"},{"taxonomy":"product_tag","embeddable":true,"href":"https:\/\/soydeaqui.ddns.net\/pachuca\/index.php\/wp-json\/wp\/v2\/product_tag?post=4051"}],"curies":[{"name":"wp","href":"https:\/\/api.w.org\/{rel}","templated":true}]}}