{"id":40508,"date":"2026-03-18T17:50:02","date_gmt":"2026-03-18T17:50:02","guid":{"rendered":"https:\/\/soydeaqui.ddns.net\/pachuca\/index.php\/producto\/minisplit-portatil-0-83-toneladas-10000-btu-frio-calor-115-v\/"},"modified":"2026-03-18T17:50:05","modified_gmt":"2026-03-18T17:50:05","slug":"minisplit-portatil-0-83-toneladas-10000-btu-frio-calor-115-v","status":"publish","type":"product","link":"https:\/\/soydeaqui.ddns.net\/pachuca\/index.php\/producto\/minisplit-portatil-0-83-toneladas-10000-btu-frio-calor-115-v\/","title":{"rendered":"Minisplit port\u00e1til \/ 0.83 Toneladas \/ 10,000 BTU \/ Fr\u00edo &#8211; Calor \/ 115 V"},"content":{"rendered":"<div style='width: 100%; max-width: 1200px; margin: 0 auto; font-family: sans-serif; line-height: 1.6; color: inherit; background-color: transparent;'>\n<div style='display: flex; flex-wrap: wrap; gap: 30px; margin-bottom: 30px;'>\n<div style='flex: 1 1 300px; min-width: 280px;'>\n<h3 style='font-size: 22px; border-bottom: 2px solid currentColor; padding-bottom: 5px; margin-top: 0; color: inherit; opacity: 0.8;'>Caracter\u00edsticas principales<\/h3>\n<ul style='padding-left: 20px; font-size: 15px; color: inherit;'>\n<li style='margin-bottom: 5px;'>Minisplit port\u00e1til<\/li>\n<li style='margin-bottom: 5px;'>Modo: Fr\u00edo y Calor<\/li>\n<li style='margin-bottom: 5px;'>Filtro de alta densidad<\/li>\n<li style='margin-bottom: 5px;'>Limpieza autom\u00e1tica<\/li>\n<li style='margin-bottom: 5px;'>Auto diagn\u00f3stico<\/li>\n<li style='margin-bottom: 5px;'>Eco friendly<\/li>\n<li style='margin-bottom: 5px;'><strong>Garant\u00eda Unidad completa:<\/strong> 2 a\u00f1os<\/li>\n<li style='margin-bottom: 5px;'><strong>Garant\u00eda Compresor:<\/strong> 5 a\u00f1os<\/li>\n<li style='margin-bottom: 5px;'><strong>Garant\u00eda Resto de los componentes:<\/strong> 2 a\u00f1os<\/li>\n<\/ul><\/div>\n<div style='flex: 1 1 300px; min-width: 280px;'>\n<h3 style='font-size: 22px; border-bottom: 2px solid currentColor; padding-bottom: 5px; margin-top: 0; color: inherit; opacity: 0.8;'>Caracter\u00edsticas F\u00edsicas y El\u00e9ctricas<\/h3>\n<ul style='padding-left: 20px; font-size: 15px; color: inherit;'>\n<li style='margin-bottom: 5px;'><strong>Nueva tecnolog\u00eda con refrigerante ecol\u00f3gico:<\/strong> R32<\/li>\n<li style='margin-bottom: 5px;'><strong>Potencia:<\/strong> 1&comma;300 W<\/li>\n<li style='margin-bottom: 5px;'><strong>Capacidad:<\/strong> 0.83 Toneladas (10&comma;000 BTU)<\/li>\n<li style='margin-bottom: 5px;'><strong>Alimentaci\u00f3n:<\/strong> 115 Vca \/ 60 Hz<\/li>\n<li style='margin-bottom: 5px;'><strong>Peso unidad interior:<\/strong> 28 Kg<\/li>\n<li style='margin-bottom: 5px;'><strong>Medidas unidad interior:<\/strong> 452 x 402.5 x 793.7 mm<\/li>\n<\/ul><\/div>\n<div style='flex: 1 1 300px; min-width: 280px;'>\n<h3 style='font-size: 22px; border-bottom: 2px solid currentColor; padding-bottom: 5px; margin-top: 0; color: inherit; opacity: 0.8;'>Caracter\u00edsticas Destacadas<\/h3>\n<p style='margin-top: 0; margin-bottom: 15px; font-size: 15px; color: inherit;'>Los aires acondicionados <strong>AUFIT<\/strong> son ideales para controlar la temperatura de una forma sencilla&comma; r\u00e1pida y pr\u00e1ctica.<\/p>\n<p style='margin-top: 0; margin-bottom: 15px; font-size: 15px; color: inherit;'>Su dise\u00f1o interno permite mejorar la distribuci\u00f3n y el flujo de aire en cuatro direcciones logrando un r\u00e1pido enfriamiento en alrededor de 30s.<\/p>\n<p style='margin-top: 0; margin-bottom: 0; font-size: 15px; color: inherit;'>Super silencioso con un ruido tan bajo como 23 dB&comma; luz indicadora inteligente&comma; auto diagn\u00f3stico para facilitar servicio de mantenimiento&comma; auto reinicio&comma; entre otras m\u00e1s funciones que hacen del equipo potente y profesional.<\/p>\n<\/p><\/div>\n<\/p><\/div>\n<hr style='border: 0; border-top: 1px solid rgba(150&comma; 150&comma; 150&comma; 0.3); margin: 30px 0;'> <\/div>\n","protected":false},"excerpt":{"rendered":"<p>Minisplit port\u00e1til \/ 0.83 Toneladas \/ 10,000 BTU \/ Fr\u00edo &#8211; Calor \/ 115 V<\/p>\n","protected":false},"featured_media":40507,"comment_status":"open","ping_status":"closed","template":"","meta":[],"product_brand":[],"product_cat":[1250],"product_tag":[186,1144,1251],"class_list":{"0":"post-40508","1":"product","2":"type-product","3":"status-publish","4":"has-post-thumbnail","6":"product_cat-minisplit-portatil","7":"product_tag-aufit","8":"product_tag-climatizacion-refrigeracion","9":"product_tag-minisplit-portatil","11":"first","12":"outofstock","13":"sale","14":"shipping-taxable","15":"purchasable","16":"product-type-simple"},"_links":{"self":[{"href":"https:\/\/soydeaqui.ddns.net\/pachuca\/index.php\/wp-json\/wp\/v2\/product\/40508","targetHints":{"allow":["GET"]}}],"collection":[{"href":"https:\/\/soydeaqui.ddns.net\/pachuca\/index.php\/wp-json\/wp\/v2\/product"}],"about":[{"href":"https:\/\/soydeaqui.ddns.net\/pachuca\/index.php\/wp-json\/wp\/v2\/types\/product"}],"replies":[{"embeddable":true,"href":"https:\/\/soydeaqui.ddns.net\/pachuca\/index.php\/wp-json\/wp\/v2\/comments?post=40508"}],"wp:featuredmedia":[{"embeddable":true,"href":"https:\/\/soydeaqui.ddns.net\/pachuca\/index.php\/wp-json\/wp\/v2\/media\/40507"}],"wp:attachment":[{"href":"https:\/\/soydeaqui.ddns.net\/pachuca\/index.php\/wp-json\/wp\/v2\/media?parent=40508"}],"wp:term":[{"taxonomy":"product_brand","embeddable":true,"href":"https:\/\/soydeaqui.ddns.net\/pachuca\/index.php\/wp-json\/wp\/v2\/product_brand?post=40508"},{"taxonomy":"product_cat","embeddable":true,"href":"https:\/\/soydeaqui.ddns.net\/pachuca\/index.php\/wp-json\/wp\/v2\/product_cat?post=40508"},{"taxonomy":"product_tag","embeddable":true,"href":"https:\/\/soydeaqui.ddns.net\/pachuca\/index.php\/wp-json\/wp\/v2\/product_tag?post=40508"}],"curies":[{"name":"wp","href":"https:\/\/api.w.org\/{rel}","templated":true}]}}