{"id":40491,"date":"2026-03-18T17:49:39","date_gmt":"2026-03-18T17:49:39","guid":{"rendered":"https:\/\/soydeaqui.ddns.net\/pachuca\/index.php\/producto\/proteccion-termica-interruptor-2p-20-a-corriente-directa-800-vcc-para-aplicacion-fotovoltaica-montaje-riel-din\/"},"modified":"2026-03-18T17:49:39","modified_gmt":"2026-03-18T17:49:39","slug":"proteccion-termica-interruptor-2p-20-a-corriente-directa-800-vcc-para-aplicacion-fotovoltaica-montaje-riel-din","status":"publish","type":"product","link":"https:\/\/soydeaqui.ddns.net\/pachuca\/index.php\/producto\/proteccion-termica-interruptor-2p-20-a-corriente-directa-800-vcc-para-aplicacion-fotovoltaica-montaje-riel-din\/","title":{"rendered":"Protecci\u00f3n T\u00e9rmica\/ Interruptor 2P, 20 A,  Corriente Directa  800 Vcc para Aplicaci\u00f3n Fotovoltaica Montaje Riel DIN"},"content":{"rendered":"<div style='width: 100%; max-width: 1200px; margin: 0 auto; font-family: sans-serif; line-height: 1.6; color: inherit; background-color: transparent;'>\n<div style='display: flex; flex-wrap: wrap; gap: 30px; margin-bottom: 30px;'>\n<div style='flex: 1 1 300px; min-width: 280px;'>\n<h3 style='font-size: 22px; border-bottom: 2px solid currentColor; padding-bottom: 5px; margin-top: 0; color: inherit; opacity: 0.8;'>Descripci\u00f3n<\/h3>\n<p style='font-size: 15px; color: inherit;'>Los protectores t\u00e9rmicos est\u00e1n dise\u00f1ados para proporcionar protecci\u00f3n contra sobrecorriente dentro de circuitos en corriente directa (CC&comma; CD) especialmente fabricadas para uso en energ\u00eda solar&comma; se instalan entre los paneles solares y el inversor de interconexi\u00f3n.<\/p>\n<p> <img style='width: 100%; height: auto; border: 1px solid rgba(150&comma;150&comma;150&comma;0.3); border-radius: 8px;' src='http:\/\/ftp3.syscom.mx\/usuarios\/ftp\/2025\/07\/31\/2673\/DATOS_SL7N.jpg_froala_688be542e5ac6' alt=''> <\/div>\n<\/p><\/div>\n<div style='display: flex; flex-wrap: wrap; gap: 20px; margin-bottom: 30px;'>\n<div style='flex: 1 1 250px; border: 1px solid rgba(150&comma; 150&comma; 150&comma; 0.4); border-radius: 8px; overflow: hidden; display: flex; flex-direction: column;'>\n<div style='padding: 15px; border-bottom: 1px solid rgba(150&comma; 150&comma; 150&comma; 0.2); font-weight: bold; font-size: 18px; color: inherit;'>Caracter\u00edsticas T\u00e9cnicas<\/div>\n<div style='padding: 15px; color: inherit;'>\n<ul style='padding-left: 20px; margin: 0; font-size: 14px; list-style-type: disc; color: inherit;'>\n<li style='margin-bottom: 5px;'><strong>N\u00famero de polos:<\/strong> 2P<\/li>\n<li style='margin-bottom: 5px;'><strong>Voltaje de operaci\u00f3n (Vcc):<\/strong> 24V-800Vcc<\/li>\n<li style='margin-bottom: 5px;'><strong>Corriente Nominal (A):<\/strong> 20A<\/li>\n<li style='margin-bottom: 5px;'><strong>Tensi\u00f3n nominal de aislamiento Ui (Vcc):<\/strong> 1250VDC<\/li>\n<li style='margin-bottom: 5px;'><strong>Tipo de instalaci\u00f3n:<\/strong> DIN<\/li>\n<li style='margin-bottom: 5px;'><strong>Protecci\u00f3n:<\/strong> IP40:IP20 para puerto de conexi\u00f3n<\/li>\n<li style='margin-bottom: 5px;'><strong>Temperatura de operaci\u00f3n:<\/strong> -30\u00b0C-70\u00b0C<\/li>\n<li style='margin-bottom: 5px;'><strong>Caracter\u00edsticas de disparo:<\/strong> B\/C<\/li>\n<li style='margin-bottom: 5px;'><strong>Tipo:<\/strong> Termomagn\u00e9tico<\/li>\n<\/ul><\/div>\n<\/p><\/div>\n<div style='flex: 1 1 250px; border: 1px solid rgba(150&comma; 150&comma; 150&comma; 0.4); border-radius: 8px; overflow: hidden; display: flex; flex-direction: column;'>\n<div style='padding: 15px; border-bottom: 1px solid rgba(150&comma; 150&comma; 150&comma; 0.2); font-weight: bold; font-size: 18px; color: inherit;'>Caracter\u00edsticas Mec\u00e1nicas<\/div>\n<div style='padding: 15px; color: inherit;'>\n<ul style='padding-left: 20px; margin: 0; font-size: 14px; list-style-type: disc; color: inherit;'>\n<li style='margin-bottom: 5px;'>Valor Promedio Real: 20000 veces<\/li>\n<\/ul><\/div>\n<\/p><\/div>\n<div style='flex: 1 1 250px; border: 1px solid rgba(150&comma; 150&comma; 150&comma; 0.4); border-radius: 8px; overflow: hidden; display: flex; flex-direction: column;'>\n<div style='padding: 15px; border-bottom: 1px solid rgba(150&comma; 150&comma; 150&comma; 0.2); font-weight: bold; font-size: 18px; color: inherit;'>Caracter\u00edsticas El\u00e9ctricas<\/div>\n<div style='padding: 15px; color: inherit;'>\n<ul style='padding-left: 20px; margin: 0; font-size: 14px; list-style-type: disc; color: inherit;'>\n<li style='margin-bottom: 5px;'>Valor Promedio Real: 1000 veces (otros voltajes especificados)<\/li>\n<li style='margin-bottom: 5px;'>1500 veces (otros voltajes especificados)<\/li>\n<\/ul><\/div>\n<\/p><\/div>\n<\/p><\/div>\n<\/p><\/div>\n","protected":false},"excerpt":{"rendered":"<p>Protecci\u00f3n T\u00e9rmica\/ Interruptor 2P, 20 A,  Corriente Directa  800 Vcc para Aplicaci\u00f3n Fotovoltaica Montaje Riel DIN<\/p>\n","protected":false},"featured_media":40490,"comment_status":"open","ping_status":"closed","template":"","meta":[],"product_brand":[],"product_cat":[1246],"product_tag":[1088,728,1247],"class_list":{"0":"post-40491","1":"product","2":"type-product","3":"status-publish","4":"has-post-thumbnail","6":"product_cat-supresor-de-picos-vcc","7":"product_tag-calidad-de-la-energia","8":"product_tag-suntree","9":"product_tag-supresor-de-picos-vcc","11":"first","12":"instock","13":"sale","14":"shipping-taxable","15":"purchasable","16":"product-type-simple"},"_links":{"self":[{"href":"https:\/\/soydeaqui.ddns.net\/pachuca\/index.php\/wp-json\/wp\/v2\/product\/40491","targetHints":{"allow":["GET"]}}],"collection":[{"href":"https:\/\/soydeaqui.ddns.net\/pachuca\/index.php\/wp-json\/wp\/v2\/product"}],"about":[{"href":"https:\/\/soydeaqui.ddns.net\/pachuca\/index.php\/wp-json\/wp\/v2\/types\/product"}],"replies":[{"embeddable":true,"href":"https:\/\/soydeaqui.ddns.net\/pachuca\/index.php\/wp-json\/wp\/v2\/comments?post=40491"}],"wp:featuredmedia":[{"embeddable":true,"href":"https:\/\/soydeaqui.ddns.net\/pachuca\/index.php\/wp-json\/wp\/v2\/media\/40490"}],"wp:attachment":[{"href":"https:\/\/soydeaqui.ddns.net\/pachuca\/index.php\/wp-json\/wp\/v2\/media?parent=40491"}],"wp:term":[{"taxonomy":"product_brand","embeddable":true,"href":"https:\/\/soydeaqui.ddns.net\/pachuca\/index.php\/wp-json\/wp\/v2\/product_brand?post=40491"},{"taxonomy":"product_cat","embeddable":true,"href":"https:\/\/soydeaqui.ddns.net\/pachuca\/index.php\/wp-json\/wp\/v2\/product_cat?post=40491"},{"taxonomy":"product_tag","embeddable":true,"href":"https:\/\/soydeaqui.ddns.net\/pachuca\/index.php\/wp-json\/wp\/v2\/product_tag?post=40491"}],"curies":[{"name":"wp","href":"https:\/\/api.w.org\/{rel}","templated":true}]}}